{"id":3479,"date":"2023-08-18T15:30:54","date_gmt":"2023-08-18T07:30:54","guid":{"rendered":"https:\/\/www.qualitester.com\/?post_type=product&#038;p=3479"},"modified":"2024-12-05T13:08:14","modified_gmt":"2024-12-05T05:08:14","slug":"why-measuring-bottle-perpendicularity-is-important%ef%bc%9f","status":"publish","type":"product","link":"https:\/\/www.qualitester.com\/cs\/produkt-2\/why-measuring-bottle-perpendicularity-is-important%ef%bc%9f\/","title":{"rendered":"Why Measuring Bottle Perpendicularity is Important\uff1f"},"content":{"rendered":"<div data-elementor-type=\"wp-post\" data-elementor-id=\"3479\" class=\"elementor elementor-3479\" data-elementor-post-type=\"product\">\n\t\t\t\t<div class=\"elementor-element elementor-element-9d5153d e-flex e-con-boxed e-con e-parent\" data-id=\"9d5153d\" data-element_type=\"container\">\n\t\t\t\t\t<div class=\"e-con-inner\">\n\t\t<div class=\"elementor-element elementor-element-f4c628b e-con-full e-flex e-con e-parent\" data-id=\"f4c628b\" data-element_type=\"container\">\n\t\t\t\t<div class=\"elementor-element elementor-element-8578d6e elementor-widget elementor-widget-image\" data-id=\"8578d6e\" data-element_type=\"widget\" data-widget_type=\"image.default\">\n\t\t\t\t<div class=\"elementor-widget-container\">\n\t\t\t\t\t\t\t\t\t\t\t\t\t<img fetchpriority=\"high\" decoding=\"async\" width=\"750\" height=\"750\" src=\"https:\/\/www.qualitester.com\/wp-content\/uploads\/2023\/04\/PER-01-Perpendicularity-Teste.jpg\" class=\"attachment-large size-large wp-image-1777\" alt=\"kolmost l\u00e1hve\" srcset=\"https:\/\/www.qualitester.com\/wp-content\/uploads\/2023\/04\/PER-01-Perpendicularity-Teste.jpg 750w, https:\/\/www.qualitester.com\/wp-content\/uploads\/2023\/04\/PER-01-Perpendicularity-Teste-300x300.jpg 300w, https:\/\/www.qualitester.com\/wp-content\/uploads\/2023\/04\/PER-01-Perpendicularity-Teste-150x150.jpg 150w, https:\/\/www.qualitester.com\/wp-content\/uploads\/2023\/04\/PER-01-Perpendicularity-Teste-600x600.jpg 600w, https:\/\/www.qualitester.com\/wp-content\/uploads\/2023\/04\/PER-01-Perpendicularity-Teste-100x100.jpg 100w\" sizes=\"(max-width: 750px) 100vw, 750px\" \/>\t\t\t\t\t\t\t\t\t\t\t\t\t<\/div>\n\t\t\t\t<\/div>\n\t\t\t\t<\/div>\n\t\t<div class=\"elementor-element elementor-element-9e5c7be e-con-full e-flex e-con e-parent\" data-id=\"9e5c7be\" data-element_type=\"container\">\n\t\t\t\t<div class=\"elementor-element elementor-element-c0dcd48 elementor-widget elementor-widget-text-editor\" data-id=\"c0dcd48\" data-element_type=\"widget\" data-widget_type=\"text-editor.default\">\n\t\t\t\t<div class=\"elementor-widget-container\">\n\t\t\t\t\t\t\t<h6><strong>Aplikace<\/strong><\/h6><p><em>Zkou\u0161e\u010dka kolmosti se tak\u00e9 naz\u00fdv\u00e1 zkou\u0161e\u010dka odchylky lahv\u00ed, souos\u00e1 zkou\u0161e\u010dka, souosost , nebo zkou\u0161e\u010dka b\u011bhu kruhu (pro lahvi\u010dky atd.).<\/em><\/p><p><em>Koaxi\u00e1ln\u00ed tester je ur\u010den k m\u011b\u0159en\u00ed kolmosti r\u016fzn\u00fdch lahv\u00ed v potravin\u00e1\u0159sk\u00e9m, kosmetick\u00e9m a farmaceutick\u00e9m pr\u016fmyslu. Koaxi\u00e1ln\u00ed tester se snadno ovl\u00e1d\u00e1, m\u00e1 vysokou p\u0159esnost centrov\u00e1n\u00ed a m\u011b\u0159en\u00ed a je \u0161iroce pou\u017e\u00edv\u00e1n u v\u00fdrobc\u016f lahv\u00ed, u\u017eivatel\u016f a ve v\u00fdzkumn\u00fdch za\u0159\u00edzen\u00edch pro m\u011b\u0159en\u00ed kolmosti.<\/em><\/p><h6><strong>Pracovn\u00ed mechanismus<\/strong><\/h6><p><em>L\u00e1hev je upevn\u011bna na oto\u010dn\u00e9 desce a \u00fast\u00ed l\u00e1hve se dot\u00fdk\u00e1 \u010d\u00edseln\u00edku. Zaznamenejte maxim\u00e1ln\u00ed a minim\u00e1ln\u00ed hodnotu po oto\u010den\u00ed o 360\u00b0. Rozd\u00edl 1\/2 t\u011bchto dvou hodnot je hodnota odchylky svisl\u00e9 osy.<\/em><\/p>\t\t\t\t\t\t<\/div>\n\t\t\t\t<\/div>\n\t\t\t\t<\/div>\n\t\t\t\t\t<\/div>\n\t\t\t\t<\/div>\n\t\t<div class=\"elementor-element elementor-element-d5cbf91 e-flex e-con-boxed e-con e-parent\" data-id=\"d5cbf91\" data-element_type=\"container\">\n\t\t\t\t\t<div class=\"e-con-inner\">\n\t\t<div class=\"elementor-element elementor-element-3a61045 e-con-full e-flex e-con e-parent\" data-id=\"3a61045\" data-element_type=\"container\">\n\t\t\t\t<div class=\"elementor-element elementor-element-0f52aee elementor-widget elementor-widget-image\" data-id=\"0f52aee\" data-element_type=\"widget\" data-widget_type=\"image.default\">\n\t\t\t\t<div class=\"elementor-widget-container\">\n\t\t\t\t\t\t\t\t\t\t\t\t\t<img fetchpriority=\"high\" decoding=\"async\" width=\"750\" height=\"750\" src=\"https:\/\/www.qualitester.com\/wp-content\/uploads\/2023\/04\/PER-01-Perpendicularity-Teste.jpg\" class=\"attachment-large size-large wp-image-1777\" alt=\"kolmost l\u00e1hve\" srcset=\"https:\/\/www.qualitester.com\/wp-content\/uploads\/2023\/04\/PER-01-Perpendicularity-Teste.jpg 750w, https:\/\/www.qualitester.com\/wp-content\/uploads\/2023\/04\/PER-01-Perpendicularity-Teste-300x300.jpg 300w, https:\/\/www.qualitester.com\/wp-content\/uploads\/2023\/04\/PER-01-Perpendicularity-Teste-150x150.jpg 150w, https:\/\/www.qualitester.com\/wp-content\/uploads\/2023\/04\/PER-01-Perpendicularity-Teste-600x600.jpg 600w, https:\/\/www.qualitester.com\/wp-content\/uploads\/2023\/04\/PER-01-Perpendicularity-Teste-100x100.jpg 100w\" sizes=\"(max-width: 750px) 100vw, 750px\" \/>\t\t\t\t\t\t\t\t\t\t\t\t\t<\/div>\n\t\t\t\t<\/div>\n\t\t\t\t<\/div>\n\t\t<div class=\"elementor-element elementor-element-57341d7 e-con-full e-flex e-con e-parent\" data-id=\"57341d7\" data-element_type=\"container\">\n\t\t\t\t<div class=\"elementor-element elementor-element-26fe386 elementor-widget elementor-widget-text-editor\" data-id=\"26fe386\" data-element_type=\"widget\" data-widget_type=\"text-editor.default\">\n\t\t\t\t<div class=\"elementor-widget-container\">\n\t\t\t\t\t\t\t<h6><strong>Technick\u00e9 \u00fadaje<\/strong><\/h6><p>Pr\u016fm\u011br vzorku 5mm-145mm (nebo podle pot\u0159eby)<\/p><p>Zku\u0161ebn\u00ed s\u00edla 0-12,7 mm (nebo podle pot\u0159eby)<\/p><p>Hodnota d\u011blen\u00ed 0,01 nebo 0,001 mm (voliteln\u011b)<\/p><p>M\u011b\u0159iteln\u00e1 v\u00fd\u0161ka 15-300 mm (nebo podle pot\u0159eby)<\/p><h6><strong>Technick\u00e9 vlastnosti<\/strong> <\/h6><ul><li>Snadn\u00e9 nastaven\u00ed m\u011b\u0159ic\u00ed sondy. <\/li><li>Vysok\u00e9 rozli\u0161en\u00ed \u010dten\u00ed, a\u017e 0,001 mm <\/li><li>Stabiln\u00ed ot\u00e1\u010den\u00ed vzorku <\/li><li>Pr\u016fm\u011br a v\u00fd\u0161ka m\u011b\u0159en\u00ed odpov\u00eddaj\u00ed po\u017eadavk\u016fm na vzorek. <\/li><li>Mo\u017enost v\u00fdstupu dat do aplikace PC Excel <\/li><\/ul>\t\t\t\t\t\t<\/div>\n\t\t\t\t<\/div>\n\t\t\t\t<\/div>\n\t\t\t\t\t<\/div>\n\t\t\t\t<\/div>\n\t\t<div class=\"elementor-element elementor-element-9a1fe21 e-flex e-con-boxed e-con e-parent\" data-id=\"9a1fe21\" data-element_type=\"container\">\n\t\t\t\t\t<div class=\"e-con-inner\">\n\t\t\t\t<div class=\"elementor-element elementor-element-c5ab9d7 elementor-widget elementor-widget-wpforms\" data-id=\"c5ab9d7\" data-element_type=\"widget\" data-widget_type=\"wpforms.default\">\n\t\t\t\t<div class=\"elementor-widget-container\">\n\t\t\t<div class=\"wpforms-container\" id=\"wpforms-11\"><form id=\"wpforms-form-11\" class=\"wpforms-validate wpforms-form wpforms-ajax-form\" data-formid=\"11\" method=\"post\" enctype=\"multipart\/form-data\" action=\"\/cs\/wp-json\/wp\/v2\/product\/3479\" data-token=\"9d24770f1d10a347f14497a8d468f002\" data-trp-original-action=\"\/cs\/wp-json\/wp\/v2\/product\/3479\"><noscript class=\"wpforms-error-noscript\">Chcete-li vyplnit tento formul\u00e1\u0159, pros\u00edm povolte v prohl\u00ed\u017ee\u010di JavaScript.<\/noscript><div class=\"wpforms-field-container\"><div id=\"wpforms-11-field_1-container\" class=\"wpforms-field wpforms-field-text\" data-field-id=\"1\"><label class=\"wpforms-field-label\" for=\"wpforms-11-field_1\">N\u00e1zev <span class=\"wpforms-required-label\">*<\/span><\/label><input type=\"text\" id=\"wpforms-11-field_1\" class=\"wpforms-field-medium wpforms-field-required\" name=\"wpforms[fields][1]\" placeholder=\"N\u00e1zev\" required><\/div><div id=\"wpforms-11-field_5-container\" class=\"wpforms-field wpforms-field-text\" data-field-id=\"5\"><label class=\"wpforms-field-label\" for=\"wpforms-11-field_5\">Spole\u010dnost<\/label><input type=\"text\" id=\"wpforms-11-field_5\" class=\"wpforms-field-medium\" name=\"wpforms[fields][5]\" ><\/div><div id=\"wpforms-11-field_4-container\" class=\"wpforms-field wpforms-field-number\" data-field-id=\"4\"><label class=\"wpforms-field-label\" for=\"wpforms-11-field_4\">Telefon<\/label><input type=\"number\" pattern=\"\\d*\" id=\"wpforms-11-field_4\" class=\"wpforms-field-medium\" name=\"wpforms[fields][4]\" placeholder=\"Telefon\" ><\/div><div id=\"wpforms-11-field_3-container\" class=\"wpforms-field wpforms-field-email\" data-field-id=\"3\"><label class=\"wpforms-field-label\" for=\"wpforms-11-field_3\">E-mail <span class=\"wpforms-required-label\">*<\/span><\/label><input type=\"email\" id=\"wpforms-11-field_3\" class=\"wpforms-field-medium wpforms-field-required\" name=\"wpforms[fields][3]\" placeholder=\"E-mail\" spellcheck=\"false\" required><\/div><div id=\"wpforms-11-field_2-container\" class=\"wpforms-field wpforms-field-textarea\" data-field-id=\"2\"><label class=\"wpforms-field-label\" for=\"wpforms-11-field_2\">Zpr\u00e1va<\/label><textarea id=\"wpforms-11-field_2\" class=\"wpforms-field-large\" name=\"wpforms[fields][2]\" ><\/textarea><\/div><\/div><!-- .wpforms-field-container --><input type=\"hidden\" name=\"wpforms[recaptcha]\" value=\"\"><div class=\"wpforms-submit-container\" ><input type=\"hidden\" name=\"wpforms[id]\" value=\"11\"><input type=\"hidden\" name=\"wpforms[author]\" value=\"4\"><button type=\"submit\" name=\"wpforms[submit]\" id=\"wpforms-submit-11\" class=\"wpforms-submit\" data-alt-text=\"Submitting\" data-submit-text=\"Submit\" aria-live=\"assertive\" value=\"wpforms-submit\">Odeslat<\/button><img decoding=\"async\" src=\"https:\/\/www.qualitester.com\/wp-content\/plugins\/wpforms-lite\/assets\/images\/submit-spin.svg\" class=\"wpforms-submit-spinner\" style=\"display: none;\" width=\"26\" height=\"26\" alt=\"Na\u010d\u00edt\u00e1n\u00ed\"><\/div><input type=\"hidden\" name=\"trp-form-language\" value=\"cs\"\/><\/form><\/div>  <!-- .wpforms-container -->\t\t<\/div>\n\t\t\t\t<\/div>\n\t\t\t\t\t<\/div>\n\t\t\t\t<\/div>\n\t\t\t\t<\/div>","protected":false},"excerpt":{"rendered":"<p>Ensure product quality and safety by measuring bottle perpendicularity. Learn why it\u2019s crucial and how the PER-01 Perpendicularity Tester by Cell Instruments can help.<\/p>","protected":false},"featured_media":1777,"comment_status":"closed","ping_status":"closed","template":"","meta":{"site-sidebar-layout":"default","site-content-layout":"default","ast-global-header-display":"","ast-main-header-display":"","ast-hfb-above-header-display":"","ast-hfb-below-header-display":"","ast-hfb-mobile-header-display":"","site-post-title":"disabled","ast-breadcrumbs-content":"","ast-featured-img":"disabled","footer-sml-layout":"","theme-transparent-header-meta":"default","adv-header-id-meta":"","stick-header-meta":"","header-above-stick-meta":"","header-main-stick-meta":"","header-below-stick-meta":""},"product_cat":[845,930,17,149,16,95],"product_tag":[181,886,182],"class_list":{"0":"post-3479","1":"product","2":"type-product","3":"status-publish","4":"has-post-thumbnail","6":"product_cat-customization","7":"product_cat-perpendicularity-tester","8":"product_cat-package-container-testers","9":"product_cat-pharma-and-medical-testers","10":"product_cat-plastic-packaging-testers","11":"product_cat-products","12":"product_tag-perpendicularity","13":"product_tag-vertical-axis-deviation","14":"product_tag-verticality","15":"desktop-align-left","16":"tablet-align-left","17":"mobile-align-left","19":"first","20":"instock","21":"shipping-taxable","22":"product-type-simple"},"_links":{"self":[{"href":"https:\/\/www.qualitester.com\/cs\/wp-json\/wp\/v2\/product\/3479","targetHints":{"allow":["GET"]}}],"collection":[{"href":"https:\/\/www.qualitester.com\/cs\/wp-json\/wp\/v2\/product"}],"about":[{"href":"https:\/\/www.qualitester.com\/cs\/wp-json\/wp\/v2\/types\/product"}],"replies":[{"embeddable":true,"href":"https:\/\/www.qualitester.com\/cs\/wp-json\/wp\/v2\/comments?post=3479"}],"version-history":[{"count":0,"href":"https:\/\/www.qualitester.com\/cs\/wp-json\/wp\/v2\/product\/3479\/revisions"}],"wp:featuredmedia":[{"embeddable":true,"href":"https:\/\/www.qualitester.com\/cs\/wp-json\/wp\/v2\/media\/1777"}],"wp:attachment":[{"href":"https:\/\/www.qualitester.com\/cs\/wp-json\/wp\/v2\/media?parent=3479"}],"wp:term":[{"taxonomy":"product_cat","embeddable":true,"href":"https:\/\/www.qualitester.com\/cs\/wp-json\/wp\/v2\/product_cat?post=3479"},{"taxonomy":"product_tag","embeddable":true,"href":"https:\/\/www.qualitester.com\/cs\/wp-json\/wp\/v2\/product_tag?post=3479"}],"curies":[{"name":"wp","href":"https:\/\/api.w.org\/{rel}","templated":true}]}}