{"id":3478,"date":"2023-08-18T13:29:34","date_gmt":"2023-08-18T05:29:34","guid":{"rendered":"https:\/\/www.qualitester.com\/?post_type=product&#038;p=3478"},"modified":"2024-12-04T14:25:09","modified_gmt":"2024-12-04T06:25:09","slug":"vacuum-blood-collection-tube-vacutainer-working-principle","status":"publish","type":"product","link":"https:\/\/www.qualitester.com\/cs\/produkt-2\/vacuum-blood-collection-tube-vacutainer-working-principle\/","title":{"rendered":"Vacuum blood collection tube\/Vacutainer Working Principle"},"content":{"rendered":"<div data-elementor-type=\"wp-post\" data-elementor-id=\"3478\" class=\"elementor elementor-3478\" data-elementor-post-type=\"product\">\n\t\t\t\t<div class=\"elementor-element elementor-element-e8546d3 e-flex e-con-boxed e-con e-parent\" data-id=\"e8546d3\" data-element_type=\"container\">\n\t\t\t\t\t<div class=\"e-con-inner\">\n\t\t<div class=\"elementor-element elementor-element-d2e896b e-con-full e-flex e-con e-parent\" data-id=\"d2e896b\" data-element_type=\"container\">\n\t\t\t\t<div class=\"elementor-element elementor-element-9bf01e5 elementor-widget elementor-widget-image\" data-id=\"9bf01e5\" data-element_type=\"widget\" data-widget_type=\"image.default\">\n\t\t\t\t<div class=\"elementor-widget-container\">\n\t\t\t\t\t\t\t\t\t\t\t\t\t<img fetchpriority=\"high\" decoding=\"async\" width=\"750\" height=\"750\" src=\"https:\/\/www.qualitester.com\/wp-content\/uploads\/2023\/04\/Drawing-Volume-Tester-RDVT-01-1.jpg\" class=\"attachment-large size-large wp-image-1800\" alt=\"\" srcset=\"https:\/\/www.qualitester.com\/wp-content\/uploads\/2023\/04\/Drawing-Volume-Tester-RDVT-01-1.jpg 750w, https:\/\/www.qualitester.com\/wp-content\/uploads\/2023\/04\/Drawing-Volume-Tester-RDVT-01-1-300x300.jpg 300w, https:\/\/www.qualitester.com\/wp-content\/uploads\/2023\/04\/Drawing-Volume-Tester-RDVT-01-1-150x150.jpg 150w, https:\/\/www.qualitester.com\/wp-content\/uploads\/2023\/04\/Drawing-Volume-Tester-RDVT-01-1-600x600.jpg 600w, https:\/\/www.qualitester.com\/wp-content\/uploads\/2023\/04\/Drawing-Volume-Tester-RDVT-01-1-100x100.jpg 100w\" sizes=\"(max-width: 750px) 100vw, 750px\" \/>\t\t\t\t\t\t\t\t\t\t\t\t\t<\/div>\n\t\t\t\t<\/div>\n\t\t\t\t<\/div>\n\t\t<div class=\"elementor-element elementor-element-9d890d4 e-con-full e-flex e-con e-parent\" data-id=\"9d890d4\" data-element_type=\"container\">\n\t\t\t\t<div class=\"elementor-element elementor-element-bd00a62 elementor-widget elementor-widget-text-editor\" data-id=\"bd00a62\" data-element_type=\"widget\" data-widget_type=\"text-editor.default\">\n\t\t\t\t<div class=\"elementor-widget-container\">\n\t\t\t\t\t\t\t<h6><strong>Pozad\u00ed<\/strong><\/h6><p><em>Vakuov\u00e1 zkumavka na odb\u011br krve je steriln\u00ed sklen\u011bn\u00e1 nebo plastov\u00e1 zkumavka s barevnou pry\u017eovou z\u00e1tkou, kter\u00e1 uvnit\u0159 zkumavky vytv\u00e1\u0159\u00ed vakuov\u00e9 t\u011bsn\u011bn\u00ed a usnad\u0148uje nas\u00e1t\u00ed p\u0159edem stanoven\u00e9ho objemu tekutiny. Vacutainerov\u00e9 zkumavky mohou obsahovat p\u0159\u00edsady ur\u010den\u00e9 ke stabilizaci a uchov\u00e1n\u00ed vzorku p\u0159ed analytick\u00fdm vy\u0161et\u0159en\u00edm.<\/em><\/p><p><em>Zkumavky jsou k dispozici s bezpe\u010dnostn\u00ed z\u00e1tkou, s r\u016fzn\u00fdmi mo\u017enostmi zna\u010den\u00ed a \u010derpac\u00edmi objemy. Barva horn\u00ed \u010d\u00e1sti ozna\u010duje aditiva v lahvi\u010dce.<\/em><\/p><p>\u00a0<\/p>\t\t\t\t\t\t<\/div>\n\t\t\t\t<\/div>\n\t\t\t\t<\/div>\n\t\t\t\t\t<\/div>\n\t\t\t\t<\/div>\n\t\t<div class=\"elementor-element elementor-element-6fbbd3c e-flex e-con-boxed e-con e-parent\" data-id=\"6fbbd3c\" data-element_type=\"container\">\n\t\t\t\t\t<div class=\"e-con-inner\">\n\t\t<div class=\"elementor-element elementor-element-35ac726 e-con-full e-flex e-con e-parent\" data-id=\"35ac726\" data-element_type=\"container\">\n\t\t\t\t<div class=\"elementor-element elementor-element-86c1ab3 elementor-widget elementor-widget-image\" data-id=\"86c1ab3\" data-element_type=\"widget\" data-widget_type=\"image.default\">\n\t\t\t\t<div class=\"elementor-widget-container\">\n\t\t\t\t\t\t\t\t\t\t\t\t\t<img decoding=\"async\" width=\"750\" height=\"750\" src=\"https:\/\/www.qualitester.com\/wp-content\/uploads\/2023\/04\/RDVT-01-Drawing-Volume-Tester-1.jpg\" class=\"attachment-large size-large wp-image-1801\" alt=\"\" srcset=\"https:\/\/www.qualitester.com\/wp-content\/uploads\/2023\/04\/RDVT-01-Drawing-Volume-Tester-1.jpg 750w, https:\/\/www.qualitester.com\/wp-content\/uploads\/2023\/04\/RDVT-01-Drawing-Volume-Tester-1-300x300.jpg 300w, https:\/\/www.qualitester.com\/wp-content\/uploads\/2023\/04\/RDVT-01-Drawing-Volume-Tester-1-150x150.jpg 150w, https:\/\/www.qualitester.com\/wp-content\/uploads\/2023\/04\/RDVT-01-Drawing-Volume-Tester-1-600x600.jpg 600w, https:\/\/www.qualitester.com\/wp-content\/uploads\/2023\/04\/RDVT-01-Drawing-Volume-Tester-1-100x100.jpg 100w\" sizes=\"(max-width: 750px) 100vw, 750px\" \/>\t\t\t\t\t\t\t\t\t\t\t\t\t<\/div>\n\t\t\t\t<\/div>\n\t\t\t\t<\/div>\n\t\t<div class=\"elementor-element elementor-element-3b27eec e-con-full e-flex e-con e-parent\" data-id=\"3b27eec\" data-element_type=\"container\">\n\t\t\t\t<div class=\"elementor-element elementor-element-9167e29 elementor-widget elementor-widget-text-editor\" data-id=\"9167e29\" data-element_type=\"widget\" data-widget_type=\"text-editor.default\">\n\t\t\t\t<div class=\"elementor-widget-container\">\n\t\t\t\t\t\t\t<h6><strong>Popis<\/strong><\/h6><p><em>Jehly Vacutainer jsou oboustrann\u00e9, p\u0159i\u010dem\u017e jedna strana je z bezpe\u010dnostn\u00edch d\u016fvod\u016f obalena tenk\u00fdm pry\u017eov\u00fdm povlakem. Po za\u0161roubov\u00e1n\u00ed jehly do pr\u016fsvitn\u00e9ho plastov\u00e9ho dr\u017e\u00e1ku je pry\u017eov\u00e1 \u010d\u00e1st jehly uvnit\u0159 dr\u017e\u00e1ku a obna\u017een\u00e1 \u010d\u00e1st jehly se zavede do \u017e\u00edly.<\/em><\/p><p><em>Kdy\u017e se do dr\u017e\u00e1ku vlo\u017e\u00ed vakutainerov\u00e1 zkumavka, jej\u00ed gumov\u00fd uz\u00e1v\u011br se prop\u00edchne vnit\u0159n\u00ed jehlou a vakuum ve zkumavce vt\u00e1hne krev jehlou do zkumavky. Napln\u011bn\u00e1 zkumavka se pot\u00e9 vyjme a stejn\u00fdm zp\u016fsobem lze vlo\u017eit a naplnit dal\u0161\u00ed.<\/em><\/p><p><em>Mno\u017estv\u00ed vzduchu vypuzen\u00e9ho ze zkumavky p\u0159edur\u010duje, kolik krve se do zkumavky dostane, ne\u017e p\u0159estane proudit.<\/em><\/p>\t\t\t\t\t\t<\/div>\n\t\t\t\t<\/div>\n\t\t\t\t<\/div>\n\t\t\t\t\t<\/div>\n\t\t\t\t<\/div>\n\t\t<div class=\"elementor-element elementor-element-079d546 e-flex e-con-boxed e-con e-parent\" data-id=\"079d546\" data-element_type=\"container\">\n\t\t\t\t\t<div class=\"e-con-inner\">\n\t\t<div class=\"elementor-element elementor-element-96d5674 e-con-full e-flex e-con e-parent\" data-id=\"96d5674\" data-element_type=\"container\">\n\t\t\t\t<div class=\"elementor-element elementor-element-0723ea6 elementor-widget elementor-widget-image\" data-id=\"0723ea6\" data-element_type=\"widget\" data-widget_type=\"image.default\">\n\t\t\t\t<div class=\"elementor-widget-container\">\n\t\t\t\t\t\t\t\t\t\t\t\t\t<img decoding=\"async\" width=\"750\" height=\"750\" src=\"https:\/\/www.qualitester.com\/wp-content\/uploads\/2023\/04\/RDVT-01-Drawing-Volume-Tester-1.jpg\" class=\"attachment-large size-large wp-image-1801\" alt=\"\" srcset=\"https:\/\/www.qualitester.com\/wp-content\/uploads\/2023\/04\/RDVT-01-Drawing-Volume-Tester-1.jpg 750w, https:\/\/www.qualitester.com\/wp-content\/uploads\/2023\/04\/RDVT-01-Drawing-Volume-Tester-1-300x300.jpg 300w, https:\/\/www.qualitester.com\/wp-content\/uploads\/2023\/04\/RDVT-01-Drawing-Volume-Tester-1-150x150.jpg 150w, https:\/\/www.qualitester.com\/wp-content\/uploads\/2023\/04\/RDVT-01-Drawing-Volume-Tester-1-600x600.jpg 600w, https:\/\/www.qualitester.com\/wp-content\/uploads\/2023\/04\/RDVT-01-Drawing-Volume-Tester-1-100x100.jpg 100w\" sizes=\"(max-width: 750px) 100vw, 750px\" \/>\t\t\t\t\t\t\t\t\t\t\t\t\t<\/div>\n\t\t\t\t<\/div>\n\t\t\t\t<\/div>\n\t\t<div class=\"elementor-element elementor-element-61dd7de e-con-full e-flex e-con e-parent\" data-id=\"61dd7de\" data-element_type=\"container\">\n\t\t\t\t<div class=\"elementor-element elementor-element-3dda4cd elementor-widget elementor-widget-text-editor\" data-id=\"3dda4cd\" data-element_type=\"widget\" data-widget_type=\"text-editor.default\">\n\t\t\t\t<div class=\"elementor-widget-container\">\n\t\t\t\t\t\t\t<p><strong>Technick\u00e9 vlastnosti<\/strong><\/p><ul><li><em>Jedn\u00e1 se o jednotku \u0159\u00edzenou PLC (stabiln\u00ed pr\u016fmyslov\u00e1 \u00farove\u0148) a ovl\u00e1danou dotykovou obrazovkou HMI.<\/em><\/li><li><em>M\u00e1 pohodln\u00e9 pou\u017eit\u00ed, digit\u00e1ln\u00ed vstup a syst\u00e9m automaticky udr\u017euje konstantn\u00ed tlak v z\u00e1vislosti na zm\u011bn\u011b hladiny kapaliny v n\u00e1dr\u017ei, aby byla zaru\u010dena p\u0159esnost testu.<\/em><\/li><li><em>Vestav\u011bn\u00e1 v\u00fdv\u011bva \u0161et\u0159\u00ed m\u00edsto a dal\u0161\u00ed n\u00e1klady u\u017eivatele.<\/em><\/li><\/ul><h6><strong>Data<\/strong><\/h6><p><em>Stupe\u0148 vakua 0~-40 KPa <\/em><br \/><em>\u00a0 \u00a0 \u00a0 \u00a0 \u00a0 \u00a0 \u00a0 \u00a0 \u00a0 \u00a0 \u00a0 \u00a0 \u00a0 \u00a0 \u00a0 \u00a0 \u00a0 \u00a0 \u00a0 \u00a0 \u00a0 \u00a0 \u00a0 \u00a0 \u00a0 (Podobn\u011b jako v nadmo\u0159sk\u00e9 v\u00fd\u0161ce 3600 m)<\/em><\/p><p><em>\u0158\u00edzen\u00ed PLC a rozhran\u00ed \u010dlov\u011bk-stroj<\/em><\/p><p><em>Nap\u00e1jen\u00ed 220V, 50\/60Hz<\/em><\/p>\t\t\t\t\t\t<\/div>\n\t\t\t\t<\/div>\n\t\t\t\t<\/div>\n\t\t\t\t\t<\/div>\n\t\t\t\t<\/div>\n\t\t<div class=\"elementor-element elementor-element-50ec8cb e-flex e-con-boxed e-con e-parent\" data-id=\"50ec8cb\" data-element_type=\"container\">\n\t\t\t\t\t<div class=\"e-con-inner\">\n\t\t\t\t<div class=\"elementor-element elementor-element-d7531f7 elementor-widget elementor-widget-wpforms\" data-id=\"d7531f7\" data-element_type=\"widget\" data-widget_type=\"wpforms.default\">\n\t\t\t\t<div class=\"elementor-widget-container\">\n\t\t\t<div class=\"wpforms-container\" id=\"wpforms-11\"><form id=\"wpforms-form-11\" class=\"wpforms-validate wpforms-form wpforms-ajax-form\" data-formid=\"11\" method=\"post\" enctype=\"multipart\/form-data\" action=\"\/cs\/wp-json\/wp\/v2\/product\/3478\" data-token=\"e79a37c8e1278f1434d715431c5ed954\" data-trp-original-action=\"\/cs\/wp-json\/wp\/v2\/product\/3478\"><noscript class=\"wpforms-error-noscript\">Chcete-li vyplnit tento formul\u00e1\u0159, pros\u00edm povolte v prohl\u00ed\u017ee\u010di JavaScript.<\/noscript><div class=\"wpforms-field-container\"><div id=\"wpforms-11-field_1-container\" class=\"wpforms-field wpforms-field-text\" data-field-id=\"1\"><label class=\"wpforms-field-label\" for=\"wpforms-11-field_1\">N\u00e1zev <span class=\"wpforms-required-label\">*<\/span><\/label><input type=\"text\" id=\"wpforms-11-field_1\" class=\"wpforms-field-medium wpforms-field-required\" name=\"wpforms[fields][1]\" placeholder=\"N\u00e1zev\" required><\/div><div id=\"wpforms-11-field_5-container\" class=\"wpforms-field wpforms-field-text\" data-field-id=\"5\"><label class=\"wpforms-field-label\" for=\"wpforms-11-field_5\">Spole\u010dnost<\/label><input type=\"text\" id=\"wpforms-11-field_5\" class=\"wpforms-field-medium\" name=\"wpforms[fields][5]\" ><\/div><div id=\"wpforms-11-field_4-container\" class=\"wpforms-field wpforms-field-number\" data-field-id=\"4\"><label class=\"wpforms-field-label\" for=\"wpforms-11-field_4\">Telefon<\/label><input type=\"number\" pattern=\"\\d*\" id=\"wpforms-11-field_4\" class=\"wpforms-field-medium\" name=\"wpforms[fields][4]\" placeholder=\"Telefon\" ><\/div><div id=\"wpforms-11-field_3-container\" class=\"wpforms-field wpforms-field-email\" data-field-id=\"3\"><label class=\"wpforms-field-label\" for=\"wpforms-11-field_3\">E-mail <span class=\"wpforms-required-label\">*<\/span><\/label><input type=\"email\" id=\"wpforms-11-field_3\" class=\"wpforms-field-medium wpforms-field-required\" name=\"wpforms[fields][3]\" placeholder=\"E-mail\" spellcheck=\"false\" required><\/div><div id=\"wpforms-11-field_2-container\" class=\"wpforms-field wpforms-field-textarea\" data-field-id=\"2\"><label class=\"wpforms-field-label\" for=\"wpforms-11-field_2\">Zpr\u00e1va<\/label><textarea id=\"wpforms-11-field_2\" class=\"wpforms-field-large\" name=\"wpforms[fields][2]\" ><\/textarea><\/div><\/div><!-- .wpforms-field-container --><input type=\"hidden\" name=\"wpforms[recaptcha]\" value=\"\"><div class=\"wpforms-submit-container\" ><input type=\"hidden\" name=\"wpforms[id]\" value=\"11\"><input type=\"hidden\" name=\"wpforms[author]\" value=\"4\"><button type=\"submit\" name=\"wpforms[submit]\" id=\"wpforms-submit-11\" class=\"wpforms-submit\" data-alt-text=\"Submitting\" data-submit-text=\"Submit\" aria-live=\"assertive\" value=\"wpforms-submit\">Odeslat<\/button><img decoding=\"async\" src=\"https:\/\/www.qualitester.com\/wp-content\/plugins\/wpforms-lite\/assets\/images\/submit-spin.svg\" class=\"wpforms-submit-spinner\" style=\"display: none;\" width=\"26\" height=\"26\" alt=\"Na\u010d\u00edt\u00e1n\u00ed\"><\/div><input type=\"hidden\" name=\"trp-form-language\" value=\"cs\"\/><\/form><\/div>  <!-- .wpforms-container -->\t\t<\/div>\n\t\t\t\t<\/div>\n\t\t\t\t\t<\/div>\n\t\t\t\t<\/div>\n\t\t\t\t<\/div>","protected":false},"excerpt":{"rendered":"<p>RDVT-01 m\u016f\u017ee testovat objem krve, kter\u00fd m\u016f\u017ee b\u00fdt automaticky nas\u00e1v\u00e1n vakuov\u00fdmi c\u00e9vami.<\/p>","protected":false},"featured_media":1801,"comment_status":"closed","ping_status":"closed","template":"","meta":{"site-sidebar-layout":"default","site-content-layout":"default","ast-global-header-display":"","ast-main-header-display":"","ast-hfb-above-header-display":"","ast-hfb-below-header-display":"","ast-hfb-mobile-header-display":"","site-post-title":"disabled","ast-breadcrumbs-content":"","ast-featured-img":"disabled","footer-sml-layout":"","theme-transparent-header-meta":"default","adv-header-id-meta":"","stick-header-meta":"","header-above-stick-meta":"","header-main-stick-meta":"","header-below-stick-meta":""},"product_cat":[934,936,149,16,95],"product_tag":[966,184,384],"class_list":{"0":"post-3478","1":"product","2":"type-product","3":"status-publish","4":"has-post-thumbnail","6":"product_cat-medical-packaging-tester","7":"product_cat-vacutainer-drawing-volume-tester","8":"product_cat-pharma-and-medical-testers","9":"product_cat-plastic-packaging-testers","10":"product_cat-products","11":"product_tag-drawing-volume-of-the-vacutainer","12":"product_tag-vacutainer-blood-collection-tube","13":"product_tag-vacuum-tube-suction-volume","14":"desktop-align-left","15":"tablet-align-left","16":"mobile-align-left","18":"first","19":"instock","20":"shipping-taxable","21":"product-type-simple"},"_links":{"self":[{"href":"https:\/\/www.qualitester.com\/cs\/wp-json\/wp\/v2\/product\/3478","targetHints":{"allow":["GET"]}}],"collection":[{"href":"https:\/\/www.qualitester.com\/cs\/wp-json\/wp\/v2\/product"}],"about":[{"href":"https:\/\/www.qualitester.com\/cs\/wp-json\/wp\/v2\/types\/product"}],"replies":[{"embeddable":true,"href":"https:\/\/www.qualitester.com\/cs\/wp-json\/wp\/v2\/comments?post=3478"}],"version-history":[{"count":0,"href":"https:\/\/www.qualitester.com\/cs\/wp-json\/wp\/v2\/product\/3478\/revisions"}],"wp:featuredmedia":[{"embeddable":true,"href":"https:\/\/www.qualitester.com\/cs\/wp-json\/wp\/v2\/media\/1801"}],"wp:attachment":[{"href":"https:\/\/www.qualitester.com\/cs\/wp-json\/wp\/v2\/media?parent=3478"}],"wp:term":[{"taxonomy":"product_cat","embeddable":true,"href":"https:\/\/www.qualitester.com\/cs\/wp-json\/wp\/v2\/product_cat?post=3478"},{"taxonomy":"product_tag","embeddable":true,"href":"https:\/\/www.qualitester.com\/cs\/wp-json\/wp\/v2\/product_tag?post=3478"}],"curies":[{"name":"wp","href":"https:\/\/api.w.org\/{rel}","templated":true}]}}