{"id":3012,"date":"2023-07-31T16:39:52","date_gmt":"2023-07-31T08:39:52","guid":{"rendered":"https:\/\/www.qualitester.com\/?post_type=product&#038;p=3012"},"modified":"2025-01-07T17:06:31","modified_gmt":"2025-01-07T09:06:31","slug":"gelbo-flex-tester-astm-f392","status":"publish","type":"product","link":"https:\/\/www.qualitester.com\/cs\/produkt-2\/gelbo-flex-tester-astm-f392\/","title":{"rendered":"GFT Gelbo Flex Tester"},"content":{"rendered":"<p>Na str\u00e1nk\u00e1ch <strong>Tester Gelbo Flex<\/strong> je z\u00e1kladn\u00edm n\u00e1strojem pro hodnocen\u00ed odolnosti pru\u017en\u00fdch bari\u00e9rov\u00fdch materi\u00e1l\u016f, jako jsou f\u00f3lie, kompozity a n\u00e1t\u011brov\u00e9 hmoty. Tento p\u0159\u00edstroj testuje schopnost materi\u00e1lu odol\u00e1vat opakovan\u00e9mu nam\u00e1h\u00e1n\u00ed, co\u017e je z\u00e1sadn\u00ed pro prevenci vzniku ohybov\u00fdch trhlin a zaji\u0161t\u011bn\u00ed celistvosti obal\u016f b\u011bhem distribuce. Odolnost proti ohybov\u00fdm trhlin\u00e1m je z\u00e1sadn\u00ed vlastnost\u00ed, proto\u017ee minimalizuje riziko perforace obalu a zaji\u0161\u0165uje, \u017ee obsah z\u016fstane neporu\u0161en\u00fd po celou dobu \u017eivotnosti obalu.<\/p>\n<h2>ASTM F392 - Ohebn\u00e1 odolnost pru\u017en\u00fdch bari\u00e9rov\u00fdch materi\u00e1l\u016f<\/h2>\n<p><a href=\"https:\/\/www.astm.org\/f0392_f0392m-21.html\" target=\"_blank\" rel=\"noopener nofollow\"><strong>ASTM F392<\/strong><\/a> je standardn\u00ed specifikace, kter\u00e1 popisuje postup ur\u010dov\u00e1n\u00ed <strong>odolnost proti ohybu<\/strong> pru\u017en\u00fdch bari\u00e9rov\u00fdch materi\u00e1l\u016f. Tato zku\u0161ebn\u00ed metoda je speci\u00e1ln\u011b navr\u017eena tak, aby hodnotila schopnost materi\u00e1l\u016f, jako jsou f\u00f3lie a povlaky, odol\u00e1vat opakovan\u00e9mu oh\u00fdb\u00e1n\u00ed, kroucen\u00ed a oh\u00fdb\u00e1n\u00ed pod tlakem, co\u017e simuluje skute\u010dn\u00e9 podm\u00ednky p\u0159i p\u0159eprav\u011b a manipulaci. Zkou\u0161ka zahrnuje vystaven\u00ed vzorku s\u00e9rii ohybov\u00fdch pohyb\u016f a stanoven\u00ed schopnosti materi\u00e1lu odol\u00e1vat t\u011bmto nam\u00e1h\u00e1n\u00edm bez vzniku d\u011br nebo trhlin.<\/p>\n<h2>Standardn\u00ed postup pro kondicionov\u00e1n\u00ed pru\u017en\u00fdch bari\u00e9rov\u00fdch materi\u00e1l\u016f zkou\u0161kou odolnosti Flex<\/h2>\n<p>Na str\u00e1nk\u00e1ch <strong>Tester Gelbo Flex<\/strong> dodr\u017euje zku\u0161ebn\u00ed postupy uveden\u00e9 v dokumentu <strong>ASTM F392<\/strong> pro <strong>testov\u00e1n\u00ed odolnosti proti ohybu<\/strong>. Proces zahrnuje mont\u00e1\u017e vzorku o rozm\u011brech 200 \u00d7 280 mm na zku\u0161ebn\u00ed trny. Vzorek je pot\u00e9 vystaven krout\u00edc\u00edm a horizont\u00e1ln\u00edm tlakov\u00fdm pohyb\u016fm, kter\u00e9 maj\u00ed simulovat nam\u00e1h\u00e1n\u00ed obalov\u00fdch materi\u00e1l\u016f b\u011bhem distribuce. Konkr\u00e9tn\u011b syst\u00e9m iniciuje kroucen\u00ed v \u00fahlu 440\u00b0 b\u011bhem prvn\u00edch 90 mm zdvihu, po n\u011bm\u017e n\u00e1sleduje horizont\u00e1ln\u00ed stla\u010den\u00ed o d\u00e9lce 65 mm.<\/p>\n<div class=\"ast-oembed-container\" style=\"height: 100%;\"><iframe title=\"Gelbo Flex Tester ASTM F392\" width=\"500\" height=\"281\" src=\"https:\/\/www.youtube.com\/embed\/n2u7WCjVRTk?feature=oembed\" frameborder=\"0\" allow=\"accelerometer; autoplay; clipboard-write; encrypted-media; gyroscope; picture-in-picture; web-share\" referrerpolicy=\"strict-origin-when-cross-origin\" allowfullscreen><\/iframe><\/div>\n<p>Test se prov\u00e1d\u00ed rychlost\u00ed <strong>45 cykl\u016f za minutu<\/strong> s p\u011bti p\u0159edprogramovan\u00fdmi testovac\u00edmi re\u017eimy:<\/p>\n<ul>\n<li><strong>Re\u017eim A<\/strong>: Pln\u00e1 flexe po dobu 1 hodiny (2 700 cykl\u016f)<\/li>\n<li><strong>Re\u017eim B<\/strong>: Pln\u00fd flex po dobu 20 minut (900 cykl\u016f)<\/li>\n<li><strong>Re\u017eim C<\/strong>: Pln\u00fd ohyb po dobu 6 minut (270 cykl\u016f)<\/li>\n<li><strong>Re\u017eim D<\/strong>: Pln\u00e1 flexe po dobu 20 cykl\u016f<\/li>\n<li><strong>Re\u017eim E<\/strong>: \u010c\u00e1ste\u010dn\u00fd ohyb po dobu 20 cykl\u016f<\/li>\n<\/ul>\n<p>Tento flexibiln\u00ed zku\u0161ebn\u00ed proces umo\u017e\u0148uje u\u017eivatel\u016fm simulovat r\u016fzn\u00e9 re\u00e1ln\u00e9 sc\u00e9n\u00e1\u0159e nam\u00e1h\u00e1n\u00ed, co\u017e umo\u017e\u0148uje p\u0159esn\u00e9 posouzen\u00ed odolnosti proti ohybov\u00fdm trhlin\u00e1m.<\/p>\n<h2>Technick\u00e9 vlastnosti testeru Gelbo Flex<\/h2>\n<ul>\n<li><strong>\u0158\u00edzen\u00ed PLC<\/strong>: Tester Gelbo Flex je vybaven <strong>\u0158\u00edzen\u00ed PLC<\/strong> pro konzistentn\u00ed, automatizovan\u00e9 testov\u00e1n\u00ed.<\/li>\n<li><strong>Intuitivn\u00ed rozhran\u00ed HMI s dotykovou obrazovkou<\/strong>: U\u017eivatelsky p\u0159\u00edv\u011btiv\u00e9 rozhran\u00ed usnad\u0148uje sledov\u00e1n\u00ed a kontrolu testovac\u00edch parametr\u016f.<\/li>\n<li><strong>P\u011bt standardn\u00edch testovac\u00edch re\u017eim\u016f<\/strong>: Syst\u00e9m nab\u00edz\u00ed flexibilitu d\u00edky p\u011bti p\u0159edprogramovan\u00fdm re\u017eim\u016fm, kter\u00e9 u\u017eivatel\u016fm umo\u017e\u0148uj\u00ed zvolit ide\u00e1ln\u00ed zku\u0161ebn\u00ed podm\u00ednky pro jejich materi\u00e1ly.<\/li>\n<li><strong>V\u00edce testovac\u00edch stanic<\/strong>: Tester m\u00e1 3 a\u017e 4 stanice pro soub\u011b\u017en\u00e9 testov\u00e1n\u00ed, co\u017e zvy\u0161uje efektivitu p\u0159i testov\u00e1n\u00ed velk\u00fdch objem\u016f materi\u00e1l\u016f.<\/li>\n<li><strong>Rychl\u00e9 p\u0159ep\u00edn\u00e1n\u00ed re\u017eim\u016f<\/strong>: Snadno p\u0159ep\u00ednejte mezi re\u017eimy dlouh\u00e9ho a kr\u00e1tk\u00e9ho zdvihu, co\u017e umo\u017e\u0148uje p\u0159izp\u016fsobit podm\u00ednky testov\u00e1n\u00ed.<\/li>\n<li><strong>Mikrotisk\u00e1rna pro v\u00fdstup dat<\/strong>: Vestav\u011bn\u00e1 mikrotisk\u00e1rna umo\u017e\u0148uje pohodln\u00fd tisk v\u00fdsledk\u016f test\u016f a zaji\u0161\u0165uje p\u0159esnost a sledovatelnost \u00fadaj\u016f.<\/li>\n<\/ul>\n<h2>Oblasti pou\u017eit\u00ed testeru odolnosti Flex<\/h2>\n<p>Tester odolnosti Flex je \u0161iroce pou\u017e\u00edv\u00e1n v odv\u011btv\u00edch, kde jsou obalov\u00e9 materi\u00e1ly vystaveny opakovan\u00e9mu nam\u00e1h\u00e1n\u00ed b\u011bhem p\u0159epravy a manipulace. Pat\u0159\u00ed mezi n\u011b:<\/p>\n<ul>\n<li><strong>Balen\u00ed<\/strong>: <em><span style=\"text-decoration: underline;\"><strong>Pru\u017en\u00e9 f\u00f3lie<\/strong><\/span><\/em> a lamin\u00e1ty pou\u017e\u00edvan\u00e9 pro potraviny, n\u00e1poje, l\u00e9\u010diva a zdravotnick\u00e9 v\u00fdrobky.<\/li>\n<li><strong>Obaly pro zdravotnick\u00e9 prost\u0159edky<\/strong>: Zaji\u0161t\u011bn\u00ed trvanlivosti <em><span style=\"text-decoration: underline;\"><strong>obalov\u00e9 materi\u00e1ly<\/strong><\/span><\/em> pou\u017e\u00edvan\u00e9 pro steriln\u00ed zdravotnick\u00e9 prost\u0159edky.<\/li>\n<li><strong>Farmaceutick\u00e9 produkty<\/strong>: Testov\u00e1n\u00ed <em><span style=\"text-decoration: underline;\"><strong>bari\u00e9rov\u00e9 materi\u00e1ly<\/strong><\/span><\/em> kter\u00e9 chr\u00e1n\u00ed citliv\u00e9 l\u00e9ky a l\u00e9\u010diva.<\/li>\n<li><strong>Potraviny a n\u00e1poje<\/strong>: <strong><em><span style=\"text-decoration: underline;\">Obalov\u00e9 materi\u00e1ly<\/span><\/em><\/strong> ur\u010den\u00e9 k zachov\u00e1n\u00ed \u010derstvosti a neporu\u0161enosti potravin\u00e1\u0159sk\u00fdch v\u00fdrobk\u016f.<\/li>\n<\/ul>\n<h2>Hlavn\u00ed parametry testeru Gelbo Flex<\/h2>\n<table>\n<tbody>\n<tr>\n<td width=\"132\">Flex Frekvence<\/td>\n<td width=\"228\">45 \/minuta<\/td>\n<\/tr>\n<tr>\n<td width=\"132\">\u00dahel flexe<\/td>\n<td width=\"228\">440\u00b0 (90 mm) nebo 400\u00b0 (80 mm)<\/td>\n<\/tr>\n<tr>\n<td width=\"132\">Kapacita<\/td>\n<td width=\"228\">3,5 N.m<\/td>\n<\/tr>\n<tr>\n<td width=\"132\">Vodorovn\u00fd tah<\/td>\n<td width=\"228\">155 mm nebo 80 mm<\/td>\n<\/tr>\n<tr>\n<td width=\"132\">Stanice<\/td>\n<td width=\"228\">3\/4<\/td>\n<\/tr>\n<tr>\n<td width=\"132\">Velikost vzorku<\/td>\n<td width=\"228\">280 mm x 200 mm<\/td>\n<\/tr>\n<tr>\n<td width=\"132\">Power<\/td>\n<td width=\"228\">110~220V<\/td>\n<\/tr>\n<\/tbody>\n<\/table>\n<h2>P\u0159izp\u016fsoben\u00ed a speci\u00e1ln\u00ed po\u017eadavky na testov\u00e1n\u00ed<\/h2>\n<p>Spole\u010dnost Cell Instruments se specializuje na p\u0159izp\u016fsoben\u00ed zku\u0161ebn\u00edho za\u0159\u00edzen\u00ed specifick\u00fdm pot\u0159eb\u00e1m testov\u00e1n\u00ed materi\u00e1l\u016f. Na str\u00e1nk\u00e1ch <strong>Tester Gelbo Flex<\/strong> lze p\u0159izp\u016fsobit \u0161irok\u00e9 \u0161k\u00e1le po\u017eadavk\u016f na flexibiln\u00ed testov\u00e1n\u00ed materi\u00e1l\u016f a nab\u00edz\u00ed \u0159e\u0161en\u00ed pro standardn\u00ed i jedine\u010dn\u00e9 podm\u00ednky testov\u00e1n\u00ed. (Nap\u0159\u00edklad zku\u0161ebn\u00ed postupy a p\u0159\u00edpravky na vzorky)<\/p>\n<h2>\u010cASTO KLADEN\u00c9 DOTAZY<\/h2>\n<ol>\n<li><strong>Jak\u00e9 materi\u00e1ly lze testovat pomoc\u00ed testeru Gelbo Flex?<\/strong><br \/>\nTester Gelbo Flex je ide\u00e1ln\u00ed pro testov\u00e1n\u00ed pru\u017en\u00fdch bari\u00e9rov\u00fdch materi\u00e1l\u016f, jako jsou f\u00f3lie, kompozity a potahov\u00e9 f\u00f3lie pou\u017e\u00edvan\u00e9 v obalech, zdravotnick\u00fdch prost\u0159edc\u00edch, potravin\u00e1\u0159sk\u00fdch v\u00fdrobc\u00edch a dal\u0161\u00edch.<\/li>\n<li><strong>Co je to <a href=\"https:\/\/www.qualitester.com\/cs\/kategorie-produktu\/astm\/astm-f392\/\">ASTM F392<\/a>, a pro\u010d je to d\u016fle\u017eit\u00e9 pro testov\u00e1n\u00ed?<\/strong><br \/>\nASTM F392 je standardn\u00ed specifikace pro testov\u00e1n\u00ed odolnosti pru\u017en\u00fdch materi\u00e1l\u016f proti ohybu. Pom\u00e1h\u00e1 zajistit, aby obalov\u00e9 materi\u00e1ly vydr\u017eely opakovan\u00e9 nam\u00e1h\u00e1n\u00ed p\u0159i distribuci, a sni\u017euje tak riziko perforace nebo po\u0161kozen\u00ed.<\/li>\n<li><strong>Lze tester Gelbo Flex Tester p\u0159izp\u016fsobit specifick\u00fdm pot\u0159eb\u00e1m testov\u00e1n\u00ed?<\/strong><br \/>\nAno, spole\u010dnost Cell Instruments nab\u00edz\u00ed mo\u017enosti p\u0159izp\u016fsoben\u00ed testeru Gelbo Flex Tester tak, aby spl\u0148oval jedine\u010dn\u00e9 po\u017eadavky na testov\u00e1n\u00ed v r\u016fzn\u00fdch odv\u011btv\u00edch.<\/li>\n<li><strong>Jak tester Gelbo Flex Tester simuluje skute\u010dn\u00e9 nam\u00e1h\u00e1n\u00ed obal\u016f?<\/strong><br \/>\nTester vyu\u017e\u00edv\u00e1 kombinaci kroucen\u00ed a horizont\u00e1ln\u00edho stla\u010dov\u00e1n\u00ed, aby se napodobilo opakovan\u00e9 nam\u00e1h\u00e1n\u00ed, kter\u00e9mu jsou obalov\u00e9 materi\u00e1ly vystaveny b\u011bhem p\u0159epravy a manipulace.<\/li>\n<\/ol>","protected":false},"excerpt":{"rendered":"<p>Na str\u00e1nk\u00e1ch <strong>Tester Gelbo Flex<\/strong> je z\u00e1kladn\u00edm n\u00e1strojem pro hodnocen\u00ed odolnosti pru\u017en\u00fdch bari\u00e9rov\u00fdch materi\u00e1l\u016f, jako jsou f\u00f3lie, kompozity a n\u00e1t\u011brov\u00e9 hmoty. Tento p\u0159\u00edstroj testuje schopnost materi\u00e1lu odol\u00e1vat opakovan\u00e9mu nam\u00e1h\u00e1n\u00ed, co\u017e je z\u00e1sadn\u00ed pro prevenci vzniku ohybov\u00fdch trhlin a zaji\u0161t\u011bn\u00ed celistvosti obal\u016f b\u011bhem distribuce. Odolnost proti ohybov\u00fdm trhlin\u00e1m je z\u00e1sadn\u00ed vlastnost\u00ed, proto\u017ee minimalizuje riziko perforace obalu a zaji\u0161\u0165uje, \u017ee obsah z\u016fstane neporu\u0161en\u00fd po celou dobu \u017eivotnosti obalu.<\/p>","protected":false},"featured_media":5873,"comment_status":"closed","ping_status":"closed","template":"","meta":{"site-sidebar-layout":"default","site-content-layout":"default","ast-global-header-display":"","ast-main-header-display":"","ast-hfb-above-header-display":"","ast-hfb-below-header-display":"","ast-hfb-mobile-header-display":"","site-post-title":"disabled","ast-breadcrumbs-content":"","ast-featured-img":"disabled","footer-sml-layout":"","theme-transparent-header-meta":"default","adv-header-id-meta":"","stick-header-meta":"","header-above-stick-meta":"","header-main-stick-meta":"","header-below-stick-meta":""},"product_cat":[845,977,149,16,107,95],"product_tag":[1174,1175],"class_list":{"0":"post-3012","1":"product","2":"type-product","3":"status-publish","4":"has-post-thumbnail","6":"product_cat-customization","7":"product_cat-gelbo-flex-tester","8":"product_cat-pharma-and-medical-testers","9":"product_cat-plastic-packaging-testers","10":"product_cat-astm-f392","11":"product_cat-products","12":"product_tag-flex-durability-tester","13":"product_tag-gelbo-flex-tester","14":"desktop-align-left","15":"tablet-align-left","16":"mobile-align-left","18":"first","19":"instock","20":"shipping-taxable","21":"product-type-simple"},"_links":{"self":[{"href":"https:\/\/www.qualitester.com\/cs\/wp-json\/wp\/v2\/product\/3012","targetHints":{"allow":["GET"]}}],"collection":[{"href":"https:\/\/www.qualitester.com\/cs\/wp-json\/wp\/v2\/product"}],"about":[{"href":"https:\/\/www.qualitester.com\/cs\/wp-json\/wp\/v2\/types\/product"}],"replies":[{"embeddable":true,"href":"https:\/\/www.qualitester.com\/cs\/wp-json\/wp\/v2\/comments?post=3012"}],"version-history":[{"count":0,"href":"https:\/\/www.qualitester.com\/cs\/wp-json\/wp\/v2\/product\/3012\/revisions"}],"wp:featuredmedia":[{"embeddable":true,"href":"https:\/\/www.qualitester.com\/cs\/wp-json\/wp\/v2\/media\/5873"}],"wp:attachment":[{"href":"https:\/\/www.qualitester.com\/cs\/wp-json\/wp\/v2\/media?parent=3012"}],"wp:term":[{"taxonomy":"product_cat","embeddable":true,"href":"https:\/\/www.qualitester.com\/cs\/wp-json\/wp\/v2\/product_cat?post=3012"},{"taxonomy":"product_tag","embeddable":true,"href":"https:\/\/www.qualitester.com\/cs\/wp-json\/wp\/v2\/product_tag?post=3012"}],"curies":[{"name":"wp","href":"https:\/\/api.w.org\/{rel}","templated":true}]}}