{"id":2743,"date":"2023-07-17T15:11:03","date_gmt":"2023-07-17T07:11:03","guid":{"rendered":"https:\/\/www.qualitester.com\/?post_type=product&#038;p=2743"},"modified":"2025-06-12T13:59:32","modified_gmt":"2025-06-12T05:59:32","slug":"fdt-01-polypropylene-film-drop-dart-tester","status":"publish","type":"product","link":"https:\/\/www.qualitester.com\/cs\/produkt-2\/fdt-01-polypropylene-film-drop-dart-tester\/","title":{"rendered":"FDT-01 Tester n\u00e1raz\u016f padaj\u00edc\u00edmi \u0161ipkami"},"content":{"rendered":"<p>Na str\u00e1nk\u00e1ch\u00a0<strong>Tester n\u00e1raz\u016f padaj\u00edc\u00edch \u0161ipek <\/strong>je kritick\u00fd p\u0159\u00edstroj ur\u010den\u00fd k hodnocen\u00ed r\u00e1zov\u00e9 pevnosti plastov\u00fdch f\u00f3li\u00ed, desek, kompozitn\u00edch f\u00f3li\u00ed, f\u00f3li\u00ed a pap\u00edru o tlou\u0161\u0165ce men\u0161\u00ed ne\u017e 1 mm. Tato zkou\u0161ka je nezbytn\u00e1 pro posouzen\u00ed schopnosti materi\u00e1lu odol\u00e1vat vn\u011bj\u0161\u00edm sil\u00e1m, co\u017e p\u0159\u00edmo ovliv\u0148uje v\u00fdkonnost a trvanlivost v\u00fdrobku p\u0159i manipulaci, p\u0159eprav\u011b a skladov\u00e1n\u00ed. D\u00edky simulaci re\u00e1ln\u00fdch podm\u00ednek poskytuje tester cenn\u00e9 \u00fadaje, kter\u00e9 pom\u00e1haj\u00ed p\u0159i v\u00fdb\u011bru materi\u00e1lu, n\u00e1vrhu v\u00fdrobku a kontrole kvality.<\/p>\n<h2><strong>Co je n\u00e1razov\u00fd test Drop Dart?<\/strong><\/h2>\n<p>Zkou\u0161ka n\u00e1razem padaj\u00edc\u00ed \u0161ipkou je v\u0161eobecn\u011b uzn\u00e1vanou metodou pro stanoven\u00ed odolnosti materi\u00e1l\u016f proti n\u00e1razu. Zahrnuje p\u00e1d zat\u00ed\u017een\u00e9 \u0161ipky ze stanoven\u00e9 v\u00fd\u0161ky na zku\u0161ebn\u00ed materi\u00e1l, aby se zm\u011b\u0159ila energie pot\u0159ebn\u00e1 k jeho selh\u00e1n\u00ed. V\u00fdsledky pom\u00e1haj\u00ed v\u00fdrobc\u016fm vyhodnotit hou\u017eevnatost materi\u00e1lu a zajistit, aby v\u00fdrobky vydr\u017eely manipula\u010dn\u00ed nam\u00e1h\u00e1n\u00ed a zachovaly si integritu p\u0159i pou\u017eit\u00ed.<\/p>\n<div class=\"ast-oembed-container\" style=\"height: 100%;\"><iframe title=\"Zkou\u0161ka n\u00e1razem padaj\u00edc\u00ed \u0161ipkou na platov\u00e9 f\u00f3lie a listy Metoda A a Metoda B ASTM D1709 ISO 7765-1\" width=\"500\" height=\"281\" src=\"https:\/\/www.youtube.com\/embed\/a3_9M0x3w7U?feature=oembed\" frameborder=\"0\" allow=\"accelerometer; autoplay; clipboard-write; encrypted-media; gyroscope; picture-in-picture; web-share\" referrerpolicy=\"strict-origin-when-cross-origin\" allowfullscreen><\/iframe><\/div>\n<h2><strong>Soulad s normami<\/strong><\/h2>\n<p>Drop Dart Impact Tester spl\u0148uje n\u011bkolik mezin\u00e1rodn\u00edch norem, co\u017e zaru\u010duje spolehliv\u00e9 a p\u0159esn\u00e9 v\u00fdsledky:<\/p>\n<ul>\n<li><span style=\"color: #00ccff;\"><a style=\"color: #00ccff;\" href=\"https:\/\/www.qualitester.com\/cs\/standards\/astm-d1709\/\" target=\"_blank\" rel=\"noopener\"><strong><span style=\"color: #75c22c;\">ASTM <\/span><span style=\"color: #75c22c;\">D1709<\/span><\/strong><\/a><\/span>: Tato norma popisuje postup pro stanoven\u00ed <strong>odolnost plastov\u00fdch f\u00f3li\u00ed proti n\u00e1razu<\/strong> pomoc\u00ed voln\u011b padaj\u00edc\u00ed \u0161ipky.<\/li>\n<li><a href=\"https:\/\/www.qualitester.com\/cs\/standards\/iso\/iso-7765-1\/\" target=\"_blank\" rel=\"noopener\"><strong><span style=\"color: #75c22c;\">ISO 7765-1<\/span><\/strong><\/a>: Mezin\u00e1rodn\u00ed norma pro<strong> r\u00e1zov\u00e9 zkou\u0161ky plastov\u00fdch f\u00f3li\u00ed<\/strong>.<\/li>\n<li><strong>JIS K7124-1<\/strong>: Japonsk\u00e1 pr\u016fmyslov\u00e1 norma pro hodnocen\u00ed <strong>dopad v\u00fdkonu film\u016f<\/strong>.<\/li>\n<li><strong>GB\/T 9639.1<\/strong>: \u010c\u00ednsk\u00e1 n\u00e1rodn\u00ed norma, kter\u00e1 je v souladu s celosv\u011btovou prax\u00ed pro <strong>odolnost materi\u00e1lu proti n\u00e1razu<\/strong>.<\/li>\n<\/ul>\n<h2><strong>Kl\u00ed\u010dov\u00e9 vlastnosti n\u00e1razov\u00e9ho testeru Drop Dart<\/strong><\/h2>\n<ol>\n<li><strong>Ovl\u00e1d\u00e1n\u00ed PLC a dotykov\u00e9 obrazovky<\/strong><\/li>\n<li><strong>Dvoj\u00ed zku\u0161ebn\u00ed metody<\/strong>\n<ul>\n<li><strong>Metoda A<\/strong>: Vhodn\u00e9 pro pr\u016fm\u011br \u0161ipky 38 \u00b1 1 mm a v\u00fd\u0161ku p\u00e1du 660 mm.<\/li>\n<li><strong>Metoda B<\/strong>\u00a0(nepovinn\u00e9): Navr\u017eeno pro pr\u016fm\u011br \u0161ipky 50 \u00b1 1 mm a v\u00fd\u0161ku p\u00e1du 1500 mm.<\/li>\n<\/ul>\n<\/li>\n<li><strong>Bezpe\u010dn\u00e1 a pohodln\u00e1 obsluha: <\/strong>Je vybaven testovac\u00edm tla\u010d\u00edtkem i no\u017en\u00edm sp\u00edna\u010dem.<\/li>\n<li><strong>Automatick\u00e9 v\u00fdpo\u010dty: <\/strong>Vestav\u011bn\u00fd program automaticky vypo\u010d\u00edt\u00e1 v\u00fdsledky v gramech a joulech.<\/li>\n<li><strong>Pozorovac\u00ed sv\u011btlo a pneumatick\u00e9 up\u00edn\u00e1n\u00ed: <\/strong>Pozorovac\u00ed sv\u011btlo pom\u00e1h\u00e1 p\u0159i sledov\u00e1n\u00ed vzork\u016f b\u011bhem test\u016f, zat\u00edmco pneumatick\u00e1 svorka zaji\u0161\u0165uje bezpe\u010dn\u00e9 uchycen\u00ed vzorku.<\/li>\n<li><strong>V\u00fdstup dat: <\/strong>Tester obsahuje jehli\u010dkov\u00fd mikrotisk\u00e1rnu pro p\u0159\u00edm\u00fd v\u00fdstup dat.<\/li>\n<li><strong>Integrace softwaru: <\/strong>Voliteln\u00fd profesion\u00e1ln\u00ed software roz\u0161i\u0159uje mo\u017enosti spr\u00e1vy dat a reportov\u00e1n\u00ed.<\/li>\n<\/ol>\n<h2><strong>Technick\u00e9 specifikace<\/strong><\/h2>\n<table style=\"height: 433px;\" width=\"799\">\n<tbody>\n<tr>\n<td width=\"162\">\n<p style=\"text-align: center;\">Zku\u0161ebn\u00ed metoda Metoda<\/p>\n<\/td>\n<td width=\"274\">\n<p style=\"text-align: center;\">A nebo metoda B (voliteln\u011b)<\/p>\n<\/td>\n<\/tr>\n<tr>\n<td width=\"162\">\n<p style=\"text-align: center;\">Testovac\u00ed rozsah<\/p>\n<\/td>\n<td style=\"text-align: center;\" width=\"274\">Metoda A: 50~2000g\/<br \/>\nMetoda B: 300 ~ 2000 g<\/td>\n<\/tr>\n<tr>\n<td width=\"162\">\n<p style=\"text-align: center;\">Pr\u016fm\u011br \u0161ipky<\/p>\n<\/td>\n<td style=\"text-align: center;\" width=\"274\">Metoda A: 38\u00b11mm<br \/>\nMetoda B: 50\u00b11mm<\/td>\n<\/tr>\n<tr>\n<td style=\"text-align: center;\" width=\"162\">V\u00fd\u0161ka n\u00e1razu<\/td>\n<td width=\"274\">\n<p style=\"text-align: center;\">660 mm\/1500 mm<\/p>\n<\/td>\n<\/tr>\n<tr>\n<td width=\"162\">\n<p style=\"text-align: center;\">P\u0159esnost<\/p>\n<\/td>\n<td style=\"text-align: center;\" width=\"274\">0,1 g (0,1 J)<\/td>\n<\/tr>\n<tr>\n<td style=\"text-align: center;\" width=\"162\">Svorka<\/td>\n<td width=\"274\">\n<p style=\"text-align: center;\">Pneumatick\u00e1 svorka<\/p>\n<\/td>\n<\/tr>\n<tr>\n<td width=\"162\">\n<p style=\"text-align: center;\">Z\u00e1sobov\u00e1n\u00ed plynem<\/p>\n<\/td>\n<td style=\"text-align: center;\" width=\"274\">0,6 MPa \u03a68 mm PU trubky<\/td>\n<\/tr>\n<tr>\n<td style=\"text-align: center;\" width=\"162\">Velikost vzorku<\/td>\n<td width=\"274\">\n<p style=\"text-align: center;\">&gt; 150 mm x 150 mm<\/p>\n<\/td>\n<\/tr>\n<tr>\n<td width=\"162\">\n<p style=\"text-align: center;\">Nap\u00e1jen\u00ed<\/p>\n<\/td>\n<td style=\"text-align: center;\" width=\"274\">AC 110~220V 50Hz<\/td>\n<\/tr>\n<tr>\n<td style=\"text-align: center;\" width=\"162\">Rozm\u011br<\/td>\n<td width=\"274\">\n<p style=\"text-align: center;\">Metoda A: 500*450*1200 mm (VDV)<br \/>\nZp\u016fsob B: 500*450*2200 mm (LWH)<\/p>\n<\/td>\n<\/tr>\n<\/tbody>\n<\/table>\n<h2><strong>Aplikace n\u00e1razov\u00fdch zkou\u0161ek padaj\u00edc\u00edmi \u0161ipkami<\/strong><\/h2>\n<p>N\u00e1razov\u00fd tester Drop Dart je ide\u00e1ln\u00ed pro:<\/p>\n<ul>\n<li><strong>Plastov\u00e9 f\u00f3lie a desky<\/strong>\u00a0pou\u017e\u00edvan\u00e9 p\u0159i balen\u00ed a ochran\u011b v\u00fdrobk\u016f.<\/li>\n<li><strong>Kompozitn\u00ed filmy a f\u00f3lie<\/strong>\u00a0vy\u017eaduj\u00edc\u00ed hodnocen\u00ed odolnosti proti n\u00e1razu.<\/li>\n<li><strong>Pap\u00edrov\u00e9 materi\u00e1ly<\/strong>\u00a0vystaveny manipula\u010dn\u00edmu nam\u00e1h\u00e1n\u00ed.<\/li>\n<\/ul>\n<h2><strong>V\u00fdhody n\u00e1razov\u00e9ho testeru Dart Drop<\/strong><\/h2>\n<ul>\n<li><strong>Zlep\u0161en\u00e1 kontrola kvality<\/strong>: P\u0159ed pou\u017eit\u00edm se ujist\u011bte, \u017ee materi\u00e1ly spl\u0148uj\u00ed normy odolnosti.<\/li>\n<li><strong>Vylep\u0161en\u00fd design v\u00fdrobk\u016f<\/strong>: Poskytuje p\u0159ehled o vlastnostech materi\u00e1lu a napom\u00e1h\u00e1 optim\u00e1ln\u00edmu n\u00e1vrhu.<\/li>\n<li><strong>Efektivita n\u00e1klad\u016f<\/strong>: Sni\u017euje pl\u00fdtv\u00e1n\u00ed materi\u00e1lem v\u010dasnou identifikac\u00ed slab\u00fdch m\u00edst.<\/li>\n<\/ul>\n<h2><strong>\u010cast\u00e9 dotazy o n\u00e1razov\u00e9m testeru Drop Dart<\/strong><\/h2>\n<ol>\n<li><strong>Pro\u010d je n\u00e1razov\u00e1 zkou\u0161ka \u0161ipkou d\u016fle\u017eit\u00e1?<\/strong><br \/>\nUr\u010duje hou\u017eevnatost materi\u00e1l\u016f pomoc\u00ed simulace re\u00e1ln\u00fdch n\u00e1razov\u00fdch podm\u00ednek, \u010d\u00edm\u017e pom\u00e1h\u00e1 zajistit spolehlivost v\u00fdrobk\u016f.<\/li>\n<li><strong>Pro jak\u00e1 odv\u011btv\u00ed je pou\u017eit\u00ed tohoto testeru p\u0159\u00ednosn\u00e9?<\/strong><br \/>\nOdv\u011btv\u00ed, jako je obalov\u00fd, potravin\u00e1\u0159sk\u00fd, l\u00e9ka\u0159sk\u00fd a farmaceutick\u00fd pr\u016fmysl, vyu\u017e\u00edvaj\u00ed hodnocen\u00ed r\u00e1zov\u00e9 pevnosti materi\u00e1l\u016f.<\/li>\n<li><strong>Jak\u00fd v\u00fdznam m\u00e1 norma ASTM D1709?<\/strong><br \/>\n<a href=\"https:\/\/www.astm.org\/d1709-22.html\" target=\"_blank\" rel=\"nofollow noopener\">ASTM D1709<\/a> poskytuje standardizovan\u00e9 postupy pro prov\u00e1d\u011bn\u00ed n\u00e1razov\u00fdch zkou\u0161ek st\u0159elkou, \u010d\u00edm\u017e zaji\u0161\u0165uje konzistentnost a spolehlivost v\u00fdsledk\u016f.<\/li>\n<li><strong>Jak funguje pneumatick\u00fd up\u00ednac\u00ed syst\u00e9m?<\/strong><br \/>\nPneumatick\u00fd syst\u00e9m bezpe\u010dn\u011b dr\u017e\u00ed vzorek na m\u00edst\u011b, \u010d\u00edm\u017e zabra\u0148uje jeho pohybu b\u011bhem testov\u00e1n\u00ed a zaji\u0161\u0165uje p\u0159esn\u00e9 v\u00fdsledky.<\/li>\n<li><strong>Lze v\u00fdsledky exportovat pro dal\u0161\u00ed anal\u00fdzu?<\/strong><br \/>\nAno, tester obsahuje vestav\u011bnou tisk\u00e1rnu pro okam\u017eit\u00e9 v\u00fdsledky a voliteln\u00fd software pro podrobnou spr\u00e1vu dat.<\/li>\n<\/ol>","protected":false},"excerpt":{"rendered":"<p>Na str\u00e1nk\u00e1ch <strong>Tester n\u00e1raz\u016f voln\u011b padaj\u00edc\u00edch \u0161ipek<\/strong> se pou\u017e\u00edv\u00e1 k m\u011b\u0159en\u00ed odolnosti plastov\u00fdch f\u00f3li\u00ed, obalov\u00fdch materi\u00e1l\u016f a dal\u0161\u00edch tenk\u00fdch materi\u00e1l\u016f proti n\u00e1razu. Zkou\u0161ka ur\u010duje energii pot\u0159ebnou k vyvol\u00e1n\u00ed poruchy p\u0159i p\u00e1du zat\u00ed\u017een\u00e9 \u0161ipky ze stanoven\u00e9 v\u00fd\u0161ky na materi\u00e1l. Prov\u00e1d\u00ed se podle norem, jako nap\u0159. <strong>ASTM D1709<\/strong> a <strong>ISO 7765-1<\/strong>.<\/p>","protected":false},"featured_media":5961,"comment_status":"closed","ping_status":"closed","template":"","meta":{"site-sidebar-layout":"default","site-content-layout":"default","ast-global-header-display":"","ast-main-header-display":"","ast-hfb-above-header-display":"","ast-hfb-below-header-display":"","ast-hfb-mobile-header-display":"","site-post-title":"disabled","ast-breadcrumbs-content":"","ast-featured-img":"disabled","footer-sml-layout":"","theme-transparent-header-meta":"default","adv-header-id-meta":"","stick-header-meta":"","header-above-stick-meta":"","header-main-stick-meta":"","header-below-stick-meta":""},"product_cat":[845,684,44,149,16,111,169,95],"product_tag":[],"class_list":{"0":"post-2743","1":"product","2":"type-product","3":"status-publish","4":"has-post-thumbnail","6":"product_cat-customization","7":"product_cat-impact-tester","8":"product_cat-paper-and-board-testers","9":"product_cat-pharma-and-medical-testers","10":"product_cat-plastic-packaging-testers","11":"product_cat-astm-d1709","12":"product_cat-iso-7765-1","13":"product_cat-products","14":"desktop-align-left","15":"tablet-align-left","16":"mobile-align-left","18":"first","19":"instock","20":"shipping-taxable","21":"product-type-simple"},"_links":{"self":[{"href":"https:\/\/www.qualitester.com\/cs\/wp-json\/wp\/v2\/product\/2743","targetHints":{"allow":["GET"]}}],"collection":[{"href":"https:\/\/www.qualitester.com\/cs\/wp-json\/wp\/v2\/product"}],"about":[{"href":"https:\/\/www.qualitester.com\/cs\/wp-json\/wp\/v2\/types\/product"}],"replies":[{"embeddable":true,"href":"https:\/\/www.qualitester.com\/cs\/wp-json\/wp\/v2\/comments?post=2743"}],"version-history":[{"count":0,"href":"https:\/\/www.qualitester.com\/cs\/wp-json\/wp\/v2\/product\/2743\/revisions"}],"wp:featuredmedia":[{"embeddable":true,"href":"https:\/\/www.qualitester.com\/cs\/wp-json\/wp\/v2\/media\/5961"}],"wp:attachment":[{"href":"https:\/\/www.qualitester.com\/cs\/wp-json\/wp\/v2\/media?parent=2743"}],"wp:term":[{"taxonomy":"product_cat","embeddable":true,"href":"https:\/\/www.qualitester.com\/cs\/wp-json\/wp\/v2\/product_cat?post=2743"},{"taxonomy":"product_tag","embeddable":true,"href":"https:\/\/www.qualitester.com\/cs\/wp-json\/wp\/v2\/product_tag?post=2743"}],"curies":[{"name":"wp","href":"https:\/\/api.w.org\/{rel}","templated":true}]}}