{"id":2372,"date":"2023-06-02T13:53:39","date_gmt":"2023-06-02T05:53:39","guid":{"rendered":"https:\/\/www.qualitester.com\/?post_type=product&#038;p=2372"},"modified":"2024-12-04T14:44:01","modified_gmt":"2024-12-04T06:44:01","slug":"gst-01-jelly-gel-strength-test-machine","status":"publish","type":"product","link":"https:\/\/www.qualitester.com\/cs\/produkt-2\/gst-01-jelly-gel-strength-test-machine\/","title":{"rendered":"GST-01 Jelly Gel Strength Tester"},"content":{"rendered":"<div data-elementor-type=\"wp-post\" data-elementor-id=\"2372\" class=\"elementor elementor-2372\" data-elementor-post-type=\"product\">\n\t\t\t\t<div class=\"elementor-element elementor-element-e2b9e15 e-flex e-con-boxed e-con e-parent\" data-id=\"e2b9e15\" data-element_type=\"container\">\n\t\t\t\t\t<div class=\"e-con-inner\">\n\t\t<div class=\"elementor-element elementor-element-d7985d0 e-con-full e-flex e-con e-parent\" data-id=\"d7985d0\" data-element_type=\"container\">\n\t\t\t\t<div class=\"elementor-element elementor-element-9581fe1 elementor-widget elementor-widget-image\" data-id=\"9581fe1\" data-element_type=\"widget\" data-widget_type=\"image.default\">\n\t\t\t\t<div class=\"elementor-widget-container\">\n\t\t\t\t\t\t\t\t\t\t\t\t\t<img fetchpriority=\"high\" decoding=\"async\" width=\"750\" height=\"750\" src=\"https:\/\/www.qualitester.com\/wp-content\/uploads\/2023\/04\/Gel-strength08_\u526f\u672c.png\" class=\"attachment-large size-large wp-image-1599\" alt=\"\" srcset=\"https:\/\/www.qualitester.com\/wp-content\/uploads\/2023\/04\/Gel-strength08_\u526f\u672c.png 750w, https:\/\/www.qualitester.com\/wp-content\/uploads\/2023\/04\/Gel-strength08_\u526f\u672c-300x300.png 300w, https:\/\/www.qualitester.com\/wp-content\/uploads\/2023\/04\/Gel-strength08_\u526f\u672c-150x150.png 150w, https:\/\/www.qualitester.com\/wp-content\/uploads\/2023\/04\/Gel-strength08_\u526f\u672c-600x600.png 600w, https:\/\/www.qualitester.com\/wp-content\/uploads\/2023\/04\/Gel-strength08_\u526f\u672c-100x100.png 100w\" sizes=\"(max-width: 750px) 100vw, 750px\" \/>\t\t\t\t\t\t\t\t\t\t\t\t\t<\/div>\n\t\t\t\t<\/div>\n\t\t\t\t<\/div>\n\t\t<div class=\"elementor-element elementor-element-559656c e-con-full e-flex e-con e-parent\" data-id=\"559656c\" data-element_type=\"container\">\n\t\t\t\t<div class=\"elementor-element elementor-element-ef8a65c elementor-widget elementor-widget-text-editor\" data-id=\"ef8a65c\" data-element_type=\"widget\" data-widget_type=\"text-editor.default\">\n\t\t\t\t<div class=\"elementor-widget-container\">\n\t\t\t\t\t\t\t<p><strong>Aplikace<\/strong><\/p><p><em>Pevnost gelu lze definovat jako m\u00edru schopnosti koloidn\u00ed disperze vytvo\u0159it a udr\u017eet gelovou formu na z\u00e1klad\u011b jej\u00ed odolnosti v\u016f\u010di smyku.<\/em><\/p><p><em>Bloom je specifick\u00fdm m\u011b\u0159\u00edtkem pro pevnost\/pevnost \u017eelatiny. Hodnoty Bloom se ur\u010duj\u00ed m\u011b\u0159en\u00edm s\u00edly (v g) pot\u0159ebn\u00e9 ke stla\u010den\u00ed povrchu \u017eelatinov\u00e9ho gelu 6,67% (po 16-18 hodin\u00e1ch gelov\u00e1n\u00ed p\u0159i 10 \u00b0C) do vzd\u00e1lenosti 4 mm. \u010c\u00edm vy\u0161\u0161\u00ed je tedy hodnota, t\u00edm siln\u011bj\u0161\u00ed je pevnost gelu. hodnota Bloom v gramech se m\u011b\u0159\u00ed ur\u010denou sondou pro stla\u010den\u00ed povrchu gelu.<\/em><\/p><h6>Testovac\u00ed polo\u017eky<\/h6><p><em>V\u00c1HA: Pro m\u011b\u0159en\u00ed vzd\u00e1lenosti p\u0159i ur\u010dit\u00e9m zat\u00ed\u017een\u00ed.<\/em><br \/><em>PEAK: K m\u011b\u0159en\u00ed s\u00edly gelu<\/em><br \/><em>VZD\u00c1LENOST: M\u011b\u0159en\u00ed z\u00e1t\u011b\u017ee v ur\u010dit\u00e9 vzd\u00e1lenosti<\/em><\/p>\t\t\t\t\t\t<\/div>\n\t\t\t\t<\/div>\n\t\t\t\t<\/div>\n\t\t\t\t\t<\/div>\n\t\t\t\t<\/div>\n\t\t<div class=\"elementor-element elementor-element-21d38fb e-flex e-con-boxed e-con e-parent\" data-id=\"21d38fb\" data-element_type=\"container\">\n\t\t\t\t\t<div class=\"e-con-inner\">\n\t\t<div class=\"elementor-element elementor-element-36722a2 e-con-full e-flex e-con e-parent\" data-id=\"36722a2\" data-element_type=\"container\">\n\t\t\t\t<div class=\"elementor-element elementor-element-2c66356 elementor-widget elementor-widget-image\" data-id=\"2c66356\" data-element_type=\"widget\" data-widget_type=\"image.default\">\n\t\t\t\t<div class=\"elementor-widget-container\">\n\t\t\t\t\t\t\t\t\t\t\t\t\t<img decoding=\"async\" width=\"750\" height=\"750\" src=\"https:\/\/www.qualitester.com\/wp-content\/uploads\/2023\/04\/Gel-strength07_\u526f\u672c.png\" class=\"attachment-large size-large wp-image-1598\" alt=\"\" srcset=\"https:\/\/www.qualitester.com\/wp-content\/uploads\/2023\/04\/Gel-strength07_\u526f\u672c.png 750w, https:\/\/www.qualitester.com\/wp-content\/uploads\/2023\/04\/Gel-strength07_\u526f\u672c-300x300.png 300w, https:\/\/www.qualitester.com\/wp-content\/uploads\/2023\/04\/Gel-strength07_\u526f\u672c-150x150.png 150w, https:\/\/www.qualitester.com\/wp-content\/uploads\/2023\/04\/Gel-strength07_\u526f\u672c-600x600.png 600w, https:\/\/www.qualitester.com\/wp-content\/uploads\/2023\/04\/Gel-strength07_\u526f\u672c-100x100.png 100w\" sizes=\"(max-width: 750px) 100vw, 750px\" \/>\t\t\t\t\t\t\t\t\t\t\t\t\t<\/div>\n\t\t\t\t<\/div>\n\t\t\t\t<\/div>\n\t\t<div class=\"elementor-element elementor-element-6eb280f e-con-full e-flex e-con e-parent\" data-id=\"6eb280f\" data-element_type=\"container\">\n\t\t\t\t<div class=\"elementor-element elementor-element-2c2e734 elementor-widget elementor-widget-text-editor\" data-id=\"2c2e734\" data-element_type=\"widget\" data-widget_type=\"text-editor.default\">\n\t\t\t\t<div class=\"elementor-widget-container\">\n\t\t\t\t\t\t\t<h6><strong>Technick\u00e9 vlastnosti<\/strong><\/h6><p><em>Jedn\u00e1 se o jednotku \u0159\u00edzenou PLC (stabiln\u00ed pr\u016fmyslov\u00e1 \u00farove\u0148) a ovl\u00e1danou dotykovou obrazovkou HMI. P\u0159esn\u00fd mechanismus kuli\u010dkov\u00e9ho vodic\u00edho \u0161roubu zaji\u0161\u0165uje dobrou a stabiln\u00ed regulaci rychlosti a posunu. Jeho speci\u00e1ln\u011b navr\u017een\u00fd program lze pou\u017e\u00edt pro r\u016fzn\u00e9 parametry t\u00fdkaj\u00edc\u00ed se zkou\u0161ky pevnosti gelu.<\/em><\/p><ul><li><em>7palcov\u00e1 dotykov\u00e1 obrazovka HMI<\/em><\/li><li><em>\u0158\u00eddic\u00ed jednotka PLC uvnit\u0159<\/em><\/li><li><em>P\u0159esn\u00fd kuli\u010dkov\u00fd vodic\u00ed \u0161roub<\/em><\/li><li><em>Nastaviteln\u00e1 rychlost testu<\/em><\/li><li><em>K dispozici je v\u00edce p\u0159\u00edpravk\u016f pro dal\u0161\u00ed anal\u00fdzu textur<\/em><\/li><li><em>Bezpe\u010dnost je na\u0161\u00edm z\u00e1jmem Ochrana cestovn\u00edch limit\u016f; automatick\u00e9 vracen\u00ed; ochrann\u00fd kryt z\u00e1t\u011b\u017eov\u00e9 bu\u0148ky<\/em><\/li><li><em>K dispozici je v\u00edce testovac\u00edch polo\u017eek WEIGHT, PEAK, DISTANCE.\u00a0<\/em><\/li><li><em>Mikrotisk\u00e1rna s jehli\u010dkov\u00fdm tiskem<\/em><\/li><\/ul>\t\t\t\t\t\t<\/div>\n\t\t\t\t<\/div>\n\t\t\t\t<\/div>\n\t\t\t\t\t<\/div>\n\t\t\t\t<\/div>\n\t\t<div class=\"elementor-element elementor-element-c30d7f2 e-flex e-con-boxed e-con e-parent\" data-id=\"c30d7f2\" data-element_type=\"container\">\n\t\t\t\t\t<div class=\"e-con-inner\">\n\t\t<div class=\"elementor-element elementor-element-3ca2567 e-con-full e-flex e-con e-parent\" data-id=\"3ca2567\" data-element_type=\"container\">\n\t\t\t\t<div class=\"elementor-element elementor-element-a572bbd elementor-widget elementor-widget-image\" data-id=\"a572bbd\" data-element_type=\"widget\" data-widget_type=\"image.default\">\n\t\t\t\t<div class=\"elementor-widget-container\">\n\t\t\t\t\t\t\t\t\t\t\t\t\t<img decoding=\"async\" width=\"750\" height=\"750\" src=\"https:\/\/www.qualitester.com\/wp-content\/uploads\/2023\/04\/Gel-strength03_\u526f\u672c.png\" class=\"attachment-large size-large wp-image-1597\" alt=\"\" srcset=\"https:\/\/www.qualitester.com\/wp-content\/uploads\/2023\/04\/Gel-strength03_\u526f\u672c.png 750w, https:\/\/www.qualitester.com\/wp-content\/uploads\/2023\/04\/Gel-strength03_\u526f\u672c-300x300.png 300w, https:\/\/www.qualitester.com\/wp-content\/uploads\/2023\/04\/Gel-strength03_\u526f\u672c-150x150.png 150w, https:\/\/www.qualitester.com\/wp-content\/uploads\/2023\/04\/Gel-strength03_\u526f\u672c-600x600.png 600w, https:\/\/www.qualitester.com\/wp-content\/uploads\/2023\/04\/Gel-strength03_\u526f\u672c-100x100.png 100w\" sizes=\"(max-width: 750px) 100vw, 750px\" \/>\t\t\t\t\t\t\t\t\t\t\t\t\t<\/div>\n\t\t\t\t<\/div>\n\t\t\t\t<\/div>\n\t\t<div class=\"elementor-element elementor-element-100375d e-con-full e-flex e-con e-parent\" data-id=\"100375d\" data-element_type=\"container\">\n\t\t\t\t<div class=\"elementor-element elementor-element-4d2e9cd elementor-widget elementor-widget-text-editor\" data-id=\"4d2e9cd\" data-element_type=\"widget\" data-widget_type=\"text-editor.default\">\n\t\t\t\t<div class=\"elementor-widget-container\">\n\t\t\t\t\t\t\t<h6><strong>Hlavn\u00ed parametry<\/strong><\/h6><p><em>Testovac\u00ed rozsah 0-50N (nebo podle pot\u0159eby)<\/em><\/p><p><em>\u00dader 1 1<\/em><em style=\"font-weight: inherit; text-align: var(--text-align); background-color: var(--ast-global-color-4); color: var(--ast-global-color-3);\">0 mm (bez sondy)<\/em><\/p><p><em>Rychlost testu 1 ~ 100 mm\/min<\/em><\/p><p><em>P\u0159esnost posunut\u00ed 0,01 mm<\/em><\/p><p><em>P\u0159esnost 0,5% F.S.<\/em><\/p><p><em>\u0158\u00edzen\u00ed PLC a rozhran\u00ed \u010dlov\u011bk-stroj<\/em><\/p><p><em>V\u00fdstupn\u00ed obrazovka, mikrotisk\u00e1rna, RS232 (voliteln\u011b)<\/em><\/p><p><em>Nap\u00e1jen\u00ed 110 ~ 220 V<\/em><\/p>\t\t\t\t\t\t<\/div>\n\t\t\t\t<\/div>\n\t\t\t\t<\/div>\n\t\t\t\t\t<\/div>\n\t\t\t\t<\/div>\n\t\t<div class=\"elementor-element elementor-element-4034acd e-flex e-con-boxed e-con e-parent\" data-id=\"4034acd\" data-element_type=\"container\">\n\t\t\t\t\t<div class=\"e-con-inner\">\n\t\t\t\t<div class=\"elementor-element elementor-element-c6ca644 elementor-widget elementor-widget-wpforms\" data-id=\"c6ca644\" data-element_type=\"widget\" data-widget_type=\"wpforms.default\">\n\t\t\t\t<div class=\"elementor-widget-container\">\n\t\t\t<div class=\"wpforms-container\" id=\"wpforms-11\"><form id=\"wpforms-form-11\" class=\"wpforms-validate wpforms-form wpforms-ajax-form\" data-formid=\"11\" method=\"post\" enctype=\"multipart\/form-data\" action=\"\/cs\/wp-json\/wp\/v2\/product\/2372\" data-token=\"e79a37c8e1278f1434d715431c5ed954\" data-trp-original-action=\"\/cs\/wp-json\/wp\/v2\/product\/2372\"><noscript class=\"wpforms-error-noscript\">Chcete-li vyplnit tento formul\u00e1\u0159, pros\u00edm povolte v prohl\u00ed\u017ee\u010di JavaScript.<\/noscript><div class=\"wpforms-field-container\"><div id=\"wpforms-11-field_1-container\" class=\"wpforms-field wpforms-field-text\" data-field-id=\"1\"><label class=\"wpforms-field-label\" for=\"wpforms-11-field_1\">N\u00e1zev <span class=\"wpforms-required-label\">*<\/span><\/label><input type=\"text\" id=\"wpforms-11-field_1\" class=\"wpforms-field-medium wpforms-field-required\" name=\"wpforms[fields][1]\" placeholder=\"N\u00e1zev\" required><\/div><div id=\"wpforms-11-field_5-container\" class=\"wpforms-field wpforms-field-text\" data-field-id=\"5\"><label class=\"wpforms-field-label\" for=\"wpforms-11-field_5\">Spole\u010dnost<\/label><input type=\"text\" id=\"wpforms-11-field_5\" class=\"wpforms-field-medium\" name=\"wpforms[fields][5]\" ><\/div><div id=\"wpforms-11-field_4-container\" class=\"wpforms-field wpforms-field-number\" data-field-id=\"4\"><label class=\"wpforms-field-label\" for=\"wpforms-11-field_4\">Telefon<\/label><input type=\"number\" pattern=\"\\d*\" id=\"wpforms-11-field_4\" class=\"wpforms-field-medium\" name=\"wpforms[fields][4]\" placeholder=\"Telefon\" ><\/div><div id=\"wpforms-11-field_3-container\" class=\"wpforms-field wpforms-field-email\" data-field-id=\"3\"><label class=\"wpforms-field-label\" for=\"wpforms-11-field_3\">E-mail <span class=\"wpforms-required-label\">*<\/span><\/label><input type=\"email\" id=\"wpforms-11-field_3\" class=\"wpforms-field-medium wpforms-field-required\" name=\"wpforms[fields][3]\" placeholder=\"E-mail\" spellcheck=\"false\" required><\/div><div id=\"wpforms-11-field_2-container\" class=\"wpforms-field wpforms-field-textarea\" data-field-id=\"2\"><label class=\"wpforms-field-label\" for=\"wpforms-11-field_2\">Zpr\u00e1va<\/label><textarea id=\"wpforms-11-field_2\" class=\"wpforms-field-large\" name=\"wpforms[fields][2]\" ><\/textarea><\/div><\/div><!-- .wpforms-field-container --><input type=\"hidden\" name=\"wpforms[recaptcha]\" value=\"\"><div class=\"wpforms-submit-container\" ><input type=\"hidden\" name=\"wpforms[id]\" value=\"11\"><input type=\"hidden\" name=\"wpforms[author]\" value=\"3\"><button type=\"submit\" name=\"wpforms[submit]\" id=\"wpforms-submit-11\" class=\"wpforms-submit\" data-alt-text=\"Submitting\" data-submit-text=\"Submit\" aria-live=\"assertive\" value=\"wpforms-submit\">Odeslat<\/button><img loading=\"lazy\" decoding=\"async\" src=\"https:\/\/www.qualitester.com\/wp-content\/plugins\/wpforms-lite\/assets\/images\/submit-spin.svg\" class=\"wpforms-submit-spinner\" style=\"display: none;\" width=\"26\" height=\"26\" alt=\"Na\u010d\u00edt\u00e1n\u00ed\"><\/div><input type=\"hidden\" name=\"trp-form-language\" value=\"cs\"\/><\/form><\/div>  <!-- .wpforms-container -->\t\t<\/div>\n\t\t\t\t<\/div>\n\t\t\t\t\t<\/div>\n\t\t\t\t<\/div>\n\t\t\t\t<\/div>","protected":false},"excerpt":{"rendered":"<p>Gel strength tester can detect the texture properties of jelly and other materials and analyze the taste of jelly. It is an essential testing instrument in the food industry.<\/p>","protected":false},"featured_media":3523,"comment_status":"closed","ping_status":"closed","template":"","meta":{"site-sidebar-layout":"default","site-content-layout":"default","ast-global-header-display":"","ast-main-header-display":"","ast-hfb-above-header-display":"","ast-hfb-below-header-display":"","ast-hfb-mobile-header-display":"","site-post-title":"disabled","ast-breadcrumbs-content":"","ast-featured-img":"disabled","footer-sml-layout":"","theme-transparent-header-meta":"default","adv-header-id-meta":"","stick-header-meta":"","header-above-stick-meta":"","header-main-stick-meta":"","header-below-stick-meta":""},"product_cat":[845,929,928,674,672,95],"product_tag":[991],"class_list":{"0":"post-2372","1":"product","2":"type-product","3":"status-publish","4":"has-post-thumbnail","6":"product_cat-customization","7":"product_cat-gel-strength-tester","8":"product_cat-tpa-texture-analyzer","9":"product_cat-test-items","10":"product_cat-applied-materials","11":"product_cat-products","12":"product_tag-gel-strength-tester","13":"desktop-align-left","14":"tablet-align-left","15":"mobile-align-left","17":"first","18":"instock","19":"shipping-taxable","20":"product-type-simple"},"_links":{"self":[{"href":"https:\/\/www.qualitester.com\/cs\/wp-json\/wp\/v2\/product\/2372","targetHints":{"allow":["GET"]}}],"collection":[{"href":"https:\/\/www.qualitester.com\/cs\/wp-json\/wp\/v2\/product"}],"about":[{"href":"https:\/\/www.qualitester.com\/cs\/wp-json\/wp\/v2\/types\/product"}],"replies":[{"embeddable":true,"href":"https:\/\/www.qualitester.com\/cs\/wp-json\/wp\/v2\/comments?post=2372"}],"version-history":[{"count":0,"href":"https:\/\/www.qualitester.com\/cs\/wp-json\/wp\/v2\/product\/2372\/revisions"}],"wp:featuredmedia":[{"embeddable":true,"href":"https:\/\/www.qualitester.com\/cs\/wp-json\/wp\/v2\/media\/3523"}],"wp:attachment":[{"href":"https:\/\/www.qualitester.com\/cs\/wp-json\/wp\/v2\/media?parent=2372"}],"wp:term":[{"taxonomy":"product_cat","embeddable":true,"href":"https:\/\/www.qualitester.com\/cs\/wp-json\/wp\/v2\/product_cat?post=2372"},{"taxonomy":"product_tag","embeddable":true,"href":"https:\/\/www.qualitester.com\/cs\/wp-json\/wp\/v2\/product_tag?post=2372"}],"curies":[{"name":"wp","href":"https:\/\/api.w.org\/{rel}","templated":true}]}}