{"id":2316,"date":"2023-05-31T11:09:30","date_gmt":"2023-05-31T03:09:30","guid":{"rendered":"https:\/\/www.qualitester.com\/?post_type=product&#038;p=2316"},"modified":"2024-12-05T15:56:17","modified_gmt":"2024-12-05T07:56:17","slug":"tst-01-tensile-tester","status":"publish","type":"product","link":"https:\/\/www.qualitester.com\/cs\/produkt-2\/tst-01-tensile-tester\/","title":{"rendered":"TST-01 Tahov\u00e1 zkou\u0161e\u010dka"},"content":{"rendered":"<p><img fetchpriority=\"high\" decoding=\"async\" src=\"https:\/\/www.qualitester.com\/wp-content\/uploads\/2023\/04\/Tensile-Tester-TST-01-Front-view-1.jpg\" sizes=\"(max-width: 750px) 100vw, 750px\" srcset=\"https:\/\/www.qualitester.com\/wp-content\/uploads\/2023\/04\/Tensile-Tester-TST-01-Front-view-1.jpg 750w, https:\/\/www.qualitester.com\/wp-content\/uploads\/2023\/04\/Tensile-Tester-TST-01-Front-view-1-300x300.jpg 300w, https:\/\/www.qualitester.com\/wp-content\/uploads\/2023\/04\/Tensile-Tester-TST-01-Front-view-1-150x150.jpg 150w, https:\/\/www.qualitester.com\/wp-content\/uploads\/2023\/04\/Tensile-Tester-TST-01-Front-view-1-600x600.jpg 600w, https:\/\/www.qualitester.com\/wp-content\/uploads\/2023\/04\/Tensile-Tester-TST-01-Front-view-1-100x100.jpg 100w\" alt=\"\" width=\"750\" height=\"750\" \/><\/p>\n<h6><strong>Aplikace<\/strong><\/h6>\n<p>TST-01 Tester tahu lze pou\u017e\u00edt k m\u011b\u0159en\u00ed tahu, odlepov\u00e1n\u00ed, deformace, trh\u00e1n\u00ed, tepeln\u00e9ho ut\u011bsn\u011bn\u00ed, lepidla, s\u00edly pr\u016frazu, otev\u00edrac\u00ed s\u00edly a dal\u0161\u00edch vlastnost\u00ed plastov\u00fdch f\u00f3li\u00ed (pot\u0159ebuje r\u016fzn\u00e9 svorky nebo p\u0159\u00edpravky), kompozitn\u00edch materi\u00e1l\u016f, m\u011bkk\u00fdch obalov\u00fdch materi\u00e1l\u016f, plastov\u00fdch ohebn\u00fdch trubek, lepidel, lepic\u00edch p\u00e1sek, \u0161t\u00edtk\u016f, l\u00e9ka\u0159sk\u00fdch n\u00e1plast\u00ed, separa\u010dn\u00edho pap\u00edru, ochrann\u00fdch f\u00f3li\u00ed, kombinovan\u00fdch uz\u00e1v\u011br\u016f, hlin\u00edkov\u00e9 f\u00f3lie, membr\u00e1ny, zadn\u00edch f\u00f3li\u00ed, netkan\u00fdch textili\u00ed, pry\u017ee, pap\u00edru atd.<\/p>\n<p><img decoding=\"async\" src=\"https:\/\/www.qualitester.com\/wp-content\/uploads\/2023\/04\/Tensile-Tester-TST-01-Right-view-1.jpg\" sizes=\"(max-width: 750px) 100vw, 750px\" srcset=\"https:\/\/www.qualitester.com\/wp-content\/uploads\/2023\/04\/Tensile-Tester-TST-01-Right-view-1.jpg 750w, https:\/\/www.qualitester.com\/wp-content\/uploads\/2023\/04\/Tensile-Tester-TST-01-Right-view-1-300x300.jpg 300w, https:\/\/www.qualitester.com\/wp-content\/uploads\/2023\/04\/Tensile-Tester-TST-01-Right-view-1-150x150.jpg 150w, https:\/\/www.qualitester.com\/wp-content\/uploads\/2023\/04\/Tensile-Tester-TST-01-Right-view-1-600x600.jpg 600w, https:\/\/www.qualitester.com\/wp-content\/uploads\/2023\/04\/Tensile-Tester-TST-01-Right-view-1-100x100.jpg 100w\" alt=\"\" width=\"750\" height=\"750\" \/><\/p>\n<h6><strong>Technick\u00e9 vlastnosti<\/strong><\/h6>\n<p>Jedn\u00e1 se o jednotku \u0159\u00edzenou PLC (stabiln\u00ed pr\u016fmyslov\u00e1 \u00farove\u0148) a ovl\u00e1danou dotykovou obrazovkou HMI. P\u0159esn\u00fd mechanismus kuli\u010dkov\u00e9ho vodic\u00edho \u0161roubu zaji\u0161\u0165uje dobrou a stabiln\u00ed regulaci rychlosti a posunu. Jeho speci\u00e1ln\u011b navr\u017een\u00fd program lze pou\u017e\u00edt pro testov\u00e1n\u00ed p\u0159etr\u017een\u00ed, tahu, prodlou\u017een\u00ed, pevnosti t\u011bsn\u011bn\u00ed, odlupov\u00e1n\u00ed pod \u00fahlem 90\u00b0, odlupov\u00e1n\u00ed pod \u00fahlem 180\u00b0, trh\u00e1n\u00ed.<\/p>\n<ul>\n<li>Ovl\u00e1d\u00e1n\u00ed na 7palcov\u00e9 dotykov\u00e9 obrazovce TFT<\/li>\n<li>\u0158\u00edzen\u00ed PLC<\/li>\n<li>P\u0159esn\u00fd kuli\u010dkov\u00fd vodic\u00ed \u0161roub<\/li>\n<li>Nastaviteln\u00e1 rychlost testu.<\/li>\n<li>K dispozici je v\u00edce sv\u00edtidel<\/li>\n<li>Omezovac\u00ed za\u0159\u00edzen\u00ed a funkce automatick\u00e9ho n\u00e1vratu<\/li>\n<li>K dispozici je v\u00edce testovac\u00edch polo\u017eek.<\/li>\n<li>Mikrotisk\u00e1rna (voliteln\u011b)<\/li>\n<\/ul>\n<p><img decoding=\"async\" src=\"https:\/\/www.qualitester.com\/wp-content\/uploads\/2023\/04\/Tensile-Tester-TST-01.jpg\" sizes=\"(max-width: 750px) 100vw, 750px\" srcset=\"https:\/\/www.qualitester.com\/wp-content\/uploads\/2023\/04\/Tensile-Tester-TST-01.jpg 750w, https:\/\/www.qualitester.com\/wp-content\/uploads\/2023\/04\/Tensile-Tester-TST-01-300x300.jpg 300w, https:\/\/www.qualitester.com\/wp-content\/uploads\/2023\/04\/Tensile-Tester-TST-01-150x150.jpg 150w, https:\/\/www.qualitester.com\/wp-content\/uploads\/2023\/04\/Tensile-Tester-TST-01-600x600.jpg 600w, https:\/\/www.qualitester.com\/wp-content\/uploads\/2023\/04\/Tensile-Tester-TST-01-100x100.jpg 100w\" alt=\"\" width=\"750\" height=\"750\" \/><\/p>\n<h6><strong>Hlavn\u00ed parametry<\/strong><\/h6>\n<p>Zku\u0161ebn\u00ed rozsah 0-500N (standardn\u00ed, 50N,100N,200N jsou voliteln\u00e9)<\/p>\n<p>Zdvih 800 mm (k dispozici jsou i jin\u00e9 zdvihy)<\/p>\n<p>Testovac\u00ed rychlost 1 ~ 500 mm\/min<\/p>\n<p>P\u0159esnost posunut\u00ed 0,01 mm<\/p>\n<p>P\u0159esnost 0,5% F.S.<\/p>\n<p>\u0160\u00ed\u0159ka vzorku 27 mm (dal\u0161\u00ed voliteln\u00e9)<\/p>\n<p>\u0158\u00edzen\u00ed PLC a rozhran\u00ed \u010dlov\u011bk-stroj<\/p>\n<p>V\u00fdstupn\u00ed obrazovka, mikrotisk\u00e1rna (voliteln\u011b), RS232 (voliteln\u011b)<\/p>\n<h6><strong>Hlavn\u00ed normy<\/strong><\/h6>\n<p>ISO 37, ASTM D882, ASTM E4, ASTM D3330, ASTM F904,ASTM F88, ASTM D1938, JIS P8113<\/p>","protected":false},"excerpt":{"rendered":"<p>TST-01 lze pou\u017e\u00edt k m\u011b\u0159en\u00ed r\u016fzn\u00fdch fyzik\u00e1ln\u00edch a mechanick\u00fdch vlastnost\u00ed materi\u00e1l\u016f.<\/p>","protected":false},"featured_media":6313,"comment_status":"closed","ping_status":"closed","template":"","meta":{"site-sidebar-layout":"default","site-content-layout":"default","ast-global-header-display":"","ast-main-header-display":"","ast-hfb-above-header-display":"","ast-hfb-below-header-display":"","ast-hfb-mobile-header-display":"","site-post-title":"disabled","ast-breadcrumbs-content":"","ast-featured-img":"disabled","footer-sml-layout":"","theme-transparent-header-meta":"default","adv-header-id-meta":"","stick-header-meta":"","header-above-stick-meta":"","header-main-stick-meta":"","header-below-stick-meta":""},"product_cat":[945,944,933,845,934,965,954,958,938,674,681,682,680,679,672,673,17,44,149,16,99,122,126,110,139,145,146,100,161,95],"product_tag":[],"class_list":{"0":"post-2316","1":"product","2":"type-product","3":"status-publish","4":"has-post-thumbnail","6":"product_cat-180-peeling-tester","7":"product_cat-90-peeling-tester","8":"product_cat-ampoule-breaking-tester","9":"product_cat-customization","10":"product_cat-medical-packaging-tester","11":"product_cat-package-compression-tester","12":"product_cat-paper-tear-tester","13":"product_cat-puncture-tester","14":"product_cat-textile-tester","15":"product_cat-test-items","16":"product_cat-peel-tester","17":"product_cat-protrusion-tester","18":"product_cat-tear-tester","19":"product_cat-tensile-tester","20":"product_cat-applied-materials","21":"product_cat-adhesive-tester","22":"product_cat-package-container-testers","23":"product_cat-paper-and-board-testers","24":"product_cat-pharma-and-medical-testers","25":"product_cat-plastic-packaging-testers","26":"product_cat-astm","27":"product_cat-astm-d1938","28":"product_cat-astm-d3330","29":"product_cat-astm-d882","30":"product_cat-astm-e4","31":"product_cat-astm-f88","32":"product_cat-astm-f904","33":"product_cat-iso","34":"product_cat-iso-37","35":"product_cat-products","36":"desktop-align-left","37":"tablet-align-left","38":"mobile-align-left","40":"first","41":"instock","42":"shipping-taxable","43":"product-type-simple"},"_links":{"self":[{"href":"https:\/\/www.qualitester.com\/cs\/wp-json\/wp\/v2\/product\/2316","targetHints":{"allow":["GET"]}}],"collection":[{"href":"https:\/\/www.qualitester.com\/cs\/wp-json\/wp\/v2\/product"}],"about":[{"href":"https:\/\/www.qualitester.com\/cs\/wp-json\/wp\/v2\/types\/product"}],"replies":[{"embeddable":true,"href":"https:\/\/www.qualitester.com\/cs\/wp-json\/wp\/v2\/comments?post=2316"}],"version-history":[{"count":0,"href":"https:\/\/www.qualitester.com\/cs\/wp-json\/wp\/v2\/product\/2316\/revisions"}],"wp:featuredmedia":[{"embeddable":true,"href":"https:\/\/www.qualitester.com\/cs\/wp-json\/wp\/v2\/media\/6313"}],"wp:attachment":[{"href":"https:\/\/www.qualitester.com\/cs\/wp-json\/wp\/v2\/media?parent=2316"}],"wp:term":[{"taxonomy":"product_cat","embeddable":true,"href":"https:\/\/www.qualitester.com\/cs\/wp-json\/wp\/v2\/product_cat?post=2316"},{"taxonomy":"product_tag","embeddable":true,"href":"https:\/\/www.qualitester.com\/cs\/wp-json\/wp\/v2\/product_tag?post=2316"}],"curies":[{"name":"wp","href":"https:\/\/api.w.org\/{rel}","templated":true}]}}