{"id":1799,"date":"2023-04-27T07:55:53","date_gmt":"2023-04-26T23:55:53","guid":{"rendered":"https:\/\/www.qualitester.com\/?post_type=product&#038;p=1799"},"modified":"2024-12-04T14:39:32","modified_gmt":"2024-12-04T06:39:32","slug":"stretch-film-peel-cling-tester-spc-01","status":"publish","type":"product","link":"https:\/\/www.qualitester.com\/cs\/produkt-2\/stretch-film-peel-cling-tester-spc-01\/","title":{"rendered":"Tester p\u0159ilnavosti stre\u010dov\u00e9 f\u00f3lie SPC-01"},"content":{"rendered":"<h2>Zaveden\u00ed testeru na odlupov\u00e1n\u00ed<\/h2>\n<p>ASTM D5458 Peel Cling Tester m\u011b\u0159\u00ed p\u0159ilnavost mezi dv\u011bma vrstvami f\u00f3lie a pom\u00e1h\u00e1 ur\u010dit schopnost materi\u00e1lu stretch f\u00f3lie k n\u00ed p\u0159ilnout. V oblasti obalov\u00fdch materi\u00e1l\u016f je zaji\u0161t\u011bn\u00ed bezpe\u010dnosti a stability v\u00fdrobk\u016f nejd\u016fle\u017eit\u011bj\u0161\u00ed v r\u016fzn\u00fdch pr\u016fmyslov\u00fdch odv\u011btv\u00edch. Mezi t\u011bmito materi\u00e1ly hraje stretch f\u00f3lie, zn\u00e1m\u00e1 tak\u00e9 jako p\u0159ilnav\u00e1 f\u00f3lie, z\u00e1sadn\u00ed roli p\u0159i bezpe\u010dn\u00e9m balen\u00ed a ochran\u011b zbo\u017e\u00ed b\u011bhem p\u0159epravy a skladov\u00e1n\u00ed. Posouzen\u00ed p\u0159ilnavosti stre\u010dov\u00e9 f\u00f3lie je nezbytn\u00e9 pro vyhodnocen\u00ed jej\u00ed p\u0159ilnavosti a celkov\u00e9ho v\u00fdkonu.<\/p>\n<p><img fetchpriority=\"high\" decoding=\"async\" class=\"wp-image-4157 size-woocommerce_single aligncenter\" src=\"https:\/\/www.qualitester.com\/wp-content\/uploads\/2023\/04\/stretch-film-peel-cling-testser-600x600.jpg\" alt=\"tester p\u0159ilnavosti plastov\u00e9 p\u0159ilnav\u00e9 f\u00f3lie podle astm d5458\" width=\"600\" height=\"600\" srcset=\"https:\/\/www.qualitester.com\/wp-content\/uploads\/2023\/04\/stretch-film-peel-cling-testser-600x600.jpg 600w, https:\/\/www.qualitester.com\/wp-content\/uploads\/2023\/04\/stretch-film-peel-cling-testser-300x300.jpg 300w, https:\/\/www.qualitester.com\/wp-content\/uploads\/2023\/04\/stretch-film-peel-cling-testser-150x150.jpg 150w, https:\/\/www.qualitester.com\/wp-content\/uploads\/2023\/04\/stretch-film-peel-cling-testser-100x100.jpg 100w, https:\/\/www.qualitester.com\/wp-content\/uploads\/2023\/04\/stretch-film-peel-cling-testser.jpg 750w\" sizes=\"(max-width: 600px) 100vw, 600px\" \/><\/p>\n<h2>Pro\u010d je d\u016fle\u017eit\u00e9 testov\u00e1n\u00ed ulp\u00edv\u00e1n\u00ed slupky?<\/h2>\n<p>Testov\u00e1n\u00ed p\u0159ilnavosti je pro stretch f\u00f3lie kl\u00ed\u010dov\u00e9, proto\u017ee hodnot\u00ed schopnost f\u00f3lie p\u0159ilnout k sob\u011b a zachovat celistvost zabalen\u00e9ho zbo\u017e\u00ed.<\/p>\n<h3>Stabilita zat\u00ed\u017een\u00ed<\/h3>\n<p>Hlavn\u00ed funkc\u00ed stretch f\u00f3lie je stabilizace n\u00e1kladu b\u011bhem p\u0159epravy a skladov\u00e1n\u00ed. Pokud k sob\u011b f\u00f3lie \u0159\u00e1dn\u011b nep\u0159il\u00e9h\u00e1, m\u016f\u017ee doj\u00edt k posunu n\u00e1kladu, co\u017e m\u016f\u017ee zp\u016fsobit po\u0161kozen\u00ed zbo\u017e\u00ed nebo dokonce nehody b\u011bhem p\u0159epravy.<\/p>\n<h3>Ochrana produktu<\/h3>\n<p>Spr\u00e1vn\u00e9 p\u0159ilnut\u00ed zaji\u0161\u0165uje, \u017ee zabalen\u00e9 zbo\u017e\u00ed je bezpe\u010dn\u011b spojeno a chr\u00e1n\u011bno p\u0159ed prachem, vlhkost\u00ed a dal\u0161\u00edmi vn\u011bj\u0161\u00edmi faktory, kter\u00e9 by je mohly po\u0161kodit nebo zne\u010distit.<\/p>\n<h3>Efektivn\u00ed manipulace<\/h3>\n<p>Stre\u010dov\u00e1 f\u00f3lie s dobr\u00fdmi p\u0159ilnav\u00fdmi vlastnostmi usnad\u0148uje manipulaci a p\u0159epravu paletovan\u00fdch n\u00e1klad\u016f a sni\u017euje riziko sklouznut\u00ed nebo odd\u011blen\u00ed p\u0159i manipulaci.<\/p>\n<h3>\u00daspora n\u00e1klad\u016f<\/h3>\n<p>\u00da\u010dinn\u00e9 p\u0159ilnav\u00e9 vlastnosti znamenaj\u00ed, \u017ee k bezpe\u010dn\u00e9mu zabalen\u00ed n\u00e1kladu je pot\u0159eba m\u00e9n\u011b f\u00f3lie. T\u00edm se nejen sni\u017euj\u00ed n\u00e1klady na materi\u00e1l, ale tak\u00e9 se minimalizuje dopad na \u017eivotn\u00ed prost\u0159ed\u00ed spojen\u00fd s nadbyte\u010dn\u00fdm balen\u00edm.<\/p>\n<h3>Spokojenost z\u00e1kazn\u00edk\u016f<\/h3>\n<p>Pro spokojenost z\u00e1kazn\u00edk\u016f je z\u00e1sadn\u00ed zajistit, aby v\u00fdrobky dorazily na m\u00edsto ur\u010den\u00ed v neporu\u0161en\u00e9m a nepo\u0161kozen\u00e9m stavu. Spr\u00e1vn\u00e9 testov\u00e1n\u00ed p\u0159ilnavosti pom\u00e1h\u00e1 v\u00fdrobc\u016fm udr\u017eet kvalitu jejich v\u00fdrobk\u016f v cel\u00e9m dodavatelsk\u00e9m \u0159et\u011bzci.<\/p>\n<p><img decoding=\"async\" class=\"wp-image-4156 size-woocommerce_single aligncenter\" src=\"https:\/\/www.qualitester.com\/wp-content\/uploads\/2023\/04\/astm-d5458-peel-cling-testing-machine-for-sale-600x600.jpg\" alt=\"tester p\u0159ilnavosti plastov\u00e9 p\u0159ilnav\u00e9 f\u00f3lie podle astm d5458\" width=\"600\" height=\"600\" srcset=\"https:\/\/www.qualitester.com\/wp-content\/uploads\/2023\/04\/astm-d5458-peel-cling-testing-machine-for-sale-600x600.jpg 600w, https:\/\/www.qualitester.com\/wp-content\/uploads\/2023\/04\/astm-d5458-peel-cling-testing-machine-for-sale-300x300.jpg 300w, https:\/\/www.qualitester.com\/wp-content\/uploads\/2023\/04\/astm-d5458-peel-cling-testing-machine-for-sale-150x150.jpg 150w, https:\/\/www.qualitester.com\/wp-content\/uploads\/2023\/04\/astm-d5458-peel-cling-testing-machine-for-sale-100x100.jpg 100w, https:\/\/www.qualitester.com\/wp-content\/uploads\/2023\/04\/astm-d5458-peel-cling-testing-machine-for-sale.jpg 750w\" sizes=\"(max-width: 600px) 100vw, 600px\" \/><\/p>\n<h2>Pou\u017eit\u00ed metody Peel Cling Testing p\u0159i zkou\u0161en\u00ed materi\u00e1l\u016f<\/h2>\n<p>Tester p\u0159ilnavosti slou\u017e\u00ed jako d\u016fle\u017eit\u00fd n\u00e1stroj pro hodnocen\u00ed p\u0159ilnavosti mezi dv\u011bma vrstvami stretch f\u00f3lie. D\u00edky p\u0159esn\u00fdm m\u011b\u0159en\u00edm tento tester v\u00fdznamn\u011b p\u0159isp\u00edv\u00e1 ke zv\u00fd\u0161en\u00ed kvality a bezpe\u010dnosti v\u00fdrobk\u016f v r\u016fzn\u00fdch odv\u011btv\u00edch, v\u010detn\u011b obalov\u00e9ho, potravin\u00e1\u0159sk\u00e9ho, zdravotnick\u00e9ho a dal\u0161\u00edch.<\/p>\n<h2>Soulad s normami<\/h2>\n<ul>\n<li>Na str\u00e1nk\u00e1ch <a title=\"ASTM D5458 tester ulp\u00edv\u00e1n\u00ed slupky\" href=\"https:\/\/www.astm.org\/d5458-95r20.html\" target=\"_blank\" rel=\"noopener nofollow\"><span style=\"color: #3366ff;\"><strong>ASTM D5458<\/strong><\/span><\/a> Standardn\u00ed zku\u0161ebn\u00ed metoda pro odlepov\u00e1n\u00ed stre\u010dov\u00fdch f\u00f3li\u00ed nab\u00edz\u00ed standardizovan\u00fd p\u0159\u00edstup ke kvantifikaci pevnosti p\u0159ilnavosti mezi vrstvami f\u00f3lie. Tato metoda pom\u00e1h\u00e1 ur\u010dit lep\u0161\u00ed adhezn\u00ed vrstvu, a\u0165 u\u017e vn\u011bj\u0161\u00ed nebo vnit\u0159n\u00ed.<\/li>\n<\/ul>\n<h2>Technick\u00e9 vlastnosti p\u0159\u00edstroje Peel Cling Tester<\/h2>\n<ol>\n<li>U\u017eivatelsky p\u0159\u00edv\u011btiv\u00e9 rozhran\u00ed: 7palcov\u00fd dotykov\u00fd TFT displej zaji\u0161\u0165uje snadn\u00e9 ovl\u00e1d\u00e1n\u00ed a interakci.<\/li>\n<li>Spolehliv\u00fd v\u00fdkon: Intern\u00ed \u0159\u00eddic\u00ed jednotka PLC zaru\u010duje konzistentn\u00ed a spolehliv\u00fd v\u00fdkon.<\/li>\n<li>P\u0159esnost a preciznost: Vyu\u017e\u00edv\u00e1 p\u0159esn\u00fd kuli\u010dkov\u00fd \u0161roubov\u00fd mechanismus pro p\u0159esn\u00e9 m\u011b\u0159en\u00ed rychlosti a posunu.<\/li>\n<li>Nastaviteln\u00e1 rychlost testu: Umo\u017e\u0148uje flexibilitu testovac\u00edch parametr\u016f podle specifick\u00fdch po\u017eadavk\u016f na testov\u00e1n\u00ed.<\/li>\n<li>Minimalizovan\u00e9 ru\u0161en\u00ed: R\u016fzn\u00e1 p\u0159ipojen\u00ed sn\u00edma\u010d\u016f zat\u00ed\u017een\u00ed eliminuj\u00ed ru\u0161en\u00ed obvykle zp\u016fsoben\u00e9 t\u0159en\u00edm a gravitac\u00ed, co\u017e zaji\u0161\u0165uje p\u0159esn\u00e9 v\u00fdsledky.<\/li>\n<li>Roz\u0161\u00ed\u0159en\u00e1 funk\u010dnost: Pro v\u011bt\u0161\u00ed pohodl\u00ed je vybaven omezova\u010dem a funkc\u00ed automatick\u00e9ho n\u00e1vratu.<\/li>\n<li>Zobrazen\u00ed dat v re\u00e1ln\u00e9m \u010dase: Poskytuje zobrazen\u00ed testovac\u00edch k\u0159ivek v re\u00e1ln\u00e9m \u010dase a zaznamen\u00e1v\u00e1 \u0161pi\u010dkov\u00e9 hodnoty pro anal\u00fdzu.<\/li>\n<li>V\u0161estrann\u00e9 pou\u017eit\u00ed: Podporuje rychlosti prodlou\u017een\u00ed 50%, 100% a 200%, co\u017e vyhovuje \u0161irok\u00e9 \u0161k\u00e1le testovac\u00edch pot\u0159eb.<\/li>\n<li>Dokumentace: Obsahuje vestav\u011bnou mikrotisk\u00e1rnu pro pohodlnou dokumentaci v\u00fdsledk\u016f test\u016f.<\/li>\n<li>Voliteln\u00e9 funkce: Nab\u00edz\u00ed mo\u017enost p\u0159id\u00e1n\u00ed funkce koeficientu t\u0159en\u00ed pro komplexn\u00ed testov\u00e1n\u00ed.<\/li>\n<\/ol>\n<p>P\u0159ilnavost stre\u010dov\u00e9 f\u00f3lie je kl\u00ed\u010dov\u00e1 pro zaji\u0161t\u011bn\u00ed neporu\u0161enosti a stability balen\u00e9ho zbo\u017e\u00ed b\u011bhem p\u0159epravy a skladov\u00e1n\u00ed. Tester p\u0159ilnavosti je spolehliv\u00fdm \u0159e\u0161en\u00edm pro p\u0159esn\u00e9 posouzen\u00ed p\u0159ilnavosti, a p\u0159isp\u00edv\u00e1 tak ke zv\u00fd\u0161en\u00ed kvality a bezpe\u010dnosti v\u00fdrobk\u016f v r\u016fzn\u00fdch pr\u016fmyslov\u00fdch odv\u011btv\u00edch.<\/p>\n<h2>Jak otestovat p\u0159ilnavost stre\u010dov\u00e9 f\u00f3lie?<\/h2>\n<div class=\"ast-oembed-container\" style=\"height: 100%;\"><iframe title=\"P\u0159\u00edstroj pro testov\u00e1n\u00ed p\u0159ilnavosti stre\u010dov\u00e9 f\u00f3lie | ASTM D5458\" width=\"500\" height=\"281\" src=\"https:\/\/www.youtube.com\/embed\/gRpUEGeIRNw?feature=oembed\" frameborder=\"0\" allow=\"accelerometer; autoplay; clipboard-write; encrypted-media; gyroscope; picture-in-picture; web-share\" referrerpolicy=\"strict-origin-when-cross-origin\" allowfullscreen><\/iframe><\/div>\n<h2>Nej\u010dast\u011bj\u0161\u00ed dotazy<\/h2>\n<ol>\n<li>Kter\u00e1 odv\u011btv\u00ed maj\u00ed nejv\u011bt\u0161\u00ed prosp\u011bch z <strong>testov\u00e1n\u00ed p\u0159ilnavosti slupky<\/strong>?<br \/>\nTestov\u00e1n\u00ed p\u0159ilnavosti je neoceniteln\u00e9 v pr\u016fmyslov\u00fdch odv\u011btv\u00edch, jako jsou obalov\u00fd, potravin\u00e1\u0159sk\u00fd, zdravotnick\u00fd a farmaceutick\u00fd pr\u016fmysl, kde je zabezpe\u010den\u00ed zbo\u017e\u00ed b\u011bhem p\u0159epravy kritick\u00e9.<\/li>\n<li>M\u016f\u017ee <strong>Tester p\u0159ilnavosti slupky<\/strong> vyhov\u011bt po\u017eadavk\u016fm na testov\u00e1n\u00ed na m\u00edru?<br \/>\nAno, tester Peel Cling Tester nab\u00edz\u00ed nastaviteln\u00e9 parametry, tak\u017ee je vhodn\u00fd pro r\u016fzn\u00e9 pot\u0159eby testov\u00e1n\u00ed, v\u010detn\u011b automatizace na m\u00edru.<\/li>\n<li>Odpov\u00edd\u00e1 testov\u00e1n\u00ed ulp\u00edv\u00e1n\u00ed slupky mezin\u00e1rodn\u00edm norm\u00e1m?<br \/>\nZkou\u0161ky p\u0159ilnavosti k povrchu, kter\u00e9 prov\u00e1d\u00ed tester Peel Cling Tester, se bezpodm\u00edne\u010dn\u011b \u0159\u00edd\u00ed mezin\u00e1rodn\u00edmi normami, jako je ASTM D5458, co\u017e zaru\u010duje p\u0159esn\u00e9 a spolehliv\u00e9 v\u00fdsledky.<\/li>\n<li>Jak p\u0159isp\u00edv\u00e1 testov\u00e1n\u00ed ulp\u00edv\u00e1n\u00ed slupky ke kontrole kvality?<br \/>\nTestov\u00e1n\u00ed p\u0159ilnavosti slou\u017e\u00ed jako d\u016fle\u017eit\u00e9 opat\u0159en\u00ed kontroly kvality, kter\u00e9 zaji\u0161\u0165uje p\u0159ilnavost a v\u00fdkonnost stretch f\u00f3lie p\u0159i \u00fa\u010dinn\u00e9m zaji\u0161t\u011bn\u00ed balen\u00e9ho zbo\u017e\u00ed.<\/li>\n<li>Jak\u00fdm zp\u016fsobem pom\u00e1h\u00e1 Peel Cling Tester podnik\u016fm u\u0161et\u0159it n\u00e1klady?<br \/>\nP\u0159esn\u00fdm vyhodnocen\u00edm p\u0159ilnavosti pom\u00e1h\u00e1 tester Peel Cling Tester podnik\u016fm optimalizovat jejich balic\u00ed procesy, minimalizovat pl\u00fdtv\u00e1n\u00ed materi\u00e1lem a zajistit efektivn\u00ed vyu\u017eit\u00ed zdroj\u016f.<\/li>\n<\/ol>\n<h2>Souvisej\u00edc\u00ed testovac\u00ed n\u00e1stroje<\/h2>\n<p><img decoding=\"async\" class=\"alignnone wp-image-4121 size-woocommerce_single\" src=\"https:\/\/www.qualitester.com\/wp-content\/uploads\/2023\/04\/TST-01-Tensile-Tester-puncture-test-1-1-600x600.jpg\" alt=\"ASTM D5748 Tester prop\u00edchnut\u00ed stre\u010dov\u00e9 f\u00f3lie\" width=\"600\" height=\"600\" srcset=\"https:\/\/www.qualitester.com\/wp-content\/uploads\/2023\/04\/TST-01-Tensile-Tester-puncture-test-1-1-600x600.jpg 600w, https:\/\/www.qualitester.com\/wp-content\/uploads\/2023\/04\/TST-01-Tensile-Tester-puncture-test-1-1-300x300.jpg 300w, https:\/\/www.qualitester.com\/wp-content\/uploads\/2023\/04\/TST-01-Tensile-Tester-puncture-test-1-1-150x150.jpg 150w, https:\/\/www.qualitester.com\/wp-content\/uploads\/2023\/04\/TST-01-Tensile-Tester-puncture-test-1-1-100x100.jpg 100w, https:\/\/www.qualitester.com\/wp-content\/uploads\/2023\/04\/TST-01-Tensile-Tester-puncture-test-1-1.jpg 750w\" sizes=\"(max-width: 600px) 100vw, 600px\" \/><\/p>\n<p>TST-01 <a title=\"Tester pr\u016fraznosti ASTM D5748\" href=\"https:\/\/www.qualitester.com\/cs\/produkt-2\/tensile-tester-tst-01\/\" target=\"_blank\" rel=\"noopener\"><span style=\"color: #3366ff;\">Tester v tahu<\/span><\/a> pro vy\u010dn\u00edv\u00e1n\u00ed <strong>Odolnost stre\u010dov\u00e9 f\u00f3lie proti prop\u00edchnut\u00ed<\/strong><\/p>","protected":false},"excerpt":{"rendered":"<p>Stretch f\u00f3lie, zn\u00e1m\u00e1 tak\u00e9 jako lepic\u00ed f\u00f3lie, hraje kl\u00ed\u010dovou roli p\u0159i bezpe\u010dn\u00e9m balen\u00ed a ochran\u011b zbo\u017e\u00ed b\u011bhem p\u0159epravy a skladov\u00e1n\u00ed. Posouzen\u00ed p\u0159ilnavosti stre\u010dov\u00e9 f\u00f3lie je nezbytn\u00e9 pro vyhodnocen\u00ed jej\u00ed p\u0159ilnavosti a celkov\u00e9ho v\u00fdkonu.<\/p>","protected":false},"featured_media":6101,"comment_status":"closed","ping_status":"closed","template":"","meta":{"site-sidebar-layout":"default","site-content-layout":"default","ast-global-header-display":"","ast-main-header-display":"","ast-hfb-above-header-display":"","ast-hfb-below-header-display":"","ast-hfb-mobile-header-display":"","site-post-title":"disabled","ast-breadcrumbs-content":"","ast-featured-img":"disabled","footer-sml-layout":"","theme-transparent-header-meta":"default","adv-header-id-meta":"","stick-header-meta":"","header-above-stick-meta":"","header-main-stick-meta":"","header-below-stick-meta":""},"product_cat":[845,681,16,390,95],"product_tag":[],"class_list":{"0":"post-1799","1":"product","2":"type-product","3":"status-publish","4":"has-post-thumbnail","6":"product_cat-customization","7":"product_cat-peel-tester","8":"product_cat-plastic-packaging-testers","9":"product_cat-astm-d5458","10":"product_cat-products","11":"desktop-align-left","12":"tablet-align-left","13":"mobile-align-left","15":"first","16":"instock","17":"shipping-taxable","18":"product-type-simple"},"_links":{"self":[{"href":"https:\/\/www.qualitester.com\/cs\/wp-json\/wp\/v2\/product\/1799","targetHints":{"allow":["GET"]}}],"collection":[{"href":"https:\/\/www.qualitester.com\/cs\/wp-json\/wp\/v2\/product"}],"about":[{"href":"https:\/\/www.qualitester.com\/cs\/wp-json\/wp\/v2\/types\/product"}],"replies":[{"embeddable":true,"href":"https:\/\/www.qualitester.com\/cs\/wp-json\/wp\/v2\/comments?post=1799"}],"version-history":[{"count":0,"href":"https:\/\/www.qualitester.com\/cs\/wp-json\/wp\/v2\/product\/1799\/revisions"}],"wp:featuredmedia":[{"embeddable":true,"href":"https:\/\/www.qualitester.com\/cs\/wp-json\/wp\/v2\/media\/6101"}],"wp:attachment":[{"href":"https:\/\/www.qualitester.com\/cs\/wp-json\/wp\/v2\/media?parent=1799"}],"wp:term":[{"taxonomy":"product_cat","embeddable":true,"href":"https:\/\/www.qualitester.com\/cs\/wp-json\/wp\/v2\/product_cat?post=1799"},{"taxonomy":"product_tag","embeddable":true,"href":"https:\/\/www.qualitester.com\/cs\/wp-json\/wp\/v2\/product_tag?post=1799"}],"curies":[{"name":"wp","href":"https:\/\/api.w.org\/{rel}","templated":true}]}}