{"id":1752,"date":"2023-04-26T14:42:13","date_gmt":"2023-04-26T06:42:13","guid":{"rendered":"https:\/\/www.qualitester.com\/?post_type=product&#038;p=1752"},"modified":"2024-12-04T11:12:27","modified_gmt":"2024-12-04T03:12:27","slug":"motorized-cap-torque-tester-mct-01","status":"publish","type":"product","link":"https:\/\/www.qualitester.com\/cs\/produkt-2\/motorized-cap-torque-tester-mct-01\/","title":{"rendered":"MCT-01 Motorizovan\u00e1 zkou\u0161e\u010dka kroutic\u00edho momentu uz\u00e1v\u011bru"},"content":{"rendered":"<h2>\u00davod<\/h2>\n<p>Na str\u00e1nk\u00e1ch <strong>Automatick\u00e1 zkou\u0161e\u010dka kroutic\u00edho momentu uz\u00e1v\u011bru (MCT-01)<\/strong> je vysoce p\u0159esn\u00fd a \u00fa\u010dinn\u00fd p\u0159\u00edstroj ur\u010den\u00fd k m\u011b\u0159en\u00ed otev\u00edrac\u00ed a uzav\u00edrac\u00ed s\u00edly uz\u00e1v\u011br\u016f r\u016fzn\u00fdch typ\u016f n\u00e1dob. Toto testov\u00e1n\u00ed m\u00e1 z\u00e1sadn\u00ed v\u00fdznam pro obalov\u00e9 aplikace v r\u016fzn\u00fdch pr\u016fmyslov\u00fdch odv\u011btv\u00edch, jako jsou l\u00e9\u010diva, potraviny a n\u00e1poje, zdravotnick\u00e9 prost\u0159edky a spot\u0159ebn\u00ed v\u00fdrobky. Spr\u00e1vn\u00e9 m\u011b\u0159en\u00ed kroutic\u00edho momentu zaji\u0161\u0165uje, \u017ee uz\u00e1v\u011bry jsou bezpe\u010dn\u011b uzav\u0159eny pro p\u0159epravu a z\u00e1rove\u0148 je spot\u0159ebitel\u00e9 mohou snadno otev\u0159\u00edt, co\u017e nab\u00edz\u00ed bezpe\u010dnost i pohodl\u00ed. D\u00edky pokro\u010dil\u00e9 technologii poskytuje p\u0159\u00edstroj MCT-01 spolehliv\u00e9 a p\u0159esn\u00e9 m\u011b\u0159en\u00ed kroutic\u00edho momentu, kter\u00e9 je nezbytn\u00e9 pro kontrolu kvality a dodr\u017eov\u00e1n\u00ed pr\u016fmyslov\u00fdch norem.<\/p>\n<h2>Oblasti pou\u017eit\u00ed<\/h2>\n<p>Na str\u00e1nk\u00e1ch <strong>Automatick\u00e1 zkou\u0161e\u010dka kroutic\u00edho momentu uz\u00e1v\u011bru<\/strong> je \u0161iroce pou\u017e\u00edv\u00e1n v n\u011bkolika odv\u011btv\u00edch, v\u010detn\u011b:<\/p>\n<ul>\n<li><strong>Obalov\u00fd pr\u016fmysl<\/strong>: Zaji\u0161\u0165uje, aby obaly, jako jsou PET lahve, s\u00e1\u010dky s v\u00fdlevkou, lahvi\u010dky s l\u00e9ky a obaly s ohebn\u00fdmi trubi\u010dkami, spl\u0148ovaly pot\u0159ebn\u00e9 po\u017eadavky na t\u011bsnic\u00ed a otev\u00edrac\u00ed s\u00edlu.<\/li>\n<li><strong>Farmaceutick\u00e9 a zdravotnick\u00e9 prost\u0159edky<\/strong>: Zaji\u0161\u0165uje, aby byly kontejnery s l\u00e9\u010divy \u00fa\u010dinn\u011b uzav\u0159eny, a sni\u017euje tak riziko kontaminace nebo manipulace s nimi.<\/li>\n<li><strong>Potraviny a n\u00e1poje<\/strong>: Ov\u011b\u0159uje kroutic\u00ed moment uz\u00e1v\u011br\u016f lahv\u00ed, aby se zajistilo snadn\u00e9 otev\u00edr\u00e1n\u00ed p\u0159i zachov\u00e1n\u00ed integrity v\u00fdrobku.<\/li>\n<li><strong>Spot\u0159ebn\u00ed zbo\u017e\u00ed<\/strong>: Pom\u00e1h\u00e1 testovat funk\u010dnost uz\u00e1v\u011br\u016f pro r\u016fzn\u00e1 spot\u0159ebitelsk\u00e1 balen\u00ed a zaji\u0161\u0165uje spr\u00e1vnou rovnov\u00e1hu mezi pevnost\u00ed uz\u00e1v\u011bru a u\u017eivatelsk\u00fdm komfortem.<\/li>\n<li><strong>Vlastn\u00ed testovac\u00ed \u0159e\u0161en\u00ed<\/strong>: Spole\u010dnost Cell Instruments se rovn\u011b\u017e specializuje na poskytov\u00e1n\u00ed test\u016f na m\u00edru, kter\u00e9 spl\u0148uj\u00ed jedine\u010dn\u00e9 pot\u0159eby r\u016fzn\u00fdch pr\u016fmyslov\u00fdch odv\u011btv\u00ed.<\/li>\n<\/ul>\n<h2>Proces testov\u00e1n\u00ed<\/h2>\n<p>Proces testov\u00e1n\u00ed s <strong>Automatick\u00e1 zkou\u0161e\u010dka kroutic\u00edho momentu uz\u00e1v\u011bru<\/strong> (MCT-01) je pln\u011b automatizovan\u00fd pro snadn\u00e9 pou\u017eit\u00ed:<\/p>\n<ul>\n<li><strong>Zat\u00ed\u017een\u00ed vzorku<\/strong>: L\u00e1hev a uz\u00e1v\u011br se vlo\u017e\u00ed do testeru, p\u0159i\u010dem\u017e pneumatick\u00e1 svorka l\u00e1hve i pneumatick\u00e1 svorka uz\u00e1v\u011bru se automaticky sepnou a zajist\u00ed vzorek.<\/li>\n<li><strong>Zah\u00e1jen\u00ed testu<\/strong>: Stisknut\u00edm tla\u010d\u00edtka <strong>TEST<\/strong> doln\u00ed svorka zah\u00e1j\u00ed ot\u00e1\u010den\u00ed, \u010d\u00edm\u017e se l\u00e1hev otev\u0159e nebo uzav\u0159e v z\u00e1vislosti na po\u017eadavc\u00edch testu.<\/li>\n<li><strong>M\u011b\u0159en\u00ed to\u010div\u00e9ho momentu<\/strong>: B\u011bhem ot\u00e1\u010den\u00ed je s\u00edla to\u010div\u00e9ho momentu p\u0159esn\u011b m\u011b\u0159ena a zaznamen\u00e1v\u00e1na v re\u00e1ln\u00e9m \u010dase. Syst\u00e9m automaticky uchov\u00e1v\u00e1 \u0161pi\u010dkov\u00e9 hodnoty kroutic\u00edho momentu pro otev\u00edrac\u00ed i blokovac\u00ed s\u00edlu.<\/li>\n<li><strong>Anal\u00fdza dat<\/strong>: Nam\u011b\u0159en\u00e9 \u00fadaje o kroutic\u00edm momentu se zobrazuj\u00ed ve v\u00edce jednotk\u00e1ch, v\u010detn\u011b Kgf.cm, N.cm, daN.cm, Inch.lbs a N.m, co\u017e umo\u017e\u0148uje komplexn\u00ed anal\u00fdzu a kontrolu kvality.<\/li>\n<\/ul>\n<h2>Technick\u00e9 vlastnosti<\/h2>\n<ul>\n<li><strong>Jednotka \u0159\u00edzen\u00e1 PLC<\/strong>: Pro zaji\u0161t\u011bn\u00ed stability na pr\u016fmyslov\u00e9 \u00farovni pracuje tester s jednotkou \u0159\u00edzenou PLC a intuitivn\u00edm dotykov\u00fdm rozhran\u00edm HMI.<\/li>\n<li><strong>Dvojit\u00e9 pneumatick\u00e9 up\u00edn\u00e1n\u00ed<\/strong>: Horn\u00ed a doln\u00ed pneumatick\u00e9 svorky zaji\u0161\u0165uj\u00ed bezpe\u010dn\u00e9 testov\u00e1n\u00ed bez po\u0161kozen\u00ed l\u00e1hve nebo uz\u00e1v\u011bru.<\/li>\n<li><strong>Automatick\u00e9 m\u011b\u0159en\u00ed ot\u00e1\u010den\u00ed a to\u010div\u00e9ho momentu<\/strong>: Simuluje re\u00e1ln\u00e9 v\u00fdrobn\u00ed podm\u00ednky s automatick\u00fdm ot\u00e1\u010den\u00edm, tak\u017ee je syst\u00e9m ide\u00e1ln\u00ed pro zaji\u0161t\u011bn\u00ed kvality.<\/li>\n<li><strong>M\u011b\u0159en\u00ed ve v\u00edce jednotk\u00e1ch<\/strong>: Zobrazuje to\u010div\u00fd moment v Kgf.cm, N.cm, daN.cm, Inch.lbs a N.m pro flexibiln\u00ed anal\u00fdzu.<\/li>\n<li><strong>Ochrana proti p\u0159et\u00ed\u017een\u00ed a automatick\u00e9 vynulov\u00e1n\u00ed<\/strong>: Syst\u00e9m je vybaven ochranou proti p\u0159et\u00ed\u017een\u00ed, kter\u00e1 zaji\u0161\u0165uje spolehliv\u00e9 a konzistentn\u00ed m\u011b\u0159en\u00ed, a funkc\u00ed automatick\u00e9ho vynulov\u00e1n\u00ed pro p\u0159esn\u00e9 ode\u010dty.<\/li>\n<li><strong>Port RS232 a software<\/strong>: Voliteln\u011b je k dispozici port RS232 a profesion\u00e1ln\u00ed po\u010d\u00edta\u010dov\u00fd software pro podrobn\u00e9 hl\u00e1\u0161en\u00ed a spr\u00e1vu dat.<\/li>\n<li><strong>Mikrotisk\u00e1rna<\/strong>: Poskytuje okam\u017eit\u00e9 v\u00fdtisky pro rychlou referenci p\u0159i v\u00fdrob\u011b a testov\u00e1n\u00ed.<\/li>\n<\/ul>\n<h2>Hlavn\u00ed normy<\/h2>\n<p>Na str\u00e1nk\u00e1ch <strong>Automatick\u00e1 zkou\u0161e\u010dka kroutic\u00edho momentu uz\u00e1v\u011bru (MCT-01)<\/strong> spl\u0148uje pr\u016fmyslov\u00e9 normy a zaji\u0161\u0165uje, \u017ee spl\u0148uje p\u0159\u00edsn\u00e9 po\u017eadavky na zaji\u0161t\u011bn\u00ed kvality:<\/p>\n<ul>\n<li><strong><a href=\"https:\/\/www.astm.org\/d2063_d2063m-10r18.html\" target=\"_blank\" rel=\"noopener nofollow\">ASTM D2063<\/a>: Standardn\u00ed zku\u0161ebn\u00ed metoda pro kroutic\u00ed moment (s\u00edlu) uzav\u00edrac\u00edch syst\u00e9m\u016f pro asepticky balen\u00e9 kontejnery<\/strong><br \/>\n<a href=\"https:\/\/www.qualitester.com\/cs\/kategorie-produktu\/astm\/astm-d2063\/\" target=\"_blank\" rel=\"noopener\">ASTM D2063<\/a> popisuje metodu pro stanoven\u00ed kroutic\u00edho momentu pot\u0159ebn\u00e9ho k otev\u0159en\u00ed a zav\u0159en\u00ed aseptick\u00fdch uz\u00e1v\u011br\u016f, co\u017e je obzvl\u00e1\u0161t\u011b d\u016fle\u017eit\u00e9 pro balen\u00ed l\u00e9\u010div a potravin. Tato norma zaji\u0161\u0165uje, \u017ee kroutic\u00ed moment je dostate\u010dn\u00fd pro zaji\u0161t\u011bn\u00ed vzduchot\u011bsn\u00e9ho uzav\u0159en\u00ed a z\u00e1rove\u0148 umo\u017e\u0148uje snadn\u00e9 otev\u0159en\u00ed spot\u0159ebitelem.<\/li>\n<li><strong><a href=\"https:\/\/www.astm.org\/d3198-97r02.html\" target=\"_blank\" rel=\"noopener nofollow\">ASTM D3198<\/a>: Standardn\u00ed zku\u0161ebn\u00ed metoda pro m\u011b\u0159en\u00ed kroutic\u00edho momentu (s\u00edly) uzav\u00edrac\u00edch syst\u00e9m\u016f lahv\u00ed a n\u00e1dob<\/strong><br \/>\n<a href=\"https:\/\/www.qualitester.com\/cs\/kategorie-produktu\/astm\/astm-d3198\/\" target=\"_blank\" rel=\"noopener\">ASTM D3198<\/a> poskytuje pokyny pro zkou\u0161en\u00ed kroutic\u00ed s\u00edly uz\u00e1v\u011br\u016f a uzav\u00edrac\u00edch syst\u00e9m\u016f na n\u00e1dob\u00e1ch, jako jsou l\u00e1hve a sklenice. Zam\u011b\u0159uje se na zaji\u0161t\u011bn\u00ed toho, aby uz\u00e1v\u011bry byly p\u0159i v\u00fdrob\u011b \u0159\u00e1dn\u011b uzav\u0159eny a spot\u0159ebitel\u00e9 je mohli bezpe\u010dn\u011b otev\u0159\u00edt.<\/li>\n<li><strong><a href=\"https:\/\/www.astm.org\/d3474-90r18.html\" target=\"_blank\" rel=\"noopener nofollow\">ASTM D3474<\/a>: Standardn\u00ed zku\u0161ebn\u00ed metoda pro stanoven\u00ed kroutic\u00edho momentu (s\u00edly) uz\u00e1v\u011br\u016f na n\u00e1dob\u00e1ch<\/strong><br \/>\n<a href=\"https:\/\/www.qualitester.com\/cs\/kategorie-produktu\/astm\/astm-d3474\/\">ASTM D3474<\/a> definuje metodu pro testov\u00e1n\u00ed uzav\u00edrac\u00edho momentu na r\u016fzn\u00fdch n\u00e1dob\u00e1ch, kter\u00e1 zaji\u0161\u0165uje, \u017ee jsou uz\u00e1v\u011bry p\u0159i v\u00fdrob\u011b aplikov\u00e1ny spr\u00e1vn\u00fdm momentem. Tato norma pom\u00e1h\u00e1 udr\u017eovat konzistentn\u00ed v\u00fdkonnost v\u00fdrobk\u016f a bezpe\u010dnost obal\u016f.<\/li>\n<li><strong>Dal\u0161\u00ed p\u0159\u00edslu\u0161n\u00e9 normy<\/strong>:<br \/>\nMCT-01 spl\u0148uje i dal\u0161\u00ed normy, jako nap\u0159. <strong>GB\/T17876<\/strong>, <strong>BB\/T0025<\/strong>, a <strong>BB\/T0034<\/strong>, kter\u00e9 poskytuj\u00ed pokyny pro testov\u00e1n\u00ed obal\u016f a uz\u00e1v\u011br\u016f na r\u016fzn\u00fdch trz\u00edch a v r\u016fzn\u00fdch regionech.<\/li>\n<\/ul>\n<h2>V\u00fdhody pou\u017e\u00edv\u00e1n\u00ed <strong>Automatick\u00e1 zkou\u0161e\u010dka kroutic\u00edho momentu uz\u00e1v\u011bru<\/strong><\/h2>\n<ul>\n<li><strong>P\u0159esnost a spolehlivost<\/strong>: MCT-01 poskytuje vysoce p\u0159esn\u00e9 a opakovateln\u00e9 m\u011b\u0159en\u00ed kroutic\u00edho momentu, kter\u00e9 je nezbytn\u00e9 pro zaji\u0161t\u011bn\u00ed spr\u00e1vn\u00e9ho ut\u011bsn\u011bn\u00ed n\u00e1dob a snadn\u00e9 pou\u017e\u00edv\u00e1n\u00ed spot\u0159ebiteli.<\/li>\n<li><strong>Snadnost pou\u017eit\u00ed<\/strong>: D\u00edky intuitivn\u00edmu rozhran\u00ed s dotykovou obrazovkou a pln\u011b automatizovan\u00fdm testovac\u00edm funkc\u00edm se syst\u00e9m snadno ovl\u00e1d\u00e1, tak\u017ee je ide\u00e1ln\u00ed pro nov\u00e9 i zku\u0161en\u00e9 oper\u00e1tory.<\/li>\n<li><strong>Zv\u00fd\u0161en\u00e1 kontrola kvality<\/strong>: Pom\u00e1h\u00e1 v\u00fdrobc\u016fm splnit p\u0159\u00edsn\u00e9 pr\u016fmyslov\u00e9 normy p\u0159esn\u00fdm vyhodnocen\u00edm s\u00edly kroutic\u00edho momentu uz\u00e1v\u011bru, zlep\u0161en\u00edm kvality v\u00fdrobk\u016f a zaji\u0161t\u011bn\u00edm bezpe\u010dnosti spot\u0159ebitel\u016f.<\/li>\n<li><strong>Soulad s pr\u016fmyslov\u00fdmi normami<\/strong>: Tester spl\u0148uje po\u017eadavky norem ASTM D2063, ASTM D3198 a ASTM D3474, co\u017e zaru\u010duje, \u017ee v\u00fdrobky jsou v souladu s celosv\u011btov\u00fdmi p\u0159edpisy pro zaji\u0161t\u011bn\u00ed kvality.<\/li>\n<\/ul>","protected":false},"excerpt":{"rendered":"<p>Na str\u00e1nk\u00e1ch <strong>Automatick\u00e1 zkou\u0161e\u010dka kroutic\u00edho momentu uz\u00e1v\u011bru (MCT-01)<\/strong> je vysoce p\u0159esn\u00fd a \u00fa\u010dinn\u00fd p\u0159\u00edstroj ur\u010den\u00fd k m\u011b\u0159en\u00ed otev\u00edrac\u00ed a uzav\u00edrac\u00ed s\u00edly uz\u00e1v\u011br\u016f r\u016fzn\u00fdch typ\u016f n\u00e1dob. Toto testov\u00e1n\u00ed m\u00e1 z\u00e1sadn\u00ed v\u00fdznam pro obalov\u00e9 aplikace v r\u016fzn\u00fdch pr\u016fmyslov\u00fdch odv\u011btv\u00edch, jako jsou l\u00e9\u010diva, potraviny a n\u00e1poje, zdravotnick\u00e9 prost\u0159edky a spot\u0159ebn\u00ed v\u00fdrobky. Spr\u00e1vn\u00e9 m\u011b\u0159en\u00ed kroutic\u00edho momentu zaji\u0161\u0165uje, \u017ee uz\u00e1v\u011bry jsou bezpe\u010dn\u011b uzav\u0159eny pro p\u0159epravu a z\u00e1rove\u0148 je spot\u0159ebitel\u00e9 mohou snadno otev\u0159\u00edt, co\u017e nab\u00edz\u00ed bezpe\u010dnost i pohodl\u00ed. D\u00edky pokro\u010dil\u00e9 technologii poskytuje p\u0159\u00edstroj MCT-01 spolehliv\u00e9 a p\u0159esn\u00e9 m\u011b\u0159en\u00ed kroutic\u00edho momentu, kter\u00e9 je nezbytn\u00e9 pro kontrolu kvality a dodr\u017eov\u00e1n\u00ed pr\u016fmyslov\u00fdch norem.<\/p>","protected":false},"featured_media":6020,"comment_status":"closed","ping_status":"closed","template":"","meta":{"site-sidebar-layout":"default","site-content-layout":"default","ast-global-header-display":"","ast-main-header-display":"","ast-hfb-above-header-display":"","ast-hfb-below-header-display":"","ast-hfb-mobile-header-display":"","site-post-title":"disabled","ast-breadcrumbs-content":"","ast-featured-img":"disabled","footer-sml-layout":"","theme-transparent-header-meta":"default","adv-header-id-meta":"","stick-header-meta":"","header-above-stick-meta":"","header-main-stick-meta":"","header-below-stick-meta":""},"product_cat":[845,687,17,124,125,128,95],"product_tag":[],"class_list":{"0":"post-1752","1":"product","2":"type-product","3":"status-publish","4":"has-post-thumbnail","6":"product_cat-customization","7":"product_cat-torque-tester","8":"product_cat-package-container-testers","9":"product_cat-astm-d2063","10":"product_cat-astm-d3198","11":"product_cat-astm-d3474","12":"product_cat-products","13":"desktop-align-left","14":"tablet-align-left","15":"mobile-align-left","17":"first","18":"instock","19":"shipping-taxable","20":"product-type-simple"},"_links":{"self":[{"href":"https:\/\/www.qualitester.com\/cs\/wp-json\/wp\/v2\/product\/1752","targetHints":{"allow":["GET"]}}],"collection":[{"href":"https:\/\/www.qualitester.com\/cs\/wp-json\/wp\/v2\/product"}],"about":[{"href":"https:\/\/www.qualitester.com\/cs\/wp-json\/wp\/v2\/types\/product"}],"replies":[{"embeddable":true,"href":"https:\/\/www.qualitester.com\/cs\/wp-json\/wp\/v2\/comments?post=1752"}],"version-history":[{"count":0,"href":"https:\/\/www.qualitester.com\/cs\/wp-json\/wp\/v2\/product\/1752\/revisions"}],"wp:featuredmedia":[{"embeddable":true,"href":"https:\/\/www.qualitester.com\/cs\/wp-json\/wp\/v2\/media\/6020"}],"wp:attachment":[{"href":"https:\/\/www.qualitester.com\/cs\/wp-json\/wp\/v2\/media?parent=1752"}],"wp:term":[{"taxonomy":"product_cat","embeddable":true,"href":"https:\/\/www.qualitester.com\/cs\/wp-json\/wp\/v2\/product_cat?post=1752"},{"taxonomy":"product_tag","embeddable":true,"href":"https:\/\/www.qualitester.com\/cs\/wp-json\/wp\/v2\/product_tag?post=1752"}],"curies":[{"name":"wp","href":"https:\/\/api.w.org\/{rel}","templated":true}]}}