{"id":1694,"date":"2023-04-25T16:20:00","date_gmt":"2023-04-25T08:20:00","guid":{"rendered":"https:\/\/www.qualitester.com\/?post_type=product&#038;p=1694"},"modified":"2024-12-02T15:38:46","modified_gmt":"2024-12-02T07:38:46","slug":"hot-tack-tester-htt-02","status":"publish","type":"product","link":"https:\/\/www.qualitester.com\/cs\/produkt-2\/hot-tack-tester-htt-02\/","title":{"rendered":"Tester HTT-02 Hot Tack"},"content":{"rendered":"<p>Tester HTT-02 Hot Tack je specializovan\u00fd p\u0159\u00edstroj ur\u010den\u00fd k m\u011b\u0159en\u00ed pevnosti materi\u00e1l\u016f lepen\u00fdch za tepla. Vyhodnocuje schopnost tepeln\u00fdch t\u011bsn\u011bn\u00ed odol\u00e1vat sil\u00e1m, kter\u00e9 se je sna\u017e\u00ed odd\u011blit je\u0161t\u011b za tepla. Tato vlastnost je zvl\u00e1\u0161t\u011b d\u016fle\u017eit\u00e1 v balic\u00edch aplikac\u00edch, kde je t\u0159eba, aby si tepeln\u011b zataven\u00e9 s\u00e1\u010dky nebo ta\u0161ky zachovaly svou celistvost p\u0159i nam\u00e1h\u00e1n\u00ed bezprost\u0159edn\u011b po zataven\u00ed. Zkou\u0161e\u010dka je v souladu s <a href=\"https:\/\/www.qualitester.com\/cs\/kategorie-produktu\/astm\/astm-f1921\/\" target=\"_blank\" rel=\"noopener\"><strong>ASTM F1921<\/strong><\/a>, co\u017e zaji\u0161\u0165uje konzistentn\u00ed a spolehliv\u00e9 v\u00fdsledky.<\/p>\n<h2><strong>Pou\u017eit\u00ed testeru HTT-02 Hot Tack Tester<\/strong><\/h2>\n<p>Zkou\u0161ky lepivosti za tepla maj\u00ed z\u00e1sadn\u00ed v\u00fdznam v odv\u011btv\u00edch, kter\u00e1 pou\u017e\u00edvaj\u00ed tepeln\u00e9 t\u011bsn\u011bn\u00ed pro balen\u00ed, jako jsou nap\u0159.:<\/p>\n<ul>\n<li><strong>Obaly na potraviny:<\/strong> Pro aplikace, jako jsou s\u00e1\u010dky na ob\u010derstven\u00ed, s\u00e1\u010dky na mra\u017een\u00e9 potraviny a s\u00e1\u010dky na k\u00e1vu, kde t\u011bsn\u011bn\u00ed mus\u00ed odol\u00e1vat vysok\u00fdm sil\u00e1m p\u0159i balen\u00ed.<\/li>\n<li><strong>Farmaceutick\u00e9 obaly:<\/strong> Zaji\u0161\u0165uje neporu\u0161enost tepeln\u011b zataven\u00fdch s\u00e1\u010dk\u016f pou\u017e\u00edvan\u00fdch pro zdravotnick\u00e9 prost\u0159edky, blistry a steriln\u00ed obaly.<\/li>\n<li><strong>Obaly pr\u016fmyslov\u00fdch a spot\u0159ebn\u00edch v\u00fdrobk\u016f:<\/strong> Testov\u00e1n\u00ed obalov\u00fdch materi\u00e1l\u016f, jako jsou lepidla, chemik\u00e1lie a t\u011b\u017ek\u00e9 s\u00e1\u010dky.<\/li>\n<li><strong>Textil a elektronika:<\/strong> Ov\u011b\u0159uje spolehlivost obal\u016f pro citliv\u00e9 sou\u010d\u00e1sti a v\u00fdrobky.<\/li>\n<\/ul>\n<p>Na str\u00e1nk\u00e1ch <strong>Tester HTT-02 Hot Tack<\/strong> je ide\u00e1ln\u00ed pro zaji\u0161t\u011bn\u00ed v\u00fdkonnosti tepeln\u011b zataven\u00fdch obal\u016f v. <strong>vertik\u00e1ln\u00ed t\u011bsn\u011bn\u00ed (VFFS)<\/strong> procesy, kde t\u011bsn\u011bn\u00ed mus\u00ed vydr\u017eet mechanick\u00e9 nam\u00e1h\u00e1n\u00ed p\u0159ed \u00fapln\u00fdm ochlazen\u00edm.<\/p>\n<h2><strong>V\u00fdznam vlastnosti Hot Tack v obalech<\/strong><\/h2>\n<p>P\u0159ilnavost za tepla je rozhoduj\u00edc\u00edm faktorem, kter\u00fd zaji\u0161\u0165uje, \u017ee tepeln\u00e9 uz\u00e1v\u011bry z\u016fstanou neporu\u0161en\u00e9 ihned po uzav\u0159en\u00ed, a to i za p\u0159\u00edtomnosti vn\u011bj\u0161\u00edch sil. U vertik\u00e1ln\u00edch balic\u00edch syst\u00e9m\u016f s tvarov\u00fdm t\u011bsn\u011bn\u00edm \u010dasto neexistuje \u017e\u00e1dn\u00e1 doba chlazen\u00ed mezi procesem uzav\u00edr\u00e1n\u00ed a vkl\u00e1d\u00e1n\u00edm v\u00fdrobk\u016f. Na str\u00e1nk\u00e1ch <strong>pevnost p\u0159i lepen\u00ed za tepla<\/strong> obalu ur\u010duje, zda vydr\u017e\u00ed hmotnost a tlak obsahu, ani\u017e by se roztrhl nebo p\u0159ed\u010dasn\u011b otev\u0159el. To je d\u016fle\u017eit\u00e9 zejm\u00e9na p\u0159i balen\u00ed t\u011b\u017ek\u00fdch v\u00fdrobk\u016f nebo v\u00fdrobk\u016f napln\u011bn\u00fdch tekutinou, proto\u017ee obal mus\u00ed odolat deformaci b\u011bhem zpracov\u00e1n\u00ed a p\u0159epravy.<\/p>\n<h2><strong>P\u0159ehled normy ASTM F1921<\/strong><\/h2>\n<p><a href=\"https:\/\/www.astm.org\/f1921_f1921m-12r18.html\" target=\"_blank\" rel=\"noopener nofollow\"><strong>ASTM F1921<\/strong><\/a> je standardn\u00ed zku\u0161ebn\u00ed metoda pro m\u011b\u0159en\u00ed pevnosti termoplastick\u00fdch materi\u00e1l\u016f za tepla. Touto zkou\u0161kou se hodnot\u00ed schopnost tepeln\u00fdch t\u011bsn\u011bn\u00ed odol\u00e1vat odd\u011blov\u00e1n\u00ed p\u0159i p\u016fsoben\u00ed mechanick\u00fdch sil bezprost\u0159edn\u011b po zataven\u00ed. Norma definuje dv\u011b zku\u0161ebn\u00ed metody:<\/p>\n<ul>\n<li><strong>Metoda A:<\/strong> Zahrnuje m\u011b\u0159en\u00ed p\u0159ilnavosti za tepla bezprost\u0159edn\u011b po vytvo\u0159en\u00ed tepeln\u00e9ho tmelu.<\/li>\n<li><strong>Metoda B:<\/strong> M\u011b\u0159\u00ed pevnost t\u011bsn\u011bn\u00ed po ochlazen\u00ed vzorku za kontrolovan\u00fdch podm\u00ednek.<\/li>\n<\/ul>\n<p>Ob\u011b metody poskytuj\u00ed d\u016fle\u017eit\u00e9 \u00fadaje pro posouzen\u00ed spolehlivosti a v\u00fdkonnosti tepeln\u00fdch t\u011bsn\u011bn\u00ed v \u0161irok\u00e9 \u0161k\u00e1le obalov\u00fdch materi\u00e1l\u016f.<\/p>\n<h2><strong>Metoda zkou\u0161ky p\u0159ilnavosti za tepla<\/strong><\/h2>\n<p>Proces zkou\u0161en\u00ed za tepla zahrnuje uzav\u0159en\u00ed p\u00e1su vzorku mezi dv\u011b vyh\u0159\u00edvan\u00e9 \u010delisti, p\u016fsoben\u00ed tlaku a vystaven\u00ed vzorku kontrolovan\u00e9mu prost\u0159ed\u00ed. Proces zahrnuje:<\/p>\n<ol>\n<li><strong>P\u0159\u00edprava vzorku:<\/strong> Vzorek se p\u0159iprav\u00ed a uprav\u00ed podle specifikace ASTM F1921.<\/li>\n<li><strong>Proveden\u00ed testu:<\/strong> Vzorek je uzav\u0159en mezi dv\u011bma vyh\u0159\u00edvan\u00fdmi \u010delistmi p\u0159i nastaven\u00e9 teplot\u011b a tlaku. Doba prodlevy (doba kontaktu) je nastaviteln\u00e1 v rozmez\u00ed 0,1 a\u017e 9999 sekund pro zkou\u0161ky tepeln\u00e9ho t\u011bsn\u011bn\u00ed i zkou\u0161ky lepen\u00ed za tepla.<\/li>\n<li><strong>M\u011b\u0159en\u00ed:<\/strong> B\u011bhem zkou\u0161ky se m\u011b\u0159\u00ed s\u00edla lepen\u00ed za tepla, co\u017e je pevnost t\u011bsn\u011bn\u00ed za tepla. Zkou\u0161ku lze opakovat p\u0159i r\u016fzn\u00fdch teplot\u00e1ch, tlac\u00edch a dob\u00e1ch zdr\u017een\u00ed, aby se ur\u010dily optim\u00e1ln\u00ed podm\u00ednky t\u011bsn\u011bn\u00ed.<\/li>\n<\/ol>\n<h2><strong>Kl\u00ed\u010dov\u00e9 parametry testov\u00e1n\u00ed:<\/strong><\/h2>\n<table>\n<tbody>\n<tr>\n<td style=\"text-align: center;\" width=\"123\">Teplota t\u011bsn\u011bn\u00ed.<\/td>\n<td style=\"text-align: center;\" width=\"251\">Okoln\u00ed prost\u0159ed\u00ed ~ 250 \u2103<\/td>\n<\/tr>\n<tr>\n<td style=\"text-align: center;\" width=\"123\">P\u0159esnost teploty<\/td>\n<td style=\"text-align: center;\" width=\"251\">\u00b10.2\u2103<\/td>\n<\/tr>\n<tr>\n<td style=\"text-align: center;\" width=\"123\">Doba zdr\u017een\u00ed<\/td>\n<td style=\"text-align: center;\" width=\"251\">0,1 ~ 9999s (tepeln\u00e9 t\u011bsn\u011bn\u00ed)<\/td>\n<\/tr>\n<tr>\n<td style=\"text-align: center;\" width=\"123\">Doba zdr\u017een\u00ed<\/td>\n<td style=\"text-align: center;\" width=\"251\">0,1 ~ 9999s (Hot Tack )<\/td>\n<\/tr>\n<tr>\n<td style=\"text-align: center;\" width=\"123\">T\u011bsnic\u00ed tlak<\/td>\n<td style=\"text-align: center;\" width=\"251\">0,15MPa ~ 0,7MPa<\/td>\n<\/tr>\n<tr>\n<td style=\"text-align: center;\" width=\"123\">T\u011bsnic\u00ed \u010delisti<\/td>\n<td style=\"text-align: center;\" width=\"251\">50 mmx10 mm s teflonov\u00fdm povlakem<\/td>\n<\/tr>\n<tr>\n<td style=\"text-align: center;\" width=\"123\">\u010celisti Vyt\u00e1p\u011bn\u00ed<\/td>\n<td style=\"text-align: center;\" width=\"251\">Dvojit\u00e9 vyt\u00e1p\u011bn\u00ed<\/td>\n<\/tr>\n<tr>\n<td style=\"text-align: center;\" width=\"123\">Z\u00e1t\u011b\u017eov\u00e1 bu\u0148ka<\/td>\n<td style=\"text-align: center;\" width=\"251\">200N (voliteln\u011b:30N50N100N atd.)<\/td>\n<\/tr>\n<tr>\n<td style=\"text-align: center;\" width=\"123\">P\u0159esnost<\/td>\n<td style=\"text-align: center;\" width=\"251\">0,5 F.S.<\/td>\n<\/tr>\n<tr>\n<td style=\"text-align: center;\" width=\"123\">Rozli\u0161en\u00ed<\/td>\n<td style=\"text-align: center;\" width=\"251\">0.01N<\/td>\n<\/tr>\n<tr>\n<td style=\"text-align: center;\" width=\"123\">Power<\/td>\n<td style=\"text-align: center;\" width=\"251\">220 V, 50 HZ<\/td>\n<\/tr>\n<\/tbody>\n<\/table>\n<h2><strong>Technick\u00e9 vlastnosti testeru HTT-02 Hot Tack Tester<\/strong><\/h2>\n<ul>\n<li><strong>\u0158\u00edzen\u00e9 PLC:<\/strong> Poskytuje stabilitu a p\u0159esnost testov\u00e1n\u00ed na pr\u016fmyslov\u00e9 \u00farovni.<\/li>\n<li><strong>U\u017eivatelsky p\u0159\u00edv\u011btiv\u00e9 rozhran\u00ed HMI:<\/strong> Rozhran\u00ed 7palcov\u00e9 dotykov\u00e9 obrazovky umo\u017e\u0148uje snadn\u00e9 ovl\u00e1d\u00e1n\u00ed a nastaven\u00ed.<\/li>\n<li><strong>Shoda s normou ASTM F1921:<\/strong> Podporuje oba <strong>Metoda A<\/strong> a <strong>Metoda B<\/strong> testov\u00e1n\u00ed za tepla, kter\u00e9 zajist\u00ed, \u017ee va\u0161e testy budou v souladu s pr\u016fmyslov\u00fdmi normami.<\/li>\n<li><strong>Pokro\u010dil\u00e1 regulace teploty:<\/strong> Proporcion\u00e1ln\u011b-integra\u010dn\u011b-deriva\u010dn\u00ed regulace (P.I.D.) zaji\u0161\u0165uje p\u0159esn\u00e9 \u0159\u00edzen\u00ed teploty pro spolehliv\u00e9 a opakovateln\u00e9 v\u00fdsledky.<\/li>\n<li><strong>Odoln\u00e1 konstrukce:<\/strong> T\u011bsnic\u00ed \u010delisti s hlin\u00edkov\u00fdm pouzdrem jsou navr\u017eeny pro dlouhodobou odolnost a v\u00fdkon.<\/li>\n<li><strong>Bezpe\u010dnostn\u00ed prvky:<\/strong> Automatick\u00e9 nulov\u00e1n\u00ed, ochrana proti p\u0159et\u00ed\u017een\u00ed a ochrana proti p\u0159et\u00ed\u017een\u00ed zaji\u0161\u0165uj\u00ed bezpe\u010dn\u00fd provoz.<\/li>\n<li><strong>Spr\u00e1va dat:<\/strong> Port RS232 a voliteln\u00fd software umo\u017e\u0148uj\u00ed pokro\u010dil\u00fd sb\u011br a anal\u00fdzu dat.<\/li>\n<\/ul>\n<h2><strong>V\u00fdhody pou\u017e\u00edv\u00e1n\u00ed testeru HTT-02 Hot Tack Tester<\/strong><\/h2>\n<ul>\n<li><strong>Optimalizovan\u00fd v\u00fdkon balen\u00ed:<\/strong> Zaji\u0161\u0165uje, \u017ee tepeln\u00e9 t\u011bsn\u011bn\u00ed vydr\u017e\u00ed mechanick\u00e9 nam\u00e1h\u00e1n\u00ed bezprost\u0159edn\u011b po zataven\u00ed, co\u017e sni\u017euje po\u010det selh\u00e1n\u00ed v\u00fdrobku.<\/li>\n<li><strong>Spl\u0148uje po\u017eadavky normy ASTM F1921:<\/strong> Poskytuje spolehliv\u00e9 v\u00fdsledky, kter\u00e9 jsou pln\u011b v souladu s normou ASTM F1921, co\u017e zaji\u0161\u0165uje konzistentn\u00ed testov\u00e1n\u00ed v r\u016fzn\u00fdch aplikac\u00edch.<\/li>\n<li><strong>V\u0161estrannost:<\/strong> Ide\u00e1ln\u00ed pro \u0161irokou \u0161k\u00e1lu materi\u00e1l\u016f a typ\u016f obal\u016f, od potravin a l\u00e9\u010div po pr\u016fmyslov\u00e9 a spot\u0159ebn\u00ed v\u00fdrobky.<\/li>\n<li><strong>Zlep\u0161en\u00e1 kontrola kvality:<\/strong> Pom\u00e1h\u00e1 v\u00fdrobc\u016fm identifikovat slab\u00e9 uz\u00e1v\u011bry a optimalizovat balic\u00ed procesy, \u010d\u00edm\u017e zvy\u0161uje ochranu v\u00fdrobk\u016f a sni\u017euje mno\u017estv\u00ed odpadu.<\/li>\n<\/ul>\n<h2><strong>Slu\u017eby p\u0159izp\u016fsoben\u00ed a automatizace<\/strong><\/h2>\n<p>Ve spole\u010dnosti Cell Instruments si uv\u011bdomujeme, \u017ee ka\u017ed\u00e9 testovac\u00ed prost\u0159ed\u00ed je jedine\u010dn\u00e9. Nab\u00edz\u00edme \u0159e\u0161en\u00ed na m\u00edru pro specifick\u00e9 pot\u0159eby testov\u00e1n\u00ed a na\u0161e mo\u017enosti automatizace pom\u00e1haj\u00ed zv\u00fd\u0161it efektivitu testov\u00e1n\u00ed u velkos\u00e9riov\u00fdch v\u00fdrobn\u00edch linek. A\u0165 u\u017e pot\u0159ebujete jedine\u010dn\u00e9 konfigurace sn\u00edma\u010d\u016f zat\u00ed\u017een\u00ed nebo pokro\u010dilou integraci automatizace, jsme odhodl\u00e1ni poskytovat \u0159e\u0161en\u00ed na m\u00edru, kter\u00e1 p\u0159esn\u011b spln\u00ed va\u0161e specifikace.<\/p>\n<p>Tester HTT-02 Hot Tack je d\u016fle\u017eit\u00fdm n\u00e1strojem pro zaji\u0161t\u011bn\u00ed spolehliv\u00e9ho fungov\u00e1n\u00ed tepeln\u011b zataven\u00fdch obal\u016f v re\u00e1ln\u00fdch podm\u00ednk\u00e1ch. A\u0165 u\u017e se jedn\u00e1 o potravin\u00e1\u0159sk\u00e9, farmaceutick\u00e9 nebo pr\u016fmyslov\u00e9 obaly, tento tester nab\u00edz\u00ed p\u0159esnou kontrolu nad procesem testov\u00e1n\u00ed, co\u017e z n\u011bj \u010din\u00ed neoceniteln\u00fd p\u0159\u00ednos pro zaji\u0161t\u011bn\u00ed kvality a integrity v\u00fdrobk\u016f.<\/p>\n<h3><strong>Sekce nej\u010dast\u011bj\u0161\u00edch dotaz\u016f<\/strong><\/h3>\n<ol>\n<li><strong>K \u010demu se pou\u017e\u00edv\u00e1 tester hork\u00fdch lepidel?<\/strong><br \/>\nZkou\u0161e\u010dka lepivosti za tepla m\u011b\u0159\u00ed pevnost tepeln\u00fdch uz\u00e1v\u011br\u016f bezprost\u0159edn\u011b po zataven\u00ed a zaji\u0161\u0165uje, \u017ee vydr\u017e\u00ed manipula\u010dn\u00ed nam\u00e1h\u00e1n\u00ed p\u0159i balen\u00ed.<\/li>\n<li><strong>Pro\u010d je v obalech d\u016fle\u017eit\u00e1 hork\u00e1 lepic\u00ed p\u00e1ska?<\/strong><br \/>\nHork\u00e9 lepidlo zaji\u0161\u0165uje, \u017ee tepeln\u00e9 uz\u00e1v\u011bry z\u016fstanou b\u011bhem balen\u00ed neporu\u0161en\u00e9, zejm\u00e9na p\u0159i vertik\u00e1ln\u00edm pln\u011bn\u00ed a uzav\u00edr\u00e1n\u00ed, kde se pou\u017e\u00edv\u00e1 t\u011b\u017ek\u00fd obsah.<\/li>\n<li><strong>Co je to norma ASTM F1921 a pro\u010d je d\u016fle\u017eit\u00e1?<\/strong><br \/>\nASTM F1921 je norma, kter\u00e1 popisuje metody m\u011b\u0159en\u00ed pevnosti termoplastick\u00fdch materi\u00e1l\u016f za tepla, kter\u00e1 je rozhoduj\u00edc\u00ed pro zachov\u00e1n\u00ed celistvosti t\u011bsn\u011bn\u00ed.<\/li>\n<li><strong>Jak\u00e9 materi\u00e1ly lze testovat pomoc\u00ed testeru HTT-02 Hot Tack Tester?<\/strong><br \/>\nJe vhodn\u00fd pro testov\u00e1n\u00ed r\u016fzn\u00fdch termoplastick\u00fdch f\u00f3li\u00ed, lamin\u00e1t\u016f a obalov\u00fdch materi\u00e1l\u016f uzav\u00edrateln\u00fdch teplem.<\/li>\n<li><strong>Lze tester HTT-02 Hot Tack Tester p\u0159izp\u016fsobit?<\/strong><br \/>\nAno, nab\u00edz\u00ed p\u0159izp\u016fsobiteln\u00e9 zat\u011b\u017eovac\u00ed bu\u0148ky, rychlosti testov\u00e1n\u00ed a automatiza\u010dn\u00ed funkce, kter\u00e9 spl\u0148uj\u00ed specifick\u00e9 po\u017eadavky na testov\u00e1n\u00ed.<\/li>\n<\/ol>","protected":false},"excerpt":{"rendered":"<p>Tester HTT-02 Hot Tack je specializovan\u00fd p\u0159\u00edstroj ur\u010den\u00fd k m\u011b\u0159en\u00ed pevnosti materi\u00e1l\u016f lepen\u00fdch za tepla. Vyhodnocuje schopnost tepeln\u00fdch t\u011bsn\u011bn\u00ed odol\u00e1vat sil\u00e1m, kter\u00e9 se je sna\u017e\u00ed odd\u011blit je\u0161t\u011b za tepla. Tato vlastnost je zvl\u00e1\u0161t\u011b d\u016fle\u017eit\u00e1 v balic\u00edch aplikac\u00edch, kde je t\u0159eba, aby si tepeln\u011b zataven\u00e9 s\u00e1\u010dky nebo ta\u0161ky zachovaly svou celistvost p\u0159i nam\u00e1h\u00e1n\u00ed bezprost\u0159edn\u011b po zataven\u00ed. Zkou\u0161e\u010dka je v souladu s <strong>ASTM F1921<\/strong>, co\u017e zaji\u0161\u0165uje konzistentn\u00ed a spolehliv\u00e9 v\u00fdsledky.<\/p>","protected":false},"featured_media":5971,"comment_status":"closed","ping_status":"closed","template":"","meta":{"site-sidebar-layout":"default","site-content-layout":"default","ast-global-header-display":"","ast-main-header-display":"","ast-hfb-above-header-display":"","ast-hfb-below-header-display":"","ast-hfb-mobile-header-display":"","site-post-title":"disabled","ast-breadcrumbs-content":"","ast-featured-img":"disabled","footer-sml-layout":"","theme-transparent-header-meta":"default","adv-header-id-meta":"","stick-header-meta":"","header-above-stick-meta":"","header-main-stick-meta":"","header-below-stick-meta":""},"product_cat":[845,678,16,141,95],"product_tag":[],"class_list":{"0":"post-1694","1":"product","2":"type-product","3":"status-publish","4":"has-post-thumbnail","6":"product_cat-customization","7":"product_cat-hot-tack-tester","8":"product_cat-plastic-packaging-testers","9":"product_cat-astm-f1921","10":"product_cat-products","11":"desktop-align-left","12":"tablet-align-left","13":"mobile-align-left","15":"first","16":"instock","17":"shipping-taxable","18":"product-type-simple"},"_links":{"self":[{"href":"https:\/\/www.qualitester.com\/cs\/wp-json\/wp\/v2\/product\/1694","targetHints":{"allow":["GET"]}}],"collection":[{"href":"https:\/\/www.qualitester.com\/cs\/wp-json\/wp\/v2\/product"}],"about":[{"href":"https:\/\/www.qualitester.com\/cs\/wp-json\/wp\/v2\/types\/product"}],"replies":[{"embeddable":true,"href":"https:\/\/www.qualitester.com\/cs\/wp-json\/wp\/v2\/comments?post=1694"}],"version-history":[{"count":0,"href":"https:\/\/www.qualitester.com\/cs\/wp-json\/wp\/v2\/product\/1694\/revisions"}],"wp:featuredmedia":[{"embeddable":true,"href":"https:\/\/www.qualitester.com\/cs\/wp-json\/wp\/v2\/media\/5971"}],"wp:attachment":[{"href":"https:\/\/www.qualitester.com\/cs\/wp-json\/wp\/v2\/media?parent=1694"}],"wp:term":[{"taxonomy":"product_cat","embeddable":true,"href":"https:\/\/www.qualitester.com\/cs\/wp-json\/wp\/v2\/product_cat?post=1694"},{"taxonomy":"product_tag","embeddable":true,"href":"https:\/\/www.qualitester.com\/cs\/wp-json\/wp\/v2\/product_tag?post=1694"}],"curies":[{"name":"wp","href":"https:\/\/api.w.org\/{rel}","templated":true}]}}