{"id":1668,"date":"2023-04-25T15:00:29","date_gmt":"2023-04-25T07:00:29","guid":{"rendered":"https:\/\/www.qualitester.com\/?post_type=product&#038;p=1668"},"modified":"2024-11-27T16:53:03","modified_gmt":"2024-11-27T08:53:03","slug":"gradient-heat-seal-tester-ghs-01","status":"publish","type":"product","link":"https:\/\/www.qualitester.com\/cs\/produkt-2\/gradient-heat-seal-tester-ghs-01\/","title":{"rendered":"GHS-01 Gradientn\u00ed tepeln\u00fd t\u011bsnic\u00ed tester"},"content":{"rendered":"<h2>\u00davod<\/h2>\n<p>V obalov\u00e9m pr\u016fmyslu je pro zachov\u00e1n\u00ed celistvosti a bezpe\u010dnosti balen\u00e9ho v\u00fdrobku z\u00e1sadn\u00ed zajistit, aby materi\u00e1ly, jako jsou f\u00f3lie, lamin\u00e1ty a pru\u017en\u00e9 bari\u00e9ry, tvo\u0159ily pevn\u00e9 a odoln\u00e9 t\u011bsn\u011bn\u00ed. A\u0165 u\u017e bal\u00edte potraviny, l\u00e9\u010diva, zdravotnick\u00e9 prost\u0159edky nebo elektroniku, <strong>pevnost tepeln\u00e9ho t\u011bsn\u011bn\u00ed<\/strong> hraje kl\u00ed\u010dovou roli p\u0159i ochran\u011b va\u0161ich v\u00fdrobk\u016f p\u0159ed kontaminac\u00ed, \u00fanikem a zka\u017een\u00edm.<\/p>\n<p>Na str\u00e1nk\u00e1ch <strong>Tester pevnosti tepeln\u00e9ho t\u011bsn\u011bn\u00ed<\/strong> je p\u0159esn\u00fd p\u0159\u00edstroj ur\u010den\u00fd k vyhodnocov\u00e1n\u00ed vlastnost\u00ed tepeln\u00e9ho t\u011bsn\u011bn\u00ed obalov\u00fdch materi\u00e1l\u016f, kter\u00fd zaji\u0161\u0165uje, \u017ee t\u011bsn\u011bn\u00ed jsou pevn\u00e1, spolehliv\u00e1 a konzistentn\u00ed. Tento tester simuluje skute\u010dn\u00fd proces tepeln\u00e9ho ut\u011bs\u0148ov\u00e1n\u00ed, nastavuje teplotu, tlak a dobu ut\u011bs\u0148ov\u00e1n\u00ed, aby ur\u010dil ide\u00e1ln\u00ed podm\u00ednky pro vytvo\u0159en\u00ed dokonal\u00fdch t\u011bsn\u011bn\u00ed.<\/p>\n<p>Na str\u00e1nk\u00e1ch <strong>Zkou\u0161ka t\u011bsnosti gradientn\u00edm teplem<\/strong> je pokro\u010dil\u00e1 metoda, kter\u00e1 zvy\u0161uje efektivitu testov\u00e1n\u00ed t\u00edm, \u017ee na t\u011bsnic\u00ed plochu p\u016fsob\u00ed \u0159\u00edzen\u00fd teplotn\u00ed gradient, co\u017e umo\u017e\u0148uje prov\u00e1d\u011bt v\u00edce test\u016f p\u0159i r\u016fzn\u00fdch teplot\u00e1ch sou\u010dasn\u011b.<\/p>\n<h2>Kl\u00ed\u010dov\u00e9 vlastnosti testeru pevnosti tepeln\u00e9ho t\u011bsn\u011bn\u00ed<\/h2>\n<h3>\u0158\u00edzen\u00e9 podm\u00ednky testov\u00e1n\u00ed p\u0159esn\u00fdch t\u011bsn\u011bn\u00ed<\/h3>\n<p>Na str\u00e1nk\u00e1ch <strong>Tester pevnosti tepeln\u00e9ho t\u011bsn\u011bn\u00ed<\/strong> je navr\u017een s ohledem na flexibilitu a p\u0159esnost. Jeho nastaviteln\u00e9 parametry pro <strong>teplota<\/strong>, <strong>tlak<\/strong>, a <strong>doba ut\u011bsn\u011bn\u00ed<\/strong> umo\u017e\u0148uj\u00ed simulovat r\u016fzn\u00e9 podm\u00ednky ut\u011bs\u0148ov\u00e1n\u00ed pou\u017e\u00edvan\u00e9 v procesu balen\u00ed. Tato nastaven\u00ed umo\u017e\u0148uj\u00ed v\u00fdrobc\u016fm testovat a optimalizovat sv\u00e9 materi\u00e1ly tak, aby dos\u00e1hli co nejspolehliv\u011bj\u0161\u00edho a nejodoln\u011bj\u0161\u00edho ut\u011bsn\u011bn\u00ed v re\u00e1ln\u00fdch v\u00fdrobn\u00edch podm\u00ednk\u00e1ch.<\/p>\n<h3>Teplotn\u00ed gradient pro optim\u00e1ln\u00ed testov\u00e1n\u00ed<\/h3>\n<p>Jednou z nejv\u00fdznamn\u011bj\u0161\u00edch funkc\u00ed tohoto testeru je <strong>Zkou\u0161ka t\u011bsnosti gradientn\u00edm teplem<\/strong> funkce, kter\u00e1 aplikuje \u0159\u00edzen\u00fd <strong>teplotn\u00ed gradient<\/strong> v cel\u00e9 oblasti t\u011bsn\u011bn\u00ed. Tato schopnost umo\u017e\u0148uje testovat v\u00edce t\u011bsnic\u00edch podm\u00ednek najednou, co\u017e zvy\u0161uje efektivitu testov\u00e1n\u00ed a zkracuje prostoje mezi testy. Sou\u010dasn\u00fdm testov\u00e1n\u00edm p\u0159i r\u016fzn\u00fdch teplot\u00e1ch mohou v\u00fdrobci efektivn\u011bji ur\u010dit nejlep\u0161\u00ed podm\u00ednky pro ut\u011bsn\u011bn\u00ed r\u016fzn\u00fdch materi\u00e1l\u016f a zlep\u0161it celkovou kvalitu balen\u00ed.<\/p>\n<p>V podstat\u011b <strong>Zkou\u0161ka t\u011bsnosti gradientn\u00edm teplem<\/strong> umo\u017e\u0148uje <strong>Tester pevnosti tepeln\u00e9ho t\u011bsn\u011bn\u00ed<\/strong> a <strong>V\u00edce stanic<\/strong> testovac\u00ed za\u0159\u00edzen\u00ed, kter\u00e9 m\u016f\u017ee prov\u00e1d\u011bt n\u011bkolik test\u016f p\u0159i r\u016fzn\u00fdch teplot\u00e1ch sou\u010dasn\u011b, \u010d\u00edm\u017e \u0161et\u0159\u00ed \u010das a zvy\u0161uje efektivitu testovac\u00edho procesu.<\/p>\n<h2>ASTM F2029: Norma pro zkou\u0161en\u00ed pevnosti tepeln\u00e9ho t\u011bsn\u011bn\u00ed<\/h2>\n<h3>P\u0159ehled normy ASTM F2029-16(2021)<\/h3>\n<p><strong><a href=\"https:\/\/www.astm.org\/f2029-16r21.html\" target=\"_blank\" rel=\"noopener nofollow\">ASTM F2029<\/a>-16(2021)<\/strong> je <strong>Standardn\u00ed postup pro v\u00fdrobu laboratorn\u00edch tepeln\u00fdch t\u011bsn\u011bn\u00ed<\/strong> k ur\u010den\u00ed <strong>tepeln\u00e1 t\u011bsnost pru\u017en\u00fdch bari\u00e9rov\u00fdch materi\u00e1l\u016f<\/strong>. Tato norma se pou\u017e\u00edv\u00e1 k hodnocen\u00ed pevnosti tepeln\u00fdch pe\u010det\u00ed na r\u016fzn\u00fdch obalov\u00fdch materi\u00e1lech v laboratorn\u00edch podm\u00ednk\u00e1ch.<\/p>\n<p>Na str\u00e1nk\u00e1ch <a href=\"https:\/\/www.qualitester.com\/cs\/kategorie-produktu\/astm\/astm-f2029\/\" target=\"_blank\" rel=\"noopener\"><strong>ASTM F2029<\/strong><\/a> Norma stanov\u00ed postupy a po\u017eadavky pro vytv\u00e1\u0159en\u00ed spolehliv\u00fdch tepeln\u00fdch pe\u010det\u00ed a m\u011b\u0159en\u00ed jejich pevnosti, co\u017e je nezbytn\u00e9 pro posouzen\u00ed integrity a kvality obalov\u00fdch materi\u00e1l\u016f. Dodr\u017eov\u00e1n\u00ed t\u00e9to normy zaji\u0161\u0165uje, \u017ee v\u00fdrobci vyr\u00e1b\u011bj\u00ed obaly, kter\u00e9 spl\u0148uj\u00ed po\u017eadavky na trvanlivost a t\u011bsnost pro bezpe\u010dnost v\u00fdrobk\u016f.<\/p>\n<h3>Zku\u0161ebn\u00ed metody podle normy ASTM F2029<\/h3>\n<p>Na str\u00e1nk\u00e1ch <strong>Tester pevnosti tepeln\u00e9ho t\u011bsn\u011bn\u00ed<\/strong> se p\u0159i vytv\u00e1\u0159en\u00ed laboratorn\u00edch tepeln\u00fdch pe\u010det\u00ed a m\u011b\u0159en\u00ed jejich pevnosti \u0159\u00edd\u00ed postupy uveden\u00fdmi v norm\u011b ASTM F2029. Postup je n\u00e1sleduj\u00edc\u00ed:<\/p>\n<ol>\n<li><strong>P\u0159\u00edprava vzorku<\/strong>: Vzorek obalov\u00e9ho materi\u00e1lu se um\u00edst\u00ed mezi dv\u011b paraleln\u00ed vyh\u0159\u00edvan\u00e9 t\u011bsnic\u00ed \u010delisti.<\/li>\n<li><strong>Proces ut\u011bs\u0148ov\u00e1n\u00ed<\/strong>: Zkou\u0161e\u010dka pou\u017e\u00edv\u00e1 nastaven\u00ed tepla, tlaku a \u010dasu k simulaci skute\u010dn\u00fdch podm\u00ednek t\u011bsn\u011bn\u00ed. Horn\u00ed \u010delist se pohybuje sm\u011brem dol\u016f, vyv\u00edj\u00ed tlak na materi\u00e1l a z\u00e1rove\u0148 p\u016fsob\u00ed teplem.<\/li>\n<li><strong>Doba testov\u00e1n\u00ed<\/strong>: Doba ut\u011bsn\u011bn\u00ed je nastaviteln\u00e1 od 0,1 sekundy do n\u011bkolika hodin, co\u017e umo\u017e\u0148uje testov\u00e1n\u00ed v r\u016fzn\u00fdch \u010dasov\u00fdch intervalech.<\/li>\n<li><strong>Hodnocen\u00ed t\u011bsn\u011bn\u00ed<\/strong>: Po uplynut\u00ed doby t\u011bsn\u011bn\u00ed se \u010delisti zvednou a zkou\u0161ka je ukon\u010dena. Pot\u00e9 se provede anal\u00fdza pevnosti t\u011bsn\u011bn\u00ed pomoc\u00ed metod, jako jsou testy \u00faniku vzduchu, pr\u016fnik barviva, vizu\u00e1ln\u00ed kontrola nebo pr\u016fnik mikroorganism\u016f.<\/li>\n<\/ol>\n<p>Tento proces napodobuje podm\u00ednky, v nich\u017e se p\u0159i balen\u00ed vytv\u00e1\u0159ej\u00ed tepeln\u00e9 uz\u00e1v\u011bry, a pom\u00e1h\u00e1 v\u00fdrobc\u016fm zjistit, zda jejich obalov\u00e9 materi\u00e1ly vydr\u017e\u00ed po\u017eadovan\u00e9 nam\u00e1h\u00e1n\u00ed v re\u00e1ln\u00e9m prost\u0159ed\u00ed.<\/p>\n<h2>Technick\u00e9 vlastnosti testeru pevnosti tepeln\u00e9ho t\u011bsn\u011bn\u00ed (GHS-01 Gradient Heat Seal Tester)<\/h2>\n<ul>\n<li><strong>T\u011bsnic\u00ed \u010delisti a oh\u0159\u00edvac\u00ed mechanismus<\/strong>: Horn\u00ed a doln\u00ed \u010delisti jsou vyrobeny z vysoce kvalitn\u00edho hlin\u00edku a jsou vybaveny nez\u00e1visl\u00fdmi topn\u00fdmi syst\u00e9my, kter\u00e9 eliminuj\u00ed tepeln\u00e9 ztr\u00e1ty a zaji\u0161\u0165uj\u00ed plynul\u00e9 a rovnom\u011brn\u00e9 rozlo\u017een\u00ed teploty b\u011bhem testov\u00e1n\u00ed.<\/li>\n<li><strong>PID regul\u00e1tor teploty<\/strong>: Pokro\u010dil\u00fd <strong>PID (Proporcion\u00e1ln\u00ed integr\u00e1ln\u00ed derivace)<\/strong> regul\u00e1tor teploty zaji\u0161\u0165uje p\u0159esnou regulaci teploty, co\u017e umo\u017e\u0148uje konzistentn\u00ed a spolehliv\u00fd oh\u0159ev v pr\u016fb\u011bhu cel\u00e9ho testovac\u00edho procesu.<\/li>\n<li><strong>\u010casova\u010d a sn\u00edma\u010d p\u0159ibl\u00ed\u017een\u00ed<\/strong>: Kombinace p\u0159esn\u00e9ho \u010dasova\u010de a senzoru p\u0159ibl\u00ed\u017een\u00ed synchronizuje za\u010d\u00e1tek procesu ut\u011bs\u0148ov\u00e1n\u00ed s pohybem \u010delist\u00ed, \u010d\u00edm\u017e je zaji\u0161t\u011bno, \u017ee test za\u010dne ve spr\u00e1vn\u00fd okam\u017eik a bude prob\u00edhat p\u0159esn\u011b po po\u017eadovanou dobu.<\/li>\n<li><strong>T\u011bsnic\u00ed tlak a p\u0159izp\u016fsoben\u00ed \u010delist\u00ed<\/strong>: Zkou\u0161e\u010dka vyv\u00edj\u00ed rovnom\u011brn\u00fd t\u011bsnic\u00ed tlak mezi <strong>0,15-0,7 MPa<\/strong> a nab\u00edz\u00ed p\u0159izp\u016fsobiteln\u00e9 t\u011bsnic\u00ed \u010delisti (rozm\u011bry, tvary a vzory) pro r\u016fzn\u00e9 testovac\u00ed pot\u0159eby a obalov\u00e9 materi\u00e1ly.<\/li>\n<li><strong>Bezpe\u010dnostn\u00ed prvky<\/strong>: Bezpe\u010dnost u\u017eivatel\u016f je prioritou d\u00edky funkc\u00edm, jako je p\u0159edn\u00ed kryt proti opa\u0159en\u00ed a ru\u010dn\u00ed\/no\u017en\u00ed sp\u00edna\u010de, kter\u00e9 chr\u00e1n\u00ed obsluhu b\u011bhem testov\u00e1n\u00ed.<\/li>\n<\/ul>\n<h2>Hlavn\u00ed parametry<\/h2>\n<table>\n<tbody>\n<tr>\n<td style=\"text-align: center;\" width=\"127\">Teplota t\u011bsn\u011bn\u00ed.<\/td>\n<td style=\"text-align: center;\" width=\"196\">Okoln\u00ed prost\u0159ed\u00ed ~ 250 \u2103<\/td>\n<\/tr>\n<tr>\n<td style=\"text-align: center;\" width=\"127\">Teplota. Gradient<\/td>\n<td style=\"text-align: center;\" width=\"196\">\u226420\u2103<\/td>\n<\/tr>\n<tr>\n<td style=\"text-align: center;\" width=\"127\">Odchylka<\/td>\n<td style=\"text-align: center;\" width=\"196\">\u00b10.2\u2103<\/td>\n<\/tr>\n<tr>\n<td style=\"text-align: center;\" width=\"127\">Doba ut\u011bsn\u011bn\u00ed<\/td>\n<td style=\"text-align: center;\" width=\"196\">0,1S~9999S<\/td>\n<\/tr>\n<tr>\n<td style=\"text-align: center;\" width=\"127\">T\u011bsnic\u00ed tlak<\/td>\n<td style=\"text-align: center;\" width=\"196\">0,15 ~ 0,7 MPa<\/td>\n<\/tr>\n<tr>\n<td style=\"text-align: center;\" width=\"127\">\u010celisti t\u011bsn\u011bn\u00ed (mm)<\/td>\n<td style=\"text-align: center;\" width=\"196\">U:40*10 5KS\/L:330 1KS<\/td>\n<\/tr>\n<tr>\n<td style=\"text-align: center;\" width=\"127\">P\u0159\u00edkon plynu<\/td>\n<td style=\"text-align: center;\" width=\"196\">0,7 MPa s trubkou \u04246 mm<\/td>\n<\/tr>\n<tr>\n<td style=\"text-align: center;\" width=\"127\">Power<\/td>\n<td style=\"text-align: center;\" width=\"196\">AC 220V 50Hz<\/td>\n<\/tr>\n<\/tbody>\n<\/table>\n<h2>Proces testov\u00e1n\u00ed<\/h2>\n<ol>\n<li><strong>Um\u00edst\u011bn\u00ed vzorku<\/strong>: Um\u00edst\u011bte materi\u00e1l vzorku mezi dv\u011b paraleln\u00ed vyh\u0159\u00edvan\u00e9 \u010delisti.<\/li>\n<li><strong>Vyt\u00e1p\u011bn\u00ed a t\u011bsn\u011bn\u00ed<\/strong>: Nastavte teplotu, tlak a \u010das a pot\u00e9 nechte oh\u0159\u00edvac\u00ed \u010delisti p\u016fsobit na vzorek tlakem a teplem.<\/li>\n<li><strong>Dokon\u010den\u00ed a hodnocen\u00ed<\/strong>: Po uplynut\u00ed nastaven\u00e9 doby ut\u011bsn\u011bn\u00ed se \u010delisti otev\u0159ou a pevnost t\u011bsn\u011bn\u00ed se vyhodnot\u00ed pomoc\u00ed r\u016fzn\u00fdch metod, jako je zkou\u0161ka t\u011bsnosti \u00fanikem vzduchu nebo vizu\u00e1ln\u00ed kontrola.<\/li>\n<\/ol>\n<h2>Aplikace a obsluhovan\u00e1 odv\u011btv\u00ed<\/h2>\n<p>Na str\u00e1nk\u00e1ch <strong>Tester pevnosti tepeln\u00e9ho t\u011bsn\u011bn\u00ed<\/strong> m\u00e1 z\u00e1sadn\u00ed v\u00fdznam pro zaji\u0161t\u011bn\u00ed kvality v n\u011bkolika pr\u016fmyslov\u00fdch odv\u011btv\u00edch:<\/p>\n<ul>\n<li><strong>Obalov\u00fd pr\u016fmysl<\/strong>: Zaji\u0161\u0165uje integritu obalov\u00fdch materi\u00e1l\u016f pro potraviny, n\u00e1poje a spot\u0159ebn\u00ed zbo\u017e\u00ed.<\/li>\n<li><strong>Farmaceutick\u00e9 produkty<\/strong>: Ov\u011b\u0159uje, zda plomby na obalech l\u00e9k\u016f spl\u0148uj\u00ed regula\u010dn\u00ed normy a zachov\u00e1vaj\u00ed sterilitu v\u00fdrobk\u016f.<\/li>\n<li><strong>Zdravotnick\u00e9 prost\u0159edky<\/strong>: Testuje obalov\u00e9 materi\u00e1ly z hlediska pevnosti a ochrany citliv\u00fdch zdravotnick\u00fdch prost\u0159edk\u016f.<\/li>\n<li><strong>Elektronika a dal\u0161\u00ed pr\u016fmyslov\u00e1 odv\u011btv\u00ed<\/strong>: Posuzuje obalov\u00e9 materi\u00e1ly pro elektroniku a r\u016fzn\u00e1 dal\u0161\u00ed odv\u011btv\u00ed, kter\u00e1 vy\u017eaduj\u00ed pevn\u00e9 a spolehliv\u00e9 t\u011bsn\u011bn\u00ed.<\/li>\n<\/ul>\n<p>Na str\u00e1nk\u00e1ch <strong>Tester pevnosti tepeln\u00e9ho t\u011bsn\u011bn\u00ed<\/strong> je z\u00e1kladn\u00edm n\u00e1strojem pro v\u00fdrobce, kte\u0159\u00ed cht\u011bj\u00ed zajistit kvalitu, bezpe\u010dnost a trvanlivost sv\u00fdch obalov\u00fdch materi\u00e1l\u016f. Tento tester poskytuje p\u0159esn\u00e9 a spolehliv\u00e9 v\u00fdsledky pro optim\u00e1ln\u00ed v\u00fdkonnost obal\u016f, a\u0165 u\u017e uzav\u00edr\u00e1te potraviny, l\u00e9\u010diva nebo zdravotnick\u00e9 prost\u0159edky. Je vybaven <strong>Zkou\u0161ka t\u011bsnosti gradientn\u00edm teplem<\/strong> funk\u010dnost a soulad s <strong>ASTM F2029<\/strong>, je to dokonal\u00e9 \u0159e\u0161en\u00ed pro dosa\u017een\u00ed v\u017edy vynikaj\u00edc\u00edho tepeln\u00e9ho ut\u011bsn\u011bn\u00ed.<\/p>\n<h2>Sekce \u010casto kladen\u00e9 dotazy: \u010cast\u00e9 ot\u00e1zky t\u00fdkaj\u00edc\u00ed se tester\u016f pevnosti tepeln\u00e9ho t\u011bsn\u011bn\u00ed<\/h2>\n<ol>\n<li><strong>Jak\u00e9 materi\u00e1ly lze testovat pomoc\u00ed p\u0159\u00edstroje Heat Seal Strength Tester?<\/strong>\n<ul>\n<li>Tester je ide\u00e1ln\u00ed pro testov\u00e1n\u00ed \u0161irok\u00e9 \u0161k\u00e1ly obalov\u00fdch materi\u00e1l\u016f, v\u010detn\u011b f\u00f3li\u00ed, lamin\u00e1t\u016f a pru\u017en\u00fdch bari\u00e9rov\u00fdch materi\u00e1l\u016f.<\/li>\n<\/ul>\n<\/li>\n<li><strong>Jakou roli hraje zkou\u0161ka t\u011bsnosti gradientn\u00edm teplem?<\/strong>\n<ul>\n<li>Na str\u00e1nk\u00e1ch <strong>Zkou\u0161ka t\u011bsnosti gradientn\u00edm teplem<\/strong> umo\u017e\u0148uje testov\u00e1n\u00ed p\u0159i r\u016fzn\u00fdch nastaven\u00edch teploty sou\u010dasn\u011b, co\u017e zvy\u0161uje efektivitu d\u00edky zkr\u00e1cen\u00ed doby testov\u00e1n\u00ed a zlep\u0161en\u00ed v\u00fdkonu t\u011bsn\u011bn\u00ed.<\/li>\n<\/ul>\n<\/li>\n<li><strong>Pro jak\u00e1 odv\u011btv\u00ed m\u016f\u017ee b\u00fdt testov\u00e1n\u00ed tepeln\u00e9ho t\u011bsn\u011bn\u00ed p\u0159\u00ednosn\u00e9?<\/strong>\n<ul>\n<li>Odv\u011btv\u00ed, jako jsou potravin\u00e1\u0159sk\u00e9 obaly, l\u00e9\u010diva, zdravotnick\u00e9 prost\u0159edky, elektronika a spot\u0159ebn\u00ed zbo\u017e\u00ed, vyu\u017e\u00edvaj\u00ed tester pevnosti tepeln\u00e9ho t\u011bsn\u011bn\u00ed.<\/li>\n<\/ul>\n<\/li>\n<li><strong>Jak tester pevnosti tepeln\u00e9ho t\u011bsn\u011bn\u00ed zaji\u0161\u0165uje p\u0159esnost?<\/strong>\n<ul>\n<li>D\u00edky funkc\u00edm, jako je p\u0159esn\u00e1 regulace teploty, nastaviteln\u00fd t\u011bsnic\u00ed tlak a p\u0159izp\u016fsobiteln\u00e9 nastaven\u00ed test\u016f, zaji\u0161\u0165uje tester v\u017edy spolehliv\u00e9 a opakovateln\u00e9 v\u00fdsledky.<\/li>\n<\/ul>\n<\/li>\n<li><strong>Je tester pevnosti tepeln\u00e9ho t\u011bsn\u011bn\u00ed v souladu s normami ASTM?<\/strong>\n<ul>\n<li>Ano, tester spl\u0148uje <strong>ASTM F2029<\/strong>, co\u017e zaji\u0161\u0165uje shodu s pr\u016fmyslov\u00fdmi normami pro testov\u00e1n\u00ed pevnosti tepeln\u00e9ho t\u011bsn\u011bn\u00ed a trvanlivosti materi\u00e1lu.<\/li>\n<\/ul>\n<\/li>\n<\/ol>","protected":false},"excerpt":{"rendered":"<p>V obalov\u00e9m pr\u016fmyslu je pro zachov\u00e1n\u00ed celistvosti a bezpe\u010dnosti balen\u00e9ho v\u00fdrobku z\u00e1sadn\u00ed zajistit, aby materi\u00e1ly, jako jsou f\u00f3lie, lamin\u00e1ty a pru\u017en\u00e9 bari\u00e9ry, tvo\u0159ily pevn\u00e9 a odoln\u00e9 t\u011bsn\u011bn\u00ed. A\u0165 u\u017e bal\u00edte potraviny, l\u00e9\u010diva, zdravotnick\u00e9 prost\u0159edky nebo elektroniku, <strong>pevnost tepeln\u00e9ho t\u011bsn\u011bn\u00ed<\/strong> hraje kl\u00ed\u010dovou roli p\u0159i ochran\u011b va\u0161ich v\u00fdrobk\u016f p\u0159ed kontaminac\u00ed, \u00fanikem a zka\u017een\u00edm.<\/p>","protected":false},"featured_media":5911,"comment_status":"closed","ping_status":"closed","template":"","meta":{"site-sidebar-layout":"default","site-content-layout":"default","ast-global-header-display":"","ast-main-header-display":"","ast-hfb-above-header-display":"","ast-hfb-below-header-display":"","ast-hfb-mobile-header-display":"","site-post-title":"disabled","ast-breadcrumbs-content":"","ast-featured-img":"disabled","footer-sml-layout":"","theme-transparent-header-meta":"default","adv-header-id-meta":"","stick-header-meta":"","header-above-stick-meta":"","header-main-stick-meta":"","header-below-stick-meta":""},"product_cat":[845,677,149,16,142,95],"product_tag":[65,31,55],"class_list":{"0":"post-1668","1":"product","2":"type-product","3":"status-publish","4":"has-post-thumbnail","6":"product_cat-customization","7":"product_cat-heat-seal-tester","8":"product_cat-pharma-and-medical-testers","9":"product_cat-plastic-packaging-testers","10":"product_cat-astm-f2029","11":"product_cat-products","12":"product_tag-heat-seal","13":"product_tag-heat-sealing","14":"product_tag-heat-seals","15":"desktop-align-left","16":"tablet-align-left","17":"mobile-align-left","19":"first","20":"instock","21":"shipping-taxable","22":"product-type-simple"},"_links":{"self":[{"href":"https:\/\/www.qualitester.com\/cs\/wp-json\/wp\/v2\/product\/1668","targetHints":{"allow":["GET"]}}],"collection":[{"href":"https:\/\/www.qualitester.com\/cs\/wp-json\/wp\/v2\/product"}],"about":[{"href":"https:\/\/www.qualitester.com\/cs\/wp-json\/wp\/v2\/types\/product"}],"replies":[{"embeddable":true,"href":"https:\/\/www.qualitester.com\/cs\/wp-json\/wp\/v2\/comments?post=1668"}],"version-history":[{"count":0,"href":"https:\/\/www.qualitester.com\/cs\/wp-json\/wp\/v2\/product\/1668\/revisions"}],"wp:featuredmedia":[{"embeddable":true,"href":"https:\/\/www.qualitester.com\/cs\/wp-json\/wp\/v2\/media\/5911"}],"wp:attachment":[{"href":"https:\/\/www.qualitester.com\/cs\/wp-json\/wp\/v2\/media?parent=1668"}],"wp:term":[{"taxonomy":"product_cat","embeddable":true,"href":"https:\/\/www.qualitester.com\/cs\/wp-json\/wp\/v2\/product_cat?post=1668"},{"taxonomy":"product_tag","embeddable":true,"href":"https:\/\/www.qualitester.com\/cs\/wp-json\/wp\/v2\/product_tag?post=1668"}],"curies":[{"name":"wp","href":"https:\/\/api.w.org\/{rel}","templated":true}]}}