{"id":1596,"date":"2023-04-25T10:41:14","date_gmt":"2023-04-25T02:41:14","guid":{"rendered":"https:\/\/www.qualitester.com\/?post_type=product&#038;p=1596"},"modified":"2025-01-13T16:59:36","modified_gmt":"2025-01-13T08:59:36","slug":"gel-strength-tester-gst-01","status":"publish","type":"product","link":"https:\/\/www.qualitester.com\/cs\/produkt-2\/gel-strength-tester-gst-01\/","title":{"rendered":"Tester pevnosti gelu GST-01"},"content":{"rendered":"<div class=\"flex flex-grow flex-col max-w-full\">\n<div class=\"min-h-[20px] text-message flex flex-col items-start whitespace-pre-wrap break-words [.text-message+&amp;]:mt-5 juice:w-full juice:items-end overflow-x-auto gap-2\" dir=\"auto\" data-message-author-role=\"assistant\" data-message-id=\"eb5e23d0-8601-4a2a-8e4f-fedfd0d9ac96\">\n<div class=\"flex w-full flex-col gap-1 juice:empty:hidden juice:first:pt-[3px]\">\n<div class=\"markdown prose w-full break-words dark:prose-invert light\">\n<h2>I. \u00davod do testeru pevnosti gelu<\/h2>\n<p>Na str\u00e1nk\u00e1ch <strong>tester pevnosti gelu<\/strong> je specializovan\u00fd p\u0159\u00edstroj ur\u010den\u00fd k m\u011b\u0159en\u00ed pevnosti a konzistence gel\u016f v r\u016fzn\u00fdch pr\u016fmyslov\u00fdch odv\u011btv\u00edch. Tester Bloom hraje d\u016fle\u017eitou roli p\u0159i zaji\u0161\u0165ov\u00e1n\u00ed kvality a konzistence v\u00fdrobk\u016f v r\u016fzn\u00fdch pr\u016fmyslov\u00fdch odv\u011btv\u00edch. Jeho hlavn\u00ed vyu\u017eit\u00ed je v potravin\u00e1\u0159sk\u00e9m odv\u011btv\u00ed, zejm\u00e9na p\u0159i m\u011b\u0159en\u00ed pevnosti gelu u v\u00fdrobk\u016f na b\u00e1zi surimi, jako je imitace krab\u00edho masa, co\u017e p\u0159\u00edmo ovliv\u0148uje texturu a spokojenost spot\u0159ebitel\u016f.<\/p>\n<h2>II. S\u00edla rozkv\u011btu \u017eelatiny<\/h2>\n<p>Pevnost gelu je kritick\u00fdm parametrem kvality, kter\u00fd p\u0159\u00edmo ovliv\u0148uje strukturu, v\u00fdkon a p\u0159ijatelnost v\u00fdrobk\u016f pro spot\u0159ebitele. Nap\u0159\u00edklad v potravin\u00e1\u0159sk\u00e9m pr\u016fmyslu ovliv\u0148uje pevnost \u017eelatiny nebo surimi v\u00fdrobk\u016f jejich pocit v \u00fastech, pevnost a celkovou senzorickou p\u0159ita\u017elivost. Podobn\u011b ve farmaceutick\u00e9m pr\u016fmyslu jsou konzistentn\u00ed gelov\u00e9 formulace nezbytn\u00e9 pro \u00fa\u010dinn\u00e9 pod\u00e1v\u00e1n\u00ed l\u00e9k\u016f.<\/p>\n<h3>Definice s\u00edly gelu<\/h3>\n<p>Pevnost gelu ozna\u010duje schopnost gelu odol\u00e1vat deformaci p\u016fsoben\u00edm s\u00edly. Ud\u00e1v\u00e1 se v g-cm, co\u017e je sou\u010din s\u00edly a vzd\u00e1lenosti. Jedn\u00e1 se o kl\u00ed\u010dov\u00fd parametr kvality, zejm\u00e9na v potravin\u00e1\u0159sk\u00e9m pr\u016fmyslu, kde je textura a pevnost v\u00fdrobk\u016f, jako je surimi, kl\u00ed\u010dov\u00e1 pro p\u0159ita\u017elivost pro spot\u0159ebitele. . <strong>m\u011b\u0159en\u00ed pevnosti gelu<\/strong> se roz\u0161i\u0159uje i do dal\u0161\u00edch pr\u016fmyslov\u00fdch odv\u011btv\u00ed, jako je farmaceutick\u00fd pr\u016fmysl, kde zaji\u0161\u0165uje konzistenci a \u00fa\u010dinnost l\u00e9k\u016f na b\u00e1zi gelu.<\/p>\n<h3>Definice s\u00edly kv\u011btu<\/h3>\n<p>Pevnost podle Blooma je specifick\u00fdm m\u011b\u0159\u00edtkem pevnosti gelu, definovan\u00fdm jako hmotnost v gramech pot\u0159ebn\u00e1 ke stla\u010den\u00ed povrchu gelu o 4 mm. Je \u0161iroce pou\u017e\u00edv\u00e1na v \u017eelatinov\u00e9m pr\u016fmyslu k hodnocen\u00ed kvality a konzistence v\u00fdrobku.<\/p>\n<h3>P\u0159\u00edklady aplikac\u00ed<\/h3>\n<ul>\n<li><strong>Pr\u016fmysl surimi<\/strong>: P\u0159i v\u00fdrob\u011b imitace krab\u00edho masa ur\u010duje s\u00edla gelu strukturu a kvalitu v\u00fdrobku.<\/li>\n<li><strong>Farmaceutick\u00e9 produkty<\/strong>: Zaji\u0161\u0165uje konzistenci l\u00e9\u010div\u00fdch p\u0159\u00edpravk\u016f na b\u00e1zi gelu.<\/li>\n<li><strong>Lepidla a dal\u0161\u00ed pr\u016fmyslov\u00e1 odv\u011btv\u00ed<\/strong>: Rozhoduj\u00edc\u00ed pro v\u00fdkonnost a pou\u017eit\u00ed v\u00fdrobku.<\/li>\n<\/ul>\n<div class=\"ast-oembed-container\" style=\"height: 100%;\"><iframe title=\"Tester pevnosti gelu | Anal\u00fdza textury\" width=\"500\" height=\"281\" src=\"https:\/\/www.youtube.com\/embed\/SdmIrfBA4P4?feature=oembed\" frameborder=\"0\" allow=\"accelerometer; autoplay; clipboard-write; encrypted-media; gyroscope; picture-in-picture; web-share\" referrerpolicy=\"strict-origin-when-cross-origin\" allowfullscreen><\/iframe><\/div>\n<h2>III. Kl\u00ed\u010dov\u00e9 vlastnosti Bloomova testeru<\/h2>\n<h3>Testovac\u00ed polo\u017eky<\/h3>\n<ul>\n<li><strong>WEIGHT<\/strong>: M\u011b\u0159en\u00ed vzd\u00e1lenosti p\u0159i ur\u010dit\u00e9m zat\u00ed\u017een\u00ed<\/li>\n<li><strong>PEAK<\/strong>: K m\u011b\u0159en\u00ed pevnosti gelu<\/li>\n<li><strong>DISTANCE<\/strong>: M\u011b\u0159en\u00ed z\u00e1t\u011b\u017ee v ur\u010dit\u00e9 vzd\u00e1lenosti<\/li>\n<li><strong>BLOOM<\/strong> <strong>STRENGTH<\/strong>: M\u011b\u0159en\u00ed hmotnosti v gramech pot\u0159ebn\u00e9 ke stla\u010den\u00ed povrchu gelu o 4 mm.<\/li>\n<\/ul>\n<h3>Technick\u00e9 specifikace<\/h3>\n<p>Tester Bloom je zkonstruov\u00e1n s vysokou p\u0159esnost\u00ed a robustnost\u00ed. Jeho technick\u00e9 specifikace zahrnuj\u00ed:<\/p>\n<table width=\"465\">\n<tbody>\n<tr>\n<td width=\"181\">Testovac\u00ed rozsah<\/td>\n<td width=\"284\">0-50N (nebo podle pot\u0159eby)<\/td>\n<\/tr>\n<tr>\n<td>Mrtvice<\/td>\n<td>110 mm (bez sondy)<\/td>\n<\/tr>\n<tr>\n<td>Testovac\u00ed rychlost<\/td>\n<td>1 ~ 100 mm\/min<\/td>\n<\/tr>\n<tr>\n<td>P\u0159esnost posunut\u00ed<\/td>\n<td>0,01 mm<\/td>\n<\/tr>\n<tr>\n<td>P\u0159esnost<\/td>\n<td>0,5% F.S.<\/td>\n<\/tr>\n<tr>\n<td>Kontrola<\/td>\n<td>PLC a rozhran\u00ed \u010dlov\u011bk-stroj<\/td>\n<\/tr>\n<tr>\n<td>V\u00fdstup<\/td>\n<td>Obrazovka, mikrotisk\u00e1rna, RS232 (voliteln\u011b)<\/td>\n<\/tr>\n<\/tbody>\n<\/table>\n<h3>Technick\u00e1 funkce testeru Bloom<\/h3>\n<ul>\n<li><strong>Jednotka \u0159\u00edzen\u00e1 PLC<\/strong>: Nab\u00edz\u00ed stabilitu na pr\u016fmyslov\u00e9 \u00farovni s dotykovou obrazovkou HMI.<\/li>\n<li><strong>7palcov\u00fd dotykov\u00fd displej HMI<\/strong>: Zaji\u0161\u0165uje u\u017eivatelsky p\u0159\u00edv\u011btiv\u00e9 rozhran\u00ed a snadn\u00e9 ovl\u00e1d\u00e1n\u00ed.<\/li>\n<li><strong>P\u0159esn\u00fd mechanismus kuli\u010dkov\u00e9ho \u0161roubu<\/strong>: Umo\u017e\u0148uje p\u0159esn\u00e9 ovl\u00e1d\u00e1n\u00ed rychlosti a v\u00fdtlaku.<\/li>\n<li><strong>Speci\u00e1ln\u011b navr\u017een\u00fd program<\/strong>: Zvy\u0161uje flexibilitu p\u0159i prov\u00e1d\u011bn\u00ed r\u016fzn\u00fdch test\u016f pevnosti gelu.<\/li>\n<li><strong>V\u00edce sv\u00edtidel<\/strong>: Umo\u017e\u0148uje r\u016fzn\u00e9 anal\u00fdzy textur.<\/li>\n<li><strong>Bezpe\u010dnostn\u00ed prvky<\/strong>: Obsahuje ochranu proti p\u0159ekro\u010den\u00ed meze dr\u00e1hy, automatick\u00e9 vracen\u00ed a ochrann\u00fd kryt sn\u00edma\u010de zat\u00ed\u017een\u00ed.<\/li>\n<li><strong>V\u00edce testovac\u00edch polo\u017eek<\/strong>: P\u0159esn\u011b m\u011b\u0159\u00ed hmotnost, \u0161pi\u010dku a vzd\u00e1lenost.<\/li>\n<li><strong>Mikrotisk\u00e1rna typu Dot Matrix<\/strong>: Usnad\u0148uje okam\u017eit\u00fd tisk v\u00fdsledk\u016f test\u016f.<\/li>\n<li><strong>Port RS 232 a profesion\u00e1ln\u00ed software<\/strong>: (Voliteln\u00e9) Pro pokro\u010dilou spr\u00e1vu dat.<\/li>\n<\/ul>\n<h4>P\u0159izp\u016fsoben\u00ed<\/h4>\n<p>P\u0159\u00edstroj GST-01 nab\u00edz\u00ed p\u0159izp\u016fsobiteln\u00e1 nastaven\u00ed pro konkr\u00e9tn\u00ed pot\u0159eby testov\u00e1n\u00ed. Umo\u017e\u0148uje nastaven\u00ed testovac\u00edch polo\u017eek a sond tak, aby vyhovovaly r\u016fzn\u00fdm anal\u00fdz\u00e1m pevnosti a textury gelu.<\/p>\n<h3>IV. Proces testov\u00e1n\u00ed pevnosti podle Blooma<\/h3>\n<p>Zkou\u0161ka pevnosti gelu spo\u010d\u00edv\u00e1 ve stla\u010den\u00ed povrchu vzorku gelu pomoc\u00ed d\u011brovac\u00ed sondy o ur\u010dit\u00e9m pr\u016fm\u011bru a d\u00e9lce. Standardn\u00ed nastaven\u00ed zahrnuj\u00ed:<\/p>\n<ul>\n<li><strong>Pr\u016fm\u011br sondy<\/strong>: 5 mm<\/li>\n<li><strong>Rychlost komprese<\/strong>: 60 mm\/min<\/li>\n<li><strong>M\u011b\u0159ic\u00ed jednotka<\/strong>: g-cm (s\u00edla \u00d7 vzd\u00e1lenost)<\/li>\n<\/ul>\n<p>S\u00edla p\u016fsob\u00edc\u00ed na gel, dokud se neprop\u00edchne, je zaznamen\u00e1na, co\u017e umo\u017e\u0148uje p\u0159esn\u011b zm\u011b\u0159it jeho s\u00edlu.<\/p>\n<h3>V. Aplikace testeru gelov\u00e9 pevnosti GST-01<\/h3>\n<h4>Potravin\u00e1\u0159sk\u00fd pr\u016fmysl<\/h4>\n<ul>\n<li><strong>Kontrola kvality p\u0159i v\u00fdrob\u011b surimi<\/strong>: Zaji\u0161\u0165uje konzistentn\u00ed texturu a kvalitu v\u00fdrobk\u016f, jako je imitace krab\u00edho masa.<\/li>\n<li><strong>Kontroly konzistence potravin na b\u00e1zi gelu<\/strong>: D\u016fle\u017eit\u00e9 pro udr\u017een\u00ed standard\u016f v\u00fdrobk\u016f v r\u016fzn\u00fdch potravin\u00e1\u0159sk\u00fdch v\u00fdrobc\u00edch na b\u00e1zi gelu.<\/li>\n<\/ul>\n<h4>L\u00e9ka\u0159sk\u00fd a farmaceutick\u00fd pr\u016fmysl<\/h4>\n<ul>\n<li><strong>Testov\u00e1n\u00ed zdravotnick\u00fdch v\u00fdrobk\u016f na b\u00e1zi gelu<\/strong>: Zaji\u0161\u0165uje \u00fa\u010dinnost a konzistenci zdravotnick\u00fdch v\u00fdrobk\u016f na b\u00e1zi gelu.<\/li>\n<li><strong>Farmaceutick\u00e9 aplikace<\/strong>: Udr\u017euje kontrolu kvality l\u00e9\u010div\u00fdch p\u0159\u00edpravk\u016f na b\u00e1zi gelu.<\/li>\n<\/ul>\n<h3>VI. NEJ\u010cAST\u011aJ\u0160\u00cd DOTAZY<\/h3>\n<h4>1. Co je to pevnost gelu a pro\u010d je d\u016fle\u017eit\u00e1?<\/h4>\n<p><strong>S\u00edla gelu<\/strong> m\u011b\u0159\u00ed schopnost gelu odol\u00e1vat deformaci p\u016fsoben\u00edm s\u00edly, co\u017e je d\u016fle\u017eit\u00e9 pro ur\u010den\u00ed struktury a kvality v potravin\u00e1ch a farmaceutick\u00fdch v\u00fdrobc\u00edch.<\/p>\n<h4>2. Jak funguje tester pevnosti gelu GST-01?<\/h4>\n<p>P\u0159\u00edstroj GST-01 stla\u010duje povrch gelu pomoc\u00ed d\u011brovac\u00ed sondy konstantn\u00ed rychlost\u00ed deformace a\u017e do prop\u00edchnut\u00ed a zaznamen\u00e1v\u00e1 s\u00edlu a vzd\u00e1lenost pro v\u00fdpo\u010det pevnosti gelu.<\/p>\n<h4>3. Jak\u00e9 jsou kl\u00ed\u010dov\u00e9 vlastnosti GST-01?<\/h4>\n<p>Model GST-01 je vybaven 7palcov\u00fdm dotykov\u00fdm displejem HMI, p\u0159esn\u00fdm mechanismem kuli\u010dkov\u00e9ho vodic\u00edho \u0161roubu, n\u011bkolika up\u00ednac\u00edmi prvky a bezpe\u010dnostn\u00edmi funkcemi, tak\u017ee je velmi p\u0159esn\u00fd a u\u017eivatelsky p\u0159\u00edv\u011btiv\u00fd.<\/p>\n<h4>4. Lze GST-01 p\u0159izp\u016fsobit pro konkr\u00e9tn\u00ed testy?<\/h4>\n<p>Ano, GST-01 nab\u00edz\u00ed p\u0159izp\u016fsobiteln\u00e1 nastaven\u00ed a sondy pro specifick\u00e9 pot\u0159eby testov\u00e1n\u00ed, tak\u017ee je univerz\u00e1ln\u00ed pro r\u016fzn\u00e9 aplikace.<\/p>\n<h4>5. Co je to pevnost v\u00fdkv\u011btu p\u0159i zkou\u0161ce pevnosti gelu?<\/h4>\n<p>S\u00edla rozkv\u011btu je m\u011b\u0159\u00edtkem pevnosti gelu, obvykle \u017eelatiny, a je definov\u00e1na jako hmotnost v gramech pot\u0159ebn\u00e1 k zatla\u010den\u00ed standardn\u00edho p\u00edstu do gelu o 4 mm. Je to kl\u00ed\u010dov\u00fd parametr v potravin\u00e1\u0159sk\u00e9m pr\u016fmyslu, kter\u00fd ur\u010duje kvalitu a tuhnouc\u00ed vlastnosti v\u00fdrobk\u016f na b\u00e1zi \u017eelatiny.<\/p>\n<h2>Souvisej\u00edc\u00ed \u010dl\u00e1nek a produkty<\/h2>\n<p>TEX-01 <a href=\"https:\/\/www.qualitester.com\/cs\/produkt-2\/sale-cheap-texture-analyser\/\" target=\"_blank\" rel=\"noopener\">Analyz\u00e1tor textur<\/a><\/p>\n<\/div>\n<\/div>\n<\/div>\n<\/div>","protected":false},"excerpt":{"rendered":"<p>Na str\u00e1nk\u00e1ch <strong>Tester pevnosti gelu GST-01<\/strong> je nejmodern\u011bj\u0161\u00ed p\u0159\u00edstroj ur\u010den\u00fd k p\u0159esn\u00e9mu m\u011b\u0159en\u00ed pevnosti gelu. P\u0159\u00edstroj GST-01 hraje d\u016fle\u017eitou roli p\u0159i zaji\u0161\u0165ov\u00e1n\u00ed kvality a konzistence v\u00fdrobk\u016f v r\u016fzn\u00fdch pr\u016fmyslov\u00fdch odv\u011btv\u00edch. Jeho hlavn\u00ed vyu\u017eit\u00ed je v potravin\u00e1\u0159sk\u00e9m odv\u011btv\u00ed, zejm\u00e9na p\u0159i m\u011b\u0159en\u00ed gelov\u00e9 pevnosti v\u00fdrobk\u016f na b\u00e1zi surimi, jako je imitace krab\u00edho masa, kter\u00e1 p\u0159\u00edmo ovliv\u0148uje texturu a spokojenost spot\u0159ebitel\u016f.<\/p>","protected":false},"featured_media":6013,"comment_status":"closed","ping_status":"closed","template":"","meta":{"site-sidebar-layout":"default","site-content-layout":"default","ast-global-header-display":"","ast-main-header-display":"","ast-hfb-above-header-display":"","ast-hfb-below-header-display":"","ast-hfb-mobile-header-display":"","site-post-title":"disabled","ast-breadcrumbs-content":"","ast-featured-img":"disabled","footer-sml-layout":"","theme-transparent-header-meta":"default","adv-header-id-meta":"","stick-header-meta":"","header-above-stick-meta":"","header-main-stick-meta":"","header-below-stick-meta":""},"product_cat":[845,929,928,95],"product_tag":[],"class_list":{"0":"post-1596","1":"product","2":"type-product","3":"status-publish","4":"has-post-thumbnail","6":"product_cat-customization","7":"product_cat-gel-strength-tester","8":"product_cat-tpa-texture-analyzer","9":"product_cat-products","10":"desktop-align-left","11":"tablet-align-left","12":"mobile-align-left","14":"first","15":"instock","16":"shipping-taxable","17":"product-type-simple"},"_links":{"self":[{"href":"https:\/\/www.qualitester.com\/cs\/wp-json\/wp\/v2\/product\/1596","targetHints":{"allow":["GET"]}}],"collection":[{"href":"https:\/\/www.qualitester.com\/cs\/wp-json\/wp\/v2\/product"}],"about":[{"href":"https:\/\/www.qualitester.com\/cs\/wp-json\/wp\/v2\/types\/product"}],"replies":[{"embeddable":true,"href":"https:\/\/www.qualitester.com\/cs\/wp-json\/wp\/v2\/comments?post=1596"}],"version-history":[{"count":0,"href":"https:\/\/www.qualitester.com\/cs\/wp-json\/wp\/v2\/product\/1596\/revisions"}],"wp:featuredmedia":[{"embeddable":true,"href":"https:\/\/www.qualitester.com\/cs\/wp-json\/wp\/v2\/media\/6013"}],"wp:attachment":[{"href":"https:\/\/www.qualitester.com\/cs\/wp-json\/wp\/v2\/media?parent=1596"}],"wp:term":[{"taxonomy":"product_cat","embeddable":true,"href":"https:\/\/www.qualitester.com\/cs\/wp-json\/wp\/v2\/product_cat?post=1596"},{"taxonomy":"product_tag","embeddable":true,"href":"https:\/\/www.qualitester.com\/cs\/wp-json\/wp\/v2\/product_tag?post=1596"}],"curies":[{"name":"wp","href":"https:\/\/api.w.org\/{rel}","templated":true}]}}