{"id":7905,"date":"2026-03-25T14:36:07","date_gmt":"2026-03-25T06:36:07","guid":{"rendered":"https:\/\/www.qualitester.com\/?page_id=7905"},"modified":"2026-03-25T14:36:18","modified_gmt":"2026-03-25T06:36:18","slug":"astm-d4595","status":"publish","type":"page","link":"https:\/\/www.qualitester.com\/cs\/standards\/astm-d4595\/","title":{"rendered":"ASTM D4595"},"content":{"rendered":"<h2 data-section-id=\"1tlpuk\" data-start=\"434\" data-end=\"463\">\u00davod do normy ASTM D4595<\/h2>\n<p data-start=\"465\" data-end=\"741\"><strong data-start=\"465\" data-end=\"479\">ASTM D4595<\/strong> definuje standardizovan\u00fd postup pro ur\u010den\u00ed <strong data-start=\"533\" data-end=\"570\">tahov\u00e9 vlastnosti geotextili\u00ed<\/strong> pomoc\u00ed \u0161irok\u00e9ho vzorku. In\u017een\u00fd\u0159i a odborn\u00edci na kontrolu kvality se na tuto metodu spol\u00e9haj\u00ed p\u0159i hodnocen\u00ed chov\u00e1n\u00ed geotextili\u00ed p\u0159i nam\u00e1h\u00e1n\u00ed v tahu v re\u00e1ln\u00fdch aplikac\u00edch.<\/p>\n<p data-start=\"743\" data-end=\"1011\">Na rozd\u00edl od \u00fazkop\u00e1skov\u00fdch metod pou\u017e\u00edv\u00e1 ASTM D4595 <strong data-start=\"790\" data-end=\"824\">metoda tahov\u00e9 zkou\u0161ky v \u0161irok\u00e9m rozsahu<\/strong>, co\u017e minimalizuje bo\u010dn\u00ed kontrakci (kr\u010dek). Tato vlastnost zaji\u0161\u0165uje, \u017ee v\u00fdsledky zkou\u0161ek l\u00e9pe odr\u00e1\u017eej\u00ed skute\u010dn\u00e9 vlastnosti v ter\u00e9nu, zejm\u00e9na u netkan\u00fdch a pru\u017en\u00fdch geotextili\u00ed.<\/p>\n<p data-start=\"1013\" data-end=\"1176\">Metoda se pou\u017e\u00edv\u00e1 pro \u0161irokou \u0161k\u00e1lu materi\u00e1l\u016f, v\u010detn\u011b tkan\u00fdch, netkan\u00fdch, pleten\u00fdch a vrstven\u00fdch geotextili\u00ed pou\u017e\u00edvan\u00fdch v infrastruktu\u0159e a environment\u00e1ln\u00edm in\u017een\u00fdrstv\u00ed.<\/p>\n<h2 data-section-id=\"1e38fcy\" data-start=\"1183\" data-end=\"1219\">Tahov\u00e9 vlastnosti geotextili\u00ed<\/h2>\n<p data-start=\"1221\" data-end=\"1373\">Porozum\u011bn\u00ed <strong data-start=\"1239\" data-end=\"1276\">tahov\u00e9 vlastnosti geotextili\u00ed<\/strong> m\u00e1 z\u00e1sadn\u00ed v\u00fdznam pro aplikace, jako je zpev\u0148ov\u00e1n\u00ed p\u016fdy, v\u00fdstavba silnic a protierozn\u00ed ochrana.<\/p>\n<p data-start=\"1375\" data-end=\"1419\">Norma ASTM D4595 hodnot\u00ed n\u011bkolik kl\u00ed\u010dov\u00fdch parametr\u016f:<\/p>\n<ul data-start=\"1421\" data-end=\"1755\">\n<li data-section-id=\"183mnfh\" data-start=\"1421\" data-end=\"1486\"><strong data-start=\"1423\" data-end=\"1443\">Pevnost v tahu<\/strong>: Maxim\u00e1ln\u00ed s\u00edla na jednotku \u0161\u00ed\u0159ky p\u0159i prasknut\u00ed<\/li>\n<li data-section-id=\"irxdml\" data-start=\"1487\" data-end=\"1553\"><strong data-start=\"1489\" data-end=\"1503\">Prodlou\u017een\u00ed<\/strong>: Procentu\u00e1ln\u00ed n\u00e1r\u016fst d\u00e9lky p\u0159i dan\u00e9 s\u00edle<\/li>\n<li data-section-id=\"5hph78\" data-start=\"1554\" data-end=\"1618\"><strong data-start=\"1556\" data-end=\"1575\">Po\u010d\u00e1te\u010dn\u00ed modul<\/strong>: Tuhost v po\u010d\u00e1te\u010dn\u00ed f\u00e1zi zat\u00ed\u017een\u00ed<\/li>\n<li data-section-id=\"t4nrjd\" data-start=\"1619\" data-end=\"1696\"><strong data-start=\"1621\" data-end=\"1650\">Sekantn\u00ed a offsetov\u00fd modul<\/strong>: Odezva materi\u00e1lu p\u0159i definovan\u00fdch \u00farovn\u00edch deformace<\/li>\n<li data-section-id=\"r8b1le\" data-start=\"1697\" data-end=\"1755\"><strong data-start=\"1699\" data-end=\"1721\">Zlomov\u00e1 hou\u017eevnatost<\/strong>: Energie absorbovan\u00e1 p\u0159ed selh\u00e1n\u00edm<\/li>\n<\/ul>\n<p data-start=\"1757\" data-end=\"1888\">Tyto hodnoty poskytuj\u00ed z\u00e1kladn\u00ed n\u00e1vrhov\u00e9 \u00fadaje pro in\u017een\u00fdry, kte\u0159\u00ed pracuj\u00ed na vyztu\u017een\u00fdch zemn\u00edch konstrukc\u00edch, n\u00e1spech a op\u011brn\u00fdch syst\u00e9mech.<\/p>\n<h2 data-section-id=\"1glc99u\" data-start=\"1895\" data-end=\"1938\">Vysv\u011btlen\u00ed metody zkou\u0161ky tahem na \u0161\u00ed\u0159ku<\/h2>\n<p data-start=\"1940\" data-end=\"2075\">Na str\u00e1nk\u00e1ch <strong data-start=\"1944\" data-end=\"1978\">metoda tahov\u00e9 zkou\u0161ky v \u0161irok\u00e9m rozsahu<\/strong> se prov\u00e1d\u00ed kontrolovan\u00fdm postupem na tahov\u00e9m zku\u0161ebn\u00edm stroji s konstantn\u00ed rychlost\u00ed rozta\u017een\u00ed (CRE).<\/p>\n<h3 data-section-id=\"njnfj3\" data-start=\"2077\" data-end=\"2103\">P\u0159ehled kl\u00ed\u010dov\u00fdch postup\u016f<\/h3>\n<ol data-start=\"2105\" data-end=\"2765\">\n<li data-section-id=\"jurogd\" data-start=\"2105\" data-end=\"2233\"><strong data-start=\"2108\" data-end=\"2132\">P\u0159\u00edprava vzork\u016f<\/strong><br data-start=\"2132\" data-end=\"2135\" \/>P\u0159i zkou\u0161ce se pou\u017e\u00edv\u00e1 \u0161irok\u00fd vzorek, aby se omezily \u00fa\u010dinky okraj\u016f a simulovalo se rozlo\u017een\u00ed nap\u011bt\u00ed v ter\u00e9nu.<\/li>\n<li data-section-id=\"q6h7mj\" data-start=\"2235\" data-end=\"2362\"><strong data-start=\"2238\" data-end=\"2250\">Up\u00edn\u00e1n\u00ed<\/strong><br data-start=\"2250\" data-end=\"2253\" \/>Vzorek je uchopen po cel\u00e9 sv\u00e9 \u0161\u00ed\u0159ce. Spr\u00e1vn\u00e9 vyrovn\u00e1n\u00ed je rozhoduj\u00edc\u00ed, aby nedoch\u00e1zelo ke koncentraci nap\u011bt\u00ed.<\/li>\n<li data-section-id=\"3kt03u\" data-start=\"2364\" data-end=\"2498\"><strong data-start=\"2367\" data-end=\"2385\">Proveden\u00ed testu<\/strong><br data-start=\"2385\" data-end=\"2388\" \/>Stroj p\u016fsob\u00ed tahovou silou stanovenou rychlost\u00ed (obvykle 10 \u00b1 3 % deformace za minutu) a\u017e do prasknut\u00ed.<\/li>\n<li data-section-id=\"zcmqt1\" data-start=\"2500\" data-end=\"2618\"><strong data-start=\"2503\" data-end=\"2522\">Sb\u011br dat<\/strong><br data-start=\"2522\" data-end=\"2525\" \/>Syst\u00e9m pr\u016fb\u011b\u017en\u011b zaznamen\u00e1v\u00e1 s\u00edlu a prodlou\u017een\u00ed a vytv\u00e1\u0159\u00ed k\u0159ivku s\u00edla - prodlou\u017een\u00ed.<\/li>\n<li data-section-id=\"1fwq6fv\" data-start=\"2620\" data-end=\"2765\"><strong data-start=\"2623\" data-end=\"2645\">V\u00fdpo\u010det v\u00fdsledku<\/strong><br data-start=\"2645\" data-end=\"2648\" \/>Pevnost v tahu se vypo\u010d\u00edt\u00e1 jako s\u00edla na jednotku \u0161\u00ed\u0159ky, zat\u00edmco hodnoty prodlou\u017een\u00ed a modulu pru\u017enosti se odvozuj\u00ed z k\u0159ivky.<\/li>\n<\/ol>\n<h3 data-section-id=\"yg2kz5\" data-start=\"2767\" data-end=\"2793\">Pro\u010d je d\u016fle\u017eit\u00e1 \u0161irok\u00e1 \u0161\u00ed\u0159ka<\/h3>\n<p data-start=\"2795\" data-end=\"2948\">Tradi\u010dn\u00ed testy s \u00fazk\u00fdmi prou\u017eky \u010dasto podhodnocuj\u00ed v\u00fdkonnost z d\u016fvodu <strong data-start=\"2865\" data-end=\"2884\">\u00fa\u010dinky na krku<\/strong>. Norma ASTM D4595 tento probl\u00e9m odstra\u0148uje, tak\u017ee je vhodn\u011bj\u0161\u00ed pro:<\/p>\n<ul data-start=\"2950\" data-end=\"3035\">\n<li data-section-id=\"i4e2ap\" data-start=\"2950\" data-end=\"2974\">Netkan\u00e9 geotextilie<\/li>\n<li data-section-id=\"uowa5d\" data-start=\"2975\" data-end=\"3004\">Materi\u00e1ly s vysokou \u017eivotnost\u00ed<\/li>\n<li data-section-id=\"uh7ygu\" data-start=\"3005\" data-end=\"3035\">Aplikace v\u00fdztu\u017ee<\/li>\n<\/ul>\n<h2 data-section-id=\"11283nw\" data-start=\"3042\" data-end=\"3081\">\u0160iroko\u00fahl\u00e9 za\u0159\u00edzen\u00ed pro zkou\u0161en\u00ed v tahu<\/h2>\n<p data-start=\"3083\" data-end=\"3193\">V\u00fdb\u011br spr\u00e1vn\u00e9ho <strong data-start=\"3103\" data-end=\"3143\">za\u0159\u00edzen\u00ed pro tahov\u00e9 zkou\u0161ky v \u0161irok\u00e9m rozsahu<\/strong> je nezbytn\u00fd pro p\u0159esn\u00e9 a opakovateln\u00e9 v\u00fdsledky.<\/p>\n<p data-start=\"3195\" data-end=\"3244\">Vysoce v\u00fdkonn\u00fd tahov\u00fd tester by m\u011bl obsahovat:<\/p>\n<ul data-start=\"3246\" data-end=\"3555\">\n<li data-section-id=\"ulydwb\" data-start=\"3246\" data-end=\"3304\"><strong data-start=\"3248\" data-end=\"3273\">Stabiln\u00ed \u0159\u00eddic\u00ed syst\u00e9m<\/strong> pro p\u0159esnou aplikaci z\u00e1t\u011b\u017ee<\/li>\n<li data-section-id=\"17u4455\" data-start=\"3305\" data-end=\"3371\"><strong data-start=\"3307\" data-end=\"3333\">\u0160irok\u00e9 up\u00ednac\u00ed p\u0159\u00edpravky<\/strong> pro vzorky v cel\u00e9 \u0161\u00ed\u0159ce<\/li>\n<li data-section-id=\"ncfe6w\" data-start=\"3372\" data-end=\"3437\"><strong data-start=\"3374\" data-end=\"3411\">P\u0159esn\u00e9 m\u011b\u0159en\u00ed posunu<\/strong> pro anal\u00fdzu prodlou\u017een\u00ed<\/li>\n<li data-section-id=\"1tijbyw\" data-start=\"3438\" data-end=\"3494\"><strong data-start=\"3440\" data-end=\"3466\">Flexibiln\u00ed regulace rychlosti<\/strong> spln\u011bn\u00ed po\u017eadavk\u016f ASTM<\/li>\n<li data-section-id=\"n02gnc\" data-start=\"3495\" data-end=\"3555\"><strong data-start=\"3497\" data-end=\"3524\">Syst\u00e9m sb\u011bru dat<\/strong> pro anal\u00fdzu k\u0159ivek v re\u00e1ln\u00e9m \u010dase<\/li>\n<\/ul>\n<h3 data-section-id=\"18zfmsq\" data-start=\"3557\" data-end=\"3581\">Doporu\u010den\u00e9 \u0159e\u0161en\u00ed pro tahov\u00e9 zkou\u0161ky geotextili\u00ed se \u0161irokou \u0161\u00ed\u0159kou<\/h3>\n<p><a href=\"https:\/\/www.qualitester.com\/cs\/produkt-2\/tst-01-universal-testing-machine\/\"><img fetchpriority=\"high\" decoding=\"async\" class=\"alignleft wp-image-7906 size-medium\" src=\"https:\/\/www.qualitester.com\/wp-content\/uploads\/2026\/03\/ASTM-D4595-Geotextile-Tensile-Properties-Wide-Width-Method-300x300.webp\" alt=\"ASTM D4595 Tahov\u00e9 vlastnosti geotextili\u00ed - \u0161iroko\u00fahl\u00e1 metoda\" width=\"300\" height=\"300\" srcset=\"https:\/\/www.qualitester.com\/wp-content\/uploads\/2026\/03\/ASTM-D4595-Geotextile-Tensile-Properties-Wide-Width-Method-300x300.webp 300w, https:\/\/www.qualitester.com\/wp-content\/uploads\/2026\/03\/ASTM-D4595-Geotextile-Tensile-Properties-Wide-Width-Method-150x150.webp 150w, https:\/\/www.qualitester.com\/wp-content\/uploads\/2026\/03\/ASTM-D4595-Geotextile-Tensile-Properties-Wide-Width-Method-12x12.webp 12w, https:\/\/www.qualitester.com\/wp-content\/uploads\/2026\/03\/ASTM-D4595-Geotextile-Tensile-Properties-Wide-Width-Method-100x100.webp 100w, https:\/\/www.qualitester.com\/wp-content\/uploads\/2026\/03\/ASTM-D4595-Geotextile-Tensile-Properties-Wide-Width-Method.webp 600w\" sizes=\"(max-width: 300px) 100vw, 300px\" \/><\/a><\/p>\n<p data-start=\"3583\" data-end=\"3679\">Na str\u00e1nk\u00e1ch <strong data-start=\"3587\" data-end=\"3629\">Cell Instruments <a href=\"https:\/\/www.qualitester.com\/cs\/produkt-2\/tst-01-universal-testing-machine\/\">TST-01 \u0160iroko\u00fahl\u00e9 za\u0159\u00edzen\u00ed pro zkou\u0161en\u00ed v tahu<\/a><\/strong>\u00a0je vhodn\u00fd pro testov\u00e1n\u00ed podle normy ASTM D4595. Nab\u00edz\u00ed:<\/p>\n<ul data-start=\"3681\" data-end=\"3959\">\n<li data-section-id=\"1lpexl6\" data-start=\"3681\" data-end=\"3746\">Provoz \u0159\u00edzen\u00fd PLC s intuitivn\u00edm rozhran\u00edm dotykov\u00e9 obrazovky<\/li>\n<li data-section-id=\"1jcej4f\" data-start=\"3747\" data-end=\"3797\">Vysoce p\u0159esn\u00e9 \u0159\u00edzen\u00ed posunu (\u00b10,01 mm)<\/li>\n<li data-section-id=\"19fs2ok\" data-start=\"3798\" data-end=\"3839\">Nastaviteln\u00fd rozsah rychlosti (1-500 mm\/min)<\/li>\n<li data-section-id=\"1inwk2h\" data-start=\"3840\" data-end=\"3897\">Robustn\u00ed mechanick\u00e1 konstrukce pro dlouhodobou spolehlivost<\/li>\n<li data-section-id=\"1lkmee0\" data-start=\"3898\" data-end=\"3959\">Kompatibilita s vlastn\u00edmi p\u0159\u00edpravky pro testov\u00e1n\u00ed geotextili\u00ed<\/li>\n<\/ul>\n<p data-start=\"3961\" data-end=\"4071\">D\u00edky sv\u00e9 p\u0159izp\u016fsobivosti je ide\u00e1ln\u00ed pro laborato\u0159e, kter\u00e9 pracuj\u00ed s r\u016fzn\u00fdmi geotextiln\u00edmi materi\u00e1ly a testovac\u00edmi podm\u00ednkami.<\/p>\n<h2 data-section-id=\"3hjvgm\" data-start=\"4078\" data-end=\"4135\">V\u00fdznam normy ASTM D4595 v technick\u00fdch aplikac\u00edch<\/h2>\n<p data-start=\"4137\" data-end=\"4256\">Norma ASTM D4595 stanov\u00ed <strong data-start=\"4157\" data-end=\"4187\">spolehliv\u00e9 konstruk\u010dn\u00ed parametry<\/strong> pro projekty geotechnick\u00e9ho in\u017een\u00fdrstv\u00ed. In\u017een\u00fd\u0159i vyu\u017e\u00edvaj\u00ed v\u00fdsledky k:<\/p>\n<ul data-start=\"4258\" data-end=\"4420\">\n<li data-section-id=\"1vp4q9r\" data-start=\"4258\" data-end=\"4302\">Navrhov\u00e1n\u00ed zpevn\u011bn\u00fdch vozovek a chodn\u00edk\u016f<\/li>\n<li data-section-id=\"11xl2p1\" data-start=\"4303\" data-end=\"4339\">Vyhodnocen\u00ed syst\u00e9m\u016f stability svah\u016f<\/li>\n<li data-section-id=\"vjekgm\" data-start=\"4340\" data-end=\"4381\">V\u00fdvoj v\u00fdztuh op\u011brn\u00fdch zd\u00ed<\/li>\n<li data-section-id=\"1xr8ne1\" data-start=\"4382\" data-end=\"4420\">Posouzen\u00ed n\u00e1sp\u016f na m\u011bkk\u00fdch p\u016fd\u00e1ch<\/li>\n<\/ul>\n<p data-start=\"4422\" data-end=\"4564\">Vzhledem k tomu, \u017ee test v\u011brn\u011b napodobuje z\u00e1t\u011b\u017eov\u00e9 podm\u00ednky v ter\u00e9nu, p\u0159in\u00e1\u0161\u00ed. <strong data-start=\"4494\" data-end=\"4529\">realisti\u010dt\u011bj\u0161\u00ed \u00fadaje o v\u00fdkonu<\/strong> ve srovn\u00e1n\u00ed s u\u017e\u0161\u00edmi zku\u0161ebn\u00edmi metodami.<\/p>\n<h2 data-section-id=\"w1c0q0\" data-start=\"5096\" data-end=\"5131\">Nej\u010dast\u011bj\u0161\u00ed dotazy<\/h2>\n<p data-start=\"5133\" data-end=\"5312\"><strong data-start=\"5133\" data-end=\"5196\">1. V \u010dem se norma ASTM D4595 li\u0161\u00ed od tahov\u00fdch zkou\u0161ek?<\/strong><br data-start=\"5196\" data-end=\"5199\" \/>Norma ASTM D4595 pou\u017e\u00edv\u00e1 \u0161irok\u00fd vzorek, kter\u00fd omezuje vliv okraj\u016f a poskytuje reprezentativn\u011bj\u0161\u00ed v\u00fdsledky ne\u017e zkou\u0161ky uchopen\u00edm.<\/p>\n<p data-start=\"5314\" data-end=\"5452\"><strong data-start=\"5314\" data-end=\"5364\">2. M\u016f\u017ee <a href=\"https:\/\/store.astm.org\/d4595_d4595m-24.html\" rel=\"nofollow noopener\" target=\"_blank\">ASTM D4595<\/a> pou\u017e\u00edt pro mokr\u00e9 geotextilie?<\/strong><br data-start=\"5364\" data-end=\"5367\" \/>Ano, norma obsahuje postupy pro zkou\u0161en\u00ed kondicionovan\u00fdch i mokr\u00fdch vzork\u016f.<\/p>\n<p data-start=\"5454\" data-end=\"5594\"><strong data-start=\"5454\" data-end=\"5506\">3. Pro\u010d je p\u0159i t\u00e9to zkou\u0161ce d\u016fle\u017eit\u00e1 \u0161\u00ed\u0159ka vzorku?<\/strong><br data-start=\"5506\" data-end=\"5509\" \/>\u0160ir\u0161\u00ed vzorek minimalizuje tvorbu kr\u010dk\u016f a l\u00e9pe simuluje rozlo\u017een\u00ed zat\u00ed\u017een\u00ed v re\u00e1ln\u00e9m sv\u011bt\u011b.<\/p>\n<p data-start=\"5596\" data-end=\"5710\"><strong data-start=\"5596\" data-end=\"5636\">4. Jak\u00fd typ stroje je po\u017eadov\u00e1n?<\/strong><br data-start=\"5636\" data-end=\"5639\" \/>Je zapot\u0159eb\u00ed tahov\u00fd zku\u0161ebn\u00ed stroj s konstantn\u00ed rychlost\u00ed rozta\u017een\u00ed (CRE).<\/p>\n<p data-start=\"5712\" data-end=\"5851\"><strong data-start=\"5712\" data-end=\"5761\">5. Jak \u0159e\u0161\u00edte skluz b\u011bhem testov\u00e1n\u00ed?<\/strong><br data-start=\"5761\" data-end=\"5764\" \/>Pro zlep\u0161en\u00ed v\u00fdkonu m\u016f\u017eete upravit svorky, p\u0159idat polstrov\u00e1n\u00ed nebo upravit \u00fachopov\u00e9 plochy.<\/p>","protected":false},"excerpt":{"rendered":"<p>Introduction to ASTM D4595 ASTM D4595 defines a standardized procedure for determining the tensile properties of geotextiles using a wide specimen. Engineers and quality control professionals rely on this method to evaluate how geotextiles behave under tensile stress in real-world applications. Unlike narrow strip methods, ASTM D4595 uses a wide-width tensile test method, which minimizes &hellip;<\/p>\n<p class=\"read-more\"> <a class=\"\" href=\"https:\/\/www.qualitester.com\/cs\/standards\/astm-d4595\/\"> <span class=\"screen-reader-text\">ASTM D4595<\/span> Pokra\u010dovat ve \u010dten\u00ed \"<\/a><\/p>","protected":false},"author":4,"featured_media":7906,"parent":4948,"menu_order":0,"comment_status":"closed","ping_status":"closed","template":"","meta":{"site-sidebar-layout":"default","site-content-layout":"default","ast-global-header-display":"","ast-main-header-display":"","ast-hfb-above-header-display":"","ast-hfb-below-header-display":"","ast-hfb-mobile-header-display":"","site-post-title":"","ast-breadcrumbs-content":"","ast-featured-img":"disabled","footer-sml-layout":"","theme-transparent-header-meta":"default","adv-header-id-meta":"","stick-header-meta":"","header-above-stick-meta":"","header-main-stick-meta":"","header-below-stick-meta":"","footnotes":""},"class_list":["post-7905","page","type-page","status-publish","has-post-thumbnail","hentry"],"_links":{"self":[{"href":"https:\/\/www.qualitester.com\/cs\/wp-json\/wp\/v2\/pages\/7905","targetHints":{"allow":["GET"]}}],"collection":[{"href":"https:\/\/www.qualitester.com\/cs\/wp-json\/wp\/v2\/pages"}],"about":[{"href":"https:\/\/www.qualitester.com\/cs\/wp-json\/wp\/v2\/types\/page"}],"author":[{"embeddable":true,"href":"https:\/\/www.qualitester.com\/cs\/wp-json\/wp\/v2\/users\/4"}],"replies":[{"embeddable":true,"href":"https:\/\/www.qualitester.com\/cs\/wp-json\/wp\/v2\/comments?post=7905"}],"version-history":[{"count":0,"href":"https:\/\/www.qualitester.com\/cs\/wp-json\/wp\/v2\/pages\/7905\/revisions"}],"up":[{"embeddable":true,"href":"https:\/\/www.qualitester.com\/cs\/wp-json\/wp\/v2\/pages\/4948"}],"wp:featuredmedia":[{"embeddable":true,"href":"https:\/\/www.qualitester.com\/cs\/wp-json\/wp\/v2\/media\/7906"}],"wp:attachment":[{"href":"https:\/\/www.qualitester.com\/cs\/wp-json\/wp\/v2\/media?parent=7905"}],"curies":[{"name":"wp","href":"https:\/\/api.w.org\/{rel}","templated":true}]}}