{"id":7520,"date":"2025-10-28T16:31:21","date_gmt":"2025-10-28T08:31:21","guid":{"rendered":"https:\/\/www.qualitester.com\/?page_id=7520"},"modified":"2025-10-28T16:33:22","modified_gmt":"2025-10-28T08:33:22","slug":"geosynthetics-thickness-testing","status":"publish","type":"page","link":"https:\/\/www.qualitester.com\/cs\/applications\/geosynthetics-thickness-testing\/","title":{"rendered":"Testov\u00e1n\u00ed tlou\u0161\u0165ky geosyntetik"},"content":{"rendered":"<h1 style=\"text-align: center;\" data-start=\"464\" data-end=\"973\">Testov\u00e1n\u00ed tlou\u0161\u0165ky geosyntetik<br \/>\n<small>ASTM D5199 &amp; ISO 9863-1 &amp; ASTM D5994<\/small><\/h1>\n<p data-start=\"464\" data-end=\"973\">Na str\u00e1nk\u00e1ch <em data-start=\"487\" data-end=\"517\">zkou\u0161ka tlou\u0161\u0165ky geosyntetik<\/em> je z\u00e1kladn\u00edm hodnocen\u00edm, kter\u00e9 slou\u017e\u00ed k ur\u010den\u00ed jedn\u00e9 z nejpodstatn\u011bj\u0161\u00edch fyzik\u00e1ln\u00edch vlastnost\u00ed geosyntetick\u00fdch materi\u00e1l\u016f -<strong data-start=\"641\" data-end=\"654\">tlou\u0161\u0165ka<\/strong>. P\u0159esn\u00e9 m\u011b\u0159en\u00ed tlou\u0161\u0165ky p\u0159\u00edmo ovliv\u0148uje v\u00fdkonnost materi\u00e1lu, jeho trvanlivost a shodu s mezin\u00e1rodn\u00edmi normami. A\u0165 u\u017e se jedn\u00e1 o geomembr\u00e1ny, geotextilie nebo geokompozity, porozum\u011bn\u00ed zku\u0161ebn\u00edm metod\u00e1m a jejich d\u016fsledk\u016fm zaji\u0161\u0165uje konzistentn\u00ed kvalitu v\u00fdrobk\u016f a spolehlivou funk\u010dnost aplikac\u00ed.<\/p>\n<hr data-start=\"975\" data-end=\"978\" \/>\n<h2 data-start=\"980\" data-end=\"1040\">V\u00fdznam m\u011b\u0159en\u00ed tlou\u0161\u0165ky geosyntetik<\/h2>\n<p data-start=\"1042\" data-end=\"1408\">Na str\u00e1nk\u00e1ch <em data-start=\"1046\" data-end=\"1074\">tlou\u0161\u0165ka geosyntetik<\/em> je v\u00edc ne\u017e pouh\u00e1 rozm\u011brov\u00e1 vlastnost - je to kl\u00ed\u010dov\u00fd ukazatel kontroly kvality. Tlou\u0161\u0165ka ovliv\u0148uje propustnost, pevnost v tahu, odolnost proti prop\u00edchnut\u00ed a mechanickou stabilitu p\u0159i zat\u00ed\u017een\u00ed. Nap\u0159\u00edklad u skl\u00e1dkov\u00fdch vlo\u017eek nebo dren\u00e1\u017en\u00edch vrstev mohou i mal\u00e9 rozd\u00edly v tlou\u0161\u0165ce ovlivnit proud\u011bn\u00ed tekutin a \u00fa\u010dinnost izolace.<\/p>\n<p data-start=\"1410\" data-end=\"1706\">Udr\u017eov\u00e1n\u00ed jednotn\u00e9 tlou\u0161\u0165ky nap\u0159\u00ed\u010d v\u00fdrobn\u00edmi d\u00e1vkami pom\u00e1h\u00e1 v\u00fdrobc\u016fm dodr\u017eovat specifikace projektu a zaji\u0161\u0165uje dlouhodobou v\u00fdkonnost v ter\u00e9nu. Testov\u00e1n\u00ed tlou\u0161\u0165ky tak\u00e9 podporuje projektov\u00e9 v\u00fdpo\u010dty a procesy zaji\u0161t\u011bn\u00ed kvality, co\u017e z n\u011bj \u010din\u00ed kritick\u00fd krok p\u0159i hodnocen\u00ed geosyntetik.<\/p>\n<hr data-start=\"1708\" data-end=\"1711\" \/>\n<h2 data-start=\"1713\" data-end=\"1758\">Kl\u00ed\u010dov\u00e9 normy - ASTM D5199 &amp; ISO 9863-1 &amp; ASTM D5994<\/h2>\n<p data-start=\"1760\" data-end=\"2038\">P\u0159esn\u00e9 <em data-start=\"1769\" data-end=\"1799\">zkou\u0161ka tlou\u0161\u0165ky geosyntetik<\/em> postupy se \u0159\u00edd\u00ed zaveden\u00fdmi mezin\u00e1rodn\u00edmi normami, jako jsou nap\u0159. <strong data-start=\"1869\" data-end=\"1883\">ASTM D5199<\/strong>, <strong data-start=\"1885\" data-end=\"1899\">ASTM D5994<\/strong>, a <strong data-start=\"1905\" data-end=\"1919\">ISO 9863-1<\/strong>. Ka\u017ed\u00e1 z nich poskytuje strukturovanou metodu m\u011b\u0159en\u00ed r\u016fzn\u00fdch typ\u016f geosyntetick\u00fdch materi\u00e1l\u016f za kontrolovan\u00fdch podm\u00ednek.<\/p>\n<h3 data-start=\"2040\" data-end=\"2094\">ASTM D5199 - Jmenovit\u00e1 tlou\u0161\u0165ka geosyntetik<\/h3>\n<p data-start=\"2095\" data-end=\"2346\"><strong data-start=\"2095\" data-end=\"2109\">ASTM D5199<\/strong> popisuje standardizovan\u00e9 metody ur\u010dov\u00e1n\u00ed <strong data-start=\"2160\" data-end=\"2181\">jmenovit\u00e1 tlou\u0161\u0165ka<\/strong> geosyntetik p\u0159i ur\u010dit\u00e9m tlaku a pr\u016fm\u011bru p\u0159\u00edtla\u010dn\u00e9 patky. Je \u0161iroce pou\u017eiteln\u00fd pro geotextilie, geomembr\u00e1ny (krom\u011b strukturovan\u00fdch) a geonety.<\/p>\n<ul>\n<li data-start=\"2349\" data-end=\"2470\">M\u011b\u0159en\u00ed se prov\u00e1d\u00ed jako vzd\u00e1lenost mezi dv\u011bma rovnob\u011b\u017en\u00fdmi deskami po p\u016fsoben\u00ed ur\u010dit\u00e9ho zat\u00ed\u017een\u00ed po dobu. <strong data-start=\"2454\" data-end=\"2467\">5 sekund<\/strong>.<\/li>\n<li data-start=\"2473\" data-end=\"2516\">Norma uv\u00e1d\u00ed t\u0159i postupy:\n<ul>\n<li data-start=\"2521\" data-end=\"2609\"><em data-start=\"2521\" data-end=\"2534\">Postup A<\/em>: Pro geotextilie a plo\u0161n\u00e9 dren\u00e1\u017en\u00ed materi\u00e1ly pod \u00farovn\u00ed <strong data-start=\"2588\" data-end=\"2597\">2 kPa<\/strong> tlak.<\/li>\n<li data-start=\"2614\" data-end=\"2674\"><em data-start=\"2614\" data-end=\"2627\">Postup B<\/em>: Pro geomembr\u00e1ny pod <strong data-start=\"2652\" data-end=\"2662\">20 kPa<\/strong> tlak.<\/li>\n<li data-start=\"2679\" data-end=\"2759\"><em data-start=\"2679\" data-end=\"2692\">Postup C<\/em>: Vlastn\u00ed nastaven\u00ed pro speci\u00e1ln\u00ed materi\u00e1ly nebo v\u00fdzkumn\u00e9 aplikace.<\/li>\n<\/ul>\n<\/li>\n<\/ul>\n<p data-start=\"2761\" data-end=\"2893\">Tento standard zaji\u0161\u0165uje srovnatelnost a opakovatelnost v\u00fdsledk\u016f, tak\u017ee je ide\u00e1ln\u00ed pro prost\u0159ed\u00ed v\u00fdroby a kontroly kvality.<\/p>\n<h3 data-start=\"2895\" data-end=\"2954\">ASTM D5994 - Tlou\u0161\u0165ka j\u00e1dra strukturovan\u00fdch geomembr\u00e1n<\/h3>\n<p data-start=\"2955\" data-end=\"3193\"><strong data-start=\"2955\" data-end=\"2969\">ASTM D5994<\/strong> se konkr\u00e9tn\u011b zam\u011b\u0159uje na <strong data-start=\"2991\" data-end=\"3016\">strukturovan\u00e9 geomembr\u00e1ny<\/strong>, kter\u00e9 maj\u00ed povrchov\u00e9 vzory nebo struktury. Tyto materi\u00e1ly vy\u017eaduj\u00ed odli\u0161n\u00e9 zku\u0161ebn\u00ed podm\u00ednky, proto\u017ee p\u0159\u00edtla\u010dn\u00e1 patka se nem\u016f\u017ee pln\u011b dot\u00fdkat jejich nerovn\u00fdch povrch\u016f.<\/p>\n<ul>\n<li data-start=\"3196\" data-end=\"3354\">Test se zam\u011b\u0159uje na <strong data-start=\"3220\" data-end=\"3238\">tlou\u0161\u0165ka j\u00e1dra<\/strong>, m\u011b\u0159eno v \u201c\u00fadol\u00edch\u201d strukturovan\u00e9ho povrchu pomoc\u00ed m\u011b\u0159ic\u00edch bod\u016f s pevn\u00fdm tlakem <strong data-start=\"3334\" data-end=\"3351\">0.56 \u00b1 0.05 N<\/strong>.<\/li>\n<li data-start=\"3357\" data-end=\"3455\">Pro ka\u017ed\u00fd vzorek se provedou t\u0159i m\u011b\u0159en\u00ed a nejni\u017e\u0161\u00ed nam\u011b\u0159en\u00e1 hodnota p\u0159edstavuje skute\u010dnou tlou\u0161\u0165ku.<\/li>\n<\/ul>\n<p data-start=\"3457\" data-end=\"3582\">Tato metoda zaji\u0161\u0165uje, \u017ee se m\u011b\u0159en\u00ed soust\u0159ed\u00ed na materi\u00e1l j\u00e1dra a eliminuje zkreslen\u00ed zp\u016fsoben\u00e9 nerovnostmi povrchu.<\/p>\n<h3 data-start=\"3584\" data-end=\"3655\">ISO 9863-1 - Stanoven\u00ed tlou\u0161\u0165ky p\u0159i stanoven\u00e9m tlaku<\/h3>\n<p data-start=\"3656\" data-end=\"3882\"><strong data-start=\"3656\" data-end=\"3670\">ISO 9863-1<\/strong> je mezin\u00e1rodn\u011b uzn\u00e1van\u00fd standard pou\u017e\u00edvan\u00fd zejm\u00e9na pro <strong data-start=\"3729\" data-end=\"3765\">geotextilie a souvisej\u00edc\u00ed v\u00fdrobky<\/strong>. P\u0159edepisuje m\u011b\u0159en\u00ed tlou\u0161\u0165ky vzork\u016f p\u0159i definovan\u00fdch tlac\u00edch a \u010dasech, aby byla zaji\u0161t\u011bna glob\u00e1ln\u00ed rovnom\u011brnost.<\/p>\n<ul>\n<li data-start=\"3885\" data-end=\"4015\">Tato metoda vy\u017eaduje testov\u00e1n\u00ed p\u0159i v\u00edce tlac\u00edch, b\u011b\u017en\u011b p\u0159i <strong data-start=\"3945\" data-end=\"3965\">2 kPa a 20 kPa<\/strong>, pro vyhodnocen\u00ed stla\u010ditelnosti a odezvy na zat\u00ed\u017een\u00ed.<\/li>\n<li data-start=\"4018\" data-end=\"4134\">V\u00fdsledky normy ISO 9863-1 se \u010dasto pou\u017e\u00edvaj\u00ed pro <strong data-start=\"4061\" data-end=\"4102\">mezin\u00e1rodn\u00ed obchod a certifikace<\/strong> d\u00edky jeho celosv\u011btov\u00e9mu p\u0159ijet\u00ed.<\/li>\n<\/ul>\n<p data-start=\"4136\" data-end=\"4271\">Tyto normy spole\u010dn\u011b vytv\u00e1\u0159ej\u00ed ucelen\u00fd r\u00e1mec pro testov\u00e1n\u00ed v\u0161ech typ\u016f geosyntetik, a\u0165 u\u017e hladk\u00fdch, strukturovan\u00fdch nebo kompozitn\u00edch.<\/p>\n<hr data-start=\"4273\" data-end=\"4276\" \/>\n<h2 data-start=\"4278\" data-end=\"4316\">Praktick\u00e9 \u00favahy o testov\u00e1n\u00ed<\/h2>\n<p data-start=\"4318\" data-end=\"4401\">P\u0159esnost m\u011b\u0159en\u00ed ovliv\u0148uje n\u011bkolik faktor\u016f <em data-start=\"4360\" data-end=\"4390\">zkou\u0161ka tlou\u0161\u0165ky geosyntetik<\/em> v\u00fdsledky:<\/p>\n<ul>\n<li data-start=\"4404\" data-end=\"4503\"><strong data-start=\"4404\" data-end=\"4430\">\u00daprava vzorku:<\/strong> Vzorky by m\u011bly b\u00fdt testov\u00e1ny ve standardn\u00ed atmosf\u00e9\u0159e, aby byla zaji\u0161t\u011bna jejich stabilita.<\/li>\n<li data-start=\"4506\" data-end=\"4608\"><strong data-start=\"4506\" data-end=\"4527\">Pou\u017eit\u00fd tlak:<\/strong> Vy\u0161\u0161\u00ed tlaky mohou materi\u00e1l stla\u010dovat a d\u00e1vat men\u0161\u00ed hodnoty tlou\u0161\u0165ky.<\/li>\n<li data-start=\"4611\" data-end=\"4697\"><strong data-start=\"4611\" data-end=\"4624\">Manipulace:<\/strong> Nadm\u011brn\u00e9 nap\u011bt\u00ed nebo deformace b\u011bhem p\u0159\u00edpravy mohou zm\u011bnit v\u00fdsledky.<\/li>\n<li data-start=\"4700\" data-end=\"4804\"><strong data-start=\"4700\" data-end=\"4725\">P\u0159esnost p\u0159\u00edstroje:<\/strong> M\u011b\u0159ic\u00ed syst\u00e9m mus\u00ed m\u00edt jemn\u00e9 rozli\u0161en\u00ed a stabiln\u00ed \u0159\u00edzen\u00ed kontakt\u016f.<\/li>\n<\/ul>\n<p data-start=\"4806\" data-end=\"4920\">Pro dosa\u017een\u00ed spolehliv\u00fdch a reprodukovateln\u00fdch v\u00fdsledk\u016f se laborato\u0159e a v\u00fdrobci spol\u00e9haj\u00ed na modern\u00ed zku\u0161ebn\u00ed za\u0159\u00edzen\u00ed.<\/p>\n<hr data-start=\"4922\" data-end=\"4925\" \/>\n<h2 data-start=\"4927\" data-end=\"4997\">Doporu\u010den\u00fd n\u00e1stroj: Cell Instruments FTT-01 Tester tlou\u0161\u0165ky<\/h2>\n<p><a href=\"https:\/\/www.qualitester.com\/cs\/produkt-2\/ftt-01-the-paper-thickness-testing-machine\/\"><img fetchpriority=\"high\" decoding=\"async\" class=\"size-medium wp-image-7522 alignleft\" src=\"https:\/\/www.qualitester.com\/wp-content\/uploads\/2025\/10\/Geosynthetics-Thickness-Testing-ASTM-D5199-ISO-9863-1-ASTM-D5994-300x300.jpg\" alt=\"Zkou\u0161ky tlou\u0161\u0165ky geosyntetik - ASTM D5199 &amp; ISO 9863-1 &amp; ASTM D5994\" width=\"300\" height=\"300\" srcset=\"https:\/\/www.qualitester.com\/wp-content\/uploads\/2025\/10\/Geosynthetics-Thickness-Testing-ASTM-D5199-ISO-9863-1-ASTM-D5994-300x300.jpg 300w, https:\/\/www.qualitester.com\/wp-content\/uploads\/2025\/10\/Geosynthetics-Thickness-Testing-ASTM-D5199-ISO-9863-1-ASTM-D5994-150x150.jpg 150w, https:\/\/www.qualitester.com\/wp-content\/uploads\/2025\/10\/Geosynthetics-Thickness-Testing-ASTM-D5199-ISO-9863-1-ASTM-D5994-12x12.jpg 12w, https:\/\/www.qualitester.com\/wp-content\/uploads\/2025\/10\/Geosynthetics-Thickness-Testing-ASTM-D5199-ISO-9863-1-ASTM-D5994-100x100.jpg 100w, https:\/\/www.qualitester.com\/wp-content\/uploads\/2025\/10\/Geosynthetics-Thickness-Testing-ASTM-D5199-ISO-9863-1-ASTM-D5994.jpg 600w\" sizes=\"(max-width: 300px) 100vw, 300px\" \/><\/a><\/p>\n<p data-start=\"4999\" data-end=\"5185\">Pro p\u0159esn\u00e9 a efektivn\u00ed testov\u00e1n\u00ed je <strong data-start=\"5039\" data-end=\"5083\">Cell Instruments <a href=\"https:\/\/www.qualitester.com\/cs\/produkt-2\/ftt-01-the-paper-thickness-testing-machine\/\" target=\"_blank\" rel=\"noopener\">Tester tlou\u0161\u0165ky FTT-01<\/a><\/strong> je velmi doporu\u010dovan\u00fdm \u0159e\u0161en\u00edm. Je ur\u010den pro laboratorn\u00ed a v\u00fdrobn\u00ed aplikace a poskytuje:<\/p>\n<ul>\n<li data-start=\"5188\" data-end=\"5248\"><strong data-start=\"5188\" data-end=\"5229\">Vysoce p\u0159esn\u00e9 rozli\u0161en\u00ed m\u011b\u0159en\u00ed<\/strong> (do 0,001 mm)<\/li>\n<li data-start=\"5251\" data-end=\"5344\"><strong data-start=\"5251\" data-end=\"5282\">P\u0159izp\u016fsobiteln\u00fd rozsah tlaku<\/strong> spl\u0148uj\u00ed po\u017eadavky norem ASTM D5199, ASTM D5994 a ISO 9863-1.<\/li>\n<li data-start=\"5347\" data-end=\"5422\"><strong data-start=\"5347\" data-end=\"5381\">Automatick\u00e1 zvedac\u00ed p\u0159\u00edtla\u010dn\u00e1 patka<\/strong> a digit\u00e1ln\u00ed displej pro snadn\u00e9 ovl\u00e1d\u00e1n\u00ed<\/li>\n<li data-start=\"5425\" data-end=\"5487\"><strong data-start=\"5425\" data-end=\"5452\">Stabiln\u00ed kontaktn\u00ed tlak<\/strong> minimalizovat deformaci materi\u00e1lu<\/li>\n<\/ul>\n<p data-start=\"5489\" data-end=\"5779\">Tento p\u0159\u00edstroj zaji\u0161\u0165uje opakovateln\u00e9 v\u00fdsledky u r\u016fzn\u00fdch geosyntetick\u00fdch v\u00fdrobk\u016f, od hladk\u00fdch geomembr\u00e1n a\u017e po netkan\u00e9 geotextilie. D\u00edky sv\u00e9 robustn\u00ed konstrukci a inteligentn\u00edmu \u0159\u00eddic\u00edmu syst\u00e9mu je vhodn\u00fd pro v\u00fdzkumn\u00e9 laborato\u0159e, odd\u011blen\u00ed kontroly kvality a pr\u016fmyslov\u00e9 v\u00fdrobn\u00ed linky.<\/p>\n<hr data-start=\"5781\" data-end=\"5784\" \/>\n<p data-start=\"5804\" data-end=\"6175\">Na str\u00e1nk\u00e1ch <em data-start=\"5808\" data-end=\"5838\">zkou\u0161ka tlou\u0161\u0165ky geosyntetik<\/em> je z\u00e1sadn\u00ed pro hodnocen\u00ed kvality a v\u00fdkonnosti geosyntetick\u00fdch materi\u00e1l\u016f ve stavebnictv\u00ed, \u017eivotn\u00edm prost\u0159ed\u00ed a stavebn\u00edm in\u017een\u00fdrstv\u00ed. Dodr\u017eov\u00e1n\u00edm standardizovan\u00fdch postup\u016f, jako jsou nap\u0159. <a href=\"https:\/\/www.astm.org\/d5199-12r19.html\" target=\"_blank\" rel=\"noopener nofollow\"><strong data-start=\"6034\" data-end=\"6048\">ASTM D5199<\/strong><\/a>, <a href=\"https:\/\/www.astm.org\/Standards\/D5994.htm\" target=\"_blank\" rel=\"noopener nofollow\"><strong data-start=\"6050\" data-end=\"6064\">ASTM D5994<\/strong><\/a>, a <a href=\"https:\/\/www.iso.org\/standard\/59641.html\" target=\"_blank\" rel=\"noopener nofollow\"><strong data-start=\"6070\" data-end=\"6084\">ISO 9863-1<\/strong><\/a>, mohou v\u00fdrobci a laborato\u0159e zajistit p\u0159esn\u00e9, konzistentn\u00ed a srovnateln\u00e9 v\u00fdsledky.<\/p>\n<p data-start=\"6177\" data-end=\"6404\">D\u00edky pokro\u010dil\u00fdm p\u0159\u00edstroj\u016fm, jako je nap\u0159. <strong data-start=\"6212\" data-end=\"6239\">Tester tlou\u0161\u0165ky FTT-01<\/strong> z <strong data-start=\"6245\" data-end=\"6265\">Cell Instruments<\/strong>, mohou u\u017eivatel\u00e9 prov\u00e1d\u011bt spolehliv\u00e1 m\u011b\u0159en\u00ed, kter\u00e1 podporuj\u00ed v\u00fdvoj v\u00fdrobk\u016f, kontrolu kvality a dodr\u017eov\u00e1n\u00ed mezin\u00e1rodn\u00edch norem.<\/p>\n<h2>Nej\u010dast\u011bj\u0161\u00ed dotazy<\/h2>\n<p data-start=\"6198\" data-end=\"6515\"><strong data-start=\"6198\" data-end=\"6258\">1. Pro\u010d je zkou\u0161en\u00ed tlou\u0161\u0165ky geosyntetik d\u016fle\u017eit\u00e9?<\/strong><br data-start=\"6258\" data-end=\"6261\" \/>Testov\u00e1n\u00ed tlou\u0161\u0165ky ur\u010duje schopnost geosyntetiky odol\u00e1vat nam\u00e1h\u00e1n\u00ed, zaji\u0161\u0165ovat filtraci nebo zachov\u00e1vat nepropustnost. Konzistentn\u00ed tlou\u0161\u0165ka zaji\u0161\u0165uje, \u017ee materi\u00e1l \u00fa\u010dinn\u011b pln\u00ed svou zam\u00fd\u0161lenou funkci ve stavebnictv\u00ed a p\u0159i aplikac\u00edch v oblasti \u017eivotn\u00edho prost\u0159ed\u00ed.<\/p>\n<p data-start=\"6517\" data-end=\"6815\"><strong data-start=\"6517\" data-end=\"6581\">2. Jak\u00fd je rozd\u00edl mezi normami ASTM D5199 a ASTM D5994?<\/strong><br data-start=\"6581\" data-end=\"6584\" \/>Norma ASTM D5199 se pou\u017e\u00edv\u00e1 pro hladk\u00e1 geosyntetika, jako jsou geotextilie a netexturovan\u00e9 geomembr\u00e1ny, zat\u00edmco norma ASTM D5994 m\u011b\u0159\u00ed konkr\u00e9tn\u011b hladkost geosyntetik. <em data-start=\"6722\" data-end=\"6738\">tlou\u0161\u0165ka j\u00e1dra<\/em> u strukturovan\u00fdch geomembr\u00e1n, kde m\u011b\u0159en\u00ed ovliv\u0148uj\u00ed nerovnosti povrchu.<\/p>\n<p data-start=\"6817\" data-end=\"7126\"><strong data-start=\"6817\" data-end=\"6867\">3. Jak se norma ISO 9863-1 li\u0161\u00ed od normy ASTM D5199?<\/strong><br data-start=\"6867\" data-end=\"6870\" \/>ISO 9863-1 je mezin\u00e1rodn\u00ed norma pou\u017e\u00edvan\u00e1 p\u0159edev\u0161\u00edm pro geotextilie, kter\u00e1 m\u011b\u0159\u00ed tlou\u0161\u0165ku p\u0159i definovan\u00fdch tlac\u00edch pro hodnocen\u00ed stla\u010ditelnosti. Norma ASTM D5199 je zam\u011b\u0159ena \u0161\u00ed\u0159eji na geosyntetika a poskytuje v\u00edce postup\u016f pro r\u016fzn\u00e9 typy materi\u00e1l\u016f.<\/p>\n<p data-start=\"7128\" data-end=\"7447\"><strong data-start=\"7128\" data-end=\"7202\">4. Jak\u00e9 faktory ovliv\u0148uj\u00ed p\u0159esnost zkou\u0161ky tlou\u0161\u0165ky geosyntetik?<\/strong><br data-start=\"7202\" data-end=\"7205\" \/>P\u0159esnost z\u00e1vis\u00ed na \u00faprav\u011b vzorku, pou\u017eit\u00e9m tlaku, stla\u010ditelnosti materi\u00e1lu a p\u0159esnosti p\u0159\u00edstroje. P\u0159i pou\u017eit\u00ed stabiln\u00edho, kalibrovan\u00e9ho za\u0159\u00edzen\u00ed, jako je nap\u0159. <strong data-start=\"7365\" data-end=\"7392\">Tester tlou\u0161\u0165ky FTT-01<\/strong> pom\u00e1h\u00e1 sni\u017eovat odchylky a zaji\u0161\u0165uje spolehliv\u00e9 v\u00fdsledky.<\/p>\n<p data-start=\"7449\" data-end=\"7786\"><strong data-start=\"7449\" data-end=\"7538\">5. Kter\u00fd p\u0159\u00edstroj se doporu\u010duje pro prov\u00e1d\u011bn\u00ed zkou\u0161ek tlou\u0161\u0165ky podle normy?<\/strong><br data-start=\"7538\" data-end=\"7541\" \/>Na str\u00e1nk\u00e1ch <strong data-start=\"7545\" data-end=\"7589\">Tester tlou\u0161\u0165ky Cell Instruments FTT-01<\/strong> je doporu\u010dov\u00e1n, proto\u017ee spl\u0148uje po\u017eadavky norem ASTM D5199, ASTM D5994 a ISO 9863-1 a nab\u00edz\u00ed vysokou p\u0159esnost, p\u0159izp\u016fsobiteln\u00fd tlak a snadnou obsluhu v laboratorn\u00edm a pr\u016fmyslov\u00e9m prost\u0159ed\u00ed.<\/p>","protected":false},"excerpt":{"rendered":"<p>Geosynthetics Thickness Testing ASTM D5199 &amp; ISO 9863-1 &amp; ASTM D5994 The geosynthetics thickness test is a fundamental evaluation used to determine one of the most essential physical characteristics of geosynthetic materials\u2014thickness. Accurate thickness measurement directly impacts the material\u2019s performance, durability, and compliance with international standards. Whether in geomembranes, geotextiles, or geocomposites, understanding the test &hellip;<\/p>\n<p class=\"read-more\"> <a class=\"\" href=\"https:\/\/www.qualitester.com\/cs\/applications\/geosynthetics-thickness-testing\/\"> <span class=\"screen-reader-text\">Testov\u00e1n\u00ed tlou\u0161\u0165ky geosyntetik<\/span> Pokra\u010dovat ve \u010dten\u00ed \"<\/a><\/p>","protected":false},"author":4,"featured_media":7522,"parent":6794,"menu_order":0,"comment_status":"closed","ping_status":"closed","template":"","meta":{"site-sidebar-layout":"default","site-content-layout":"default","ast-global-header-display":"","ast-main-header-display":"","ast-hfb-above-header-display":"","ast-hfb-below-header-display":"","ast-hfb-mobile-header-display":"","site-post-title":"disabled","ast-breadcrumbs-content":"","ast-featured-img":"disabled","footer-sml-layout":"","theme-transparent-header-meta":"default","adv-header-id-meta":"","stick-header-meta":"","header-above-stick-meta":"","header-main-stick-meta":"","header-below-stick-meta":"","footnotes":""},"class_list":["post-7520","page","type-page","status-publish","has-post-thumbnail","hentry"],"_links":{"self":[{"href":"https:\/\/www.qualitester.com\/cs\/wp-json\/wp\/v2\/pages\/7520","targetHints":{"allow":["GET"]}}],"collection":[{"href":"https:\/\/www.qualitester.com\/cs\/wp-json\/wp\/v2\/pages"}],"about":[{"href":"https:\/\/www.qualitester.com\/cs\/wp-json\/wp\/v2\/types\/page"}],"author":[{"embeddable":true,"href":"https:\/\/www.qualitester.com\/cs\/wp-json\/wp\/v2\/users\/4"}],"replies":[{"embeddable":true,"href":"https:\/\/www.qualitester.com\/cs\/wp-json\/wp\/v2\/comments?post=7520"}],"version-history":[{"count":0,"href":"https:\/\/www.qualitester.com\/cs\/wp-json\/wp\/v2\/pages\/7520\/revisions"}],"up":[{"embeddable":true,"href":"https:\/\/www.qualitester.com\/cs\/wp-json\/wp\/v2\/pages\/6794"}],"wp:featuredmedia":[{"embeddable":true,"href":"https:\/\/www.qualitester.com\/cs\/wp-json\/wp\/v2\/media\/7522"}],"wp:attachment":[{"href":"https:\/\/www.qualitester.com\/cs\/wp-json\/wp\/v2\/media?parent=7520"}],"curies":[{"name":"wp","href":"https:\/\/api.w.org\/{rel}","templated":true}]}}