{"id":7494,"date":"2025-09-24T15:12:02","date_gmt":"2025-09-24T07:12:02","guid":{"rendered":"https:\/\/www.qualitester.com\/?page_id=7494"},"modified":"2025-09-24T15:12:14","modified_gmt":"2025-09-24T07:12:14","slug":"valley-beater-lab","status":"publish","type":"page","link":"https:\/\/www.qualitester.com\/cs\/applications\/valley-beater-lab\/","title":{"rendered":"Valley Beater: P\u0159esn\u00e9 testov\u00e1n\u00ed buni\u010diny pro dokonalou laborato\u0159"},"content":{"rendered":"<h2>Lab Valley Beater: \u0158\u00edzen\u00e9 rafinace pro p\u0159esnou anal\u00fdzu buni\u010diny<\/h2>\n<p data-start=\"377\" data-end=\"942\"><img fetchpriority=\"high\" decoding=\"async\" class=\"size-medium wp-image-7498 alignleft\" src=\"https:\/\/www.qualitester.com\/wp-content\/uploads\/2025\/09\/4f47cdfc331b187fb689d99e85b4b4b0_\u526f\u672c_\u526f\u672c-300x272.webp\" alt=\"Valley beater\" width=\"300\" height=\"272\" srcset=\"https:\/\/www.qualitester.com\/wp-content\/uploads\/2025\/09\/4f47cdfc331b187fb689d99e85b4b4b0_\u526f\u672c_\u526f\u672c-300x272.webp 300w, https:\/\/www.qualitester.com\/wp-content\/uploads\/2025\/09\/4f47cdfc331b187fb689d99e85b4b4b0_\u526f\u672c_\u526f\u672c-13x12.webp 13w, https:\/\/www.qualitester.com\/wp-content\/uploads\/2025\/09\/4f47cdfc331b187fb689d99e85b4b4b0_\u526f\u672c_\u526f\u672c-600x545.webp 600w, https:\/\/www.qualitester.com\/wp-content\/uploads\/2025\/09\/4f47cdfc331b187fb689d99e85b4b4b0_\u526f\u672c_\u526f\u672c.webp 651w\" sizes=\"(max-width: 300px) 100vw, 300px\" \/>Ve sv\u011bt\u011b v\u00fdroby a v\u00fdzkumu pap\u00edru se <strong data-start=\"428\" data-end=\"445\">Valley Beater<\/strong> je d\u016fle\u017eit\u00fdm n\u00e1strojem pro testov\u00e1n\u00ed buni\u010diny. Valley Beater je navr\u017een tak, aby poskytoval p\u0159esn\u00e9 a reprodukovateln\u00e9 v\u00fdsledky, a umo\u017e\u0148uje laborato\u0159\u00edm a pracovn\u00edk\u016fm kontroly kvality simulovat pr\u016fmyslov\u00e9 rafina\u010dn\u00ed procesy v men\u0161\u00edm, kontrolovan\u00e9m m\u011b\u0159\u00edtku. Toto kontrolovan\u00e9 mechanick\u00e9 zpracov\u00e1n\u00ed buni\u010diny je nezbytn\u00e9 pro pochopen\u00ed chov\u00e1n\u00ed vl\u00e1ken, tvorby arch\u016f a celkov\u00e9 kvality pap\u00edru, zejm\u00e9na p\u0159i dodr\u017eov\u00e1n\u00ed mezin\u00e1rodn\u011b uzn\u00e1van\u00fdch norem, jako jsou nap\u0159. <strong data-start=\"910\" data-end=\"924\">TAPPI-T200<\/strong> a <strong data-start=\"929\" data-end=\"941\">ISO 5264<\/strong>.<\/p>\n<p data-start=\"944\" data-end=\"1433\">Na str\u00e1nk\u00e1ch <strong data-start=\"948\" data-end=\"969\">\u0161t\u00edtek Valley Beater<\/strong> je speci\u00e1ln\u011b navr\u017een pro zu\u0161lech\u0165ov\u00e1n\u00ed buni\u010diny s d\u016fsledn\u00fdm mechanick\u00fdm \u00fa\u010dinkem. Na rozd\u00edl od pr\u016fmyslov\u00fdch rafina\u010dn\u00edch p\u0159\u00edstroj\u016f p\u016fsob\u00ed v laboratorn\u00edch podm\u00ednk\u00e1ch \u0159\u00edzenou kompres\u00ed a smykem, co\u017e umo\u017e\u0148uje m\u011b\u0159it vlastnosti buni\u010diny bez variability, kterou p\u0159in\u00e1\u0161ej\u00ed velkov\u00fdrobn\u00ed syst\u00e9my. Hodnocen\u00edm buni\u010diny v tomto m\u011b\u0159\u00edtku mohou v\u00fdzkumn\u00edci p\u0159edv\u00eddat, jak se bude materi\u00e1l chovat p\u0159i komer\u010dn\u00ed v\u00fdrob\u011b pap\u00edru, co\u017e zajist\u00ed vy\u0161\u0161\u00ed efektivitu a sn\u00ed\u017een\u00ed mno\u017estv\u00ed odpadu.<\/p>\n<hr \/>\n<h2 data-start=\"944\" data-end=\"1433\">Princip fungov\u00e1n\u00ed a zu\u0161lech\u0165ov\u00e1n\u00ed vl\u00e1ken<\/h2>\n<p data-start=\"1484\" data-end=\"1661\">Valley Beater funguje tak, \u017ee na vl\u00e1kna buni\u010diny p\u016fsob\u00ed opakovan\u00fdm mechanick\u00fdm p\u016fsoben\u00edm, kter\u00e9 je stla\u010duje a st\u0159\u00edh\u00e1 mezi rotuj\u00edc\u00edm v\u00e1lcem a stacion\u00e1rn\u00ed podlo\u017en\u00ed deskou. Tento proces:<\/p>\n<ul data-start=\"1663\" data-end=\"1846\">\n<li data-start=\"1663\" data-end=\"1709\">\n<p data-start=\"1665\" data-end=\"1709\">Zvy\u0161uje pru\u017enost vl\u00e1ken a jejich fibrilaci.<\/p>\n<\/li>\n<li data-start=\"1710\" data-end=\"1767\">\n<p data-start=\"1712\" data-end=\"1767\">Zv\u011bt\u0161uje spojovac\u00ed plochy pro lep\u0161\u00ed pevnost plechu.<\/p>\n<\/li>\n<li data-start=\"1768\" data-end=\"1846\">\n<p data-start=\"1770\" data-end=\"1846\">Produkuje stejnorodou buni\u010dinu vhodnou pro laboratorn\u00ed testov\u00e1n\u00ed a zaji\u0161t\u011bn\u00ed kvality.<\/p>\n<\/li>\n<\/ul>\n<p data-start=\"1848\" data-end=\"2171\">B\u011bhem rafinace se sni\u017euje tlou\u0161\u0165ka st\u011bny vl\u00e1kna a zvy\u0161uje se jeho povrch, co\u017e m\u00e1 p\u0159\u00edm\u00fd vliv na tvorbu pap\u00edru, pevnost v tahu a p\u00f3rovitost. Kontrolovan\u00e9 laboratorn\u00ed rafinace zaji\u0161\u0165uj\u00ed p\u0159esn\u00e9 posouzen\u00ed t\u011bchto kritick\u00fdch parametr\u016f a pom\u00e1haj\u00ed odborn\u00edk\u016fm \u010dinit informovan\u00e1 rozhodnut\u00ed o \u00faprav\u011b buni\u010diny a slo\u017een\u00ed pap\u00edru.<\/p>\n<hr \/>\n<h2 data-start=\"1848\" data-end=\"2171\">Dodr\u017eov\u00e1n\u00ed norem: <a href=\"https:\/\/imisrise.tappi.org\/TAPPI\/Products\/01\/T\/0104T200.aspx\" target=\"_blank\" rel=\"noopener nofollow\">TAPPI-T200<\/a> a <a href=\"https:\/\/www.iso.org\/standard\/53432.html\" target=\"_blank\" rel=\"noopener nofollow\">ISO 5264<\/a><\/h2>\n<p>Pou\u017eit\u00ed <strong data-start=\"2234\" data-end=\"2251\">Valley Beater<\/strong> v souladu s <strong data-start=\"2271\" data-end=\"2285\">TAPPI-T200<\/strong> a <strong data-start=\"2290\" data-end=\"2302\">ISO 5264<\/strong> zaji\u0161\u0165uje, aby laboratorn\u00ed testy byly standardizovan\u00e9 a mezin\u00e1rodn\u011b srovnateln\u00e9. Norma TAPPI-T200 specifikuje laboratorn\u00ed zpracov\u00e1n\u00ed buni\u010diny a definuje metody p\u0159\u00edpravy a hodnocen\u00ed konzistence buni\u010diny, zat\u00edmco norma ISO 5264 poskytuje n\u00e1vod na zku\u0161ebn\u00ed postupy pro rafinaci buni\u010diny v mal\u00e9m m\u011b\u0159\u00edtku. Dodr\u017eov\u00e1n\u00ed t\u011bchto norem zaru\u010duje spolehliv\u00e9 a reprodukovateln\u00e9 v\u00fdsledky hodnocen\u00ed buni\u010diny a podporuje protokoly kontroly kvality v r\u016fzn\u00fdch pr\u016fmyslov\u00fdch odv\u011btv\u00edch.<\/p>\n<hr \/>\n<h2>Aplikace nap\u0159\u00ed\u010d odv\u011btv\u00edmi<\/h2>\n<p data-start=\"2766\" data-end=\"2819\">\u0160leha\u010d Valley Beater se hojn\u011b pou\u017e\u00edv\u00e1 v r\u016fzn\u00fdch odv\u011btv\u00edch:<\/p>\n<ul data-start=\"2821\" data-end=\"3347\">\n<li data-start=\"2821\" data-end=\"2962\">\n<p data-start=\"2823\" data-end=\"2962\"><strong data-start=\"2823\" data-end=\"2846\">Pap\u00edr a obaly<\/strong>: Optimalizace podm\u00ednek rafinace pro dosa\u017een\u00ed st\u00e1l\u00e9 kvality pap\u00edru v obalov\u00fdch materi\u00e1lech, kapesn\u00edc\u00edch a speci\u00e1ln\u00edch pap\u00edrech.<\/p>\n<\/li>\n<li data-start=\"2963\" data-end=\"3098\">\n<p data-start=\"2965\" data-end=\"3098\"><strong data-start=\"2965\" data-end=\"2990\">V\u00fdzkumn\u00e9 instituce<\/strong>: Studium vlastnost\u00ed vl\u00e1ken a simulace pr\u016fmyslov\u00e9 rafinace za \u00fa\u010delem vyhodnocen\u00ed nov\u00fdch zdroj\u016f nebo slo\u017een\u00ed buni\u010diny.<\/p>\n<\/li>\n<li data-start=\"3099\" data-end=\"3213\">\n<p data-start=\"3101\" data-end=\"3213\"><strong data-start=\"3101\" data-end=\"3133\">Laborato\u0159e kontroly kvality<\/strong>: B\u011b\u017en\u00e9 testov\u00e1n\u00ed buni\u010diny, anal\u00fdza zu\u0161lech\u0165ov\u00e1n\u00ed a ov\u011b\u0159ov\u00e1n\u00ed shody s normami.<\/p>\n<\/li>\n<li data-start=\"3214\" data-end=\"3347\">\n<p data-start=\"3216\" data-end=\"3347\"><strong data-start=\"3216\" data-end=\"3246\">V\u00fdroba speci\u00e1ln\u00edho pap\u00edru<\/strong>: P\u0159esn\u00e1 \u00faprava vl\u00e1ken pro filtra\u010dn\u00ed pap\u00edry, technick\u00e9 pap\u00edry a dal\u0161\u00ed vysoce v\u00fdkonn\u00e9 v\u00fdrobky.<\/p>\n<\/li>\n<\/ul>\n<p data-start=\"3349\" data-end=\"3538\">Vyu\u017eit\u00edm za\u0159\u00edzen\u00ed Valley Beater mohou laborato\u0159e zajistit p\u0159edv\u00eddateln\u00e9 chov\u00e1n\u00ed buni\u010diny p\u0159i n\u00e1sledn\u00e9m zpracov\u00e1n\u00ed, co\u017e vede k vy\u0161\u0161\u00ed kvalit\u011b pap\u00edrov\u00fdch v\u00fdrobk\u016f a sn\u00ed\u017een\u00ed variability v\u00fdroby.<\/p>\n<hr \/>\n<h2 data-start=\"3540\" data-end=\"3585\"><strong data-start=\"3540\" data-end=\"3585\">V\u00fdhody laboratorn\u00edho testov\u00e1n\u00ed buni\u010diny<\/strong><\/h2>\n<ul>\n<li data-start=\"3587\" data-end=\"3691\">\n<p data-start=\"3589\" data-end=\"3691\"><strong data-start=\"3589\" data-end=\"3621\">Optimalizovan\u00e9 vyu\u017eit\u00ed surovin<\/strong>: \u0158\u00edzen\u00e1 rafinace maximalizuje vyu\u017eit\u00ed vl\u00e1ken a minimalizuje mno\u017estv\u00ed odpadu.<\/p>\n<\/li>\n<li data-start=\"3692\" data-end=\"3791\">\n<p data-start=\"3694\" data-end=\"3791\"><strong data-start=\"3694\" data-end=\"3725\">Spolehliv\u00e9 hodnocen\u00ed kvality<\/strong>: Reprodukovateln\u00e9 v\u00fdsledky odr\u00e1\u017eej\u00ed skute\u010dn\u00fd v\u00fdkon p\u0159i v\u00fdrob\u011b pap\u00edru.<\/p>\n<\/li>\n<li data-start=\"3792\" data-end=\"3894\">\n<p data-start=\"3794\" data-end=\"3894\"><strong data-start=\"3794\" data-end=\"3818\">Optimalizace proces\u016f<\/strong>: V\u010dasn\u00e9 testov\u00e1n\u00ed v laborato\u0159i sni\u017euje po\u010det pokus\u016f a omyl\u016f p\u0159i v\u00fdrob\u011b v pln\u00e9m rozsahu.<\/p>\n<\/li>\n<li data-start=\"3895\" data-end=\"4034\">\n<p data-start=\"3897\" data-end=\"4034\"><strong data-start=\"3897\" data-end=\"3925\">Efektivita n\u00e1klad\u016f a \u010dasu<\/strong>: Laboratorn\u00ed zp\u0159esn\u011bn\u00ed pom\u00e1h\u00e1 ur\u010dit optim\u00e1ln\u00ed podm\u00ednky, \u0161et\u0159\u00ed zdroje a zkracuje prostoje ve v\u00fdrob\u011b.<\/p>\n<\/li>\n<\/ul>\n<hr \/>\n<h2 data-start=\"4036\" data-end=\"4082\"><strong data-start=\"4036\" data-end=\"4082\">Pro\u010d si vybrat Cell Instruments <a href=\"https:\/\/www.qualitester.com\/cs\/?s=Valley+Beater\">Valley Beater<\/a>?<\/strong><\/h2>\n<p>Cell Instruments poskytuje <strong data-start=\"4112\" data-end=\"4144\">vysoce p\u0159esn\u00fd \u0161leha\u010d Valley Beater<\/strong> navr\u017een\u00e9 pro konzistentn\u00ed laboratorn\u00ed testov\u00e1n\u00ed. D\u00edky robustn\u00ed konstrukci, snadn\u00e9 obsluze a souladu s normami TAPPI a ISO zaji\u0161\u0165uje spolehliv\u00e9 a reprodukovateln\u00e9 v\u00fdsledky hodnocen\u00ed buni\u010diny. N\u00e1\u0161 t\u00fdm nab\u00edz\u00ed glob\u00e1ln\u00ed podporu, v\u010detn\u011b instalace, \u0161kolen\u00ed a pr\u016fb\u011b\u017en\u00e9 technick\u00e9 pomoci, a pom\u00e1h\u00e1 tak laborato\u0159\u00edm udr\u017eovat vysoce kvalitn\u00ed standardy a zlep\u0161ovat v\u00fdsledky v\u00fdzkumu a v\u00fdroby.<\/p>\n<hr \/>\n<h2 data-start=\"4084\" data-end=\"4532\">Z\u00e1v\u011br<\/h2>\n<p>Pro ka\u017ed\u00e9ho profesion\u00e1la, kter\u00fd pracuje s pap\u00edrovou hmotou. <strong data-start=\"4600\" data-end=\"4617\">Valley Beater<\/strong> je nepostradateln\u00fdm n\u00e1strojem. Dodr\u017eov\u00e1n\u00edm norem TAPPI-T200 a ISO 5264 mohou laborato\u0159e dos\u00e1hnout p\u0159esn\u00e9ho zjemn\u011bn\u00ed vl\u00e1ken, konzistentn\u00ed kvality buni\u010diny a spolehliv\u00fdch prediktivn\u00edch poznatk\u016f pro pr\u016fmyslovou v\u00fdrobu pap\u00edru. A\u0165 u\u017e se jedn\u00e1 o v\u00fdzkum, kontrolu kvality nebo v\u00fdrobu speci\u00e1ln\u00edho pap\u00edru, laboratorn\u00ed \u0161leha\u010d Valley Beater p\u0159edstavuje z\u00e1sadn\u00ed investici do p\u0159esnosti, efektivity a reprodukovatelnosti.<\/p>\n<hr \/>\n<h2 data-start=\"208\" data-end=\"449\">\u010casto kladen\u00e9 ot\u00e1zky<\/h2>\n<p data-start=\"208\" data-end=\"449\"><strong data-start=\"208\" data-end=\"240\">Ot\u00e1zka 1: Co je to Valley Beater?<\/strong><br data-start=\"240\" data-end=\"243\" \/>Valley Beater je p\u0159esn\u00fd laboratorn\u00ed p\u0159\u00edstroj ur\u010den\u00fd ke zu\u0161lech\u0165ov\u00e1n\u00ed vl\u00e1ken buni\u010diny. Simuluje pr\u016fmyslov\u00e9 \u0161leh\u00e1n\u00ed buni\u010diny v men\u0161\u00edm m\u011b\u0159\u00edtku, \u010d\u00edm\u017e zaji\u0161\u0165uje reprodukovateln\u00e9 vlastnosti vl\u00e1ken a p\u0159esn\u00e9 laboratorn\u00ed testov\u00e1n\u00ed.<\/p>\n<p data-start=\"451\" data-end=\"763\"><strong data-start=\"451\" data-end=\"529\">Ot\u00e1zka 2: Jak\u00fd je rozd\u00edl mezi Valley Beater a Hollander Beater?<\/strong><br data-start=\"529\" data-end=\"532\" \/>\u0160leha\u010d Hollander m\u00e1 tradi\u010dn\u00ed pr\u016fmyslov\u00fd design, zat\u00edmco \u0161leha\u010d Valley je standardizov\u00e1n pro laboratorn\u00ed pou\u017eit\u00ed. Umo\u017e\u0148uje \u0159\u00edzen\u00e9 zu\u0161lech\u0165ov\u00e1n\u00ed podle norem TAPPI-T200 a ISO 5264 pro v\u00fdzkum a kontrolu kvality.<\/p>\n<p data-start=\"765\" data-end=\"949\"><strong data-start=\"765\" data-end=\"816\">Ot\u00e1zka 3: M\u016f\u017ee spole\u010dnost Lab Valley Beater testovat recyklovanou buni\u010dinu?<\/strong><br data-start=\"816\" data-end=\"819\" \/>Ano, m\u016f\u017ee zu\u0161lech\u0165ovat panenskou, recyklovanou nebo sm\u00ed\u0161enou buni\u010dinu a pom\u00e1h\u00e1 vyhodnocovat vlastnosti vl\u00e1ken a jejich vhodnost pro r\u016fzn\u00e9 pap\u00edrov\u00e9 v\u00fdrobky.<\/p>\n<p data-start=\"951\" data-end=\"1158\"><strong data-start=\"951\" data-end=\"1001\">Ot\u00e1zka 4: Kolik buni\u010diny je pot\u0159eba na jeden test?<\/strong><br data-start=\"1001\" data-end=\"1004\" \/>Pro test Valley Beater je obvykle zapot\u0159eb\u00ed p\u0159ibli\u017en\u011b 360 gram\u016f v troub\u011b vysu\u0161en\u00e9 buni\u010diny, ale tato hodnota se m\u016f\u017ee li\u0161it v z\u00e1vislosti na zku\u0161ebn\u00ed norm\u011b nebo experiment\u00e1ln\u00edch po\u017eadavc\u00edch.<\/p>\n<p data-start=\"1160\" data-end=\"1386\"><strong data-start=\"1160\" data-end=\"1202\">Ot\u00e1zka 5: Jak udr\u017eovat za\u0159\u00edzen\u00ed Valley Beater?<\/strong><br data-start=\"1202\" data-end=\"1205\" \/>Sta\u010d\u00ed pravideln\u00e9 \u010di\u0161t\u011bn\u00ed a kontrola no\u017e\u016f a rafina\u010dn\u00ed komory. Cell Instruments tak\u00e9 poskytuje technickou podporu a pokyny pro \u00fadr\u017ebu, aby byl zaji\u0161t\u011bn optim\u00e1ln\u00ed v\u00fdkon.<\/p>\n<p data-start=\"1388\" data-end=\"1635\"><strong data-start=\"1388\" data-end=\"1435\">Ot\u00e1zka 6: Pro\u010d je v laborato\u0159\u00edch d\u016fle\u017eit\u00e9 zu\u0161lech\u0165ov\u00e1n\u00ed buni\u010diny?<\/strong><br data-start=\"1435\" data-end=\"1438\" \/>Spr\u00e1vn\u00e9 zu\u0161lecht\u011bn\u00ed ovliv\u0148uje vazbu vl\u00e1ken, pevnost pap\u00edru, p\u00f3rovitost a tvorbu arch\u016f. Testov\u00e1n\u00ed v laboratorn\u00edm m\u011b\u0159\u00edtku zaji\u0161\u0165uje st\u00e1lou kvalitu, sni\u017euje mno\u017estv\u00ed odpadu a podporuje v\u00fdzkum a optimalizaci v\u00fdroby.<\/p>\n<p data-start=\"1637\" data-end=\"1860\"><strong data-start=\"1637\" data-end=\"1714\">Ot\u00e1zka 7: Jsou v\u00fdsledky Valley Beater v souladu s mezin\u00e1rodn\u00edmi standardy?<\/strong><br data-start=\"1714\" data-end=\"1717\" \/>Ano, Valley Beater je pln\u011b v souladu s normami TAPPI-T200 a ISO 5264, co\u017e zaji\u0161\u0165uje reprodukovateln\u00e9 a mezin\u00e1rodn\u011b uzn\u00e1van\u00e9 v\u00fdsledky.<\/p>","protected":false},"excerpt":{"rendered":"<p>Lab Valley Beater: Controlled Refining for Accurate Pulp Analysis In the world of paper production and research, the Valley Beater stands out as a critical instrument for pulp testing. Designed to provide precise and reproducible results, the Valley Beater allows laboratories and quality control personnel to simulate industrial refining processes on a smaller, controlled scale. &hellip;<\/p>\n<p class=\"read-more\"> <a class=\"\" href=\"https:\/\/www.qualitester.com\/cs\/applications\/valley-beater-lab\/\"> <span class=\"screen-reader-text\">Valley Beater: P\u0159esn\u00e9 testov\u00e1n\u00ed buni\u010diny pro dokonalou laborato\u0159<\/span> Pokra\u010dovat ve \u010dten\u00ed \"<\/a><\/p>","protected":false},"author":3,"featured_media":0,"parent":6794,"menu_order":0,"comment_status":"closed","ping_status":"closed","template":"","meta":{"site-sidebar-layout":"default","site-content-layout":"default","ast-global-header-display":"","ast-main-header-display":"","ast-hfb-above-header-display":"","ast-hfb-below-header-display":"","ast-hfb-mobile-header-display":"","site-post-title":"","ast-breadcrumbs-content":"","ast-featured-img":"","footer-sml-layout":"","theme-transparent-header-meta":"default","adv-header-id-meta":"","stick-header-meta":"","header-above-stick-meta":"","header-main-stick-meta":"","header-below-stick-meta":"","footnotes":""},"class_list":["post-7494","page","type-page","status-publish","hentry"],"_links":{"self":[{"href":"https:\/\/www.qualitester.com\/cs\/wp-json\/wp\/v2\/pages\/7494","targetHints":{"allow":["GET"]}}],"collection":[{"href":"https:\/\/www.qualitester.com\/cs\/wp-json\/wp\/v2\/pages"}],"about":[{"href":"https:\/\/www.qualitester.com\/cs\/wp-json\/wp\/v2\/types\/page"}],"author":[{"embeddable":true,"href":"https:\/\/www.qualitester.com\/cs\/wp-json\/wp\/v2\/users\/3"}],"replies":[{"embeddable":true,"href":"https:\/\/www.qualitester.com\/cs\/wp-json\/wp\/v2\/comments?post=7494"}],"version-history":[{"count":0,"href":"https:\/\/www.qualitester.com\/cs\/wp-json\/wp\/v2\/pages\/7494\/revisions"}],"up":[{"embeddable":true,"href":"https:\/\/www.qualitester.com\/cs\/wp-json\/wp\/v2\/pages\/6794"}],"wp:attachment":[{"href":"https:\/\/www.qualitester.com\/cs\/wp-json\/wp\/v2\/media?parent=7494"}],"curies":[{"name":"wp","href":"https:\/\/api.w.org\/{rel}","templated":true}]}}