{"id":7013,"date":"2025-07-16T14:16:12","date_gmt":"2025-07-16T06:16:12","guid":{"rendered":"https:\/\/www.qualitester.com\/?page_id=7013"},"modified":"2025-07-23T14:24:59","modified_gmt":"2025-07-23T06:24:59","slug":"needle-sharpness-testing","status":"publish","type":"page","link":"https:\/\/www.qualitester.com\/cs\/applications\/needle-sharpness-testing\/","title":{"rendered":"Zkou\u0161ka ostrosti a pr\u016fchodnosti jehly"},"content":{"rendered":"<h1 style=\"text-align: center;\" data-start=\"370\" data-end=\"882\">Testov\u00e1n\u00ed ostrosti jehel<\/h1>\n<h1 style=\"text-align: center;\" data-start=\"370\" data-end=\"882\"><\/h1>\n<p data-start=\"407\" data-end=\"827\">Ve sv\u011bt\u011b v\u00fdroby zdravotnick\u00fdch prost\u0159edk\u016f, <strong data-start=\"453\" data-end=\"481\">testov\u00e1n\u00ed ostrosti jehel<\/strong> je d\u016fle\u017eit\u00fdm krokem kontroly kvality, kter\u00fd zaji\u0161\u0165uje bezpe\u010dn\u00e9 a \u00fa\u010dinn\u00e9 pou\u017e\u00edv\u00e1n\u00ed jehel v klinick\u00fdch aplikac\u00edch. A\u0165 u\u017e se jehla pou\u017e\u00edv\u00e1 k injekc\u00edm, \u0161it\u00ed nebo pod\u00e1v\u00e1n\u00ed l\u00e9k\u016f, jej\u00ed v\u00fdkon je do zna\u010dn\u00e9 m\u00edry z\u00e1visl\u00fd na jej\u00ed ostrosti. \u0160patn\u011b vyroben\u00e9 nebo tup\u00e9 jehly mohou v\u00e9st k nepohodl\u00ed pacienta, poran\u011bn\u00ed tk\u00e1n\u011b a sn\u00ed\u017een\u00ed \u00fa\u010dinnosti l\u00e9\u010dby.<\/p>\n<p data-start=\"829\" data-end=\"1250\">Pro v\u00fdrobce a pracovn\u00edky v oblasti kontroly kvality je pochopen\u00ed princip\u016f ostrosti a <strong data-start=\"928\" data-end=\"960\">testov\u00e1n\u00ed pr\u016fchodnosti jehel<\/strong>-zejm\u00e9na v souladu s <strong data-start=\"993\" data-end=\"1005\">ISO 7864<\/strong>, <a href=\"https:\/\/www.qualitester.com\/cs\/kategorie-produktu\/iso\/iso-11040-4\/\" target=\"_blank\" rel=\"noopener\"><strong data-start=\"1007\" data-end=\"1022\">ISO 11040-4<\/strong><\/a>, a <strong data-start=\"1028\" data-end=\"1042\">ISO 8871-5<\/strong>-je z\u00e1sadn\u00ed. Tento \u010dl\u00e1nek popisuje zku\u0161ebn\u00ed metody, v\u00fdznam a p\u0159\u00edstrojov\u00e9 vybaven\u00ed souvisej\u00edc\u00ed s testov\u00e1n\u00edm v\u00fdkonu jehly a uv\u00e1d\u00ed z\u00e1kladn\u00ed postupy pro dosa\u017een\u00ed spolehliv\u00fdch a vyhovuj\u00edc\u00edch v\u00fdsledk\u016f.<\/p>\n<hr \/>\n<h2>Pro\u010d je d\u016fle\u017eit\u00e9 testov\u00e1n\u00ed ostrosti jehel<\/h2>\n<p data-start=\"1298\" data-end=\"1502\">L\u00e9ka\u0159i se spol\u00e9haj\u00ed na ostr\u00e9 a p\u0159esn\u00e9 jehly, kter\u00e9 minimalizuj\u00ed nepohodl\u00ed, omezuj\u00ed po\u0161kozen\u00ed tk\u00e1n\u011b a zaji\u0161\u0165uj\u00ed \u00fa\u010dinn\u00fd pr\u016fnik. \u0160patn\u011b vyroben\u00e1 jehla zvy\u0161uje zav\u00e1d\u011bc\u00ed s\u00edlu, co\u017e vede k:<\/p>\n<ul data-start=\"1504\" data-end=\"1663\">\n<li data-start=\"1504\" data-end=\"1531\">\n<p data-start=\"1506\" data-end=\"1531\"><strong data-start=\"1506\" data-end=\"1531\">Bolest a strach pacient\u016f<\/strong><\/p>\n<\/li>\n<li data-start=\"1532\" data-end=\"1574\">\n<p data-start=\"1534\" data-end=\"1574\"><strong data-start=\"1534\" data-end=\"1574\">Opo\u017ed\u011bn\u00e9 hojen\u00ed v d\u016fsledku traumatu tk\u00e1n\u011b<\/strong><\/p>\n<\/li>\n<li data-start=\"1575\" data-end=\"1624\">\n<p data-start=\"1577\" data-end=\"1624\"><strong data-start=\"1577\" data-end=\"1624\">Sn\u00ed\u017een\u00e1 p\u0159esnost p\u0159i pod\u00e1v\u00e1n\u00ed l\u00e9k\u016f<\/strong><\/p>\n<\/li>\n<li data-start=\"1625\" data-end=\"1663\">\n<p data-start=\"1627\" data-end=\"1663\"><strong data-start=\"1627\" data-end=\"1663\">Sn\u00ed\u017een\u00e1 d\u016fv\u011bra ve zdravotnick\u00e9 prost\u0159edky<\/strong><\/p>\n<\/li>\n<\/ul>\n<p data-start=\"1665\" data-end=\"1842\">Tedy, <strong data-start=\"1671\" data-end=\"1699\">testov\u00e1n\u00ed ostrosti jehel<\/strong> nejde jen o pohodl\u00ed - jde o to. <strong data-start=\"1736\" data-end=\"1789\">zaji\u0161t\u011bn\u00ed klinick\u00e9 bezpe\u010dnosti, konzistence v\u00fdkonu<\/strong>, a <strong data-start=\"1795\" data-end=\"1841\">spln\u011bn\u00ed mezin\u00e1rodn\u00edch regula\u010dn\u00edch norem<\/strong>.<\/p>\n<hr \/>\n<h2 data-start=\"1401\" data-end=\"1548\">Zku\u0161ebn\u00ed normy pro ostrost a pronikavost jehel<\/h2>\n<p>Pro p\u0159esn\u00e9 vyhodnocen\u00ed v\u00fdkonu jehly poskytuj\u00ed celosv\u011btov\u00e9 normy jasn\u00e9 zku\u0161ebn\u00ed metody:<\/p>\n<h3 data-start=\"1996\" data-end=\"2081\">Zkou\u0161ka pr\u016fchodnosti jehlou pro pry\u017eov\u00e9 z\u00e1tky - ISO 11040-4, ISO 7864, ISO 8871-5<\/h3>\n<p data-start=\"2083\" data-end=\"2353\"><strong data-start=\"2083\" data-end=\"2098\">ISO 11040-4<\/strong> a <strong data-start=\"2103\" data-end=\"2115\">ISO 7864<\/strong> popsat standardizovan\u00e9 <strong data-start=\"2138\" data-end=\"2181\">zkou\u0161ky pr\u016fchodnosti pry\u017eov\u00fdch z\u00e1tek<\/strong> a injek\u010dn\u00ed jehly. Tyto testy simuluj\u00ed re\u00e1ln\u00e9 sc\u00e9n\u00e1\u0159e prop\u00edchnut\u00ed, kdy jehly mus\u00ed za kontrolovan\u00fdch podm\u00ednek prop\u00edchnout gumov\u00e9 uz\u00e1v\u011bry lahvi\u010dek nebo podobn\u00e9 materi\u00e1ly.<\/p>\n<ul data-start=\"2355\" data-end=\"2800\">\n<li data-start=\"2355\" data-end=\"2495\">\n<p data-start=\"2357\" data-end=\"2495\"><strong data-start=\"2357\" data-end=\"2388\">M\u011b\u0159en\u00ed zasouvac\u00ed s\u00edly<\/strong>: Jehly se zav\u00e1d\u011bj\u00ed do pry\u017eov\u00e9ho nebo syntetick\u00e9ho zku\u0161ebn\u00edho substr\u00e1tu pomoc\u00ed kompresn\u00edho syst\u00e9mu s konstantn\u00ed rychlost\u00ed.<\/p>\n<\/li>\n<li data-start=\"2496\" data-end=\"2662\">\n<p data-start=\"2498\" data-end=\"2662\"><strong data-start=\"2498\" data-end=\"2527\">Vlastnosti substr\u00e1tu<\/strong>: Materi\u00e1ly mohou zahrnovat latex (40 \u00b1 5 Shore A), polyuretan, silikonovou pry\u017e nebo LDPE f\u00f3lii pro repliku pry\u017eov\u00fdch z\u00e1tek pro l\u00e9ka\u0159sk\u00e9 \u00fa\u010dely.<\/p>\n<\/li>\n<li data-start=\"2663\" data-end=\"2800\">\n<p data-start=\"2665\" data-end=\"2800\"><strong data-start=\"2665\" data-end=\"2680\">V\u00fdstup dat<\/strong>: Test m\u011b\u0159\u00ed maxim\u00e1ln\u00ed penetra\u010dn\u00ed s\u00edlu (po\u010d\u00e1te\u010dn\u00ed zlomovou s\u00edlu) a klouzav\u00e9 t\u0159en\u00ed po celou dobu zav\u00e1d\u011bn\u00ed jehly.<\/p>\n<\/li>\n<\/ul>\n<p data-start=\"2802\" data-end=\"2842\">Tyto standardizovan\u00e9 testy pom\u00e1haj\u00ed ur\u010dit:<\/p>\n<ul data-start=\"2844\" data-end=\"2986\">\n<li data-start=\"2844\" data-end=\"2890\">\n<p data-start=\"2846\" data-end=\"2890\">zda je hrot jehly dostate\u010dn\u011b ostr\u00fd<\/p>\n<\/li>\n<li data-start=\"2891\" data-end=\"2936\">\n<p data-start=\"2893\" data-end=\"2936\">Jak d\u016fsledn\u00fd je v\u00fdrobn\u00ed proces<\/p>\n<\/li>\n<li data-start=\"2937\" data-end=\"2986\">\n<p data-start=\"2939\" data-end=\"2986\">Kompatibilita mezi jehlou a pry\u017eov\u00fdm uz\u00e1v\u011brem<\/p>\n<\/li>\n<\/ul>\n<hr \/>\n<h3>Vybaven\u00ed a nastaven\u00ed pro testov\u00e1n\u00ed ostrosti jehel<\/h3>\n<p data-start=\"3590\" data-end=\"3712\"><strong data-start=\"3590\" data-end=\"3635\">Tester ostrosti jehel Cell Instruments<\/strong> poskytuje p\u0159esn\u00e9 testov\u00e1n\u00ed v souladu s normami ISO a ASTM. Zahrnuje:<\/p>\n<ul data-start=\"3714\" data-end=\"4127\">\n<li data-start=\"3714\" data-end=\"3830\">\n<p data-start=\"3716\" data-end=\"3830\"><strong data-start=\"3716\" data-end=\"3744\">Syst\u00e9m m\u011b\u0159en\u00ed s\u00edly<\/strong>: Z\u00e1t\u011b\u017eov\u00e1 bu\u0148ka schopn\u00e1 zachytit s\u00edly ji\u017e od 0,01 N s v\u00fdstupem s vysok\u00fdm rozli\u0161en\u00edm.<\/p>\n<\/li>\n<li data-start=\"3831\" data-end=\"3914\">\n<p data-start=\"3833\" data-end=\"3914\"><strong data-start=\"3833\" data-end=\"3863\">Programovateln\u00e1 regulace ot\u00e1\u010dek<\/strong>: Udr\u017euje zku\u0161ebn\u00ed rychlost 100 mm\/min stanovenou normou ISO.<\/p>\n<\/li>\n<li data-start=\"3915\" data-end=\"4022\">\n<p data-start=\"3917\" data-end=\"4022\"><strong data-start=\"3917\" data-end=\"3937\">Dr\u017e\u00e1k substr\u00e1tu<\/strong>: Zaji\u0161\u0165uje zku\u0161ebn\u00ed materi\u00e1ly s definovan\u00fdm pr\u016fnikem (obvykle o pr\u016fm\u011bru 10 mm).<\/p>\n<\/li>\n<li data-start=\"4023\" data-end=\"4127\">\n<p data-start=\"4025\" data-end=\"4127\"><strong data-start=\"4025\" data-end=\"4049\">7palcov\u00e9 rozhran\u00ed HMI<\/strong>: Umo\u017e\u0148uje intuitivn\u00ed nastaven\u00ed testu a anal\u00fdzu k\u0159ivky s\u00edla-posun v re\u00e1ln\u00e9m \u010dase.<\/p>\n<\/li>\n<\/ul>\n<p data-start=\"4129\" data-end=\"4289\">S podporou pro <strong data-start=\"4146\" data-end=\"4208\">r\u016fzn\u00e9 rozm\u011bry jehel, typy p\u00edst\u016f a proveden\u00ed z\u00e1tek.<\/strong>, syst\u00e9m je tak\u00e9 velmi dob\u0159e p\u0159izp\u016fsobiteln\u00fd pro specializovan\u00e9 aplikace v\u00fdzkumu a v\u00fdvoje a kontroly kvality.<\/p>\n<hr \/>\n<h2 data-start=\"3068\" data-end=\"3163\">V\u00fdhody dodr\u017eov\u00e1n\u00ed normy ISO 7864 a souvisej\u00edc\u00edch norem<\/h2>\n<ul data-start=\"4358\" data-end=\"4725\">\n<li data-start=\"4358\" data-end=\"4447\">\n<p data-start=\"4360\" data-end=\"4447\"><strong data-start=\"4360\" data-end=\"4387\">Zv\u00fd\u0161en\u00e1 bezpe\u010dnost v\u00fdrobk\u016f<\/strong>: Zaji\u0161\u0165uje spolehliv\u00e9 fungov\u00e1n\u00ed jehel v klinick\u00fdch podm\u00ednk\u00e1ch.<\/p>\n<\/li>\n<li data-start=\"4448\" data-end=\"4531\">\n<p data-start=\"4450\" data-end=\"4531\"><strong data-start=\"4450\" data-end=\"4478\">Minimalizace traumatizace pacient\u016f<\/strong>: Optimalizuje konstrukci jehly pro m\u00e9n\u011b bolestiv\u00e9 zav\u00e1d\u011bn\u00ed.<\/p>\n<\/li>\n<li data-start=\"4532\" data-end=\"4633\">\n<p data-start=\"4534\" data-end=\"4633\"><strong data-start=\"4534\" data-end=\"4563\">Konzistence v\u00fdroby<\/strong>: Ov\u011b\u0159uje geometrii hrotu, kvalitu povrchu a opakovatelnost v\u00fdroby.<\/p>\n<\/li>\n<li data-start=\"4634\" data-end=\"4725\">\n<p data-start=\"4636\" data-end=\"4725\"><strong data-start=\"4636\" data-end=\"4668\">Dodr\u017eov\u00e1n\u00ed glob\u00e1ln\u00edch p\u0159edpis\u016f<\/strong>: Spl\u0148uje po\u017eadavky FDA, EU MDR a mezin\u00e1rodn\u00edch audit\u016f.<\/p>\n<\/li>\n<\/ul>\n<hr \/>\n<h2>Kl\u00ed\u010dov\u00e9 \u00favahy p\u0159i zkou\u0161ce pr\u016fchodnosti pry\u017eov\u00fdch z\u00e1tek<\/h2>\n<figure id=\"attachment_7014\" aria-describedby=\"caption-attachment-7014\" style=\"width: 286px\" class=\"wp-caption alignright\"><img fetchpriority=\"high\" decoding=\"async\" class=\"wp-image-7014\" src=\"https:\/\/www.qualitester.com\/wp-content\/uploads\/2025\/07\/3.needle-sharpness-tester_11zon-300x300.webp\" alt=\"Zkou\u0161ka ostrosti jehly a zkou\u0161ka pr\u016fchodnosti pry\u017eov\u00fdch z\u00e1tek je normalizov\u00e1na v norm\u011b ISO 7864 pro po\u017eadavky na s\u00edlu vpichu injek\u010dn\u00ed jehly\uff0c zat\u00edmco norma ISO 11040-4 specifikuje zkou\u0161ky pr\u016fchodnosti pro syst\u00e9my p\u0159edpln\u011bn\u00fdch injek\u010dn\u00edch st\u0159\u00edka\u010dek, dopln\u011bn\u00e9 normou ISO 8871-5 pro vlastnosti elastomerov\u00fdch uzav\u00edrac\u00edch materi\u00e1l\u016f\u3002.\" width=\"286\" height=\"286\" srcset=\"https:\/\/www.qualitester.com\/wp-content\/uploads\/2025\/07\/3.needle-sharpness-tester_11zon-300x300.webp 300w, https:\/\/www.qualitester.com\/wp-content\/uploads\/2025\/07\/3.needle-sharpness-tester_11zon-1024x1024.webp 1024w, https:\/\/www.qualitester.com\/wp-content\/uploads\/2025\/07\/3.needle-sharpness-tester_11zon-150x150.webp 150w, https:\/\/www.qualitester.com\/wp-content\/uploads\/2025\/07\/3.needle-sharpness-tester_11zon-768x768.webp 768w, https:\/\/www.qualitester.com\/wp-content\/uploads\/2025\/07\/3.needle-sharpness-tester_11zon-12x12.webp 12w, https:\/\/www.qualitester.com\/wp-content\/uploads\/2025\/07\/3.needle-sharpness-tester_11zon-600x600.webp 600w, https:\/\/www.qualitester.com\/wp-content\/uploads\/2025\/07\/3.needle-sharpness-tester_11zon-100x100.webp 100w, https:\/\/www.qualitester.com\/wp-content\/uploads\/2025\/07\/3.needle-sharpness-tester_11zon.webp 1080w\" sizes=\"(max-width: 286px) 100vw, 286px\" \/><figcaption id=\"caption-attachment-7014\" class=\"wp-caption-text\">Tester ostrosti jehel<\/figcaption><\/figure>\n<p data-start=\"4797\" data-end=\"5091\">Jak je uvedeno v <a href=\"https:\/\/www.qualitester.com\/cs\/kategorie-produktu\/iso\/iso-11040-4\/\" target=\"_blank\" rel=\"noopener\"><strong data-start=\"4812\" data-end=\"4827\">ISO 11040-4<\/strong><\/a>, testov\u00e1n\u00ed se neomezuje pouze na samotnou jehlu - vztahuje se i na pry\u017eov\u00e9 z\u00e1tky a uz\u00e1v\u011bry lahvi\u010dek. V\u00fdrobci p\u0159edpln\u011bn\u00fdch injek\u010dn\u00edch st\u0159\u00edka\u010dek a n\u00e1dobek na injek\u010dn\u00ed l\u00e9\u010diva mus\u00ed zajistit, \u017ee <strong data-start=\"5007\" data-end=\"5037\">interakce jehly a zar\u00e1\u017eky<\/strong> neohro\u017euje integritu nebo pod\u00e1v\u00e1n\u00ed l\u00e9ku.<\/p>\n<p data-start=\"5093\" data-end=\"5116\">Mezi kl\u00ed\u010dov\u00e9 parametry pat\u0159\u00ed:<\/p>\n<ul data-start=\"5118\" data-end=\"5242\">\n<li data-start=\"5118\" data-end=\"5155\">\n<p data-start=\"5120\" data-end=\"5155\"><strong data-start=\"5120\" data-end=\"5155\">Tvrdost a pru\u017enost z\u00e1tky<\/strong><\/p>\n<\/li>\n<li data-start=\"5156\" data-end=\"5204\">\n<p data-start=\"5158\" data-end=\"5204\"><strong data-start=\"5158\" data-end=\"5204\">S\u00edla pot\u0159ebn\u00e1 k proniknut\u00ed bez vrt\u00e1n\u00ed<\/strong><\/p>\n<\/li>\n<li data-start=\"5205\" data-end=\"5242\">\n<p data-start=\"5207\" data-end=\"5242\"><strong data-start=\"5207\" data-end=\"5242\">Celistvost t\u011bsn\u011bn\u00ed po penetraci<\/strong><\/p>\n<\/li>\n<\/ul>\n<p data-start=\"5244\" data-end=\"5380\"><strong data-start=\"5244\" data-end=\"5273\">Syst\u00e9my Cell Instruments<\/strong> podporuj\u00ed oba <strong data-start=\"5287\" data-end=\"5317\">testov\u00e1n\u00ed jehel a z\u00e1tek<\/strong>, kter\u00e1 nab\u00edz\u00ed jednotn\u00e1 \u0159e\u0161en\u00ed pro komplexn\u00ed validaci injek\u010dn\u00edch st\u0159\u00edka\u010dek.<\/p>\n<hr \/>\n<h2 data-start=\"3874\" data-end=\"4081\">Kdo by m\u011bl pou\u017e\u00edvat za\u0159\u00edzen\u00ed pro testov\u00e1n\u00ed ostrosti jehel?<\/h2>\n<ul data-start=\"5442\" data-end=\"5646\">\n<li data-start=\"5442\" data-end=\"5476\">\n<p data-start=\"5444\" data-end=\"5476\"><strong data-start=\"5444\" data-end=\"5476\">V\u00fdrobci zdravotnick\u00fdch prost\u0159edk\u016f<\/strong><\/p>\n<\/li>\n<li data-start=\"5477\" data-end=\"5506\">\n<p data-start=\"5479\" data-end=\"5506\"><strong data-start=\"5479\" data-end=\"5506\">V\u00fdrobci OEM st\u0159\u00edka\u010dek a jehel<\/strong><\/p>\n<\/li>\n<li data-start=\"5507\" data-end=\"5547\">\n<p data-start=\"5509\" data-end=\"5547\"><strong data-start=\"5509\" data-end=\"5547\">Dodavatel\u00e9 farmaceutick\u00fdch obal\u016f<\/strong><\/p>\n<\/li>\n<li data-start=\"5548\" data-end=\"5589\">\n<p data-start=\"5550\" data-end=\"5589\"><strong data-start=\"5550\" data-end=\"5589\">Kontroln\u00ed laborato\u0159e t\u0159et\u00ed strany<\/strong><\/p>\n<\/li>\n<li data-start=\"5590\" data-end=\"5646\">\n<p data-start=\"5592\" data-end=\"5646\"><strong data-start=\"5592\" data-end=\"5646\">V\u00fdzkumn\u00e1 a v\u00fdvojov\u00e1 centra vyv\u00edjej\u00edc\u00ed nov\u00e9 syst\u00e9my pod\u00e1v\u00e1n\u00ed l\u00e9\u010div<\/strong><\/p>\n<\/li>\n<\/ul>\n<hr \/>\n<h2 data-start=\"4558\" data-end=\"4833\">Z\u00e1v\u011br<\/h2>\n<p data-start=\"6104\" data-end=\"6539\">S dal\u0161\u00edm v\u00fdvojem injek\u010dn\u00ed l\u00e9\u010dby se \u00faloha <strong data-start=\"6160\" data-end=\"6188\">testov\u00e1n\u00ed ostrosti jehel<\/strong> p\u0159i zaji\u0161\u0165ov\u00e1n\u00ed bezpe\u010dnosti a v\u00fdkonnosti za\u0159\u00edzen\u00ed se st\u00e1v\u00e1 d\u016fle\u017eit\u011bj\u0161\u00ed ne\u017e kdy jindy. Dodr\u017eov\u00e1n\u00edm <strong data-start=\"6282\" data-end=\"6294\">ISO 7864<\/strong>, <strong data-start=\"6296\" data-end=\"6311\">ISO 11040-4<\/strong>, a <strong data-start=\"6317\" data-end=\"6331\">ISO 8871-5<\/strong>, a pomoc\u00ed spolehliv\u00fdch testovac\u00edch p\u0159\u00edstroj\u016f, jako je nap\u0159.<a href=\"https:\/\/www.qualitester.com\/cs\/needle-sharpness-testing\/\" target=\"_blank\" rel=\"noopener\"> <strong data-start=\"6385\" data-end=\"6434\">Tester ostrosti jehel od spole\u010dnosti Cell Instruments<\/strong><\/a>, mohou v\u00fdrobci zlep\u0161it zaji\u0161t\u011bn\u00ed kvality, sn\u00ed\u017eit nepohodl\u00ed pacient\u016f a zachovat glob\u00e1ln\u00ed shodu.<\/p>\n<p data-start=\"6541\" data-end=\"6706\">Pro technick\u00e9 konzultace, p\u0159izp\u016fsoben\u00ed produktu nebo \u017e\u00e1dosti o demo nav\u0161tivte pros\u00edm str\u00e1nku <a class=\"\" href=\"https:\/\/www.celtec.cn\" target=\"_new\" rel=\"noopener nofollow\" data-start=\"6624\" data-end=\"6665\">Cell Instruments<\/a> nebo se obra\u0165te p\u0159\u00edmo na na\u0161e prodejn\u00ed techniky.<\/p>\n<p data-start=\"6541\" data-end=\"6706\">","protected":false},"excerpt":{"rendered":"<p>Testov\u00e1n\u00ed ostrosti jehel Ve sv\u011bt\u011b v\u00fdroby zdravotnick\u00fdch prost\u0159edk\u016f je testov\u00e1n\u00ed ostrosti jehel kritick\u00fdm krokem kontroly kvality, kter\u00fd zaji\u0161\u0165uje bezpe\u010dn\u00e9 a \u00fa\u010dinn\u00e9 pou\u017e\u00edv\u00e1n\u00ed jehel v klinick\u00fdch aplikac\u00edch. A\u0165 u\u017e se jehla pou\u017e\u00edv\u00e1 k injekc\u00edm, \u0161it\u00ed nebo pod\u00e1v\u00e1n\u00ed l\u00e9k\u016f, jej\u00ed v\u00fdkon je do zna\u010dn\u00e9 m\u00edry z\u00e1visl\u00fd na jej\u00ed ostrosti. \u0160patn\u011b vyroben\u00e9 nebo tup\u00e9 jehly mohou v\u00e9st k ...<\/p>\n<p class=\"read-more\"> <a class=\"\" href=\"https:\/\/www.qualitester.com\/cs\/applications\/needle-sharpness-testing\/\"> <span class=\"screen-reader-text\">Zkou\u0161ka ostrosti a pr\u016fchodnosti jehly<\/span> Pokra\u010dovat ve \u010dten\u00ed \"<\/a><\/p>","protected":false},"author":3,"featured_media":0,"parent":6794,"menu_order":0,"comment_status":"closed","ping_status":"closed","template":"","meta":{"site-sidebar-layout":"default","site-content-layout":"default","ast-global-header-display":"","ast-main-header-display":"","ast-hfb-above-header-display":"","ast-hfb-below-header-display":"","ast-hfb-mobile-header-display":"","site-post-title":"","ast-breadcrumbs-content":"","ast-featured-img":"","footer-sml-layout":"","theme-transparent-header-meta":"default","adv-header-id-meta":"","stick-header-meta":"","header-above-stick-meta":"","header-main-stick-meta":"","header-below-stick-meta":"","footnotes":""},"class_list":["post-7013","page","type-page","status-publish","hentry"],"_links":{"self":[{"href":"https:\/\/www.qualitester.com\/cs\/wp-json\/wp\/v2\/pages\/7013","targetHints":{"allow":["GET"]}}],"collection":[{"href":"https:\/\/www.qualitester.com\/cs\/wp-json\/wp\/v2\/pages"}],"about":[{"href":"https:\/\/www.qualitester.com\/cs\/wp-json\/wp\/v2\/types\/page"}],"author":[{"embeddable":true,"href":"https:\/\/www.qualitester.com\/cs\/wp-json\/wp\/v2\/users\/3"}],"replies":[{"embeddable":true,"href":"https:\/\/www.qualitester.com\/cs\/wp-json\/wp\/v2\/comments?post=7013"}],"version-history":[{"count":0,"href":"https:\/\/www.qualitester.com\/cs\/wp-json\/wp\/v2\/pages\/7013\/revisions"}],"up":[{"embeddable":true,"href":"https:\/\/www.qualitester.com\/cs\/wp-json\/wp\/v2\/pages\/6794"}],"wp:attachment":[{"href":"https:\/\/www.qualitester.com\/cs\/wp-json\/wp\/v2\/media?parent=7013"}],"curies":[{"name":"wp","href":"https:\/\/api.w.org\/{rel}","templated":true}]}}