{"id":6867,"date":"2025-07-16T17:04:37","date_gmt":"2025-07-16T09:04:37","guid":{"rendered":"https:\/\/www.qualitester.com\/?page_id=6867"},"modified":"2025-07-16T17:04:37","modified_gmt":"2025-07-16T09:04:37","slug":"astm-d1922","status":"publish","type":"page","link":"https:\/\/www.qualitester.com\/cs\/standards\/astm-d1922\/","title":{"rendered":"ASTM D1922"},"content":{"rendered":"<h1 style=\"text-align: center;\">ASTM D1922<br \/>\n<small>Testov\u00e1n\u00ed slz<\/small><\/h1>\n<hr \/>\n<h2>\u00davod do testov\u00e1n\u00ed podle normy ASTM D1922<\/h2>\n<p data-start=\"484\" data-end=\"1038\">ASTM D1922 je \u0161iroce uzn\u00e1van\u00e1 norma <strong data-start=\"559\" data-end=\"588\"><a href=\"https:\/\/www.qualitester.com\/cs\/produkt-2\/sld-01-elimendorf-tear-resistance-testing-machine\/\">zkou\u0161ka pevnosti v tahu<\/a> metoda<\/strong> se pou\u017e\u00edv\u00e1 k ur\u010den\u00ed s\u00edly pot\u0159ebn\u00e9 k \u0161\u00ed\u0159en\u00ed trhliny v plastov\u00fdch f\u00f3li\u00edch a netuh\u00fdch f\u00f3li\u00edch. Tato metoda je nezbytn\u00e1 pro hodnocen\u00ed mechanick\u00e9 integrity obalov\u00fdch materi\u00e1l\u016f, zejm\u00e9na v aplikac\u00edch, kde odolnost proti roztr\u017een\u00ed p\u0159\u00edmo ovliv\u0148uje ochranu v\u00fdrobku a jeho trvanlivost. Na adrese . <strong data-start=\"886\" data-end=\"909\">Norma ASTM D1922<\/strong> vyu\u017e\u00edv\u00e1 <strong data-start=\"923\" data-end=\"950\">Pevnost Elmendorf v roztr\u017een\u00ed<\/strong> testov\u00e1n\u00ed, p\u0159i kter\u00e9m se m\u011b\u0159\u00ed, jak velk\u00e1 s\u00edla je zapot\u0159eb\u00ed k pokra\u010dov\u00e1n\u00ed trh\u00e1n\u00ed, jakmile bylo zah\u00e1jeno.<\/p>\n<p data-start=\"1040\" data-end=\"1335\">Plastov\u00e9 f\u00f3lie pou\u017e\u00edvan\u00e9 v pru\u017en\u00fdch obalech, n\u00e1dob\u00e1ch na potraviny nebo zdravotnick\u00fdch prost\u0159edc\u00edch jsou vystaveny r\u016fzn\u00fdm manipula\u010dn\u00edm z\u00e1t\u011b\u017e\u00edm. V d\u016fsledku toho je t\u0159eba posoudit jejich <strong data-start=\"1191\" data-end=\"1210\">odolnost proti roztr\u017een\u00ed<\/strong> pom\u00e1h\u00e1 v\u00fdrobc\u016fm a odborn\u00edk\u016fm na kontrolu kvality zajistit soulad se specifikacemi odolnosti a bezpe\u010dnostn\u00edmi normami.<\/p>\n<hr \/>\n<h2 data-start=\"1040\" data-end=\"1335\">Zku\u0161ebn\u00ed metoda pevnosti v tahu pomoc\u00ed Elmendorfovy trhac\u00ed zkou\u0161ky<\/h2>\n<p data-start=\"1342\" data-end=\"1687\">Zkou\u0161ka podle normy ASTM D1922 se prov\u00e1d\u00ed s pou\u017eit\u00edm <strong data-start=\"1444\" data-end=\"1486\">Zkou\u0161e\u010dka pevnosti v tahu Elmendorfova typu<\/strong>, jako je nap\u0159. <strong data-start=\"1500\" data-end=\"1534\">Zkou\u0161e\u010dka pevnosti v tahu SLD-01<\/strong> od spole\u010dnosti Cell Instruments. Toto kyvadlov\u00e9 za\u0159\u00edzen\u00ed simuluje skute\u010dn\u00e9 trh\u00e1n\u00ed s kontrolovanou p\u0159esnost\u00ed. Zde je pops\u00e1n typick\u00fd postup:<\/p>\n<ul>\n<li data-start=\"1691\" data-end=\"1788\">P\u0159ed\u0159ezan\u00fd vzorek je upnut mezi dv\u011b \u010delisti - jednu stacion\u00e1rn\u00ed a druhou na kyvn\u00e9m kyvadle.<\/li>\n<li data-start=\"1791\" data-end=\"1859\">Po uvoln\u011bn\u00ed kyvadlo roztrhne vzorek po dr\u00e1ze 43 mm.<\/li>\n<li data-start=\"1862\" data-end=\"2004\">Tester m\u011b\u0159\u00ed <strong data-start=\"1886\" data-end=\"1901\">ztr\u00e1ta energie<\/strong> z pohybu kyvadla, kter\u00fd je v korelaci s pohybem <strong data-start=\"1956\" data-end=\"1970\">s\u00edla trh\u00e1n\u00ed<\/strong> pot\u0159ebn\u00e9 k \u0161\u00ed\u0159en\u00ed trhliny.<\/li>\n<\/ul>\n<p data-start=\"2006\" data-end=\"2218\"><strong data-start=\"2006\" data-end=\"2034\">Zkou\u0161e\u010dky pevnosti v tahu<\/strong> mus\u00ed b\u00fdt pe\u010dliv\u011b kalibrov\u00e1ny pomoc\u00ed kontroln\u00edch z\u00e1va\u017e\u00ed nebo standardizovan\u00fdch postup\u016f, aby byla zaji\u0161t\u011bna p\u0159esnost m\u011b\u0159en\u00ed, zejm\u00e9na u materi\u00e1l\u016f s vysokou anizotropi\u00ed nebo prodlou\u017een\u00edm p\u0159i trh\u00e1n\u00ed.<\/p>\n<div class=\"ast-oembed-container\" style=\"height: 100%;\"><iframe title=\"Jak prov\u00e9st Elmendortovu zkou\u0161ku trh\u00e1n\u00ed na vzorku plastov\u00e9 f\u00f3lie\" width=\"500\" height=\"281\" src=\"https:\/\/www.youtube.com\/embed\/oo5j21g_thM?feature=oembed\" frameborder=\"0\" allow=\"accelerometer; autoplay; clipboard-write; encrypted-media; gyroscope; picture-in-picture; web-share\" referrerpolicy=\"strict-origin-when-cross-origin\" allowfullscreen><\/iframe><\/div>\n<hr \/>\n<h2 data-start=\"2006\" data-end=\"2218\">Kl\u00ed\u010dov\u00e9 faktory ovliv\u0148uj\u00edc\u00ed v\u00fdsledky zkou\u0161ek podle normy ASTM D1922<\/h2>\n<p data-start=\"2225\" data-end=\"2363\">Reprodukovatelnost a p\u0159esnost v\u00fdsledk\u016f zkou\u0161ek podle normy ASTM D1922 ovliv\u0148uje n\u011bkolik faktor\u016f:<\/p>\n<ul>\n<li data-start=\"2367\" data-end=\"2517\"><strong data-start=\"2367\" data-end=\"2405\">Geometrie a orientace vzorku:<\/strong> Filmy mohou vykazovat rozd\u00edlnou odolnost proti roztr\u017een\u00ed ve sm\u011bru stroje (MD) a v p\u0159\u00ed\u010dn\u00e9m sm\u011bru (TD).<\/li>\n<li data-start=\"2520\" data-end=\"2684\"><strong data-start=\"2520\" data-end=\"2554\">Tlou\u0161\u0165ka a rovnom\u011brnost filmu:<\/strong> Proto\u017ee neexistuje p\u0159\u00edm\u00fd line\u00e1rn\u00ed vztah mezi tlou\u0161\u0165kou a trhac\u00ed silou, mus\u00ed b\u00fdt tlou\u0161\u0165ka uv\u00e1d\u011bna spole\u010dn\u011b s hodnotami testu.<\/li>\n<li data-start=\"2687\" data-end=\"2809\"><strong data-start=\"2687\" data-end=\"2711\">Anizotropie materi\u00e1lu:<\/strong> Filmy vyroben\u00e9 se sm\u011brovou orientac\u00ed se mohou trhat \u0161ikmo, co\u017e ovliv\u0148uje konzistenci testu.<\/li>\n<li data-start=\"2812\" data-end=\"2950\"><strong data-start=\"2812\" data-end=\"2863\">Kvalita p\u0159ed\u0159ezu a \u00faprava prost\u0159ed\u00ed:<\/strong> Pro minimalizaci variability je nutn\u00e1 \u00faprava vzorku p\u0159i teplot\u011b 23 \u00b1 2 \u00b0C a relativn\u00ed vlhkosti 50 \u00b1 10%.<\/li>\n<\/ul>\n<p data-start=\"2952\" data-end=\"3149\">Pro zm\u00edrn\u011bn\u00ed t\u011bchto odchylek norma ASTM D1922 specifikuje jak <strong data-start=\"3021\" data-end=\"3036\">obd\u00e9ln\u00edkov\u00fd<\/strong> a <strong data-start=\"3041\" data-end=\"3060\">konstantn\u00ed polom\u011br<\/strong> vzorky, p\u0159i\u010dem\u017e druh\u00fd z nich je up\u0159ednost\u0148ov\u00e1n z d\u016fvodu lep\u0161\u00ed kontroly \u0161ikm\u00fdch trhac\u00edch \u00fa\u010dink\u016f.<\/p>\n<hr \/>\n<h2 data-start=\"2952\" data-end=\"3149\">Aplikace normy ASTM D1922 v obalov\u00e9m a filmov\u00e9m pr\u016fmyslu<\/h2>\n<p data-start=\"3156\" data-end=\"3303\">Na str\u00e1nk\u00e1ch <strong data-start=\"3226\" data-end=\"3250\">Zkou\u0161ka trh\u00e1n\u00edm podle normy ASTM D1922<\/strong> se b\u011b\u017en\u011b pou\u017e\u00edv\u00e1 p\u0159i hodnocen\u00ed materi\u00e1l\u016f, jako jsou:<\/p>\n<ul>\n<li data-start=\"3307\" data-end=\"3366\"><strong data-start=\"3307\" data-end=\"3328\">Polyethylen (PE)<\/strong>: Pou\u017e\u00edv\u00e1 se v potravin\u00e1\u0159sk\u00fdch a maloobchodn\u00edch obalech.<\/li>\n<li data-start=\"3369\" data-end=\"3446\"><strong data-start=\"3369\" data-end=\"3391\">Polypropylen (PP)<\/strong>: Je obl\u00edben\u00e1 pro svou vyv\u00e1\u017eenost mezi hou\u017eevnatost\u00ed a pr\u016fzra\u010dnost\u00ed.<\/li>\n<li data-start=\"3449\" data-end=\"3518\"><strong data-start=\"3449\" data-end=\"3468\">Polyester (PET)<\/strong>: Zn\u00e1m\u00fd pro vysokou pevnost a tepelnou stabilitu.<\/li>\n<li data-start=\"3521\" data-end=\"3638\"><strong data-start=\"3521\" data-end=\"3570\">Polyethylen vysok\u00e9 a n\u00edzk\u00e9 hustoty (HDPE\/LDPE)<\/strong>: \u010casto se pou\u017e\u00edv\u00e1 v p\u0159epravn\u00edch pytl\u00edch, vlo\u017ek\u00e1ch a zdravotnick\u00fdch obalech.<\/li>\n<\/ul>\n<p data-start=\"3640\" data-end=\"3679\">V praxi je tento test cenn\u00fd pro:<\/p>\n<ul>\n<li data-start=\"3683\" data-end=\"3736\">Srovn\u00e1n\u00ed <strong data-start=\"3693\" data-end=\"3734\">odolnost proti roztr\u017een\u00ed nap\u0159\u00ed\u010d typy materi\u00e1l\u016f<\/strong><\/li>\n<li data-start=\"3739\" data-end=\"3815\">Zaji\u0161t\u011bn\u00ed souladu s <strong data-start=\"3764\" data-end=\"3813\">pr\u016fmyslov\u00e9 specifikace a normy v\u00fdrobk\u016f<\/strong><\/li>\n<li data-start=\"3818\" data-end=\"3890\">Podpora <strong data-start=\"3829\" data-end=\"3836\">V\u00ddZKUM A V\u00ddVOJ<\/strong> v oblasti materi\u00e1lov\u00fdch inovac\u00ed a optimalizace v\u00fdkonu<\/li>\n<li data-start=\"3893\" data-end=\"3968\">Hodnocen\u00ed trvanlivosti materi\u00e1l\u016f v oblasti <strong data-start=\"3935\" data-end=\"3968\">re\u00e1ln\u00e9 provozn\u00ed podm\u00ednky<\/strong><\/li>\n<\/ul>\n<hr \/>\n<h2><a href=\"https:\/\/www.qualitester.com\/cs\/\"><img decoding=\"async\" class=\"alignleft wp-image-6870\" src=\"https:\/\/www.qualitester.com\/wp-content\/uploads\/2025\/07\/Headquarters01-300x300.webp\" alt=\"ASTM D1922\" width=\"192\" height=\"192\" srcset=\"https:\/\/www.qualitester.com\/wp-content\/uploads\/2025\/07\/Headquarters01-300x300.webp 300w, https:\/\/www.qualitester.com\/wp-content\/uploads\/2025\/07\/Headquarters01-150x150.webp 150w, https:\/\/www.qualitester.com\/wp-content\/uploads\/2025\/07\/Headquarters01-12x12.webp 12w, https:\/\/www.qualitester.com\/wp-content\/uploads\/2025\/07\/Headquarters01-100x100.webp 100w, https:\/\/www.qualitester.com\/wp-content\/uploads\/2025\/07\/Headquarters01.webp 600w\" sizes=\"(max-width: 192px) 100vw, 192px\" \/><\/a>Pro\u010d si vybrat tester pevnosti v tahu SLD-01 od spole\u010dnosti <a href=\"https:\/\/www.qualitester.com\/cs\/\">Cell Instruments<\/a><\/h2>\n<p data-start=\"3975\" data-end=\"4360\">Cell Instruments\u2019 <strong data-start=\"4065\" data-end=\"4097\">SLD-01 Elmendorf\u016fv trhac\u00ed tester<\/strong> nab\u00edz\u00ed vynikaj\u00edc\u00ed p\u0159esnost a spolehlivost p\u0159i zkou\u0161k\u00e1ch pevnosti v tahu podle norem ASTM D1922 a ISO 6383-2. S <strong data-start=\"4214\" data-end=\"4241\">mo\u017enosti digit\u00e1ln\u00edho ode\u010dtu<\/strong>, vym\u011bniteln\u00fdmi kyvadly a automatick\u00fdmi v\u00fdpo\u010detn\u00edmi funkcemi zaji\u0161\u0165uje snadnou obsluhu a st\u00e1lou p\u0159esnost.<\/p>\n<p data-start=\"4362\" data-end=\"4587\">Ide\u00e1ln\u00ed pro <strong data-start=\"4372\" data-end=\"4403\">agentury pro kontrolu kvality<\/strong>, <strong data-start=\"4405\" data-end=\"4427\">v\u00fdrobci f\u00f3li\u00ed<\/strong>, <strong data-start=\"4429\" data-end=\"4452\">balic\u00ed spole\u010dnosti<\/strong>, a <strong data-start=\"4458\" data-end=\"4487\">v\u00fdvoj\u00e1\u0159i zdravotnick\u00fdch prost\u0159edk\u016f<\/strong>, SLD-01 podporuje rutinn\u00ed testov\u00e1n\u00ed i pokro\u010dilou anal\u00fdzu s mo\u017enost\u00ed nav\u00e1zan\u00e9 kalibrace.<\/p>\n<hr \/>\n<h2 data-start=\"4362\" data-end=\"4587\">Z\u00e1v\u011br<\/h2>\n<figure id=\"attachment_6876\" aria-describedby=\"caption-attachment-6876\" style=\"width: 300px\" class=\"wp-caption alignright\"><img fetchpriority=\"high\" decoding=\"async\" class=\"size-medium wp-image-6876\" src=\"https:\/\/www.qualitester.com\/wp-content\/uploads\/2025\/07\/tear-tester-SLT-01-300x300.webp\" alt=\"astm d1922 a elmendorfsk\u00e1 pevnost v tahu\" width=\"300\" height=\"300\" srcset=\"https:\/\/www.qualitester.com\/wp-content\/uploads\/2025\/07\/tear-tester-SLT-01-300x300.webp 300w, https:\/\/www.qualitester.com\/wp-content\/uploads\/2025\/07\/tear-tester-SLT-01-150x150.webp 150w, https:\/\/www.qualitester.com\/wp-content\/uploads\/2025\/07\/tear-tester-SLT-01-12x12.webp 12w, https:\/\/www.qualitester.com\/wp-content\/uploads\/2025\/07\/tear-tester-SLT-01-100x100.webp 100w, https:\/\/www.qualitester.com\/wp-content\/uploads\/2025\/07\/tear-tester-SLT-01.webp 600w\" sizes=\"(max-width: 300px) 100vw, 300px\" \/><figcaption id=\"caption-attachment-6876\" class=\"wp-caption-text\">SLD-01<\/figcaption><\/figure>\n<p data-start=\"4594\" data-end=\"4987\">Porozum\u011bn\u00ed <strong data-start=\"4629\" data-end=\"4669\">Zku\u0161ebn\u00ed metoda pevnosti v tahu podle normy ASTM D1922<\/strong> je z\u00e1sadn\u00ed pro hodnocen\u00ed mechanick\u00e9 odolnosti pru\u017en\u00fdch obalov\u00fdch materi\u00e1l\u016f. Vyu\u017eit\u00edm <strong data-start=\"4771\" data-end=\"4798\">Pevnost Elmendorf v roztr\u017een\u00ed<\/strong><\/p>\n<p data-start=\"4594\" data-end=\"4987\">principy m\u011b\u0159en\u00ed a p\u0159esn\u00e9 p\u0159\u00edstroje, jako je <strong data-start=\"4860\" data-end=\"4894\">Zkou\u0161e\u010dka pevnosti v tahu SLD-01<\/strong>, mohou spole\u010dnosti zv\u00fd\u0161it bezpe\u010dnost v\u00fdrobk\u016f, sn\u00ed\u017eit po\u010det poruch a zv\u00fd\u0161it spokojenost z\u00e1kazn\u00edk\u016f.<\/p>\n<p data-start=\"4989\" data-end=\"5150\">Profesion\u00e1lov\u00e9 v <strong data-start=\"5006\" data-end=\"5025\">kontrola kvality<\/strong>, <strong data-start=\"5027\" data-end=\"5043\">materi\u00e1lov\u00fd v\u00fdzkum a v\u00fdvoj<\/strong>, a <strong data-start=\"5049\" data-end=\"5074\">dodr\u017eov\u00e1n\u00ed p\u0159edpis\u016f<\/strong> ASTM D1922 je d\u016fle\u017eit\u00fdm n\u00e1strojem pro ov\u011b\u0159ov\u00e1n\u00ed vlastnost\u00ed materi\u00e1lu.<\/p>","protected":false},"excerpt":{"rendered":"<p>ASTM D1922 Tear Testing Introduction to ASTM D1922 Testing ASTM D1922 is a widely recognized tear strength test method used to determine the force required to propagate a tear in plastic films and nonrigid sheeting. This method is essential for evaluating the mechanical integrity of packaging materials, especially in applications where resistance to tearing directly &hellip;<\/p>\n<p class=\"read-more\"> <a class=\"\" href=\"https:\/\/www.qualitester.com\/cs\/standards\/astm-d1922\/\"> <span class=\"screen-reader-text\">ASTM D1922<\/span> Pokra\u010dovat ve \u010dten\u00ed \"<\/a><\/p>","protected":false},"author":3,"featured_media":0,"parent":4948,"menu_order":0,"comment_status":"closed","ping_status":"closed","template":"","meta":{"site-sidebar-layout":"default","site-content-layout":"default","ast-global-header-display":"","ast-main-header-display":"","ast-hfb-above-header-display":"","ast-hfb-below-header-display":"","ast-hfb-mobile-header-display":"","site-post-title":"","ast-breadcrumbs-content":"","ast-featured-img":"","footer-sml-layout":"","theme-transparent-header-meta":"default","adv-header-id-meta":"","stick-header-meta":"","header-above-stick-meta":"","header-main-stick-meta":"","header-below-stick-meta":"","footnotes":""},"class_list":["post-6867","page","type-page","status-publish","hentry"],"_links":{"self":[{"href":"https:\/\/www.qualitester.com\/cs\/wp-json\/wp\/v2\/pages\/6867","targetHints":{"allow":["GET"]}}],"collection":[{"href":"https:\/\/www.qualitester.com\/cs\/wp-json\/wp\/v2\/pages"}],"about":[{"href":"https:\/\/www.qualitester.com\/cs\/wp-json\/wp\/v2\/types\/page"}],"author":[{"embeddable":true,"href":"https:\/\/www.qualitester.com\/cs\/wp-json\/wp\/v2\/users\/3"}],"replies":[{"embeddable":true,"href":"https:\/\/www.qualitester.com\/cs\/wp-json\/wp\/v2\/comments?post=6867"}],"version-history":[{"count":0,"href":"https:\/\/www.qualitester.com\/cs\/wp-json\/wp\/v2\/pages\/6867\/revisions"}],"up":[{"embeddable":true,"href":"https:\/\/www.qualitester.com\/cs\/wp-json\/wp\/v2\/pages\/4948"}],"wp:attachment":[{"href":"https:\/\/www.qualitester.com\/cs\/wp-json\/wp\/v2\/media?parent=6867"}],"curies":[{"name":"wp","href":"https:\/\/api.w.org\/{rel}","templated":true}]}}