{"id":6672,"date":"2025-05-16T16:47:53","date_gmt":"2025-05-16T08:47:53","guid":{"rendered":"https:\/\/www.qualitester.com\/?page_id=6672"},"modified":"2025-05-16T16:47:53","modified_gmt":"2025-05-16T08:47:53","slug":"astm-d6195","status":"publish","type":"page","link":"https:\/\/www.qualitester.com\/cs\/standards\/astm-d6195\/","title":{"rendered":"ASTM D6195"},"content":{"rendered":"<p class=\"\" data-start=\"392\" data-end=\"884\">Pro kontrolu kvality lepidla je rozhoduj\u00edc\u00ed p\u0159esn\u00e9 testov\u00e1n\u00ed lepivosti. <strong data-start=\"484\" data-end=\"498\">ASTM D6195<\/strong> poskytuje standardizovanou metodu m\u011b\u0159en\u00ed <em data-start=\"548\" data-end=\"559\">smy\u010dkov\u00fd p\u0159\u00edchyt<\/em> lepidel citliv\u00fdch na tlak. Tato vlastnost - jak rychle a \u00fa\u010dinn\u011b se lepidlo spoj\u00ed p\u0159i kontaktu - m\u016f\u017ee rozhodnout o \u00fasp\u011bchu p\u00e1skov\u00e9ho v\u00fdrobku v re\u00e1ln\u00fdch aplikac\u00edch. A\u0165 u\u017e se zab\u00fdv\u00e1te balen\u00edm, zdravotnictv\u00edm nebo elektronikou, pochopen\u00ed a pou\u017e\u00edv\u00e1n\u00ed normy ASTM D6195 zajist\u00ed konzistentn\u00ed v\u00fdkon a spolehlivost lepidla.<\/p>\n<hr class=\"\" data-start=\"886\" data-end=\"889\" \/>\n<h2 data-start=\"891\" data-end=\"914\">Co je ASTM D6195?<\/h2>\n<p class=\"\" data-start=\"916\" data-end=\"1183\"><strong data-start=\"916\" data-end=\"930\">ASTM D6195<\/strong> je standardn\u00ed zku\u0161ebn\u00ed metoda pro p\u0159ilnavost smy\u010dky, speci\u00e1ln\u011b vyvinut\u00e1 pro hodnocen\u00ed po\u010d\u00e1te\u010dn\u00ed p\u0159ilnavosti lepidel citliv\u00fdch na tlak (PSA). P\u0159ilnavost ozna\u010duje schopnost lepidla vytvo\u0159it vazbu s podkladem p\u0159i m\u00edrn\u00e9m tlaku a kr\u00e1tk\u00e9 dob\u011b kontaktu.<\/p>\n<p class=\"\" data-start=\"1185\" data-end=\"1228\">Norma zahrnuje <strong data-start=\"1207\" data-end=\"1227\">dv\u011b zku\u0161ebn\u00ed metody<\/strong>:<\/p>\n<ul data-start=\"1229\" data-end=\"1416\">\n<li class=\"\" data-start=\"1229\" data-end=\"1291\">\n<p class=\"\" data-start=\"1231\" data-end=\"1291\"><strong data-start=\"1231\" data-end=\"1243\">Metoda A<\/strong> - pou\u017e\u00edv\u00e1 tahov\u00fd tester se 7palcov\u00fdm vzorkem.<\/p>\n<\/li>\n<li class=\"\" data-start=\"1292\" data-end=\"1416\">\n<p class=\"\" data-start=\"1294\" data-end=\"1416\"><strong data-start=\"1294\" data-end=\"1306\">Metoda B<\/strong> - pou\u017e\u00edv\u00e1 <strong data-start=\"1316\" data-end=\"1336\">tester smy\u010dek<\/strong> s 5palcov\u00fdm vzorkem, co\u017e jej zjednodu\u0161uje pro rutinn\u00ed kontrolu kvality.<\/p>\n<\/li>\n<\/ul>\n<p class=\"\" data-start=\"1418\" data-end=\"1607\">Ob\u011b metody zahrnuj\u00ed vytvo\u0159en\u00ed smy\u010dky ze vzorku lepidla a jeho kontakt s povrchem z nerezov\u00e9 oceli. Maxim\u00e1ln\u00ed s\u00edla pot\u0159ebn\u00e1 k jeho odlepen\u00ed se zaznamen\u00e1 jako pevnost lepen\u00ed.<\/p>\n<hr class=\"\" data-start=\"1609\" data-end=\"1612\" \/>\n<h2 data-start=\"1614\" data-end=\"1667\">Tester p\u0159ilnavosti smy\u010dky pro testov\u00e1n\u00ed p\u00e1sky citliv\u00e9 na tlak<\/h2>\n<p class=\"\" data-start=\"1669\" data-end=\"1965\"><strong data-start=\"1669\" data-end=\"1690\"><a href=\"https:\/\/www.qualitester.com\/cs\/produkt-2\/sale-tape-loop-tack-testing-machine\/\" target=\"_blank\" rel=\"noopener\">Smy\u010dkov\u00fd tester<\/a><\/strong>\u00a0jsou speci\u00e1ln\u011b navr\u017eeny tak, aby spl\u0148ovaly <strong data-start=\"1732\" data-end=\"1744\">Metoda B<\/strong> ASTM D6195. Tyto p\u0159\u00edstroje m\u011b\u0159\u00ed \u0161pi\u010dkovou s\u00edlu pot\u0159ebnou k odd\u011blen\u00ed smy\u010dkov\u00e9 lepic\u00ed p\u00e1sky od povrchu z nerezov\u00e9 oceli po chvilkov\u00e9m kontaktu, \u010d\u00edm\u017e simuluj\u00ed skute\u010dn\u00fd aplika\u010dn\u00ed tlak a dobu trv\u00e1n\u00ed kontaktu.<\/p>\n<p class=\"\" data-start=\"1967\" data-end=\"1984\">Pro\u010d je to d\u016fle\u017eit\u00e9:<\/p>\n<ul data-start=\"1985\" data-end=\"2284\">\n<li class=\"\" data-start=\"1985\" data-end=\"2067\">\n<p class=\"\" data-start=\"1987\" data-end=\"2067\">V\u00fdkonnost chomoutu ur\u010duje <strong data-start=\"2015\" data-end=\"2036\">pou\u017eitelnost produktu<\/strong> ve sc\u00e9n\u00e1\u0159\u00edch rychl\u00e9ho pou\u017eit\u00ed.<\/p>\n<\/li>\n<li class=\"\" data-start=\"2068\" data-end=\"2167\">\n<p class=\"\" data-start=\"2070\" data-end=\"2167\">Zm\u011bny ve slo\u017een\u00ed lepidla nebo podkladov\u00fdch materi\u00e1l\u016f mohou zp\u016fsobit. <strong data-start=\"2130\" data-end=\"2154\">v\u00fdznamn\u011b ovliv\u0148uj\u00ed<\/strong> Hodnoty p\u0159ilnavosti.<\/p>\n<\/li>\n<li class=\"\" data-start=\"2168\" data-end=\"2284\">\n<p class=\"\" data-start=\"2170\" data-end=\"2284\">Nab\u00eddka smy\u010dkov\u00e9ho testeru <strong data-start=\"2194\" data-end=\"2216\">vysok\u00e1 opakovatelnost<\/strong> a rychlou anal\u00fdzu, ide\u00e1ln\u00ed pro <strong data-start=\"2246\" data-end=\"2266\">v\u00fdrobn\u00ed linky<\/strong> a <strong data-start=\"2271\" data-end=\"2283\">V\u00fdzkumn\u00e9 a v\u00fdvojov\u00e9 laborato\u0159e<\/strong>.<\/p>\n<\/li>\n<\/ul>\n<p class=\"\" data-start=\"2286\" data-end=\"2531\">Nap\u0159\u00edklad, <strong data-start=\"2299\" data-end=\"2344\">Tester smy\u010dek LTT-01 spole\u010dnosti Cell Instruments<\/strong> je navr\u017een pro p\u0159esn\u00e9 testov\u00e1n\u00ed v souladu s metodou B normy ASTM D6195 a podporuje kontrolu kvality i v\u00fdvoj v\u00fdrobk\u016f v oblasti lepidel, zdravotnick\u00fdch p\u00e1sek a etiketov\u00e1n\u00ed.<\/p>\n<hr class=\"\" data-start=\"2533\" data-end=\"2536\" \/>\n<h2 data-start=\"2538\" data-end=\"2586\">Jak prov\u00e9st zkou\u0161ku p\u0159ilnavosti smy\u010dky podle normy ASTM D6195<\/h2>\n<div class=\"ast-oembed-container\" style=\"height: 100%;\"><iframe title=\"ASTM D6195 Zkou\u0161ka pevnosti lepic\u00ed smy\u010dky na testeru p\u0159ilnavosti odlepen\u00ed\/tmelen\u00ed\/lepen\u00ed\" width=\"500\" height=\"281\" src=\"https:\/\/www.youtube.com\/embed\/HtojtNCDK0g?feature=oembed\" frameborder=\"0\" allow=\"accelerometer; autoplay; clipboard-write; encrypted-media; gyroscope; picture-in-picture; web-share\" referrerpolicy=\"strict-origin-when-cross-origin\" allowfullscreen><\/iframe><\/div>\n<h3><strong data-start=\"2588\" data-end=\"2613\">1. P\u0159\u00edprava vzorku<\/strong><\/h3>\n<ul>\n<li data-start=\"2616\" data-end=\"2673\">Vyst\u0159ihn\u011bte t\u0159i samolepic\u00ed prou\u017eky o rozm\u011brech 1\u201d \u00d7 5\u201d (25 \u00d7 125 mm).<\/li>\n<li data-start=\"2676\" data-end=\"2782\">Pokud testujete nepodporovan\u00e1 lepidla, jako jsou p\u0159enosov\u00e9 p\u00e1sky, zalaminujte je p\u0159ed \u0159ez\u00e1n\u00edm na 2milimetrovou podlo\u017eku z PET.<\/li>\n<li data-start=\"2785\" data-end=\"2854\">Vzorky kondicionujte nejm\u00e9n\u011b 24 hodin p\u0159i <strong data-start=\"2828\" data-end=\"2853\">23 \u00b12 \u00b0C a 50 \u00b15% relativn\u00ed vlhkosti vzduchu<\/strong>.<\/li>\n<\/ul>\n<h3 data-start=\"2856\" data-end=\"2888\"><strong data-start=\"2856\" data-end=\"2888\">2. \u010ci\u0161t\u011bn\u00ed zku\u0161ebn\u00edho povrchu<\/strong><\/h3>\n<ul>\n<li data-start=\"2891\" data-end=\"2974\">O\u010dist\u011bte panel z nerezov\u00e9 oceli pomoc\u00ed schv\u00e1len\u00fdch rozpou\u0161t\u011bdel (aceton, n-heptan atd.).<\/li>\n<li data-start=\"2977\" data-end=\"3027\">Pou\u017eijte <strong data-start=\"2981\" data-end=\"3012\">\u010distic\u00ed materi\u00e1l bez \u017emolk\u016f<\/strong> pro ka\u017ed\u00e9 ut\u0159en\u00ed.<\/li>\n<li data-start=\"3030\" data-end=\"3088\">Ov\u011b\u0159te \u010distotu povrchu pomoc\u00ed <strong data-start=\"3067\" data-end=\"3087\">zkou\u0161ka pr\u016flomu vody<\/strong>.<\/li>\n<\/ul>\n<h3 data-start=\"3090\" data-end=\"3111\"><strong data-start=\"3090\" data-end=\"3111\">3. Tvorba smy\u010dky<\/strong><\/h3>\n<ul>\n<li data-start=\"3114\" data-end=\"3196\">Ohn\u011bte vzorek zp\u011bt na sebe, ani\u017e byste ho ohnuli, a vytvo\u0159te smy\u010dku ve tvaru slzy.<\/li>\n<li data-start=\"3199\" data-end=\"3307\">Konce upevn\u011bte pomoc\u00ed 1palcov\u00e9 maskovac\u00ed p\u00e1sky, abyste zachovali celistvost smy\u010dky a zabr\u00e1nili zne\u010di\u0161t\u011bn\u00ed zku\u0161ebn\u00edch \u00fachyt\u016f.<\/li>\n<\/ul>\n<h3 data-start=\"3309\" data-end=\"3330\"><strong data-start=\"3309\" data-end=\"3330\">4. Proveden\u00ed testu<\/strong><\/h3>\n<ul>\n<li data-start=\"3333\" data-end=\"3397\">Zalepte zalepen\u00e9 konce do horn\u00ed rukojeti zkou\u0161e\u010dky smy\u010dek.<\/li>\n<li data-start=\"3400\" data-end=\"3479\">Um\u00edst\u011bte vzorek tak, aby se smy\u010dka dot\u00fdkala plochy z nerezov\u00e9 oceli o rozm\u011bru 1 in\u00b2.<\/li>\n<li data-start=\"3482\" data-end=\"3604\">Spus\u0165te zkou\u0161ku: k\u0159\u00ed\u017eov\u00e1 hlava se pohybuje sm\u011brem dol\u016f, aby se smy\u010dka dotkla panelu, a pot\u00e9 se oto\u010d\u00ed, aby se smy\u010dka odt\u00e1hla.<\/li>\n<li data-start=\"3607\" data-end=\"3654\">Zaznamenat <strong data-start=\"3618\" data-end=\"3632\">\u0161pi\u010dkov\u00e1 s\u00edla<\/strong> v newtonech nebo libr\u00e1ch.<\/li>\n<\/ul>\n<h3 data-start=\"3656\" data-end=\"3676\"><strong data-start=\"3656\" data-end=\"3676\">5. Anal\u00fdza dat<\/strong><\/h3>\n<ul>\n<li data-start=\"3679\" data-end=\"3741\">V\u0161imn\u011bte si maxim\u00e1ln\u00ed s\u00edly pot\u0159ebn\u00e9 k p\u0159eru\u0161en\u00ed lepic\u00edho kontaktu.<\/li>\n<li data-start=\"3744\" data-end=\"3822\">Zaznamenejte zp\u016fsob poruchy: <strong data-start=\"3769\" data-end=\"3781\">adheze<\/strong>, <strong data-start=\"3783\" data-end=\"3795\">soudr\u017enost<\/strong>, nebo <strong data-start=\"3800\" data-end=\"3821\">p\u0159enos lepidla<\/strong>.<\/li>\n<li data-start=\"3825\" data-end=\"3882\">Opakov\u00e1n\u00edm procesu zajist\u00edte, \u017ee <strong data-start=\"3854\" data-end=\"3881\">statistick\u00e1 spolehlivost<\/strong>.<\/li>\n<\/ul>\n<hr class=\"\" data-start=\"3884\" data-end=\"3887\" \/>\n<h2 data-start=\"3889\" data-end=\"3936\">Aplikace a v\u00fdznam normy ASTM D6195<\/h2>\n<p class=\"\" data-start=\"3938\" data-end=\"4036\">Tato metoda se hojn\u011b vyu\u017e\u00edv\u00e1 v pr\u016fmyslov\u00fdch odv\u011btv\u00edch, kde hraj\u00ed z\u00e1sadn\u00ed roli lepidla citliv\u00e1 na tlak:<\/p>\n<ul>\n<li data-start=\"4040\" data-end=\"4099\"><strong data-start=\"4040\" data-end=\"4053\">Balen\u00ed<\/strong>: Zaji\u0161\u0165uje rychl\u00e9 p\u0159ilnut\u00ed p\u00e1sky p\u0159i ut\u011bs\u0148ov\u00e1n\u00ed.<\/li>\n<li data-start=\"4102\" data-end=\"4180\"><strong data-start=\"4102\" data-end=\"4113\">L\u00e9ka\u0159sk\u00e9 str\u00e1nky<\/strong>: Potvrzuje rychl\u00e9 lepen\u00ed obvaz\u016f a p\u00e1sk\u016f bez po\u0161kozen\u00ed poko\u017eky.<\/li>\n<li data-start=\"4183\" data-end=\"4273\"><strong data-start=\"4183\" data-end=\"4198\">Elektronika<\/strong>: Ov\u011b\u0159uje schopnost rychl\u00e9ho nalepen\u00ed etiket a mont\u00e1\u017en\u00edch komponent.<\/li>\n<li data-start=\"4276\" data-end=\"4360\"><strong data-start=\"4276\" data-end=\"4297\">Textil a od\u011bvy<\/strong>: Hodnot\u00ed p\u0159ilnavost m\u00f3dn\u00edch etiket nebo do\u010dasn\u00fdch lepidel.<\/li>\n<\/ul>\n<p class=\"\" data-start=\"4362\" data-end=\"4547\">Hodnota p\u0159ilnavosti smy\u010dky tak\u00e9 pom\u00e1h\u00e1 v\u00fdrobc\u016fm porovn\u00e1vat <strong data-start=\"4415\" data-end=\"4431\">formulace<\/strong>, <strong data-start=\"4433\" data-end=\"4454\">podkladov\u00e9 materi\u00e1ly<\/strong>, a <strong data-start=\"4460\" data-end=\"4481\">procesy nan\u00e1\u0161en\u00ed povlak\u016f<\/strong>, \u010d\u00edm\u017e se norma ASTM D6195 stala z\u00e1kladn\u00edm kamenem v\u00fdvoje lepidel.<\/p>\n<hr class=\"\" data-start=\"4549\" data-end=\"4552\" \/>\n<h2 data-start=\"4554\" data-end=\"4611\">Pro\u010d si vybrat tester smy\u010dek LTT-01 od spole\u010dnosti Cell Instruments?<\/h2>\n<p class=\"\" data-start=\"4613\" data-end=\"4721\">P\u0159i testov\u00e1n\u00ed podle normy ASTM D6195 se pou\u017e\u00edv\u00e1 speci\u00e1ln\u00ed tester lepivosti smy\u010dek, jako je nap\u0159. <strong data-start=\"4684\" data-end=\"4712\">LTT-01 spole\u010dnosti Cell Instruments<\/strong> zaji\u0161\u0165uje:<\/p>\n<ul>\n<li data-start=\"4724\" data-end=\"4768\">\u00dapln\u00fd soulad s <strong data-start=\"4745\" data-end=\"4768\">Metoda B podle normy ASTM D6195<\/strong><\/li>\n<li data-start=\"4771\" data-end=\"4823\">P\u0159esn\u00e9 \u0159\u00edzen\u00ed rychlosti testu a kontaktn\u00edch podm\u00ednek<\/li>\n<li data-start=\"4826\" data-end=\"4878\"><strong data-start=\"4826\" data-end=\"4854\">Digit\u00e1ln\u00ed sb\u011br dat<\/strong> pro anal\u00fdzu v re\u00e1ln\u00e9m \u010dase<\/li>\n<li data-start=\"4881\" data-end=\"4943\">P\u0159izp\u016fsobivost pro \u0161irokou \u0161k\u00e1lu <strong data-start=\"4914\" data-end=\"4943\">materi\u00e1ly na b\u00e1zi lepidla<\/strong><\/li>\n<\/ul>\n<p class=\"\" data-start=\"4945\" data-end=\"5091\">Tento syst\u00e9m je ide\u00e1ln\u00ed pro v\u00fdrobce a odborn\u00edky na kontrolu kvality, kte\u0159\u00ed cht\u011bj\u00ed udr\u017eet vysok\u00e9 standardy v oblasti kvality. <strong data-start=\"5055\" data-end=\"5090\">testov\u00e1n\u00ed p\u00e1sky citliv\u00e9 na tlak<\/strong>.<\/p>\n<hr class=\"\" data-start=\"5093\" data-end=\"5096\" \/>\n<p class=\"\" data-start=\"5114\" data-end=\"5565\">Pochopen\u00ed a pou\u017eit\u00ed <a href=\"https:\/\/www.astm.org\/d6195-03r19.html\" target=\"_blank\" rel=\"noopener nofollow\"><strong data-start=\"5141\" data-end=\"5155\">ASTM D6195<\/strong><\/a> umo\u017e\u0148uje v\u00fdrobc\u016fm kvantifikovat a optimalizovat v\u00fdkonnost lepidla. A\u0165 u\u017e se jedn\u00e1 o kontrolu kvality nebo v\u00fdzkum a v\u00fdvoj, testov\u00e1n\u00ed lepivosti smy\u010dky je nezbytn\u00e9 pro ov\u011b\u0159en\u00ed \u201crychl\u00e9ho lepen\u00ed\u201d lepidel citliv\u00fdch na tlak. Pomoc\u00ed profesion\u00e1ln\u00edho <strong data-start=\"5392\" data-end=\"5412\">tester smy\u010dek<\/strong> jako je LTT-01 od spole\u010dnosti Cell Instruments, m\u016f\u017eete nejen zajistit shodu s mezin\u00e1rodn\u00edmi normami, ale tak\u00e9 zv\u00fd\u0161it v\u00fdkonnost sv\u00e9ho v\u00fdrobku na trhu.<\/p>\n<hr class=\"\" data-start=\"5567\" data-end=\"5570\" \/>\n<p class=\"\" data-start=\"5572\" data-end=\"5580\"><strong data-start=\"5572\" data-end=\"5580\">Nej\u010dast\u011bj\u0161\u00ed dotazy<\/strong><\/p>\n<p class=\"\" data-start=\"5582\" data-end=\"5771\"><strong data-start=\"5582\" data-end=\"5623\">1. Jak\u00fd je \u00fa\u010del normy ASTM D6195?<\/strong><br data-start=\"5623\" data-end=\"5626\" \/>Norma ASTM D6195 stanov\u00ed standardizovan\u00e9 zku\u0161ebn\u00ed metody pro m\u011b\u0159en\u00ed lepivosti smy\u010dky lepidel citliv\u00fdch na tlak, kter\u00e9 hodnot\u00ed jejich schopnost rychl\u00e9ho p\u0159ilepen\u00ed.<\/p>\n<p class=\"\" data-start=\"5773\" data-end=\"6002\"><strong data-start=\"5773\" data-end=\"5842\">2. Pro\u010d je p\u0159i testov\u00e1n\u00ed p\u00e1sky citliv\u00e9 na tlak d\u016fle\u017eit\u00e1 p\u0159ilnavost smy\u010dky?<\/strong><br data-start=\"5842\" data-end=\"5845\" \/>P\u0159ilnavost smy\u010dky vyjad\u0159uje, jak rychle a \u00fa\u010dinn\u011b p\u00e1ska p\u0159ilne pod lehk\u00fdm tlakem, co\u017e je rozhoduj\u00edc\u00ed pro rychl\u00e9 aplikace, jako je balen\u00ed a ozna\u010dov\u00e1n\u00ed.<\/p>\n<p class=\"\" data-start=\"6004\" data-end=\"6206\"><strong data-start=\"6004\" data-end=\"6065\">3. Jak\u00e9 typy lepidel lze testovat podle normy ASTM D6195?<\/strong><br data-start=\"6065\" data-end=\"6068\" \/>Je vhodn\u00fd pro potahovan\u00e1 tlakov\u011b citliv\u00e1 lepidla, nepodporovan\u00e1 transferov\u00e1 lepidla a laminovac\u00ed lepidla, pokud jsou podlo\u017eena PET f\u00f3li\u00ed.<\/p>\n<p class=\"\" data-start=\"6208\" data-end=\"6395\"><strong data-start=\"6208\" data-end=\"6265\">4. Jak podkladov\u00fd materi\u00e1l ovliv\u0148uje p\u0159ilnavost?<\/strong><br data-start=\"6265\" data-end=\"6268\" \/>Tuhost podlo\u017eky ovliv\u0148uje hodnoty p\u0159ilnavosti - tu\u017e\u0161\u00ed podlo\u017eky \u010dasto poskytuj\u00ed vy\u0161\u0161\u00ed p\u0159ilnavost d\u00edky lep\u0161\u00edmu rozlo\u017een\u00ed s\u00edly p\u0159i kontaktu.<\/p>\n<p class=\"\" data-start=\"6397\" data-end=\"6606\"><strong data-start=\"6397\" data-end=\"6460\">5. Pro\u010d pou\u017e\u00edvat LTT-01 od spole\u010dnosti Cell Instruments pro testov\u00e1n\u00ed podle normy ASTM D6195?<\/strong><br data-start=\"6460\" data-end=\"6463\" \/>LTT-01 nab\u00edz\u00ed vysokou p\u0159esnost, shodu s metodou B normy ASTM D6195 a je ide\u00e1ln\u00ed pro opakovateln\u00e9, vysoce v\u00fdkonn\u00e9 prost\u0159ed\u00ed kontroly kvality.<\/p>","protected":false},"excerpt":{"rendered":"<p>Pro kontrolu kvality lepidla je rozhoduj\u00edc\u00ed p\u0159esn\u00e9 testov\u00e1n\u00ed lepivosti. Norma ASTM D6195 poskytuje standardizovanou metodu m\u011b\u0159en\u00ed lepivosti smy\u010dky lepidel citliv\u00fdch na tlak. Tato vlastnost - jak rychle a \u00fa\u010dinn\u011b se lepidlo p\u0159ilep\u00ed p\u0159i kontaktu - m\u016f\u017ee rozhodnout o \u00fasp\u011b\u0161nosti p\u00e1skov\u00e9ho v\u00fdrobku v re\u00e1ln\u00fdch aplikac\u00edch. A\u0165 u\u017e pracujete v oblasti obal\u016f, zdravotnictv\u00ed nebo elektroniky, pochopen\u00ed a pou\u017eit\u00ed ...<\/p>\n<p class=\"read-more\"> <a class=\"\" href=\"https:\/\/www.qualitester.com\/cs\/standards\/astm-d6195\/\"> <span class=\"screen-reader-text\">ASTM D6195<\/span> Pokra\u010dovat ve \u010dten\u00ed \"<\/a><\/p>","protected":false},"author":4,"featured_media":6673,"parent":4948,"menu_order":0,"comment_status":"closed","ping_status":"closed","template":"","meta":{"site-sidebar-layout":"default","site-content-layout":"default","ast-global-header-display":"","ast-main-header-display":"","ast-hfb-above-header-display":"","ast-hfb-below-header-display":"","ast-hfb-mobile-header-display":"","site-post-title":"","ast-breadcrumbs-content":"","ast-featured-img":"disabled","footer-sml-layout":"","theme-transparent-header-meta":"default","adv-header-id-meta":"","stick-header-meta":"","header-above-stick-meta":"","header-main-stick-meta":"","header-below-stick-meta":"","footnotes":""},"class_list":["post-6672","page","type-page","status-publish","has-post-thumbnail","hentry"],"_links":{"self":[{"href":"https:\/\/www.qualitester.com\/cs\/wp-json\/wp\/v2\/pages\/6672","targetHints":{"allow":["GET"]}}],"collection":[{"href":"https:\/\/www.qualitester.com\/cs\/wp-json\/wp\/v2\/pages"}],"about":[{"href":"https:\/\/www.qualitester.com\/cs\/wp-json\/wp\/v2\/types\/page"}],"author":[{"embeddable":true,"href":"https:\/\/www.qualitester.com\/cs\/wp-json\/wp\/v2\/users\/4"}],"replies":[{"embeddable":true,"href":"https:\/\/www.qualitester.com\/cs\/wp-json\/wp\/v2\/comments?post=6672"}],"version-history":[{"count":0,"href":"https:\/\/www.qualitester.com\/cs\/wp-json\/wp\/v2\/pages\/6672\/revisions"}],"up":[{"embeddable":true,"href":"https:\/\/www.qualitester.com\/cs\/wp-json\/wp\/v2\/pages\/4948"}],"wp:featuredmedia":[{"embeddable":true,"href":"https:\/\/www.qualitester.com\/cs\/wp-json\/wp\/v2\/media\/6673"}],"wp:attachment":[{"href":"https:\/\/www.qualitester.com\/cs\/wp-json\/wp\/v2\/media?parent=6672"}],"curies":[{"name":"wp","href":"https:\/\/api.w.org\/{rel}","templated":true}]}}