{"id":6648,"date":"2025-05-09T11:42:03","date_gmt":"2025-05-09T03:42:03","guid":{"rendered":"https:\/\/www.qualitester.com\/?page_id=6648"},"modified":"2025-11-13T09:38:29","modified_gmt":"2025-11-13T01:38:29","slug":"iso-7886-1","status":"publish","type":"page","link":"https:\/\/www.qualitester.com\/cs\/standards\/iso-7886-1\/","title":{"rendered":"ISO 7886-1"},"content":{"rendered":"<h1 style=\"text-align: center;\" data-start=\"370\" data-end=\"882\"><small>ISO 7886-1<\/small><\/h1>\n<h1 style=\"text-align: center;\" data-start=\"370\" data-end=\"882\"><small>Test podko\u017en\u00ed st\u0159\u00edka\u010dky<\/small><\/h1>\n<p class=\"\" data-start=\"370\" data-end=\"882\">Na str\u00e1nk\u00e1ch <strong data-start=\"349\" data-end=\"363\">ISO 7886-1<\/strong> norma definuje v\u00fdkonnostn\u00ed a bezpe\u010dnostn\u00ed po\u017eadavky na <em data-start=\"425\" data-end=\"446\">injek\u010dn\u00ed st\u0159\u00edka\u010dky<\/em> ur\u010den\u00e9 pro jednor\u00e1zov\u00e9 pou\u017eit\u00ed, s d\u016frazem na aspekty jako <em data-start=\"497\" data-end=\"514\">odolnost proti \u00faniku<\/em>, <em data-start=\"516\" data-end=\"528\">mrtv\u00fd prostor<\/em>, a <em data-start=\"534\" data-end=\"547\">klouzav\u00e1 s\u00edla<\/em>. V\u00fdrobci a t\u00fdmy zaji\u0161\u0165uj\u00edc\u00ed kvalitu mus\u00ed rozum\u011bt zku\u0161ebn\u00edm postup\u016fm popsan\u00fdm v norm\u011b ISO 7886-1, aby zajistili shodu v\u00fdrobku a bezpe\u010dnost pacienta.<\/p>\n<p class=\"\" data-start=\"1369\" data-end=\"1391\">ISO 7886-1 se vztahuje na:<\/p>\n<ul data-start=\"1393\" data-end=\"1559\">\n<li class=\"\" data-start=\"1393\" data-end=\"1438\">\n<p class=\"\" data-start=\"1395\" data-end=\"1438\">Steriln\u00ed injek\u010dn\u00ed st\u0159\u00edka\u010dky z plastov\u00fdch materi\u00e1l\u016f.<\/p>\n<\/li>\n<li class=\"\" data-start=\"1439\" data-end=\"1523\">\n<p class=\"\" data-start=\"1441\" data-end=\"1523\">Injek\u010dn\u00ed st\u0159\u00edka\u010dky pou\u017e\u00edvan\u00e9 s podko\u017en\u00edmi jehlami pro subkut\u00e1nn\u00ed nebo intramuskul\u00e1rn\u00ed injekce.<\/p>\n<\/li>\n<li class=\"\" data-start=\"1524\" data-end=\"1559\">\n<p class=\"\" data-start=\"1526\" data-end=\"1559\">Injek\u010dn\u00ed st\u0159\u00edka\u010dky ur\u010den\u00e9 k jednor\u00e1zov\u00e9mu pou\u017eit\u00ed.<\/p>\n<\/li>\n<\/ul>\n<p class=\"\" data-start=\"1561\" data-end=\"1706\">Tato norma neobsahuje <strong data-start=\"1580\" data-end=\"1593\">neplat\u00ed<\/strong> na injek\u010dn\u00ed st\u0159\u00edka\u010dky pro inzul\u00edn (spadaj\u00edc\u00ed pod ISO 8537), pro stomatologick\u00e9 pou\u017eit\u00ed (spadaj\u00edc\u00ed pod ISO 7885) nebo na injek\u010dn\u00ed st\u0159\u00edka\u010dky pro infuzn\u00ed pumpy.<\/p>\n<hr class=\"\" data-start=\"884\" data-end=\"887\" \/>\n<h2 class=\"\" data-start=\"912\" data-end=\"952\">Testov\u00e1n\u00ed podle normy ISO 7886 a jeho v\u00fdznam<\/h2>\n<p class=\"\" data-start=\"954\" data-end=\"1117\"><strong data-start=\"954\" data-end=\"968\">ISO 7886-1<\/strong> se zam\u011b\u0159uje na po\u017eadavky na v\u00fdkon a zku\u0161ebn\u00ed metody pro <em data-start=\"1026\" data-end=\"1047\">injek\u010dn\u00ed st\u0159\u00edka\u010dky<\/em>, zejm\u00e9na ty, kter\u00e9 se pou\u017e\u00edvaj\u00ed s jehlami nebo bez nich. Tyto testy zaji\u0161\u0165uj\u00ed:<\/p>\n<h3 class=\"\" data-start=\"1861\" data-end=\"1895\">1. <strong data-start=\"1868\" data-end=\"1895\">N\u00e1vrh a konstrukce<\/strong><\/h3>\n<ul data-start=\"1896\" data-end=\"2054\">\n<li class=\"\" data-start=\"1896\" data-end=\"1951\">\n<p class=\"\" data-start=\"1898\" data-end=\"1951\">Pr\u016fhledn\u00fd sud pro vizu\u00e1ln\u00ed kontrolu obsahu.<\/p>\n<\/li>\n<li class=\"\" data-start=\"1952\" data-end=\"1997\">\n<p class=\"\" data-start=\"1954\" data-end=\"1997\">Odstup\u0148ovan\u00e1 stupnice vyti\u0161t\u011bn\u00e1 permanentn\u00edm inkoustem.<\/p>\n<\/li>\n<li class=\"\" data-start=\"1998\" data-end=\"2054\">\n<p class=\"\" data-start=\"2000\" data-end=\"2054\">Bezpe\u010dn\u00e9 uchycen\u00ed p\u00edstu, aby nedo\u0161lo k \u00faniku nebo vyklouznut\u00ed.<\/p>\n<\/li>\n<\/ul>\n<h3 class=\"\" data-start=\"2056\" data-end=\"2082\">2. <strong data-start=\"2063\" data-end=\"2082\">P\u0159esnost objemu<\/strong><\/h3>\n<ul data-start=\"2083\" data-end=\"2260\">\n<li class=\"\" data-start=\"2083\" data-end=\"2192\">\n<p class=\"\" data-start=\"2085\" data-end=\"2192\">Skute\u010dn\u00fd dodan\u00fd objem mus\u00ed odpov\u00eddat jmenovit\u00e9mu objemu vyzna\u010den\u00e9mu na hlavni v r\u00e1mci stanoven\u00fdch toleranc\u00ed.<\/p>\n<\/li>\n<li class=\"\" data-start=\"2193\" data-end=\"2260\">\n<p class=\"\" data-start=\"2195\" data-end=\"2260\">P\u0159esnost se testuje p\u0159i 10%, 50% a 100% jmenovit\u00e9 kapacity.<\/p>\n<\/li>\n<\/ul>\n<h3 class=\"\" data-start=\"2262\" data-end=\"2286\">3. <strong data-start=\"2269\" data-end=\"2286\">Zkou\u0161ky t\u011bsnosti<\/strong><\/h3>\n<ul data-start=\"2287\" data-end=\"2457\">\n<li class=\"\" data-start=\"2287\" data-end=\"2384\">\n<p class=\"\" data-start=\"2289\" data-end=\"2384\"><strong data-start=\"2289\" data-end=\"2304\">\u00danik vzduchu<\/strong> a <strong data-start=\"2309\" data-end=\"2327\">\u00fanik kapaliny<\/strong> jsou testov\u00e1ny za definovan\u00fdch tlakov\u00fdch a objemov\u00fdch podm\u00ednek.<\/p>\n<\/li>\n<li class=\"\" data-start=\"2385\" data-end=\"2457\">\n<p class=\"\" data-start=\"2387\" data-end=\"2457\">Z hlavn\u011b ani mezi sou\u010d\u00e1stmi by nem\u011blo doch\u00e1zet k viditeln\u00fdm \u00fanik\u016fm.<\/p>\n<\/li>\n<\/ul>\n<h3 class=\"\" data-start=\"2459\" data-end=\"2480\">4. <strong data-start=\"2466\" data-end=\"2480\">Mrtv\u00fd prostor<\/strong><\/h3>\n<ul data-start=\"2481\" data-end=\"2614\">\n<li class=\"\" data-start=\"2481\" data-end=\"2614\">\n<p class=\"\" data-start=\"2483\" data-end=\"2614\">Objem zb\u00fdvaj\u00edc\u00ed ve st\u0159\u00edka\u010dce po \u00fapln\u00e9m stla\u010den\u00ed p\u00edstu nesm\u00ed p\u0159ekro\u010dit stanoven\u00e9 maximum (obvykle \u2264 0,07 ml).<\/p>\n<\/li>\n<\/ul>\n<h3 class=\"\" data-start=\"2616\" data-end=\"2643\">5. <strong data-start=\"2623\" data-end=\"2643\">Funkce plun\u017eru<\/strong><\/h3>\n<ul data-start=\"2644\" data-end=\"2782\">\n<li class=\"\" data-start=\"2644\" data-end=\"2708\">\n<p class=\"\" data-start=\"2646\" data-end=\"2708\">P\u00edst by se m\u011bl pohybovat hladce, bez zasek\u00e1v\u00e1n\u00ed nebo prokluzov\u00e1n\u00ed.<\/p>\n<\/li>\n<li class=\"\" data-start=\"2709\" data-end=\"2782\">\n<p class=\"\" data-start=\"2711\" data-end=\"2782\">P\u0159i b\u011b\u017en\u00e9m provozn\u00edm tlaku nesm\u00ed doj\u00edt k \u00faniku nebo odd\u011blen\u00ed.<\/p>\n<\/li>\n<\/ul>\n<h3 class=\"\" data-start=\"2784\" data-end=\"2827\">6. <strong data-start=\"2791\" data-end=\"2827\">S\u00edla zlomu a separa\u010dn\u00ed s\u00edla<\/strong><\/h3>\n<ul data-start=\"2828\" data-end=\"2945\">\n<li class=\"\" data-start=\"2828\" data-end=\"2945\">\n<p class=\"\" data-start=\"2830\" data-end=\"2945\">Maxim\u00e1ln\u00ed s\u00edla pot\u0159ebn\u00e1 k rozlomen\u00ed p\u00edstu nebo odd\u011blen\u00ed sou\u010d\u00e1st\u00ed by nem\u011bla klesnout pod bezpe\u010dnostn\u00ed limity.<\/p>\n<\/li>\n<\/ul>\n<h3 class=\"\" data-start=\"2947\" data-end=\"2974\">7. <strong data-start=\"2954\" data-end=\"2974\">Biokompatibilita<\/strong><\/h3>\n<ul data-start=\"2975\" data-end=\"3080\">\n<li class=\"\" data-start=\"2975\" data-end=\"3080\">\n<p class=\"\" data-start=\"2977\" data-end=\"3080\">Materi\u00e1ly, kter\u00e9 p\u0159ich\u00e1zej\u00ed do styku s l\u00e9\u010divem nebo m\u00edstem vpichu, mus\u00ed proj\u00edt testy biokompatibility \u0159ady ISO 10993.<\/p>\n<\/li>\n<\/ul>\n<p class=\"\" data-start=\"1313\" data-end=\"1462\">Ka\u017ed\u00fd test pom\u00e1h\u00e1 ur\u010dit, zda je st\u0159\u00edka\u010dka bezpe\u010dn\u00e1, spolehliv\u00e1 a konzistentn\u00ed.<\/p>\n<hr class=\"\" data-start=\"1766\" data-end=\"1769\" \/>\n<h2 class=\"\" data-start=\"1568\" data-end=\"1616\">Metody zkou\u0161en\u00ed podko\u017en\u00edch st\u0159\u00edka\u010dek podle normy ISO 7886-1<\/h2>\n<h3 class=\"\" data-start=\"1618\" data-end=\"1673\">1. Zkou\u0161ka t\u011bsnosti podko\u017en\u00ed st\u0159\u00edka\u010dky ve vakuu (p\u0159\u00edloha B)<img fetchpriority=\"high\" decoding=\"async\" class=\"wp-image-6651 alignright\" src=\"https:\/\/www.qualitester.com\/wp-content\/uploads\/2025\/05\/ISO-7886-1-Annex-B.webp\" alt=\"ISO 7886-1 P\u0159\u00edloha B\" width=\"398\" height=\"327\" srcset=\"https:\/\/www.qualitester.com\/wp-content\/uploads\/2025\/05\/ISO-7886-1-Annex-B.webp 694w, https:\/\/www.qualitester.com\/wp-content\/uploads\/2025\/05\/ISO-7886-1-Annex-B-300x246.webp 300w, https:\/\/www.qualitester.com\/wp-content\/uploads\/2025\/05\/ISO-7886-1-Annex-B-15x12.webp 15w, https:\/\/www.qualitester.com\/wp-content\/uploads\/2025\/05\/ISO-7886-1-Annex-B-600x493.webp 600w\" sizes=\"(max-width: 398px) 100vw, 398px\" \/><\/h3>\n<p class=\"\" data-start=\"1675\" data-end=\"1866\">Je t\u0159eba testovat t\u011bsnost kolem z\u00e1tky p\u00edstu p\u0159i podtlaku, aby se zabr\u00e1nilo kontaminaci nebo vniknut\u00ed vzduchu. Tato str\u00e1nka <strong data-start=\"1793\" data-end=\"1825\">test t\u011bsnosti podko\u017en\u00ed injek\u010dn\u00ed st\u0159\u00edka\u010dky<\/strong> je nezbytn\u00fd pro ov\u011b\u0159en\u00ed vzduchot\u011bsnosti.<\/p>\n<ul data-start=\"1868\" data-end=\"2062\">\n<li class=\"\" data-start=\"1868\" data-end=\"1979\">\n<p class=\"\" data-start=\"1870\" data-end=\"1979\"><strong data-start=\"1870\" data-end=\"1881\">Metoda:<\/strong> Napl\u0148te st\u0159\u00edka\u010dku vodou (o objemu nejm\u00e9n\u011b 25%), sev\u0159ete p\u00edst a vytvo\u0159te podtlak -88 kPa.<\/p>\n<\/li>\n<li class=\"\" data-start=\"1980\" data-end=\"2062\">\n<p class=\"\" data-start=\"1982\" data-end=\"2062\"><strong data-start=\"1982\" data-end=\"1998\">Pozorov\u00e1n\u00ed:<\/strong> Zkontrolujte, zda nedoch\u00e1z\u00ed k \u00faniku vzduchu nebo k odpojen\u00ed z\u00e1tky p\u00edstu.<\/p>\n<\/li>\n<\/ul>\n<p class=\"\" data-start=\"2064\" data-end=\"2229\"><strong data-start=\"2064\" data-end=\"2090\">Doporu\u010den\u00e9 vybaven\u00ed:<\/strong><br data-start=\"2090\" data-end=\"2093\" \/>Cell Instruments' <strong data-start=\"2111\" data-end=\"2141\">SLT-02 <a href=\"https:\/\/www.qualitester.com\/cs\/produkt-2\/syringe-air-leakage-tester-iso-7886-1\/\">Tester t\u011bsnosti st\u0159\u00edka\u010dek<\/a><\/strong> nab\u00edz\u00ed p\u0159esnou kontrolu vakua a automatick\u00e9 ode\u010dty, kter\u00e9 zaji\u0161\u0165uj\u00ed shodu s p\u0159\u00edlohou B.<\/p>\n<hr class=\"\" data-start=\"2231\" data-end=\"2234\" \/>\n<h3 class=\"\" data-start=\"2236\" data-end=\"2303\">2. Zkou\u0161ka t\u011bsnosti podko\u017en\u00ed st\u0159\u00edka\u010dky p\u0159i stla\u010den\u00ed (p\u0159\u00edloha D)<\/h3>\n<p class=\"\" data-start=\"2305\" data-end=\"2418\">Na str\u00e1nk\u00e1ch <strong data-start=\"2309\" data-end=\"2348\">zkou\u0161ka t\u011bsnosti podko\u017en\u00edch st\u0159\u00edka\u010dek na kapalinu<\/strong> zkoum\u00e1 integritu st\u0159\u00edka\u010dky p\u0159i axi\u00e1ln\u00edm a bo\u010dn\u00edm mechanick\u00e9m nam\u00e1h\u00e1n\u00ed.<\/p>\n<ul data-start=\"2420\" data-end=\"2647\">\n<li class=\"\" data-start=\"2420\" data-end=\"2565\">\n<p class=\"\" data-start=\"2422\" data-end=\"2565\"><strong data-start=\"2422\" data-end=\"2433\">Metoda:<\/strong> Po ut\u011bsn\u011bn\u00ed trysky se p\u016fsob\u00ed bo\u010dn\u00ed silou, kter\u00e1 vych\u00fdl\u00ed p\u00edst, a n\u00e1sledn\u00fdm axi\u00e1ln\u00edm stla\u010den\u00edm se simuluje \u010dinnost u\u017eivatele.<\/p>\n<\/li>\n<li class=\"\" data-start=\"2566\" data-end=\"2647\">\n<p class=\"\" data-start=\"2568\" data-end=\"2647\"><strong data-start=\"2568\" data-end=\"2584\">Pozorov\u00e1n\u00ed:<\/strong> Sledujte \u00fanik kapaliny p\u0159i tlaku 200 kPa a 300 kPa.<\/p>\n<\/li>\n<\/ul>\n<p class=\"\" data-start=\"2649\" data-end=\"2835\"><strong data-start=\"2649\" data-end=\"2675\">Doporu\u010den\u00e9 vybaven\u00ed:<\/strong><br data-start=\"2675\" data-end=\"2678\" \/>Pou\u017eijte <strong data-start=\"2682\" data-end=\"2728\">SPPT-01 <a href=\"https:\/\/www.qualitester.com\/cs\/produkt-2\/syringe-liquid-leakage-tester\/\">Tester t\u011bsnosti st\u0159\u00edka\u010dky s pozitivn\u00edm tlakem<\/a><\/strong>\u00a0od spole\u010dnosti Cell Instruments, aby bylo mo\u017en\u00e9 aplikovat \u0159\u00edzen\u00e9 mechanick\u00e9 s\u00edly a sledovat, zda nedo\u0161lo k poru\u0161en\u00ed integrity t\u011bsn\u011bn\u00ed.<\/p>\n<hr class=\"\" data-start=\"2837\" data-end=\"2840\" \/>\n<h3 data-start=\"2842\" data-end=\"2907\">3. Test mrtv\u00e9ho prostoru st\u0159\u00edka\u010dky: (p\u0159\u00edloha C)<\/h3>\n<p class=\"\" data-start=\"2909\" data-end=\"3067\">Mrtv\u00fdm prostorem se rozum\u00ed objem tekutiny, kter\u00fd z\u016fstane ve st\u0159\u00edka\u010dce po \u00fapln\u00e9m vypr\u00e1zdn\u011bn\u00ed. Vysok\u00fd mrtv\u00fd prostor m\u016f\u017ee v\u00e9st k pl\u00fdtv\u00e1n\u00ed l\u00e9\u010divem a nep\u0159esn\u00e9mu d\u00e1vkov\u00e1n\u00ed.<\/p>\n<ul data-start=\"3069\" data-end=\"3238\">\n<li class=\"\" data-start=\"3069\" data-end=\"3162\">\n<p class=\"\" data-start=\"3071\" data-end=\"3162\"><strong data-start=\"3071\" data-end=\"3082\">Metoda:<\/strong> Zva\u017ete pr\u00e1zdnou injek\u010dn\u00ed st\u0159\u00edka\u010dku a pot\u00e9 ji zva\u017ete po napln\u011bn\u00ed a vypr\u00e1zdn\u011bn\u00ed vodou.<\/p>\n<\/li>\n<li class=\"\" data-start=\"3163\" data-end=\"3238\">\n<p class=\"\" data-start=\"3165\" data-end=\"3238\"><strong data-start=\"3165\" data-end=\"3181\">V\u00fdpo\u010det:<\/strong> Rozd\u00edl v hmotnosti ukazuje <strong data-start=\"3217\" data-end=\"3231\">mrtv\u00fd prostor<\/strong> v ml.<\/p>\n<\/li>\n<\/ul>\n<hr class=\"\" data-start=\"3437\" data-end=\"3440\" \/>\n<h3 data-start=\"3442\" data-end=\"3490\">4. Zkou\u0161ka kluzn\u00e9 s\u00edly p\u00edstu st\u0159\u00edka\u010dky (p\u0159\u00edloha E)<img decoding=\"async\" class=\"wp-image-6652 alignright\" src=\"https:\/\/www.qualitester.com\/wp-content\/uploads\/2025\/05\/ISO-7886-1-Annex-E.webp\" alt=\"ISO 7886-1 P\u0159\u00edloha E\" width=\"272\" height=\"358\" srcset=\"https:\/\/www.qualitester.com\/wp-content\/uploads\/2025\/05\/ISO-7886-1-Annex-E.webp 546w, https:\/\/www.qualitester.com\/wp-content\/uploads\/2025\/05\/ISO-7886-1-Annex-E-228x300.webp 228w, https:\/\/www.qualitester.com\/wp-content\/uploads\/2025\/05\/ISO-7886-1-Annex-E-9x12.webp 9w\" sizes=\"(max-width: 272px) 100vw, 272px\" \/><\/h3>\n<p class=\"\" data-start=\"3492\" data-end=\"3683\">Plynul\u00fd pohyb p\u00edstu je d\u016fle\u017eit\u00fd pro pohodl\u00ed u\u017eivatele a p\u0159esnou kontrolu d\u00e1vkov\u00e1n\u00ed. Na str\u00e1nk\u00e1ch <strong data-start=\"3576\" data-end=\"3596\">zkou\u0161ka kluzn\u00e9 s\u00edly<\/strong> m\u011b\u0159\u00ed s\u00edlu, kter\u00e1 je pot\u0159ebn\u00e1 k rovnom\u011brn\u00e9mu pohybu p\u00edstu po cel\u00e9m zdvihu.<\/p>\n<ul data-start=\"3685\" data-end=\"3873\">\n<li class=\"\" data-start=\"3685\" data-end=\"3798\">\n<p class=\"\" data-start=\"3687\" data-end=\"3798\"><strong data-start=\"3687\" data-end=\"3698\">Metoda:<\/strong> Mechanick\u00fd zku\u0161ebn\u00ed stroj stla\u010duje p\u00edst pevnou rychlost\u00ed a zaznamen\u00e1v\u00e1 odpor v re\u00e1ln\u00e9m \u010dase.<\/p>\n<\/li>\n<li class=\"\" data-start=\"3799\" data-end=\"3873\">\n<p class=\"\" data-start=\"3801\" data-end=\"3873\"><strong data-start=\"3801\" data-end=\"3813\">\u00da\u010del:<\/strong> Ov\u011b\u0159uje pou\u017eitelnost st\u0159\u00edka\u010dek a konzistenci jednotliv\u00fdch \u0161ar\u017e\u00ed.<\/p>\n<\/li>\n<\/ul>\n<p class=\"\" data-start=\"3875\" data-end=\"4084\"><strong data-start=\"3875\" data-end=\"3901\">Doporu\u010den\u00e9 vybaven\u00ed:<\/strong><br data-start=\"3901\" data-end=\"3904\" \/><strong data-start=\"3904\" data-end=\"3958\">Cell Instruments MST-01 <a href=\"https:\/\/www.qualitester.com\/cs\/produkt-2\/sale-syringe-plunger-glide-force-tester\/\">Tester l\u00e9ka\u0159sk\u00fdch st\u0159\u00edka\u010dek<\/a><\/strong>\u00a0je ide\u00e1ln\u00ed pro <strong data-start=\"3972\" data-end=\"3992\">zkou\u0161ka kluzn\u00e9 s\u00edly<\/strong> aplikace. Zaznamen\u00e1v\u00e1 silov\u00e9 profily a spl\u0148uje po\u017eadavky na p\u0159esnost podle normy ISO 7886-1.<\/p>\n<hr class=\"\" data-start=\"4086\" data-end=\"4089\" \/>\n<h2 class=\"\" data-start=\"4091\" data-end=\"4143\">Pro\u010d si vybrat Cell Instruments pro testov\u00e1n\u00ed podle ISO 7886?<\/h2>\n<p class=\"\" data-start=\"4145\" data-end=\"4312\">Spole\u010dnost Cell Instruments nab\u00edz\u00ed kompletn\u00ed sadu \u0159e\u0161en\u00ed pro testov\u00e1n\u00ed injek\u010dn\u00edch st\u0159\u00edka\u010dek, kter\u00e1 v\u00fdrobc\u016fm pom\u00e1haj\u00ed splnit a p\u0159ekonat po\u017eadavky na <strong data-start=\"4253\" data-end=\"4267\">ISO 7886-1<\/strong> po\u017eadavky. Na\u0161e za\u0159\u00edzen\u00ed je ur\u010deno pro:<\/p>\n<ul data-start=\"4313\" data-end=\"4476\">\n<li class=\"\" data-start=\"4313\" data-end=\"4344\">\n<p class=\"\" data-start=\"4315\" data-end=\"4344\">Vysok\u00e1 p\u0159esnost a automatizace<\/p>\n<\/li>\n<li class=\"\" data-start=\"4345\" data-end=\"4386\">\n<p class=\"\" data-start=\"4347\" data-end=\"4386\">Soulad s mezin\u00e1rodn\u00edmi normami<\/p>\n<\/li>\n<li class=\"\" data-start=\"4387\" data-end=\"4422\">\n<p class=\"\" data-start=\"4389\" data-end=\"4422\">Snadn\u00e9 ovl\u00e1d\u00e1n\u00ed a z\u00e1znam dat<\/p>\n<\/li>\n<li class=\"\" data-start=\"4423\" data-end=\"4476\">\n<p class=\"\" data-start=\"4425\" data-end=\"4476\">Flexibiln\u00ed p\u0159izp\u016fsoben\u00ed pro konkr\u00e9tn\u00ed testovac\u00ed nastaven\u00ed<\/p>\n<\/li>\n<\/ul>\n<p class=\"\" data-start=\"4478\" data-end=\"4682\">A\u0165 u\u017e ov\u011b\u0159ujete n\u00e1vrh produktu, nebo \u0159\u00edd\u00edte testov\u00e1n\u00ed s\u00e9riov\u00e9ho vyd\u00e1n\u00ed, <strong data-start=\"4554\" data-end=\"4564\">SLT-01<\/strong>, <strong data-start=\"4566\" data-end=\"4577\">SPPT-01<\/strong>, a <strong data-start=\"4583\" data-end=\"4593\">MST-01<\/strong> poskytuj\u00ed spolehliv\u00e9 a opakovateln\u00e9 v\u00fdsledky p\u0159izp\u016fsoben\u00e9 pot\u0159eb\u00e1m pr\u016fmyslu zdravotnick\u00fdch prost\u0159edk\u016f.<\/p>\n<hr class=\"\" data-start=\"4684\" data-end=\"4687\" \/>\n<p class=\"\" data-start=\"4704\" data-end=\"5183\">Dosa\u017een\u00ed souladu s <a href=\"https:\/\/www.iso.org\/standard\/64790.html\" target=\"_blank\" rel=\"noopener nofollow\"><strong data-start=\"4730\" data-end=\"4744\">ISO 7886-1<\/strong><\/a> nen\u00ed jen regula\u010dn\u00ed p\u0159ek\u00e1\u017ekou - je to z\u00e1vazek ke kvalit\u011b a bezpe\u010dnosti pacient\u016f. Pochopen\u00edm a zaveden\u00edm z\u00e1kladn\u00edch test\u016f, jako je nap\u0159. <strong data-start=\"4885\" data-end=\"4912\">test podko\u017en\u00ed injek\u010dn\u00ed st\u0159\u00edka\u010dkou<\/strong>, <strong data-start=\"4914\" data-end=\"4927\">zkou\u0161ka t\u011bsnosti<\/strong>, <strong data-start=\"4929\" data-end=\"4956\">test mrtv\u00e9ho prostoru st\u0159\u00edka\u010dky<\/strong>, a <strong data-start=\"4962\" data-end=\"4982\">zkou\u0161ka kluzn\u00e9 s\u00edly<\/strong>, mohou v\u00fdrobci bez obav uv\u00e1d\u011bt v\u00fdrobky na trh. Vybavte svou laborato\u0159 pokro\u010dil\u00fdmi testery Cell Instruments, kter\u00e9 zefektivn\u00ed testov\u00e1n\u00ed a zajist\u00ed p\u0159esnost ve v\u0161ech f\u00e1z\u00edch v\u00fdroby injek\u010dn\u00edch st\u0159\u00edka\u010dek.<\/p>\n<p class=\"\" data-start=\"5185\" data-end=\"5296\"><strong data-start=\"5185\" data-end=\"5296\">Pro technick\u00e9 konzultace, v\u00fdb\u011br p\u0159\u00edstroj\u016f nebo \u0159e\u0161en\u00ed na m\u00edru kontaktujte spole\u010dnost Cell Instruments je\u0161t\u011b dnes.<\/strong><\/p>","protected":false},"excerpt":{"rendered":"<p>ISO 7886-1 Hypodermic Syringe Test The ISO 7886-1 standard defines the performance and safety requirements for hypodermic syringes intended for single use, emphasizing aspects like leak resistance, dead space, and glide force. Manufacturers and quality assurance teams must understand the testing procedures outlined in ISO 7886-1 to ensure product compliance and patient safety. ISO 7886-1 &hellip;<\/p>\n<p class=\"read-more\"> <a class=\"\" href=\"https:\/\/www.qualitester.com\/cs\/standards\/iso-7886-1\/\"> <span class=\"screen-reader-text\">ISO 7886-1<\/span> Pokra\u010dovat ve \u010dten\u00ed \"<\/a><\/p>","protected":false},"author":4,"featured_media":0,"parent":4948,"menu_order":0,"comment_status":"closed","ping_status":"closed","template":"","meta":{"site-sidebar-layout":"default","site-content-layout":"default","ast-global-header-display":"","ast-main-header-display":"","ast-hfb-above-header-display":"","ast-hfb-below-header-display":"","ast-hfb-mobile-header-display":"","site-post-title":"disabled","ast-breadcrumbs-content":"","ast-featured-img":"disabled","footer-sml-layout":"","theme-transparent-header-meta":"default","adv-header-id-meta":"","stick-header-meta":"","header-above-stick-meta":"","header-main-stick-meta":"","header-below-stick-meta":"","footnotes":""},"class_list":["post-6648","page","type-page","status-publish","hentry"],"_links":{"self":[{"href":"https:\/\/www.qualitester.com\/cs\/wp-json\/wp\/v2\/pages\/6648","targetHints":{"allow":["GET"]}}],"collection":[{"href":"https:\/\/www.qualitester.com\/cs\/wp-json\/wp\/v2\/pages"}],"about":[{"href":"https:\/\/www.qualitester.com\/cs\/wp-json\/wp\/v2\/types\/page"}],"author":[{"embeddable":true,"href":"https:\/\/www.qualitester.com\/cs\/wp-json\/wp\/v2\/users\/4"}],"replies":[{"embeddable":true,"href":"https:\/\/www.qualitester.com\/cs\/wp-json\/wp\/v2\/comments?post=6648"}],"version-history":[{"count":0,"href":"https:\/\/www.qualitester.com\/cs\/wp-json\/wp\/v2\/pages\/6648\/revisions"}],"up":[{"embeddable":true,"href":"https:\/\/www.qualitester.com\/cs\/wp-json\/wp\/v2\/pages\/4948"}],"wp:attachment":[{"href":"https:\/\/www.qualitester.com\/cs\/wp-json\/wp\/v2\/media?parent=6648"}],"curies":[{"name":"wp","href":"https:\/\/api.w.org\/{rel}","templated":true}]}}