{"id":4999,"date":"2024-10-03T13:41:30","date_gmt":"2024-10-03T05:41:30","guid":{"rendered":"https:\/\/www.qualitester.com\/?page_id=4999"},"modified":"2024-11-28T10:04:17","modified_gmt":"2024-11-28T02:04:17","slug":"blog","status":"publish","type":"page","link":"https:\/\/www.qualitester.com\/cs\/blog\/","title":{"rendered":"Blog"},"content":{"rendered":"<div data-elementor-type=\"wp-page\" data-elementor-id=\"4999\" class=\"elementor elementor-4999\" data-elementor-post-type=\"page\">\n\t\t\t\t<div class=\"elementor-element elementor-element-665610e3 e-flex e-con-boxed e-con e-parent\" data-id=\"665610e3\" data-element_type=\"container\" data-settings=\"{&quot;background_background&quot;:&quot;classic&quot;}\">\n\t\t\t\t\t<div class=\"e-con-inner\">\n\t\t<div class=\"elementor-element elementor-element-5723a97a e-flex e-con-boxed e-con e-child\" data-id=\"5723a97a\" data-element_type=\"container\">\n\t\t\t\t\t<div class=\"e-con-inner\">\n\t\t\t\t<div class=\"elementor-element elementor-element-626984f0 elementor-widget elementor-widget-heading\" data-id=\"626984f0\" data-element_type=\"widget\" data-widget_type=\"heading.default\">\n\t\t\t\t<div class=\"elementor-widget-container\">\n\t\t\t<h1 class=\"elementor-heading-title elementor-size-default\">Tester kvality materi\u00e1lu Blog <\/h1>\t\t<\/div>\n\t\t\t\t<\/div>\n\t\t\t\t<div class=\"elementor-element elementor-element-52544a1b elementor-widget__width-inherit elementor-widget elementor-widget-text-editor\" data-id=\"52544a1b\" data-element_type=\"widget\" data-widget_type=\"text-editor.default\">\n\t\t\t\t<div class=\"elementor-widget-container\">\n\t\t\t\t\t\t\t<p>Zde se m\u016f\u017eete sezn\u00e1mit s inovacemi a \u0159e\u0161en\u00edmi spole\u010dnosti Cell Instruments v oblasti metod testov\u00e1n\u00ed materi\u00e1l\u016f.<\/p>\t\t\t\t\t\t<\/div>\n\t\t\t\t<\/div>\n\t\t\t\t<div class=\"elementor-element elementor-element-0adf485 elementor-button-success elementor-invisible elementor-widget elementor-widget-button\" data-id=\"0adf485\" data-element_type=\"widget\" data-settings=\"{&quot;_animation&quot;:&quot;zoomIn&quot;}\" data-widget_type=\"button.default\">\n\t\t\t\t<div class=\"elementor-widget-container\">\n\t\t\t\t\t\t\t<div class=\"elementor-button-wrapper\">\n\t\t\t\t\t<a class=\"elementor-button elementor-button-link elementor-size-sm\" href=\"#elementor-action%3Aaction%3Dpopup%3Aopen%26settings%3DeyJpZCI6IjUwMTgiLCJ0b2dnbGUiOmZhbHNlfQ%3D%3D\">\n\t\t\t\t\t\t<span class=\"elementor-button-content-wrapper\">\n\t\t\t\t\t\t\t\t\t<span class=\"elementor-button-text\">\u017d\u00e1dost o zku\u0161ebn\u00ed metodu<\/span>\n\t\t\t\t\t<\/span>\n\t\t\t\t\t<\/a>\n\t\t\t\t<\/div>\n\t\t\t\t\t\t<\/div>\n\t\t\t\t<\/div>\n\t\t\t\t\t<\/div>\n\t\t\t\t<\/div>\n\t\t\t\t\t<\/div>\n\t\t\t\t<\/div>\n\t\t<div class=\"elementor-element elementor-element-5a9448d e-flex e-con-boxed e-con e-parent\" data-id=\"5a9448d\" data-element_type=\"container\">\n\t\t\t\t\t<div class=\"e-con-inner\">\n\t\t\t\t<div class=\"elementor-element elementor-element-1a69631 elementor-grid-3 elementor-grid-tablet-2 elementor-grid-mobile-1 elementor-posts--thumbnail-top elementor-posts--show-avatar elementor-card-shadow-yes elementor-posts__hover-gradient elementor-widget elementor-widget-posts\" data-id=\"1a69631\" data-element_type=\"widget\" data-settings=\"{&quot;pagination_type&quot;:&quot;prev_next&quot;,&quot;cards_columns&quot;:&quot;3&quot;,&quot;cards_columns_tablet&quot;:&quot;2&quot;,&quot;cards_columns_mobile&quot;:&quot;1&quot;,&quot;cards_row_gap&quot;:{&quot;unit&quot;:&quot;px&quot;,&quot;size&quot;:35,&quot;sizes&quot;:[]},&quot;cards_row_gap_tablet&quot;:{&quot;unit&quot;:&quot;px&quot;,&quot;size&quot;:&quot;&quot;,&quot;sizes&quot;:[]},&quot;cards_row_gap_mobile&quot;:{&quot;unit&quot;:&quot;px&quot;,&quot;size&quot;:&quot;&quot;,&quot;sizes&quot;:[]}}\" data-widget_type=\"posts.cards\">\n\t\t\t\t<div class=\"elementor-widget-container\">\n\t\t\t\t\t<div class=\"elementor-posts-container elementor-posts elementor-posts--skin-cards elementor-grid\">\n\t\t\t\t<article class=\"elementor-post elementor-grid-item post-7407 post type-post status-publish format-standard hentry category-test-method\">\n\t\t\t<div class=\"elementor-post__card\">\n\t\t\t\t<div class=\"elementor-post__text\">\n\t\t\t\t<h3 class=\"elementor-post__title\">\n\t\t\t<a href=\"https:\/\/www.qualitester.com\/cs\/drop-weight-test\/\">\n\t\t\t\tZkou\u0161ka p\u00e1dovou hmotnost\u00ed: ASTM D3420 Hodnocen\u00ed odolnosti proti n\u00e1razu\t\t\t<\/a>\n\t\t<\/h3>\n\t\t\t\t<div class=\"elementor-post__excerpt\">\n\t\t\t<p>Zkou\u0161ka p\u00e1dovou hmotnost\u00ed je \u0161iroce pou\u017e\u00edvanou metodou pro hodnocen\u00ed odolnosti plastov\u00fdch f\u00f3li\u00ed, lamin\u00e1t\u016f a flexibiln\u00edch obalov\u00fdch materi\u00e1l\u016f proti n\u00e1razu. P\u00e1dem<\/p>\n\t\t<\/div>\n\t\t\t\t\t<div class=\"elementor-post__read-more-wrapper\">\n\t\t\n\t\t<a class=\"elementor-post__read-more\" href=\"https:\/\/www.qualitester.com\/cs\/drop-weight-test\/\" aria-label=\"Read more about Drop Weight Test: ASTM D3420 Impact Resistance Evaluation\" tabindex=\"-1\" target=\"_blank\">\n\t\t\tP\u0159e\u010dt\u011bte si v\u00edce \"\t\t<\/a>\n\n\t\t\t\t\t<\/div>\n\t\t\t\t<\/div>\n\t\t\t\t\t<\/div>\n\t\t<\/article>\n\t\t\t\t<article class=\"elementor-post elementor-grid-item post-7390 post type-post status-publish format-standard hentry category-test-method\">\n\t\t\t<div class=\"elementor-post__card\">\n\t\t\t\t<div class=\"elementor-post__text\">\n\t\t\t\t<h3 class=\"elementor-post__title\">\n\t\t\t<a href=\"https:\/\/www.qualitester.com\/cs\/bottle-wall-thickness-guide\/\">\n\t\t\t\tPr\u016fvodce tlou\u0161\u0165kou st\u011bny l\u00e1hve pro kvalitu balen\u00ed\t\t\t<\/a>\n\t\t<\/h3>\n\t\t\t\t<div class=\"elementor-post__excerpt\">\n\t\t\t<p>Obaly hraj\u00ed z\u00e1sadn\u00ed roli p\u0159i zaji\u0161\u0165ov\u00e1n\u00ed bezpe\u010dnosti, stability a spokojenosti spot\u0159ebitel\u016f. Mezi mnoha kvalitativn\u00edmi parametry je tlou\u0161\u0165ka st\u011bny l\u00e1hve jedn\u00edm z nich.<\/p>\n\t\t<\/div>\n\t\t\t\t\t<div class=\"elementor-post__read-more-wrapper\">\n\t\t\n\t\t<a class=\"elementor-post__read-more\" href=\"https:\/\/www.qualitester.com\/cs\/bottle-wall-thickness-guide\/\" aria-label=\"Read more about Bottle Wall Thickness Guide for Packaging Quality\" tabindex=\"-1\" target=\"_blank\">\n\t\t\tP\u0159e\u010dt\u011bte si v\u00edce \"\t\t<\/a>\n\n\t\t\t\t\t<\/div>\n\t\t\t\t<\/div>\n\t\t\t\t\t<\/div>\n\t\t<\/article>\n\t\t\t\t<article class=\"elementor-post elementor-grid-item post-7373 post type-post status-publish format-standard hentry category-test-method\">\n\t\t\t<div class=\"elementor-post__card\">\n\t\t\t\t<div class=\"elementor-post__text\">\n\t\t\t\t<h3 class=\"elementor-post__title\">\n\t\t\t<a href=\"https:\/\/www.qualitester.com\/cs\/shrinkage-films-tester\/\">\n\t\t\t\tKompletn\u00ed pr\u016fvodce testerem smr\u0161\u0165ovac\u00edch f\u00f3li\u00ed podle ASTM D2732\t\t\t<\/a>\n\t\t<\/h3>\n\t\t\t\t<div class=\"elementor-post__excerpt\">\n\t\t\t<p>&nbsp; Tepeln\u00e9 smr\u0161t\u011bn\u00ed je jedn\u00edm z nejkriti\u010dt\u011bj\u0161\u00edch parametr\u016f plastov\u00fdch f\u00f3li\u00ed pou\u017e\u00edvan\u00fdch v pru\u017en\u00fdch obalech. A\u0165 u\u017e se jedn\u00e1 o potravin\u00e1\u0159sk\u00e9, zdravotnick\u00e9 nebo elektronick\u00e9 obaly, je to velmi d\u016fle\u017eit\u00e9.<\/p>\n\t\t<\/div>\n\t\t\t\t\t<div class=\"elementor-post__read-more-wrapper\">\n\t\t\n\t\t<a class=\"elementor-post__read-more\" href=\"https:\/\/www.qualitester.com\/cs\/shrinkage-films-tester\/\" aria-label=\"Read more about Complete Guide to Shrinkage Films Tester According to ASTM D2732\" tabindex=\"-1\" target=\"_blank\">\n\t\t\tP\u0159e\u010dt\u011bte si v\u00edce \"\t\t<\/a>\n\n\t\t\t\t\t<\/div>\n\t\t\t\t<\/div>\n\t\t\t\t\t<\/div>\n\t\t<\/article>\n\t\t\t\t<article class=\"elementor-post elementor-grid-item post-7362 post type-post status-publish format-standard hentry category-test-method\">\n\t\t\t<div class=\"elementor-post__card\">\n\t\t\t\t<div class=\"elementor-post__text\">\n\t\t\t\t<h3 class=\"elementor-post__title\">\n\t\t\t<a href=\"https:\/\/www.qualitester.com\/cs\/shrinkage-tester\/\">\n\t\t\t\tTester smr\u0161t\u011bn\u00ed a kritick\u00e1 role testov\u00e1n\u00ed pry\u017eov\u00fdch materi\u00e1l\u016f\t\t\t<\/a>\n\t\t<\/h3>\n\t\t\t\t<div class=\"elementor-post__excerpt\">\n\t\t\t<p>0P\u0159i v\u00fdrob\u011b a zaji\u0161\u0165ov\u00e1n\u00ed kvality v\u00fdrobk\u016f na b\u00e1zi pry\u017ee m\u00e1 z\u00e1sadn\u00ed v\u00fdznam kontrola reakce materi\u00e1l\u016f na teplo. Zkou\u0161e\u010dka smr\u0161t\u011bn\u00ed hraje kl\u00ed\u010dovou roli v tomto procesu.<\/p>\n\t\t<\/div>\n\t\t\t\t\t<div class=\"elementor-post__read-more-wrapper\">\n\t\t\n\t\t<a class=\"elementor-post__read-more\" href=\"https:\/\/www.qualitester.com\/cs\/shrinkage-tester\/\" aria-label=\"Read more about Shrinkage Tester and the Critical Role of Rubber Materials Testing\" tabindex=\"-1\" target=\"_blank\">\n\t\t\tP\u0159e\u010dt\u011bte si v\u00edce \"\t\t<\/a>\n\n\t\t\t\t\t<\/div>\n\t\t\t\t<\/div>\n\t\t\t\t\t<\/div>\n\t\t<\/article>\n\t\t\t\t<article class=\"elementor-post elementor-grid-item post-7344 post type-post status-publish format-standard hentry category-test-method\">\n\t\t\t<div class=\"elementor-post__card\">\n\t\t\t\t<div class=\"elementor-post__text\">\n\t\t\t\t<h3 class=\"elementor-post__title\">\n\t\t\t<a href=\"https:\/\/www.qualitester.com\/cs\/stiffness-tester\/\">\n\t\t\t\tOsvojen\u00ed si pou\u017e\u00edv\u00e1n\u00ed testeru tuhosti pro testov\u00e1n\u00ed pap\u00edru podle normy ISO 2493-1\t\t\t<\/a>\n\t\t<\/h3>\n\t\t\t\t<div class=\"elementor-post__excerpt\">\n\t\t\t<p>\u00davod: Tester tuhosti hraje kl\u00ed\u010dovou roli p\u0159i kontrole kvality pap\u00edru, lepenky a podobn\u00fdch list\u016f.<\/p>\n\t\t<\/div>\n\t\t\t\t\t<div class=\"elementor-post__read-more-wrapper\">\n\t\t\n\t\t<a class=\"elementor-post__read-more\" href=\"https:\/\/www.qualitester.com\/cs\/stiffness-tester\/\" aria-label=\"Read more about Mastering Stiffness Tester Use for ISO 2493-1 Paper Testing\" tabindex=\"-1\" target=\"_blank\">\n\t\t\tP\u0159e\u010dt\u011bte si v\u00edce \"\t\t<\/a>\n\n\t\t\t\t\t<\/div>\n\t\t\t\t<\/div>\n\t\t\t\t\t<\/div>\n\t\t<\/article>\n\t\t\t\t<article class=\"elementor-post elementor-grid-item post-7246 post type-post status-publish format-standard hentry category-test-method\">\n\t\t\t<div class=\"elementor-post__card\">\n\t\t\t\t<div class=\"elementor-post__text\">\n\t\t\t\t<h3 class=\"elementor-post__title\">\n\t\t\t<a href=\"https:\/\/www.qualitester.com\/cs\/tablet-hardness-test\/\">\n\t\t\t\tTest tvrdosti tablet\t\t\t<\/a>\n\t\t<\/h3>\n\t\t\t\t<div class=\"elementor-post__excerpt\">\n\t\t\t<p>Zkou\u0161ka tvrdosti tablet Zkou\u0161ka tvrdosti tablet je z\u00e1kladn\u00ed postup kontroly kvality pou\u017e\u00edvan\u00fd ve farmaceutick\u00e9m pr\u016fmyslu ke stanoven\u00ed mechanick\u00e9 pevnosti tablet.<\/p>\n\t\t<\/div>\n\t\t\t\t\t<div class=\"elementor-post__read-more-wrapper\">\n\t\t\n\t\t<a class=\"elementor-post__read-more\" href=\"https:\/\/www.qualitester.com\/cs\/tablet-hardness-test\/\" aria-label=\"Read more about Tablet Hardness Test\" tabindex=\"-1\" target=\"_blank\">\n\t\t\tP\u0159e\u010dt\u011bte si v\u00edce \"\t\t<\/a>\n\n\t\t\t\t\t<\/div>\n\t\t\t\t<\/div>\n\t\t\t\t\t<\/div>\n\t\t<\/article>\n\t\t\t\t<article class=\"elementor-post elementor-grid-item post-7177 post type-post status-publish format-standard hentry category-test-method\">\n\t\t\t<div class=\"elementor-post__card\">\n\t\t\t\t<div class=\"elementor-post__text\">\n\t\t\t\t<h3 class=\"elementor-post__title\">\n\t\t\t<a href=\"https:\/\/www.qualitester.com\/cs\/ampoule-fracture\/\">\n\t\t\t\tPro\u010d je testov\u00e1n\u00ed pevnosti ampul\u00ed d\u016fle\u017eit\u00e9 pro bezpe\u010dn\u00e9 balen\u00ed l\u00e9\u010div\u00fdch p\u0159\u00edpravk\u016f?\t\t\t<\/a>\n\t\t<\/h3>\n\t\t\t\t<div class=\"elementor-post__excerpt\">\n\t\t\t<p>Pro\u010d je testov\u00e1n\u00ed pevnosti v lomu ampul\u00ed d\u016fle\u017eit\u00e9 pro bezpe\u010dn\u00e9 balen\u00ed l\u00e9\u010div Ve farmaceutick\u00e9m pr\u016fmyslu je spolehlivost balen\u00ed stejn\u011b d\u016fle\u017eit\u00e1 jako samotn\u00e9 l\u00e9ky.<\/p>\n\t\t<\/div>\n\t\t\t\t\t<div class=\"elementor-post__read-more-wrapper\">\n\t\t\n\t\t<a class=\"elementor-post__read-more\" href=\"https:\/\/www.qualitester.com\/cs\/ampoule-fracture\/\" aria-label=\"Read more about Why Ampoule Strength Testing Is Important for Safe Pharmaceutical Packaging\" tabindex=\"-1\" target=\"_blank\">\n\t\t\tP\u0159e\u010dt\u011bte si v\u00edce \"\t\t<\/a>\n\n\t\t\t\t\t<\/div>\n\t\t\t\t<\/div>\n\t\t\t\t\t<\/div>\n\t\t<\/article>\n\t\t\t\t<article class=\"elementor-post elementor-grid-item post-7139 post type-post status-publish format-standard hentry category-test-method\">\n\t\t\t<div class=\"elementor-post__card\">\n\t\t\t\t<div class=\"elementor-post__text\">\n\t\t\t\t<h3 class=\"elementor-post__title\">\n\t\t\t<a href=\"https:\/\/www.qualitester.com\/cs\/infusion-bag-compression-test\/\">\n\t\t\t\tTest stla\u010den\u00ed infuzn\u00edho vaku\t\t\t<\/a>\n\t\t<\/h3>\n\t\t\t\t<div class=\"elementor-post__excerpt\">\n\t\t\t<p>Zaji\u0161t\u011bn\u00ed struktur\u00e1ln\u00ed integrity zdravotnick\u00fdch obal\u016f je v dne\u0161n\u00edm zdravotnictv\u00ed a farmaceutick\u00e9m pr\u016fmyslu prioritou. Mezi nimi hraje zkou\u0161ka stla\u010den\u00ed infuzn\u00edho vaku d\u016fle\u017eitou roli.<\/p>\n\t\t<\/div>\n\t\t\t\t\t<div class=\"elementor-post__read-more-wrapper\">\n\t\t\n\t\t<a class=\"elementor-post__read-more\" href=\"https:\/\/www.qualitester.com\/cs\/infusion-bag-compression-test\/\" aria-label=\"Read more about Infusion Bag Compression Test\" tabindex=\"-1\" target=\"_blank\">\n\t\t\tP\u0159e\u010dt\u011bte si v\u00edce \"\t\t<\/a>\n\n\t\t\t\t\t<\/div>\n\t\t\t\t<\/div>\n\t\t\t\t\t<\/div>\n\t\t<\/article>\n\t\t\t\t<article class=\"elementor-post elementor-grid-item post-7090 post type-post status-publish format-standard hentry category-test-method\">\n\t\t\t<div class=\"elementor-post__card\">\n\t\t\t\t<div class=\"elementor-post__text\">\n\t\t\t\t<h3 class=\"elementor-post__title\">\n\t\t\t<a href=\"https:\/\/www.qualitester.com\/cs\/package-compression-test\/\">\n\t\t\t\tTest komprese bal\u00ed\u010dku\t\t\t<\/a>\n\t\t<\/h3>\n\t\t\t\t<div class=\"elementor-post__excerpt\">\n\t\t\t<p>Kvalita obal\u016f m\u00e1 p\u0159\u00edm\u00fd vliv na bezpe\u010dnost v\u00fdrobk\u016f a d\u016fv\u011bru spot\u0159ebitel\u016f, zejm\u00e9na v citliv\u00fdch oblastech, jako jsou l\u00e9\u010diva. Zkou\u0161ka stla\u010den\u00edm obalu je z\u00e1kladn\u00ed metodou pro vyhodnocen\u00ed<\/p>\n\t\t<\/div>\n\t\t\t\t\t<div class=\"elementor-post__read-more-wrapper\">\n\t\t\n\t\t<a class=\"elementor-post__read-more\" href=\"https:\/\/www.qualitester.com\/cs\/package-compression-test\/\" aria-label=\"Read more about Package Compression Test\" tabindex=\"-1\" target=\"_blank\">\n\t\t\tP\u0159e\u010dt\u011bte si v\u00edce \"\t\t<\/a>\n\n\t\t\t\t\t<\/div>\n\t\t\t\t<\/div>\n\t\t\t\t\t<\/div>\n\t\t<\/article>\n\t\t\t\t<article class=\"elementor-post elementor-grid-item post-6872 post type-post status-publish format-standard hentry category-test-method\">\n\t\t\t<div class=\"elementor-post__card\">\n\t\t\t\t<div class=\"elementor-post__text\">\n\t\t\t\t<h3 class=\"elementor-post__title\">\n\t\t\t<a href=\"https:\/\/www.qualitester.com\/cs\/elmendorf-tear-test\/\">\n\t\t\t\tElmendorf\u016fv trhac\u00ed test\t\t\t<\/a>\n\t\t<\/h3>\n\t\t\t\t<div class=\"elementor-post__excerpt\">\n\t\t\t<p>Elmendorfova zkou\u0161ka trh\u00e1n\u00ed V obalov\u00e9m a tiska\u0159sk\u00e9m pr\u016fmyslu a v pr\u016fmyslu pru\u017en\u00fdch materi\u00e1l\u016f hraje Elmendorfova zkou\u0161ka trh\u00e1n\u00ed z\u00e1sadn\u00ed roli p\u0159i hodnocen\u00ed trvanlivosti a v\u00fdkonnosti materi\u00e1l\u016f.<\/p>\n\t\t<\/div>\n\t\t\t\t\t<div class=\"elementor-post__read-more-wrapper\">\n\t\t\n\t\t<a class=\"elementor-post__read-more\" href=\"https:\/\/www.qualitester.com\/cs\/elmendorf-tear-test\/\" aria-label=\"Read more about Elmendorf Tear Test\" tabindex=\"-1\" target=\"_blank\">\n\t\t\tP\u0159e\u010dt\u011bte si v\u00edce \"\t\t<\/a>\n\n\t\t\t\t\t<\/div>\n\t\t\t\t<\/div>\n\t\t\t\t\t<\/div>\n\t\t<\/article>\n\t\t\t\t<article class=\"elementor-post elementor-grid-item post-6896 post type-post status-publish format-standard hentry category-test-method\">\n\t\t\t<div class=\"elementor-post__card\">\n\t\t\t\t<div class=\"elementor-post__text\">\n\t\t\t\t<h3 class=\"elementor-post__title\">\n\t\t\t<a href=\"https:\/\/www.qualitester.com\/cs\/plastic-tensile-strength-test\/\">\n\t\t\t\tZkou\u0161ka pevnosti v tahu plast\u016f\t\t\t<\/a>\n\t\t<\/h3>\n\t\t\t\t<div class=\"elementor-post__excerpt\">\n\t\t\t<p>F\u00f3liov\u00e9 obalov\u00e9 materi\u00e1ly hraj\u00ed kl\u00ed\u010dovou roli p\u0159i zachov\u00e1n\u00ed integrity v\u00fdrobk\u016f v pr\u016fmyslov\u00fdch odv\u011btv\u00edch, jako jsou potravin\u00e1\u0159stv\u00ed, farmacie a spot\u0159ebn\u00ed zbo\u017e\u00ed. Jedn\u00edm z nejd\u016fle\u017eit\u011bj\u0161\u00edch hodnocen\u00ed<\/p>\n\t\t<\/div>\n\t\t\t\t\t<div class=\"elementor-post__read-more-wrapper\">\n\t\t\n\t\t<a class=\"elementor-post__read-more\" href=\"https:\/\/www.qualitester.com\/cs\/plastic-tensile-strength-test\/\" aria-label=\"Read more about Plastic Tensile Strength Test\" tabindex=\"-1\" target=\"_blank\">\n\t\t\tP\u0159e\u010dt\u011bte si v\u00edce \"\t\t<\/a>\n\n\t\t\t\t\t<\/div>\n\t\t\t\t<\/div>\n\t\t\t\t\t<\/div>\n\t\t<\/article>\n\t\t\t\t<article class=\"elementor-post elementor-grid-item post-6792 post type-post status-publish format-standard hentry category-test-method\">\n\t\t\t<div class=\"elementor-post__card\">\n\t\t\t\t<div class=\"elementor-post__text\">\n\t\t\t\t<h3 class=\"elementor-post__title\">\n\t\t\t<a href=\"https:\/\/www.qualitester.com\/cs\/how-to-measure-carbonation\/\">\n\t\t\t\tJak m\u011b\u0159it saturaci\t\t\t<\/a>\n\t\t<\/h3>\n\t\t\t\t<div class=\"elementor-post__excerpt\">\n\t\t\t<p>Jak m\u011b\u0159it sycen\u00ed Jak p\u0159esn\u011b m\u011b\u0159it sycen\u00ed je kl\u00ed\u010dov\u00fdm probl\u00e9mem v n\u00e1pojov\u00e9m pr\u016fmyslu, kde se db\u00e1 na kvalitu v\u00fdrobk\u016f, jejich trvanlivost a spokojenost spot\u0159ebitel\u016f.<\/p>\n\t\t<\/div>\n\t\t\t\t\t<div class=\"elementor-post__read-more-wrapper\">\n\t\t\n\t\t<a class=\"elementor-post__read-more\" href=\"https:\/\/www.qualitester.com\/cs\/how-to-measure-carbonation\/\" aria-label=\"Read more about How to Measure Carbonation\" tabindex=\"-1\" target=\"_blank\">\n\t\t\tP\u0159e\u010dt\u011bte si v\u00edce \"\t\t<\/a>\n\n\t\t\t\t\t<\/div>\n\t\t\t\t<\/div>\n\t\t\t\t\t<\/div>\n\t\t<\/article>\n\t\t\t\t<\/div>\n\t\t\n\t\t\t\t<div class=\"e-load-more-anchor\" data-page=\"1\" data-max-page=\"12\" data-next-page=\"https:\/\/www.qualitester.com\/cs\/?e-page-1a69631=2\"><\/div>\n\t\t\t\t<nav class=\"elementor-pagination\" aria-label=\"Pagination\">\n\t\t\t<span class=\"page-numbers prev\">\" P\u0159edchoz\u00ed<\/span>\n<a class=\"page-numbers next\" href=\"https:\/\/www.qualitester.com\/cs\/?e-page-1a69631=2\">Dal\u0161\u00ed \"<\/a>\t\t<\/nav>\n\t\t\t\t<\/div>\n\t\t\t\t<\/div>\n\t\t\t\t\t<\/div>\n\t\t\t\t<\/div>\n\t\t\t\t<\/div>","protected":false},"excerpt":{"rendered":"<p>Material Quality Tester Blog From here you can read Cell Instruments&#8217; innovation and solution in material testing method. Request a test method<\/p>","protected":false},"author":3,"featured_media":0,"parent":0,"menu_order":0,"comment_status":"closed","ping_status":"closed","template":"","meta":{"site-sidebar-layout":"no-sidebar","site-content-layout":"page-builder","ast-global-header-display":"","ast-main-header-display":"","ast-hfb-above-header-display":"","ast-hfb-below-header-display":"","ast-hfb-mobile-header-display":"","site-post-title":"disabled","ast-breadcrumbs-content":"","ast-featured-img":"disabled","footer-sml-layout":"","theme-transparent-header-meta":"","adv-header-id-meta":"","stick-header-meta":"","header-above-stick-meta":"","header-main-stick-meta":"","header-below-stick-meta":"","footnotes":""},"class_list":["post-4999","page","type-page","status-publish","hentry"],"_links":{"self":[{"href":"https:\/\/www.qualitester.com\/cs\/wp-json\/wp\/v2\/pages\/4999","targetHints":{"allow":["GET"]}}],"collection":[{"href":"https:\/\/www.qualitester.com\/cs\/wp-json\/wp\/v2\/pages"}],"about":[{"href":"https:\/\/www.qualitester.com\/cs\/wp-json\/wp\/v2\/types\/page"}],"author":[{"embeddable":true,"href":"https:\/\/www.qualitester.com\/cs\/wp-json\/wp\/v2\/users\/3"}],"replies":[{"embeddable":true,"href":"https:\/\/www.qualitester.com\/cs\/wp-json\/wp\/v2\/comments?post=4999"}],"version-history":[{"count":0,"href":"https:\/\/www.qualitester.com\/cs\/wp-json\/wp\/v2\/pages\/4999\/revisions"}],"wp:attachment":[{"href":"https:\/\/www.qualitester.com\/cs\/wp-json\/wp\/v2\/media?parent=4999"}],"curies":[{"name":"wp","href":"https:\/\/api.w.org\/{rel}","templated":true}]}}